{"id":15652,"date":"2020-05-18T13:44:53","date_gmt":"2020-05-18T11:44:53","guid":{"rendered":"https:\/\/www.stonecity.cz\/ueber-uns\/"},"modified":"2023-07-03T21:58:11","modified_gmt":"2023-07-03T19:58:11","slug":"ueber-uns","status":"publish","type":"page","link":"https:\/\/www.stonecity.cz\/de\/ueber-uns\/","title":{"rendered":"\u00dcber uns"},"content":{"rendered":"\t<section class=\"section\" id=\"section_1411730454\">\n\t\t<div class=\"bg section-bg fill bg-fill  \" >\n\n\t\t\t\n\t\t\t<div class=\"section-bg-overlay absolute fill\"><\/div>\n\t\t\t\n\t<div class=\"is-border\"\n\t\tstyle=\"border-width:0px 0px 0px 0px;\">\n\t<\/div>\n\n\t\t<\/div>\n\n\t\t\n\n\t\t<div class=\"section-content relative\">\n\t\t\t\n\n<div class=\"row\"  id=\"row-2026943431\">\n\n\n\t<div id=\"col-1744829388\" class=\"col medium-4 small-12 large-4\"  >\n\t\t\t\t<div class=\"col-inner\"  >\n\t\t\t\n\t\t\t\n\n\t<div id=\"gap-1633756665\" class=\"gap-element clearfix\" style=\"display:block; height:auto;\">\n\t\t\n<style>\n#gap-1633756665 {\n  padding-top: 140px;\n}\n<\/style>\n\t<\/div>\n\t\n\n<h1><span style=\"color: #ffffff; font-size: 130%;\">\u00dcber uns<\/span><\/h1>\n\n\t\t<\/div>\n\t\t\t\t\t<\/div>\n\n\t\n\n<\/div>\n\n\t\t<\/div>\n\n\t\t\n<style>\n#section_1411730454 {\n  padding-top: 0px;\n  padding-bottom: 0px;\n  min-height: 250px;\n}\n#section_1411730454 .section-bg-overlay {\n  background-color: rgba(0, 0, 0, 0.63);\n}\n#section_1411730454 .section-bg.bg-loaded {\n  background-image: url(https:\/\/www.stonecity.cz\/wp-content\/uploads\/2020\/05\/stone-city2.jpg);\n}\n#section_1411730454 .section-bg {\n  background-position: 68% 56%;\n}\n<\/style>\n\t<\/section>\n\t\n\t<div id=\"gap-946754934\" class=\"gap-element clearfix\" style=\"display:block; height:auto;\">\n\t\t\n<style>\n#gap-946754934 {\n  padding-top: 60px;\n}\n<\/style>\n\t<\/div>\n\t\n\n<div class=\"row\"  id=\"row-1725847610\">\n\n\n\t<div id=\"col-1169682041\" class=\"col medium-6 small-12 large-6\"  >\n\t\t\t\t<div class=\"col-inner\"  >\n\t\t\t\n\t\t\t\n\n<div class=\"row\"  id=\"row-87820552\">\n\n\n\t<div id=\"col-1972761524\" class=\"col small-12 large-12\"  >\n\t\t\t\t<div class=\"col-inner\"  >\n\t\t\t\n\t\t\t\n\n<h3><span style=\"color: #000000;\">Wer wir sind<\/span><\/h3>\n<div class=\"is-divider divider clearfix\" style=\"margin-top:28px;margin-bottom:28px;max-width:88px;height:2px;background-color:rgb(242, 43, 43);\"><\/div>\n\n\n\t\t<\/div>\n\t\t\t\t\n<style>\n#col-1972761524 > .col-inner {\n  padding: 0px 0px 0px 0px;\n  margin: 0px 0px 0px 0px;\n}\n<\/style>\n\t<\/div>\n\n\t\n\n<\/div>\n<div class=\"row\"  id=\"row-886843813\">\n\n\n\t<div id=\"col-1481934280\" class=\"col small-12 large-12\"  >\n\t\t\t\t<div class=\"col-inner\"  >\n\t\t\t\n\t\t\t\n\n<p>Wir sind Spezialisten f\u00fcr die Lieferung von <strong>Steinfliesen<\/strong> f\u00fcr den <strong>Au\u00dfen- und Innenbereich<\/strong>. Unser Ziel ist es, den Auswahlprozess zu vereinfachen und Ihnen zu helfen, die richtige Wahl f\u00fcr Ihr Projekt zu treffen.<\/p>\n<p>Wir verf\u00fcgen \u00fcber mehr als <strong>15 Jahre Erfahrung in der<\/strong> Bereitstellung professioneller und freundlicher Dienstleistungen f\u00fcr Architekten, Bauherren, Bauunternehmer und Endkunden auf&nbsp;in ganz Europa.<\/p>\n<p>Unser Produktportfolio wurde speziell f\u00fcr konservative Materialien wie <strong>Bruchstein<\/strong>, aber auch f\u00fcr<strong> innovative Fassadenmaterialien<\/strong> von <strong>WILD STONE<\/strong> entwickelt.<\/p>\n<p>Dank unserer Erfahrung, unserer pers\u00f6nlichen Beziehungen und unserer langj\u00e4hrigen Zusammenarbeit mit den wichtigsten Steinbr\u00fcchen und Herstellern von&nbsp;auf der ganzen Welt verf\u00fcgen wir \u00fcber eine sehr starke Lieferkette und unsere Preise sind wettbewerbsf\u00e4hig.<\/p>\n\n\t\t<\/div>\n\t\t\t\t\t<\/div>\n\n\t\n\n<\/div>\n\n\t\t<\/div>\n\t\t\t\t\t<\/div>\n\n\t\n\n\t<div id=\"col-539387990\" class=\"col medium-6 small-12 large-6\"  >\n\t\t\t\t<div class=\"col-inner\"  >\n\t\t\t\n\t\t\t\n\n<div class=\"row\"  id=\"row-1908910106\">\n\n\n\t<div id=\"col-2125704544\" class=\"col small-12 large-12\"  >\n\t\t\t\t<div class=\"col-inner\"  >\n\t\t\t\n\t\t\t\n\n<div class=\"row\"  id=\"row-870478885\">\n\n\n\t<div id=\"col-693201127\" class=\"col small-12 large-12\"  >\n\t\t\t\t<div class=\"col-inner\"  >\n\t\t\t\n\t\t\t\n\n<h3><span style=\"color: #000000;\">Mehr \u00fcber uns<\/span><\/h3>\n<div class=\"is-divider divider clearfix\" style=\"margin-top:28px;margin-bottom:28px;max-width:88px;height:2px;background-color:rgb(242, 43, 43);\"><\/div>\n\n\n\t\t<\/div>\n\t\t\t\t\t<\/div>\n\n\t\n\n<\/div>\n<p><strong>Stone City<\/strong> ist ein privates Unternehmen, das als Tochtergesellschaft von <strong>WILD STONE<\/strong> gegr\u00fcndet wurde.<\/p>\n<p>Wir haben <strong>15 Jahre Erfahrung im<\/strong> Verkauf von Steinfliesen in der Tschechischen Republik, der Slowakei, Deutschland, \u00d6sterreich, der Schweiz, Spanien und den Benelux-L\u00e4ndern.<\/p>\n<p>Wir verf\u00fcgen \u00fcber umfangreiche Erfahrungen im Umgang mit verschiedenen Arten von <strong>Verkleidungsmaterialien und Fliesen<\/strong>. Im Laufe der Jahre haben wir mit unseren Kunden an vielen prestigetr\u00e4chtigen Projekten in ganz Europa gearbeitet.<\/p>\n<p>Wir sind stolz auf die ausgezeichneten, langj\u00e4hrigen Gesch\u00e4ftsbeziehungen, die wir aufgebaut haben, und wir vertiefen sie Schritt f\u00fcr Schritt, Jahr f\u00fcr Jahr. Wir begr\u00fc\u00dfen auch die M\u00f6glichkeit, neue Gesch\u00e4ftsm\u00f6glichkeiten mit neuen Kunden zu entwickeln.<\/p>\n\n\t\t<\/div>\n\t\t\t\t\t<\/div>\n\n\t\n\n<\/div>\n\n\t\t<\/div>\n\t\t\t\t\t<\/div>\n\n\t\n\n<\/div>\n\t<section class=\"section\" id=\"section_518854778\">\n\t\t<div class=\"bg section-bg fill bg-fill  \" >\n\n\t\t\t\n\t\t\t<div class=\"section-bg-overlay absolute fill\"><\/div>\n\t\t\t\n\t<div class=\"is-border\"\n\t\tstyle=\"border-width:0px 0px 0px 0px;\">\n\t<\/div>\n\n\t\t<\/div>\n\n\t\t\n\n\t\t<div class=\"section-content relative\">\n\t\t\t\n\n<div class=\"row\"  id=\"row-1372346285\">\n\n\n\t<div id=\"col-1161418242\" class=\"col small-12 large-12\"  >\n\t\t\t\t<div class=\"col-inner\"  >\n\t\t\t\n\t\t\t\n\n<h1 style=\"margin-bottom:0px;text-align: left;\"><span style=\"color: #ffffff; font-size: 130%;\">Warum sollten Sie uns w\u00e4hlen?<\/span><\/h1>\n\n\t\t<\/div>\n\t\t\t\t\n<style>\n#col-1161418242 > .col-inner {\n  margin: 0px 0px -30px 0px;\n}\n<\/style>\n\t<\/div>\n\n\t\n\n<\/div>\n\n\t\t<\/div>\n\n\t\t\n<style>\n#section_518854778 {\n  padding-top: 0px;\n  padding-bottom: 0px;\n  min-height: 250px;\n}\n#section_518854778 .section-bg-overlay {\n  background-color: rgba(0, 0, 0, 0.63);\n}\n#section_518854778 .section-bg.bg-loaded {\n  background-image: url(https:\/\/www.stonecity.cz\/wp-content\/uploads\/2020\/05\/stone-city-desky-stipane-hrany-20.jpeg);\n}\n#section_518854778 .section-bg {\n  background-position: 81% 29%;\n}\n<\/style>\n\t<\/section>\n\t\n<div class=\"row row-large align-middle\"  id=\"row-47298020\">\n\n\n\t<div id=\"col-321323914\" class=\"col medium-5 small-12 large-5\"  >\n\t\t\t\t<div class=\"col-inner\"  >\n\t\t\t\n\t\t\t\n\n\t<div class=\"img has-hover x md-x lg-x y md-y lg-y\" id=\"image_376721344\">\n\t\t\t\t\t\t\t\t<div class=\"img-inner dark\" >\n\t\t\t<img loading=\"lazy\" decoding=\"async\" width=\"800\" height=\"533\" src=\"https:\/\/www.stonecity.cz\/wp-content\/uploads\/2020\/05\/castelo-valdez-208-wild-stone-14.jpeg\" class=\"attachment-large size-large\" alt=\"\" srcset=\"https:\/\/www.stonecity.cz\/wp-content\/uploads\/2020\/05\/castelo-valdez-208-wild-stone-14.jpeg 800w, https:\/\/www.stonecity.cz\/wp-content\/uploads\/2020\/05\/castelo-valdez-208-wild-stone-14-600x400.jpeg 600w, https:\/\/www.stonecity.cz\/wp-content\/uploads\/2020\/05\/castelo-valdez-208-wild-stone-14-768x512.jpeg 768w\" sizes=\"auto, (max-width: 800px) 100vw, 800px\" \/>\t\t\t\t\t\t\n\t\t\t\t\t<\/div>\n\t\t\t\t\t\t\t\t\n<style>\n#image_376721344 {\n  width: 100%;\n}\n<\/style>\n\t<\/div>\n\t\n\n\n\t\t<\/div>\n\t\t\t\t\t<\/div>\n\n\t\n\n\t<div id=\"col-1676498634\" class=\"col medium-7 small-12 large-7\"  >\n\t\t\t\t<div class=\"col-inner\"  >\n\t\t\t\n\t\t\t\n\n<p>Geben Sie uns einfach einige grundlegende Informationen zu Ihrem Projekt und stellen Sie eine Anfrage. Es kostet Sie keinen Pfennig, aber Sie sparen viel Zeit!<\/p>\n<p>Wir besuchen Sie vor Ort &#8211; wir notieren uns die verschiedenen Arten von Materialien, die in Ihrer Region verwendet werden. Sie erhalten dann einen Vorschlag f\u00fcr eine Auswahl von Materialien, die unserer Meinung nach f\u00fcr Ihr Projekt geeignet sind und gleichzeitig Ihre Kriterien hinsichtlich \u00c4sthetik und Preis erf\u00fcllen.  &nbsp;<\/p>\n<p>Gerne sehen wir uns Ihre Konstruktionszeichnungen an, besprechen Ihr Projekt im Detail mit&nbsp;und bieten Ihnen eine technische Beratung an.<\/p>\n\n\t\t<\/div>\n\t\t\t\t\t<\/div>\n\n\t\n\n<\/div>\n<div class=\"row\"  id=\"row-520809323\">\n\n\n\t<div id=\"col-200684155\" class=\"col small-12 large-12\"  >\n\t\t\t\t<div class=\"col-inner\"  >\n\t\t\t\n\t\t\t\n\n\n\t<div id=\"col-1964599433\" class=\"col small-12 large-12\"  >\n\t\t\t\t<div class=\"col-inner\"  >\n\t\t\t\n\t\t\t\n\n\t<div id=\"gap-1841411979\" class=\"gap-element clearfix\" style=\"display:block; height:auto;\">\n\t\t\n<style>\n#gap-1841411979 {\n  padding-top: 90px;\n}\n<\/style>\n\t<\/div>\n\t\n\n<h3 style=\"text-align: center;\"><span style=\"color: #000000;\">Flugblatt Stone City<\/span><\/h3>\n\n<div class=\"text-center\"><div class=\"is-divider divider clearfix\" style=\"margin-top:28px;margin-bottom:28px;max-width:88px;height:2px;background-color:rgb(242, 43, 43);\"><\/div><\/div>\n\n\n\n<iframe style=\"width:100%;height:800px\" src=\"https:\/\/online.fliphtml5.com\/obijr\/dpnu\/\" seamless=\"seamless\" scrolling=\"no\" frameborder=\"0\" allowtransparency=\"true\" allowfullscreen=\"true\"><\/iframe>\n\n\n\t\t<\/div>\n\t\t\t\t\t<\/div>\n\n\t\n\n\t\t<\/div>\n\t\t\t\t\n<style>\n#col-200684155 > .col-inner {\n  margin: 0px 0px -30px 0px;\n}\n<\/style>\n\t<\/div>\n\n\t\n\n<\/div>\n\t<section class=\"section icons-hp dark\" id=\"section_879344916\">\n\t\t<div class=\"bg section-bg fill bg-fill  bg-loaded\" >\n\n\t\t\t\n\t\t\t\n\t\t\t\n\n\t\t<\/div>\n\n\t\t\n\n\t\t<div class=\"section-content relative\">\n\t\t\t\n\n<div class=\"row\"  id=\"row-1141825275\">\n\n\n\t<div id=\"col-255187340\" class=\"col medium-3 small-12 large-3\"  >\n\t\t\t\t<div class=\"col-inner text-center\"  >\n\t\t\t\n\t<div class=\"is-border\"\n\t\tstyle=\"border-color:rgb(65, 65, 65);border-width:0px 2px 0px 0px;margin:0px -23px 0px 0px;\">\n\t<\/div>\n\t\t\t\n\n<div><i class=\"fal fa-truck\"><\/i><\/div>\n<h2>Transport<\/h2>\n<p class=\"lead-text\">Exklusiver Ausstellungsraum 20 Minuten von Prag entfernt, wo wir Sie gerne empfangen<\/p>\n\n\t\t<\/div>\n\t\t\t\t\t<\/div>\n\n\t\n\n\t<div id=\"col-641089307\" class=\"col medium-3 small-12 large-3\"  >\n\t\t\t\t<div class=\"col-inner text-center\"  >\n\t\t\t\n\t<div class=\"is-border\"\n\t\tstyle=\"border-color:rgb(65, 65, 65);border-width:0px 2px 0px 0px;margin:0px -23px 0px 0px;\">\n\t<\/div>\n\t\t\t\n\n<div><i class=\"fal fa-ruler\"><\/i><\/div>\n<h2>Planung<\/h2>\n<p class=\"lead-text\">individueller, professioneller und freundlicher Umgang mit den Kunden<\/p>\n\n\t\t<\/div>\n\t\t\t\t\n<style>\n#col-641089307 > .col-inner {\n  padding: 0px 0px 0px 0px;\n}\n<\/style>\n\t<\/div>\n\n\t\n\n\t<div id=\"col-1430248010\" class=\"col medium-3 small-12 large-3\"  >\n\t\t\t\t<div class=\"col-inner text-center\"  >\n\t\t\t\n\t<div class=\"is-border\"\n\t\tstyle=\"border-color:rgb(65, 65, 65);border-width:0px 2px 0px 0px;margin:0px -23px 0px 0px;\">\n\t<\/div>\n\t\t\t\n\n<div><i class=\"fal fa-drafting-compass\"><\/i><\/div>\n<h2>Vorschl\u00e4ge<\/h2>\n<p class=\"lead-text\">Qualit\u00e4tsprodukte, hinter denen wir stehen<\/p>\n\n\t\t<\/div>\n\t\t\t\t\t<\/div>\n\n\t\n\n\t<div id=\"col-1309226265\" class=\"col medium-3 small-12 large-3\"  >\n\t\t\t\t<div class=\"col-inner text-center\"  >\n\t\t\t\n\t\t\t\n\n<div><i class=\"fal fa-award\"><\/i><\/div>\n<h2>Unbesorgt einkaufen<\/h2>\n<p class=\"lead-text\">Wir k\u00f6nnen Ihnen helfen, den richtigen Stein f\u00fcr Sie auszuw\u00e4hlen<\/p>\n\n\t\t<\/div>\n\t\t\t\t\t<\/div>\n\n\t\n\n\n<style>\n#row-1141825275 > .col > .col-inner {\n  padding: 0px 0px 0px 0px;\n}\n<\/style>\n<\/div>\n\n\t\t<\/div>\n\n\t\t\n<style>\n#section_879344916 {\n  padding-top: 50px;\n  padding-bottom: 50px;\n  background-color: rgb(0, 1, 2);\n}\n<\/style>\n\t<\/section>\n\t","protected":false},"excerpt":{"rendered":"","protected":false},"author":3,"featured_media":0,"parent":0,"menu_order":0,"comment_status":"closed","ping_status":"closed","template":"page-blank.php","meta":{"footnotes":""},"class_list":["post-15652","page","type-page","status-publish","hentry"],"yoast_head":"<!-- This site is optimized with the Yoast SEO plugin v26.8 - https:\/\/yoast.com\/product\/yoast-seo-wordpress\/ -->\n<title>\u00dcber uns - Stonecity.cz<\/title>\n<meta name=\"robots\" content=\"index, follow, max-snippet:-1, max-image-preview:large, max-video-preview:-1\" \/>\n<link rel=\"canonical\" href=\"https:\/\/www.stonecity.cz\/de\/ueber-uns\/\" \/>\n<meta property=\"og:locale\" content=\"de_DE\" \/>\n<meta property=\"og:type\" content=\"article\" \/>\n<meta property=\"og:title\" content=\"\u00dcber uns - Stonecity.cz\" \/>\n<meta property=\"og:url\" content=\"https:\/\/www.stonecity.cz\/de\/ueber-uns\/\" \/>\n<meta property=\"og:site_name\" content=\"Stonecity.cz\" \/>\n<meta property=\"article:modified_time\" content=\"2023-07-03T19:58:11+00:00\" \/>\n<meta name=\"twitter:card\" content=\"summary_large_image\" \/>\n<meta name=\"twitter:label1\" content=\"Gesch\u00e4tzte Lesezeit\" \/>\n\t<meta name=\"twitter:data1\" content=\"3\u00a0Minuten\" \/>\n<script type=\"application\/ld+json\" class=\"yoast-schema-graph\">{\"@context\":\"https:\/\/schema.org\",\"@graph\":[{\"@type\":\"WebPage\",\"@id\":\"https:\/\/www.stonecity.cz\/de\/ueber-uns\/\",\"url\":\"https:\/\/www.stonecity.cz\/de\/ueber-uns\/\",\"name\":\"\u00dcber uns - Stonecity.cz\",\"isPartOf\":{\"@id\":\"https:\/\/www.stonecity.cz\/de\/#website\"},\"datePublished\":\"2020-05-18T11:44:53+00:00\",\"dateModified\":\"2023-07-03T19:58:11+00:00\",\"breadcrumb\":{\"@id\":\"https:\/\/www.stonecity.cz\/de\/ueber-uns\/#breadcrumb\"},\"inLanguage\":\"de\",\"potentialAction\":[{\"@type\":\"ReadAction\",\"target\":[\"https:\/\/www.stonecity.cz\/de\/ueber-uns\/\"]}]},{\"@type\":\"BreadcrumbList\",\"@id\":\"https:\/\/www.stonecity.cz\/de\/ueber-uns\/#breadcrumb\",\"itemListElement\":[{\"@type\":\"ListItem\",\"position\":1,\"name\":\"Dom\u016f\",\"item\":\"https:\/\/www.stonecity.cz\/de\/\"},{\"@type\":\"ListItem\",\"position\":2,\"name\":\"\u00dcber uns\"}]},{\"@type\":\"WebSite\",\"@id\":\"https:\/\/www.stonecity.cz\/de\/#website\",\"url\":\"https:\/\/www.stonecity.cz\/de\/\",\"name\":\"Stonecity.cz\",\"description\":\"Dla\u017eba, obklady, um\u011bl\u00fd i p\u0159\u00edrodn\u00ed k\u00e1men\",\"potentialAction\":[{\"@type\":\"SearchAction\",\"target\":{\"@type\":\"EntryPoint\",\"urlTemplate\":\"https:\/\/www.stonecity.cz\/de\/?s={search_term_string}\"},\"query-input\":{\"@type\":\"PropertyValueSpecification\",\"valueRequired\":true,\"valueName\":\"search_term_string\"}}],\"inLanguage\":\"de\"}]}<\/script>\n<!-- \/ Yoast SEO plugin. -->","yoast_head_json":{"title":"\u00dcber uns - Stonecity.cz","robots":{"index":"index","follow":"follow","max-snippet":"max-snippet:-1","max-image-preview":"max-image-preview:large","max-video-preview":"max-video-preview:-1"},"canonical":"https:\/\/www.stonecity.cz\/de\/ueber-uns\/","og_locale":"de_DE","og_type":"article","og_title":"\u00dcber uns - Stonecity.cz","og_url":"https:\/\/www.stonecity.cz\/de\/ueber-uns\/","og_site_name":"Stonecity.cz","article_modified_time":"2023-07-03T19:58:11+00:00","twitter_card":"summary_large_image","twitter_misc":{"Gesch\u00e4tzte Lesezeit":"3\u00a0Minuten"},"schema":{"@context":"https:\/\/schema.org","@graph":[{"@type":"WebPage","@id":"https:\/\/www.stonecity.cz\/de\/ueber-uns\/","url":"https:\/\/www.stonecity.cz\/de\/ueber-uns\/","name":"\u00dcber uns - Stonecity.cz","isPartOf":{"@id":"https:\/\/www.stonecity.cz\/de\/#website"},"datePublished":"2020-05-18T11:44:53+00:00","dateModified":"2023-07-03T19:58:11+00:00","breadcrumb":{"@id":"https:\/\/www.stonecity.cz\/de\/ueber-uns\/#breadcrumb"},"inLanguage":"de","potentialAction":[{"@type":"ReadAction","target":["https:\/\/www.stonecity.cz\/de\/ueber-uns\/"]}]},{"@type":"BreadcrumbList","@id":"https:\/\/www.stonecity.cz\/de\/ueber-uns\/#breadcrumb","itemListElement":[{"@type":"ListItem","position":1,"name":"Dom\u016f","item":"https:\/\/www.stonecity.cz\/de\/"},{"@type":"ListItem","position":2,"name":"\u00dcber uns"}]},{"@type":"WebSite","@id":"https:\/\/www.stonecity.cz\/de\/#website","url":"https:\/\/www.stonecity.cz\/de\/","name":"Stonecity.cz","description":"Dla\u017eba, obklady, um\u011bl\u00fd i p\u0159\u00edrodn\u00ed k\u00e1men","potentialAction":[{"@type":"SearchAction","target":{"@type":"EntryPoint","urlTemplate":"https:\/\/www.stonecity.cz\/de\/?s={search_term_string}"},"query-input":{"@type":"PropertyValueSpecification","valueRequired":true,"valueName":"search_term_string"}}],"inLanguage":"de"}]}},"_links":{"self":[{"href":"https:\/\/www.stonecity.cz\/de\/wp-json\/wp\/v2\/pages\/15652","targetHints":{"allow":["GET"]}}],"collection":[{"href":"https:\/\/www.stonecity.cz\/de\/wp-json\/wp\/v2\/pages"}],"about":[{"href":"https:\/\/www.stonecity.cz\/de\/wp-json\/wp\/v2\/types\/page"}],"author":[{"embeddable":true,"href":"https:\/\/www.stonecity.cz\/de\/wp-json\/wp\/v2\/users\/3"}],"replies":[{"embeddable":true,"href":"https:\/\/www.stonecity.cz\/de\/wp-json\/wp\/v2\/comments?post=15652"}],"version-history":[{"count":1,"href":"https:\/\/www.stonecity.cz\/de\/wp-json\/wp\/v2\/pages\/15652\/revisions"}],"predecessor-version":[{"id":15653,"href":"https:\/\/www.stonecity.cz\/de\/wp-json\/wp\/v2\/pages\/15652\/revisions\/15653"}],"wp:attachment":[{"href":"https:\/\/www.stonecity.cz\/de\/wp-json\/wp\/v2\/media?parent=15652"}],"curies":[{"name":"wp","href":"https:\/\/api.w.org\/{rel}","templated":true}]}}