{"id":17113,"date":"2023-08-06T19:11:48","date_gmt":"2023-08-06T17:11:48","guid":{"rendered":"https:\/\/www.stonecity.cz\/?page_id=17113"},"modified":"2023-08-06T19:25:37","modified_gmt":"2023-08-06T17:25:37","slug":"showroom","status":"publish","type":"page","link":"https:\/\/www.stonecity.cz\/de\/showroom\/","title":{"rendered":"Showroom"},"content":{"rendered":"\t<section class=\"section\" id=\"section_1581904319\">\n\t\t<div class=\"bg section-bg fill bg-fill  \" >\n\n\t\t\t\n\t\t\t<div class=\"section-bg-overlay absolute fill\"><\/div>\n\t\t\t\n\t<div class=\"is-border\"\n\t\tstyle=\"border-width:0px 0px 0px 0px;\">\n\t<\/div>\n\n\t\t<\/div>\n\n\t\t\n\n\t\t<div class=\"section-content relative\">\n\t\t\t\n<div class=\"row\"  id=\"row-1201463885\">\n\n\t<div id=\"col-944404328\" class=\"col medium-4 small-12 large-4\"  >\n\t\t\t\t<div class=\"col-inner\"  >\n\t\t\t\n\t\t\t\n\t<div id=\"gap-169594910\" class=\"gap-element clearfix\" style=\"display:block; height:auto;\">\n\t\t\n<style>\n#gap-169594910 {\n  padding-top: 140px;\n}\n<\/style>\n\t<\/div>\n\t\n<h1><span style=\"color: #ffffff; font-size: 130%;\">Showroom<\/span><\/h1>\n\t\t<\/div>\n\t\t\t\t\t<\/div>\n\n\t\n<\/div>\n\t\t<\/div>\n\n\t\t\n<style>\n#section_1581904319 {\n  padding-top: 0px;\n  padding-bottom: 0px;\n  min-height: 250px;\n}\n#section_1581904319 .section-bg-overlay {\n  background-color: rgba(0, 0, 0, 0.63);\n}\n#section_1581904319 .section-bg.bg-loaded {\n  background-image: url(https:\/\/www.stonecity.cz\/wp-content\/uploads\/2023\/08\/showroom1.jpg);\n}\n#section_1581904319 .section-bg {\n  background-position: 68% 56%;\n}\n<\/style>\n\t<\/section>\n\t\n\t<div id=\"gap-1506793323\" class=\"gap-element clearfix\" style=\"display:block; height:auto;\">\n\t\t\n<style>\n#gap-1506793323 {\n  padding-top: 60px;\n}\n<\/style>\n\t<\/div>\n\t\n<div class=\"row\"  id=\"row-1188933267\">\n\n\t<div id=\"col-1313577054\" class=\"col small-12 large-12\"  >\n\t\t\t\t<div class=\"col-inner\"  >\n\t\t\t\n\t\t\t\n<div class=\"row\"  id=\"row-1415415563\">\n\n\t<div id=\"col-707018917\" class=\"col small-12 large-12\"  >\n\t\t\t\t<div class=\"col-inner\"  >\n\t\t\t\n\t\t\t\n<h3><span style=\"color: #000000;\">Ausstellungsraum f\u00fcr Verblendsteine<\/span><\/h3>\n<div class=\"is-divider divider clearfix\" style=\"margin-top:28px;margin-bottom:28px;max-width:88px;height:2px;background-color:rgb(242, 43, 43);\"><\/div>\n\t\t<\/div>\n\t\t\t\t\n<style>\n#col-707018917 > .col-inner {\n  padding: 0px 0px 0px 0px;\n  margin: 0px 0px 0px 0px;\n}\n<\/style>\n\t<\/div>\n\n\t\n<\/div>\n<div class=\"row\"  id=\"row-258083182\">\n\n\t<div id=\"col-483270807\" class=\"col medium-6 small-12 large-6\"  >\n\t\t\t\t<div class=\"col-inner\"  >\n\t\t\t\n\t\t\t\n<p><strong>Besuchen Sie den gr\u00f6\u00dften Ausstellungsraum f\u00fcr Verblendsteine in der Tschechischen Republik. F\u00fcnfzehn Minuten vom Prager Flughafen entfernt.<\/strong><\/p>\n<p>Der gr\u00f6\u00dfte Schauraum in der Tschechischen Republik befindet sich im Komplex unserer Produktionsst\u00e4tte. Auf fast 1000 Quadratmetern werden Sie zweifellos die richtige Steinverkleidung f\u00fcr Ihr Projekt finden. Kommen Sie und lassen Sie sich inspirieren, Sie werden es nicht bereuen!<\/p>\n<p><strong>\u00d6ffnungszeiten: Mo-Fr: 8:00-17:00<\/strong><br \/>Au\u00dferhalb der \u00d6ffnungszeiten, nach Vereinbarung mit Herrn Jir\u00e1k (+420 775 700 783).<br \/>Adresse: Politick\u00fdch v\u011bz\u0148\u016f 1986, Slan\u00fd \u2013 274 01.<br \/>Telefon: 312 520 159.<\/p>\n\t\t<\/div>\n\t\t\t\t\t<\/div>\n\n\t\n\n\t<div id=\"col-810436164\" class=\"col medium-6 small-12 large-6\"  >\n\t\t\t\t<div class=\"col-inner\"  >\n\t\t\t\n\t\t\t\n\t<div class=\"img has-hover x md-x lg-x y md-y lg-y\" id=\"image_54692495\">\n\t\t\t\t\t\t\t\t<div class=\"img-inner dark\" >\n\t\t\t<img loading=\"lazy\" decoding=\"async\" width=\"1020\" height=\"679\" src=\"https:\/\/www.stonecity.cz\/wp-content\/uploads\/2023\/08\/showroom2.jpg\" class=\"attachment-large size-large\" alt=\"\" srcset=\"https:\/\/www.stonecity.cz\/wp-content\/uploads\/2023\/08\/showroom2.jpg 1024w, https:\/\/www.stonecity.cz\/wp-content\/uploads\/2023\/08\/showroom2-601x400.jpg 601w, https:\/\/www.stonecity.cz\/wp-content\/uploads\/2023\/08\/showroom2-768x512.jpg 768w, https:\/\/www.stonecity.cz\/wp-content\/uploads\/2023\/08\/showroom2-600x400.jpg 600w\" sizes=\"auto, (max-width: 1020px) 100vw, 1020px\" \/>\t\t\t\t\t\t\n\t\t\t\t\t<\/div>\n\t\t\t\t\t\t\t\t\n<style>\n#image_54692495 {\n  width: 100%;\n}\n<\/style>\n\t<\/div>\n\t\n\t\t<\/div>\n\t\t\t\t\t<\/div>\n\n\t\n<\/div>\n\t\t<\/div>\n\t\t\t\t\t<\/div>\n\n\t\n<\/div>\n<p>\n<iframe src=\"https:\/\/my.matterport.com\/show\/?m=nHHeSfAgh28&amp;play=1\" style=\"height: 550px; width: 100%; display: block;\" allowfullscreen=\"\" allow=\"xr-spatial-tracking\" frameborder=\"0\"><\/iframe><\/p>\n<p><iframe loading=\"lazy\" src=\"https:\/\/www.google.com\/maps\/embed?pb=!1m18!1m12!1m3!1d2551.596063022098!2d14.083915615683084!3d50.243450810139635!2m3!1f0!2f0!3f0!3m2!1i1024!2i768!4f13.1!3m3!1m2!1s0x470bceb201896a51%3A0xb146eaa9566bc81e!2zUG9saXRpY2vDvWNoIHbEm3rFiMWvIDE5ODYsIDI3NCAwMSBTbGFuw70!5e0!3m2!1scs!2scz!4v1590081984827!5m2!1scs!2scz\" style=\"border:0;\" allowfullscreen=\"\" aria-hidden=\"false\" tabindex=\"0\" width=\"100%\" height=\"320\" frameborder=\"0\"><\/iframe><\/p>\n","protected":false},"excerpt":{"rendered":"","protected":false},"author":3,"featured_media":0,"parent":0,"menu_order":0,"comment_status":"closed","ping_status":"closed","template":"page-blank.php","meta":{"footnotes":""},"class_list":["post-17113","page","type-page","status-publish","hentry"],"yoast_head":"<!-- This site is optimized with the Yoast SEO plugin v26.8 - https:\/\/yoast.com\/product\/yoast-seo-wordpress\/ -->\n<title>Showroom - Stonecity.cz<\/title>\n<meta name=\"robots\" content=\"index, follow, max-snippet:-1, max-image-preview:large, max-video-preview:-1\" \/>\n<link rel=\"canonical\" href=\"https:\/\/www.stonecity.cz\/de\/showroom\/\" \/>\n<meta property=\"og:locale\" content=\"de_DE\" \/>\n<meta property=\"og:type\" content=\"article\" \/>\n<meta property=\"og:title\" content=\"Showroom - Stonecity.cz\" \/>\n<meta property=\"og:url\" content=\"https:\/\/www.stonecity.cz\/de\/showroom\/\" \/>\n<meta property=\"og:site_name\" content=\"Stonecity.cz\" \/>\n<meta property=\"article:modified_time\" content=\"2023-08-06T17:25:37+00:00\" \/>\n<meta name=\"twitter:card\" content=\"summary_large_image\" \/>\n<meta name=\"twitter:label1\" content=\"Gesch\u00e4tzte Lesezeit\" \/>\n\t<meta name=\"twitter:data1\" content=\"1\u00a0Minute\" \/>\n<script type=\"application\/ld+json\" class=\"yoast-schema-graph\">{\"@context\":\"https:\/\/schema.org\",\"@graph\":[{\"@type\":\"WebPage\",\"@id\":\"https:\/\/www.stonecity.cz\/de\/showroom\/\",\"url\":\"https:\/\/www.stonecity.cz\/de\/showroom\/\",\"name\":\"Showroom - Stonecity.cz\",\"isPartOf\":{\"@id\":\"https:\/\/www.stonecity.cz\/de\/#website\"},\"datePublished\":\"2023-08-06T17:11:48+00:00\",\"dateModified\":\"2023-08-06T17:25:37+00:00\",\"breadcrumb\":{\"@id\":\"https:\/\/www.stonecity.cz\/de\/showroom\/#breadcrumb\"},\"inLanguage\":\"de\",\"potentialAction\":[{\"@type\":\"ReadAction\",\"target\":[\"https:\/\/www.stonecity.cz\/de\/showroom\/\"]}]},{\"@type\":\"BreadcrumbList\",\"@id\":\"https:\/\/www.stonecity.cz\/de\/showroom\/#breadcrumb\",\"itemListElement\":[{\"@type\":\"ListItem\",\"position\":1,\"name\":\"Dom\u016f\",\"item\":\"https:\/\/www.stonecity.cz\/de\/\"},{\"@type\":\"ListItem\",\"position\":2,\"name\":\"Showroom\"}]},{\"@type\":\"WebSite\",\"@id\":\"https:\/\/www.stonecity.cz\/de\/#website\",\"url\":\"https:\/\/www.stonecity.cz\/de\/\",\"name\":\"Stonecity.cz\",\"description\":\"Dla\u017eba, obklady, um\u011bl\u00fd i p\u0159\u00edrodn\u00ed k\u00e1men\",\"potentialAction\":[{\"@type\":\"SearchAction\",\"target\":{\"@type\":\"EntryPoint\",\"urlTemplate\":\"https:\/\/www.stonecity.cz\/de\/?s={search_term_string}\"},\"query-input\":{\"@type\":\"PropertyValueSpecification\",\"valueRequired\":true,\"valueName\":\"search_term_string\"}}],\"inLanguage\":\"de\"}]}<\/script>\n<!-- \/ Yoast SEO plugin. -->","yoast_head_json":{"title":"Showroom - Stonecity.cz","robots":{"index":"index","follow":"follow","max-snippet":"max-snippet:-1","max-image-preview":"max-image-preview:large","max-video-preview":"max-video-preview:-1"},"canonical":"https:\/\/www.stonecity.cz\/de\/showroom\/","og_locale":"de_DE","og_type":"article","og_title":"Showroom - Stonecity.cz","og_url":"https:\/\/www.stonecity.cz\/de\/showroom\/","og_site_name":"Stonecity.cz","article_modified_time":"2023-08-06T17:25:37+00:00","twitter_card":"summary_large_image","twitter_misc":{"Gesch\u00e4tzte Lesezeit":"1\u00a0Minute"},"schema":{"@context":"https:\/\/schema.org","@graph":[{"@type":"WebPage","@id":"https:\/\/www.stonecity.cz\/de\/showroom\/","url":"https:\/\/www.stonecity.cz\/de\/showroom\/","name":"Showroom - Stonecity.cz","isPartOf":{"@id":"https:\/\/www.stonecity.cz\/de\/#website"},"datePublished":"2023-08-06T17:11:48+00:00","dateModified":"2023-08-06T17:25:37+00:00","breadcrumb":{"@id":"https:\/\/www.stonecity.cz\/de\/showroom\/#breadcrumb"},"inLanguage":"de","potentialAction":[{"@type":"ReadAction","target":["https:\/\/www.stonecity.cz\/de\/showroom\/"]}]},{"@type":"BreadcrumbList","@id":"https:\/\/www.stonecity.cz\/de\/showroom\/#breadcrumb","itemListElement":[{"@type":"ListItem","position":1,"name":"Dom\u016f","item":"https:\/\/www.stonecity.cz\/de\/"},{"@type":"ListItem","position":2,"name":"Showroom"}]},{"@type":"WebSite","@id":"https:\/\/www.stonecity.cz\/de\/#website","url":"https:\/\/www.stonecity.cz\/de\/","name":"Stonecity.cz","description":"Dla\u017eba, obklady, um\u011bl\u00fd i p\u0159\u00edrodn\u00ed k\u00e1men","potentialAction":[{"@type":"SearchAction","target":{"@type":"EntryPoint","urlTemplate":"https:\/\/www.stonecity.cz\/de\/?s={search_term_string}"},"query-input":{"@type":"PropertyValueSpecification","valueRequired":true,"valueName":"search_term_string"}}],"inLanguage":"de"}]}},"_links":{"self":[{"href":"https:\/\/www.stonecity.cz\/de\/wp-json\/wp\/v2\/pages\/17113","targetHints":{"allow":["GET"]}}],"collection":[{"href":"https:\/\/www.stonecity.cz\/de\/wp-json\/wp\/v2\/pages"}],"about":[{"href":"https:\/\/www.stonecity.cz\/de\/wp-json\/wp\/v2\/types\/page"}],"author":[{"embeddable":true,"href":"https:\/\/www.stonecity.cz\/de\/wp-json\/wp\/v2\/users\/3"}],"replies":[{"embeddable":true,"href":"https:\/\/www.stonecity.cz\/de\/wp-json\/wp\/v2\/comments?post=17113"}],"version-history":[{"count":6,"href":"https:\/\/www.stonecity.cz\/de\/wp-json\/wp\/v2\/pages\/17113\/revisions"}],"predecessor-version":[{"id":17139,"href":"https:\/\/www.stonecity.cz\/de\/wp-json\/wp\/v2\/pages\/17113\/revisions\/17139"}],"wp:attachment":[{"href":"https:\/\/www.stonecity.cz\/de\/wp-json\/wp\/v2\/media?parent=17113"}],"curies":[{"name":"wp","href":"https:\/\/api.w.org\/{rel}","templated":true}]}}