{"id":15686,"date":"2023-06-06T12:43:51","date_gmt":"2023-06-06T10:43:51","guid":{"rendered":"https:\/\/www.stonecity.cz\/produkt\/schiefer-panama-bc-08\/"},"modified":"2023-07-07T12:54:30","modified_gmt":"2023-07-07T10:54:30","slug":"schiefer-panama-bc-08","status":"publish","type":"product","link":"https:\/\/www.stonecity.cz\/de\/produkt\/schiefer-panama-bc-08\/","title":{"rendered":"Schiefer Panama BC-08"},"content":{"rendered":"<p>Der Panama Slate Stein ist eine wundersch\u00f6ne Steinverkleidung, die sowohl als Fassadenstein als auch als Innenwandverkleidung geeignet ist.<br \/>\nPerfekte Verarbeitung und hohe Qualit\u00e4t erfreuen jeden anspruchsvollen Kunden. Ein St\u00fcck ist im &#8220;Z&#8221;-Format &#8211; siehe Foto<\/p>\n<p>&nbsp;<\/p>\n<p>&nbsp;<\/p>\n","protected":false},"excerpt":{"rendered":"<p>Der Panama Slate Stein ist eine wundersch\u00f6ne Steinverkleidung, die sowohl als Fassadenstein als auch als Innenwandverkleidung geeignet ist. Perfekte Verarbeitung und hohe Qualit\u00e4t erfreuen jeden anspruchsvollen Kunden. Ein St\u00fcck ist im &#8220;Z&#8221;-Format &#8211; siehe Foto &nbsp; &nbsp;<\/p>\n","protected":false},"featured_media":15551,"template":"","meta":[],"product_cat":[2041,2033,2035],"product_tag":[1830,1833,1836,1840,1834],"class_list":{"0":"post-15686","1":"product","2":"type-product","3":"status-publish","4":"has-post-thumbnail","6":"product_cat-verblendsteine","7":"product_cat-naturstein-de","8":"product_cat-schiefer-de","9":"product_tag-fassadenverkleidung","10":"product_tag-fur-den-ausenbereich-geeignet","11":"product_tag-geeignet-fur-die-kuche","12":"product_tag-geeignet-fur-die-terrasse","13":"product_tag-geeignet-fur-innenraume","14":"pa_baleni-7stuck-karton","15":"pa_baleni-karton-2772m2-48er-pack","16":"pa_baleni-pappkarton-058m2","17":"pa_sirka-15-cm-de","18":"pa_tloustka-1-2cm-de","20":"first","21":"instock","22":"purchasable","23":"product-type-simple"},"yoast_head":"<!-- This site is optimized with the Yoast SEO plugin v26.8 - https:\/\/yoast.com\/product\/yoast-seo-wordpress\/ -->\n<title>Schiefer Panama BC-08 - Stonecity.cz<\/title>\n<meta name=\"robots\" content=\"index, follow, max-snippet:-1, max-image-preview:large, max-video-preview:-1\" \/>\n<link rel=\"canonical\" href=\"https:\/\/www.stonecity.cz\/de\/produkt\/schiefer-panama-bc-08\/\" \/>\n<meta property=\"og:locale\" content=\"de_DE\" \/>\n<meta property=\"og:type\" content=\"article\" \/>\n<meta property=\"og:title\" content=\"Schiefer Panama BC-08 - Stonecity.cz\" \/>\n<meta property=\"og:description\" content=\"Der Panama Slate Stein ist eine wundersch\u00f6ne Steinverkleidung, die sowohl als Fassadenstein als auch als Innenwandverkleidung geeignet ist. Perfekte Verarbeitung und hohe Qualit\u00e4t erfreuen jeden anspruchsvollen Kunden. Ein St\u00fcck ist im &#8220;Z&#8221;-Format &#8211; siehe Foto &nbsp; &nbsp;\" \/>\n<meta property=\"og:url\" content=\"https:\/\/www.stonecity.cz\/de\/produkt\/schiefer-panama-bc-08\/\" \/>\n<meta property=\"og:site_name\" content=\"Stonecity.cz\" \/>\n<meta property=\"article:modified_time\" content=\"2023-07-07T10:54:30+00:00\" \/>\n<meta property=\"og:image\" content=\"https:\/\/www.stonecity.cz\/wp-content\/uploads\/2023\/06\/BC-08-2-1-rotated.jpg\" \/>\n\t<meta property=\"og:image:width\" content=\"2000\" \/>\n\t<meta property=\"og:image:height\" content=\"900\" \/>\n\t<meta property=\"og:image:type\" content=\"image\/jpeg\" \/>\n<meta name=\"twitter:card\" content=\"summary_large_image\" \/>\n<script type=\"application\/ld+json\" class=\"yoast-schema-graph\">{\"@context\":\"https:\/\/schema.org\",\"@graph\":[{\"@type\":\"WebPage\",\"@id\":\"https:\/\/www.stonecity.cz\/de\/produkt\/schiefer-panama-bc-08\/\",\"url\":\"https:\/\/www.stonecity.cz\/de\/produkt\/schiefer-panama-bc-08\/\",\"name\":\"Schiefer Panama BC-08 - Stonecity.cz\",\"isPartOf\":{\"@id\":\"https:\/\/www.stonecity.cz\/de\/#website\"},\"primaryImageOfPage\":{\"@id\":\"https:\/\/www.stonecity.cz\/de\/produkt\/schiefer-panama-bc-08\/#primaryimage\"},\"image\":{\"@id\":\"https:\/\/www.stonecity.cz\/de\/produkt\/schiefer-panama-bc-08\/#primaryimage\"},\"thumbnailUrl\":\"https:\/\/www.stonecity.cz\/wp-content\/uploads\/2023\/06\/BC-08-2-1-rotated.jpg\",\"datePublished\":\"2023-06-06T10:43:51+00:00\",\"dateModified\":\"2023-07-07T10:54:30+00:00\",\"breadcrumb\":{\"@id\":\"https:\/\/www.stonecity.cz\/de\/produkt\/schiefer-panama-bc-08\/#breadcrumb\"},\"inLanguage\":\"de\",\"potentialAction\":[{\"@type\":\"ReadAction\",\"target\":[\"https:\/\/www.stonecity.cz\/de\/produkt\/schiefer-panama-bc-08\/\"]}]},{\"@type\":\"ImageObject\",\"inLanguage\":\"de\",\"@id\":\"https:\/\/www.stonecity.cz\/de\/produkt\/schiefer-panama-bc-08\/#primaryimage\",\"url\":\"https:\/\/www.stonecity.cz\/wp-content\/uploads\/2023\/06\/BC-08-2-1-rotated.jpg\",\"contentUrl\":\"https:\/\/www.stonecity.cz\/wp-content\/uploads\/2023\/06\/BC-08-2-1-rotated.jpg\",\"width\":2000,\"height\":900},{\"@type\":\"BreadcrumbList\",\"@id\":\"https:\/\/www.stonecity.cz\/de\/produkt\/schiefer-panama-bc-08\/#breadcrumb\",\"itemListElement\":[{\"@type\":\"ListItem\",\"position\":1,\"name\":\"Dom\u016f\",\"item\":\"https:\/\/www.stonecity.cz\/de\/\"},{\"@type\":\"ListItem\",\"position\":2,\"name\":\"Shop\",\"item\":\"https:\/\/www.stonecity.cz\/de\/shop\/\"},{\"@type\":\"ListItem\",\"position\":3,\"name\":\"Schiefer Panama BC-08\"}]},{\"@type\":\"WebSite\",\"@id\":\"https:\/\/www.stonecity.cz\/de\/#website\",\"url\":\"https:\/\/www.stonecity.cz\/de\/\",\"name\":\"Stonecity.cz\",\"description\":\"Dla\u017eba, obklady, um\u011bl\u00fd i p\u0159\u00edrodn\u00ed k\u00e1men\",\"potentialAction\":[{\"@type\":\"SearchAction\",\"target\":{\"@type\":\"EntryPoint\",\"urlTemplate\":\"https:\/\/www.stonecity.cz\/de\/?s={search_term_string}\"},\"query-input\":{\"@type\":\"PropertyValueSpecification\",\"valueRequired\":true,\"valueName\":\"search_term_string\"}}],\"inLanguage\":\"de\"}]}<\/script>\n<!-- \/ Yoast SEO plugin. -->","yoast_head_json":{"title":"Schiefer Panama BC-08 - Stonecity.cz","robots":{"index":"index","follow":"follow","max-snippet":"max-snippet:-1","max-image-preview":"max-image-preview:large","max-video-preview":"max-video-preview:-1"},"canonical":"https:\/\/www.stonecity.cz\/de\/produkt\/schiefer-panama-bc-08\/","og_locale":"de_DE","og_type":"article","og_title":"Schiefer Panama BC-08 - Stonecity.cz","og_description":"Der Panama Slate Stein ist eine wundersch\u00f6ne Steinverkleidung, die sowohl als Fassadenstein als auch als Innenwandverkleidung geeignet ist. Perfekte Verarbeitung und hohe Qualit\u00e4t erfreuen jeden anspruchsvollen Kunden. Ein St\u00fcck ist im &#8220;Z&#8221;-Format &#8211; siehe Foto &nbsp; &nbsp;","og_url":"https:\/\/www.stonecity.cz\/de\/produkt\/schiefer-panama-bc-08\/","og_site_name":"Stonecity.cz","article_modified_time":"2023-07-07T10:54:30+00:00","og_image":[{"width":2000,"height":900,"url":"https:\/\/www.stonecity.cz\/wp-content\/uploads\/2023\/06\/BC-08-2-1-rotated.jpg","type":"image\/jpeg"}],"twitter_card":"summary_large_image","schema":{"@context":"https:\/\/schema.org","@graph":[{"@type":"WebPage","@id":"https:\/\/www.stonecity.cz\/de\/produkt\/schiefer-panama-bc-08\/","url":"https:\/\/www.stonecity.cz\/de\/produkt\/schiefer-panama-bc-08\/","name":"Schiefer Panama BC-08 - Stonecity.cz","isPartOf":{"@id":"https:\/\/www.stonecity.cz\/de\/#website"},"primaryImageOfPage":{"@id":"https:\/\/www.stonecity.cz\/de\/produkt\/schiefer-panama-bc-08\/#primaryimage"},"image":{"@id":"https:\/\/www.stonecity.cz\/de\/produkt\/schiefer-panama-bc-08\/#primaryimage"},"thumbnailUrl":"https:\/\/www.stonecity.cz\/wp-content\/uploads\/2023\/06\/BC-08-2-1-rotated.jpg","datePublished":"2023-06-06T10:43:51+00:00","dateModified":"2023-07-07T10:54:30+00:00","breadcrumb":{"@id":"https:\/\/www.stonecity.cz\/de\/produkt\/schiefer-panama-bc-08\/#breadcrumb"},"inLanguage":"de","potentialAction":[{"@type":"ReadAction","target":["https:\/\/www.stonecity.cz\/de\/produkt\/schiefer-panama-bc-08\/"]}]},{"@type":"ImageObject","inLanguage":"de","@id":"https:\/\/www.stonecity.cz\/de\/produkt\/schiefer-panama-bc-08\/#primaryimage","url":"https:\/\/www.stonecity.cz\/wp-content\/uploads\/2023\/06\/BC-08-2-1-rotated.jpg","contentUrl":"https:\/\/www.stonecity.cz\/wp-content\/uploads\/2023\/06\/BC-08-2-1-rotated.jpg","width":2000,"height":900},{"@type":"BreadcrumbList","@id":"https:\/\/www.stonecity.cz\/de\/produkt\/schiefer-panama-bc-08\/#breadcrumb","itemListElement":[{"@type":"ListItem","position":1,"name":"Dom\u016f","item":"https:\/\/www.stonecity.cz\/de\/"},{"@type":"ListItem","position":2,"name":"Shop","item":"https:\/\/www.stonecity.cz\/de\/shop\/"},{"@type":"ListItem","position":3,"name":"Schiefer Panama BC-08"}]},{"@type":"WebSite","@id":"https:\/\/www.stonecity.cz\/de\/#website","url":"https:\/\/www.stonecity.cz\/de\/","name":"Stonecity.cz","description":"Dla\u017eba, obklady, um\u011bl\u00fd i p\u0159\u00edrodn\u00ed k\u00e1men","potentialAction":[{"@type":"SearchAction","target":{"@type":"EntryPoint","urlTemplate":"https:\/\/www.stonecity.cz\/de\/?s={search_term_string}"},"query-input":{"@type":"PropertyValueSpecification","valueRequired":true,"valueName":"search_term_string"}}],"inLanguage":"de"}]}},"_links":{"self":[{"href":"https:\/\/www.stonecity.cz\/de\/wp-json\/wp\/v2\/product\/15686","targetHints":{"allow":["GET"]}}],"collection":[{"href":"https:\/\/www.stonecity.cz\/de\/wp-json\/wp\/v2\/product"}],"about":[{"href":"https:\/\/www.stonecity.cz\/de\/wp-json\/wp\/v2\/types\/product"}],"wp:featuredmedia":[{"embeddable":true,"href":"https:\/\/www.stonecity.cz\/de\/wp-json\/wp\/v2\/media\/15551"}],"wp:attachment":[{"href":"https:\/\/www.stonecity.cz\/de\/wp-json\/wp\/v2\/media?parent=15686"}],"wp:term":[{"taxonomy":"product_cat","embeddable":true,"href":"https:\/\/www.stonecity.cz\/de\/wp-json\/wp\/v2\/product_cat?post=15686"},{"taxonomy":"product_tag","embeddable":true,"href":"https:\/\/www.stonecity.cz\/de\/wp-json\/wp\/v2\/product_tag?post=15686"}],"curies":[{"name":"wp","href":"https:\/\/api.w.org\/{rel}","templated":true}]}}