{"id":15691,"date":"2023-05-23T10:06:06","date_gmt":"2023-05-23T08:06:06","guid":{"rendered":"https:\/\/www.stonecity.cz\/produkt\/antik-garten-xl-qua-39\/"},"modified":"2023-07-07T13:24:33","modified_gmt":"2023-07-07T11:24:33","slug":"caps-antik-garten-xl-qua-39","status":"publish","type":"product","link":"https:\/\/www.stonecity.cz\/de\/produkt\/caps-antik-garten-xl-qua-39\/","title":{"rendered":"Antik Garten XL &#8211; QUA-39"},"content":{"rendered":"<p>Die Gartentritte oder Steinsockel sind aus nat\u00fcrlichem Quarzit gefertigt. Sie werden als Rasensteine verwendet. Sie haben abgerundete Kanten.<\/p>\n<ul>\n<li>Mit sch\u00f6nen Steintrittsteinen k\u00f6nnen Sie romantische Ecken und Wege schaffen<\/li>\n<li>Erm\u00f6glicht es Ihnen, auch nach dem Regen im Garten spazieren zu gehen, ohne in nasse Erde zu treten<\/li>\n<li>Sie bringen ein zus\u00e4tzliches Element in jeden Garten, das Sie lieben werden<\/li>\n<\/ul>\n<p>&nbsp;<\/p>\n<p>&nbsp;<\/p>\n","protected":false},"excerpt":{"rendered":"<p>Die Gartentritte oder Steinsockel sind aus nat\u00fcrlichem Quarzit gefertigt. Sie werden als Rasensteine verwendet. Sie haben abgerundete Kanten. Mit sch\u00f6nen Steintrittsteinen k\u00f6nnen Sie romantische Ecken und Wege schaffen Erm\u00f6glicht es Ihnen, auch nach dem Regen im Garten spazieren zu gehen, ohne in nasse Erde zu treten Sie bringen ein zus\u00e4tzliches Element in jeden Garten, das [&#8230;]\n","protected":false},"featured_media":15481,"template":"","meta":[],"product_cat":[1917,1923,1941],"product_tag":[1830,1833,1841,1840],"class_list":{"0":"post-15691","1":"product","2":"type-product","3":"status-publish","4":"has-post-thumbnail","6":"product_cat-pflaster","7":"product_cat-naturstein","8":"product_cat-quarzit-de","9":"product_tag-fassadenverkleidung","10":"product_tag-fur-den-ausenbereich-geeignet","11":"product_tag-fur-den-garten-geeignet-de","12":"product_tag-geeignet-fur-die-terrasse","13":"pa_baleni-1-palette-50stuck-950kg","14":"pa_diagonala-prumer-40-70cm-de","15":"pa_tloustka-3-cm-de","17":"first","18":"instock","19":"purchasable","20":"product-type-simple"},"yoast_head":"<!-- This site is optimized with the Yoast SEO plugin v26.8 - https:\/\/yoast.com\/product\/yoast-seo-wordpress\/ -->\n<title>Antik Garten XL - QUA-39 - Stonecity.cz<\/title>\n<meta name=\"robots\" content=\"index, follow, max-snippet:-1, max-image-preview:large, max-video-preview:-1\" \/>\n<link rel=\"canonical\" href=\"https:\/\/www.stonecity.cz\/de\/produkt\/caps-antik-garten-xl-qua-39\/\" \/>\n<meta property=\"og:locale\" content=\"de_DE\" \/>\n<meta property=\"og:type\" content=\"article\" \/>\n<meta property=\"og:title\" content=\"Antik Garten XL - QUA-39 - Stonecity.cz\" \/>\n<meta property=\"og:description\" content=\"Die Gartentritte oder Steinsockel sind aus nat\u00fcrlichem Quarzit gefertigt. Sie werden als Rasensteine verwendet. Sie haben abgerundete Kanten. Mit sch\u00f6nen Steintrittsteinen k\u00f6nnen Sie romantische Ecken und Wege schaffen Erm\u00f6glicht es Ihnen, auch nach dem Regen im Garten spazieren zu gehen, ohne in nasse Erde zu treten Sie bringen ein zus\u00e4tzliches Element in jeden Garten, das [...]\" \/>\n<meta property=\"og:url\" content=\"https:\/\/www.stonecity.cz\/de\/produkt\/caps-antik-garten-xl-qua-39\/\" \/>\n<meta property=\"og:site_name\" content=\"Stonecity.cz\" \/>\n<meta property=\"article:modified_time\" content=\"2023-07-07T11:24:33+00:00\" \/>\n<meta property=\"og:image\" content=\"https:\/\/www.stonecity.cz\/wp-content\/uploads\/2023\/05\/Slapaky-1.jpg\" \/>\n\t<meta property=\"og:image:width\" content=\"856\" \/>\n\t<meta property=\"og:image:height\" content=\"1024\" \/>\n\t<meta property=\"og:image:type\" content=\"image\/jpeg\" \/>\n<meta name=\"twitter:card\" content=\"summary_large_image\" \/>\n<script type=\"application\/ld+json\" class=\"yoast-schema-graph\">{\"@context\":\"https:\/\/schema.org\",\"@graph\":[{\"@type\":\"WebPage\",\"@id\":\"https:\/\/www.stonecity.cz\/de\/produkt\/caps-antik-garten-xl-qua-39\/\",\"url\":\"https:\/\/www.stonecity.cz\/de\/produkt\/caps-antik-garten-xl-qua-39\/\",\"name\":\"Antik Garten XL - QUA-39 - Stonecity.cz\",\"isPartOf\":{\"@id\":\"https:\/\/www.stonecity.cz\/de\/#website\"},\"primaryImageOfPage\":{\"@id\":\"https:\/\/www.stonecity.cz\/de\/produkt\/caps-antik-garten-xl-qua-39\/#primaryimage\"},\"image\":{\"@id\":\"https:\/\/www.stonecity.cz\/de\/produkt\/caps-antik-garten-xl-qua-39\/#primaryimage\"},\"thumbnailUrl\":\"https:\/\/www.stonecity.cz\/wp-content\/uploads\/2023\/05\/Slapaky-1.jpg\",\"datePublished\":\"2023-05-23T08:06:06+00:00\",\"dateModified\":\"2023-07-07T11:24:33+00:00\",\"breadcrumb\":{\"@id\":\"https:\/\/www.stonecity.cz\/de\/produkt\/caps-antik-garten-xl-qua-39\/#breadcrumb\"},\"inLanguage\":\"de\",\"potentialAction\":[{\"@type\":\"ReadAction\",\"target\":[\"https:\/\/www.stonecity.cz\/de\/produkt\/caps-antik-garten-xl-qua-39\/\"]}]},{\"@type\":\"ImageObject\",\"inLanguage\":\"de\",\"@id\":\"https:\/\/www.stonecity.cz\/de\/produkt\/caps-antik-garten-xl-qua-39\/#primaryimage\",\"url\":\"https:\/\/www.stonecity.cz\/wp-content\/uploads\/2023\/05\/Slapaky-1.jpg\",\"contentUrl\":\"https:\/\/www.stonecity.cz\/wp-content\/uploads\/2023\/05\/Slapaky-1.jpg\",\"width\":856,\"height\":1024},{\"@type\":\"BreadcrumbList\",\"@id\":\"https:\/\/www.stonecity.cz\/de\/produkt\/caps-antik-garten-xl-qua-39\/#breadcrumb\",\"itemListElement\":[{\"@type\":\"ListItem\",\"position\":1,\"name\":\"Dom\u016f\",\"item\":\"https:\/\/www.stonecity.cz\/de\/\"},{\"@type\":\"ListItem\",\"position\":2,\"name\":\"Shop\",\"item\":\"https:\/\/www.stonecity.cz\/de\/shop\/\"},{\"@type\":\"ListItem\",\"position\":3,\"name\":\"Antik Garten XL &#8211; QUA-39\"}]},{\"@type\":\"WebSite\",\"@id\":\"https:\/\/www.stonecity.cz\/de\/#website\",\"url\":\"https:\/\/www.stonecity.cz\/de\/\",\"name\":\"Stonecity.cz\",\"description\":\"Dla\u017eba, obklady, um\u011bl\u00fd i p\u0159\u00edrodn\u00ed k\u00e1men\",\"potentialAction\":[{\"@type\":\"SearchAction\",\"target\":{\"@type\":\"EntryPoint\",\"urlTemplate\":\"https:\/\/www.stonecity.cz\/de\/?s={search_term_string}\"},\"query-input\":{\"@type\":\"PropertyValueSpecification\",\"valueRequired\":true,\"valueName\":\"search_term_string\"}}],\"inLanguage\":\"de\"}]}<\/script>\n<!-- \/ Yoast SEO plugin. -->","yoast_head_json":{"title":"Antik Garten XL - QUA-39 - Stonecity.cz","robots":{"index":"index","follow":"follow","max-snippet":"max-snippet:-1","max-image-preview":"max-image-preview:large","max-video-preview":"max-video-preview:-1"},"canonical":"https:\/\/www.stonecity.cz\/de\/produkt\/caps-antik-garten-xl-qua-39\/","og_locale":"de_DE","og_type":"article","og_title":"Antik Garten XL - QUA-39 - Stonecity.cz","og_description":"Die Gartentritte oder Steinsockel sind aus nat\u00fcrlichem Quarzit gefertigt. Sie werden als Rasensteine verwendet. Sie haben abgerundete Kanten. Mit sch\u00f6nen Steintrittsteinen k\u00f6nnen Sie romantische Ecken und Wege schaffen Erm\u00f6glicht es Ihnen, auch nach dem Regen im Garten spazieren zu gehen, ohne in nasse Erde zu treten Sie bringen ein zus\u00e4tzliches Element in jeden Garten, das [...]","og_url":"https:\/\/www.stonecity.cz\/de\/produkt\/caps-antik-garten-xl-qua-39\/","og_site_name":"Stonecity.cz","article_modified_time":"2023-07-07T11:24:33+00:00","og_image":[{"width":856,"height":1024,"url":"https:\/\/www.stonecity.cz\/wp-content\/uploads\/2023\/05\/Slapaky-1.jpg","type":"image\/jpeg"}],"twitter_card":"summary_large_image","schema":{"@context":"https:\/\/schema.org","@graph":[{"@type":"WebPage","@id":"https:\/\/www.stonecity.cz\/de\/produkt\/caps-antik-garten-xl-qua-39\/","url":"https:\/\/www.stonecity.cz\/de\/produkt\/caps-antik-garten-xl-qua-39\/","name":"Antik Garten XL - QUA-39 - Stonecity.cz","isPartOf":{"@id":"https:\/\/www.stonecity.cz\/de\/#website"},"primaryImageOfPage":{"@id":"https:\/\/www.stonecity.cz\/de\/produkt\/caps-antik-garten-xl-qua-39\/#primaryimage"},"image":{"@id":"https:\/\/www.stonecity.cz\/de\/produkt\/caps-antik-garten-xl-qua-39\/#primaryimage"},"thumbnailUrl":"https:\/\/www.stonecity.cz\/wp-content\/uploads\/2023\/05\/Slapaky-1.jpg","datePublished":"2023-05-23T08:06:06+00:00","dateModified":"2023-07-07T11:24:33+00:00","breadcrumb":{"@id":"https:\/\/www.stonecity.cz\/de\/produkt\/caps-antik-garten-xl-qua-39\/#breadcrumb"},"inLanguage":"de","potentialAction":[{"@type":"ReadAction","target":["https:\/\/www.stonecity.cz\/de\/produkt\/caps-antik-garten-xl-qua-39\/"]}]},{"@type":"ImageObject","inLanguage":"de","@id":"https:\/\/www.stonecity.cz\/de\/produkt\/caps-antik-garten-xl-qua-39\/#primaryimage","url":"https:\/\/www.stonecity.cz\/wp-content\/uploads\/2023\/05\/Slapaky-1.jpg","contentUrl":"https:\/\/www.stonecity.cz\/wp-content\/uploads\/2023\/05\/Slapaky-1.jpg","width":856,"height":1024},{"@type":"BreadcrumbList","@id":"https:\/\/www.stonecity.cz\/de\/produkt\/caps-antik-garten-xl-qua-39\/#breadcrumb","itemListElement":[{"@type":"ListItem","position":1,"name":"Dom\u016f","item":"https:\/\/www.stonecity.cz\/de\/"},{"@type":"ListItem","position":2,"name":"Shop","item":"https:\/\/www.stonecity.cz\/de\/shop\/"},{"@type":"ListItem","position":3,"name":"Antik Garten XL &#8211; QUA-39"}]},{"@type":"WebSite","@id":"https:\/\/www.stonecity.cz\/de\/#website","url":"https:\/\/www.stonecity.cz\/de\/","name":"Stonecity.cz","description":"Dla\u017eba, obklady, um\u011bl\u00fd i p\u0159\u00edrodn\u00ed k\u00e1men","potentialAction":[{"@type":"SearchAction","target":{"@type":"EntryPoint","urlTemplate":"https:\/\/www.stonecity.cz\/de\/?s={search_term_string}"},"query-input":{"@type":"PropertyValueSpecification","valueRequired":true,"valueName":"search_term_string"}}],"inLanguage":"de"}]}},"_links":{"self":[{"href":"https:\/\/www.stonecity.cz\/de\/wp-json\/wp\/v2\/product\/15691","targetHints":{"allow":["GET"]}}],"collection":[{"href":"https:\/\/www.stonecity.cz\/de\/wp-json\/wp\/v2\/product"}],"about":[{"href":"https:\/\/www.stonecity.cz\/de\/wp-json\/wp\/v2\/types\/product"}],"wp:featuredmedia":[{"embeddable":true,"href":"https:\/\/www.stonecity.cz\/de\/wp-json\/wp\/v2\/media\/15481"}],"wp:attachment":[{"href":"https:\/\/www.stonecity.cz\/de\/wp-json\/wp\/v2\/media?parent=15691"}],"wp:term":[{"taxonomy":"product_cat","embeddable":true,"href":"https:\/\/www.stonecity.cz\/de\/wp-json\/wp\/v2\/product_cat?post=15691"},{"taxonomy":"product_tag","embeddable":true,"href":"https:\/\/www.stonecity.cz\/de\/wp-json\/wp\/v2\/product_tag?post=15691"}],"curies":[{"name":"wp","href":"https:\/\/api.w.org\/{rel}","templated":true}]}}