{"id":15697,"date":"2023-03-28T09:51:57","date_gmt":"2023-03-28T07:51:57","guid":{"rendered":"https:\/\/www.stonecity.cz\/produkt\/quarzit-amarillo-chiara-qua-45\/"},"modified":"2023-07-07T13:24:24","modified_gmt":"2023-07-07T11:24:24","slug":"quarzit-amarillo-chiara-qua-45","status":"publish","type":"product","link":"https:\/\/www.stonecity.cz\/de\/produkt\/quarzit-amarillo-chiara-qua-45\/","title":{"rendered":"Quarzit Amarillo Chiara QUA-45"},"content":{"rendered":"<p>Quarzitfliesen mit geschnittenen Kanten und nat\u00fcrlicher Oberfl\u00e4che.<\/p>\n<p>1St\u00fcck = 0,14m2<\/p>\n","protected":false},"excerpt":{"rendered":"<p>Quarzitfliesen mit geschnittenen Kanten und nat\u00fcrlicher Oberfl\u00e4che. 1St\u00fcck = 0,14m2<\/p>\n","protected":false},"featured_media":19224,"template":"","meta":[],"product_cat":[2041,2033,2039],"product_tag":[1833,1841,1840],"class_list":{"0":"post-15697","1":"product","2":"type-product","3":"status-publish","4":"has-post-thumbnail","6":"product_cat-verblendsteine","7":"product_cat-naturstein-de","8":"product_cat-quarzit-de-2","9":"product_tag-fur-den-ausenbereich-geeignet","10":"product_tag-fur-den-garten-geeignet-de","11":"product_tag-geeignet-fur-die-terrasse","12":"pa_baleni-kiste-ca-33-35-m2","13":"pa_sirka-37cm-de","14":"pa_tloustka-1-25-cm-de","16":"first","17":"instock","18":"purchasable","19":"product-type-simple"},"yoast_head":"<!-- This site is optimized with the Yoast SEO plugin v26.8 - https:\/\/yoast.com\/product\/yoast-seo-wordpress\/ -->\n<title>Quarzit Amarillo Chiara QUA-45 - Stonecity.cz<\/title>\n<meta name=\"robots\" content=\"index, follow, max-snippet:-1, max-image-preview:large, max-video-preview:-1\" \/>\n<link rel=\"canonical\" href=\"https:\/\/www.stonecity.cz\/de\/produkt\/quarzit-amarillo-chiara-qua-45\/\" \/>\n<meta property=\"og:locale\" content=\"de_DE\" \/>\n<meta property=\"og:type\" content=\"article\" \/>\n<meta property=\"og:title\" content=\"Quarzit Amarillo Chiara QUA-45 - Stonecity.cz\" \/>\n<meta property=\"og:description\" content=\"Quarzitfliesen mit geschnittenen Kanten und nat\u00fcrlicher Oberfl\u00e4che. 1St\u00fcck = 0,14m2\" \/>\n<meta property=\"og:url\" content=\"https:\/\/www.stonecity.cz\/de\/produkt\/quarzit-amarillo-chiara-qua-45\/\" \/>\n<meta property=\"og:site_name\" content=\"Stonecity.cz\" \/>\n<meta property=\"article:modified_time\" content=\"2023-07-07T11:24:24+00:00\" \/>\n<meta property=\"og:image\" content=\"https:\/\/www.stonecity.cz\/wp-content\/uploads\/2023\/03\/STONE-CITY-Kvarzit-Amarillo-Chiara-QUA-45-4-1.jpg\" \/>\n\t<meta property=\"og:image:width\" content=\"732\" \/>\n\t<meta property=\"og:image:height\" content=\"770\" \/>\n\t<meta property=\"og:image:type\" content=\"image\/jpeg\" \/>\n<meta name=\"twitter:card\" content=\"summary_large_image\" \/>\n<script type=\"application\/ld+json\" class=\"yoast-schema-graph\">{\"@context\":\"https:\/\/schema.org\",\"@graph\":[{\"@type\":\"WebPage\",\"@id\":\"https:\/\/www.stonecity.cz\/de\/produkt\/quarzit-amarillo-chiara-qua-45\/\",\"url\":\"https:\/\/www.stonecity.cz\/de\/produkt\/quarzit-amarillo-chiara-qua-45\/\",\"name\":\"Quarzit Amarillo Chiara QUA-45 - Stonecity.cz\",\"isPartOf\":{\"@id\":\"https:\/\/www.stonecity.cz\/de\/#website\"},\"primaryImageOfPage\":{\"@id\":\"https:\/\/www.stonecity.cz\/de\/produkt\/quarzit-amarillo-chiara-qua-45\/#primaryimage\"},\"image\":{\"@id\":\"https:\/\/www.stonecity.cz\/de\/produkt\/quarzit-amarillo-chiara-qua-45\/#primaryimage\"},\"thumbnailUrl\":\"https:\/\/www.stonecity.cz\/wp-content\/uploads\/2023\/03\/IMG-20250227-WA0004.jpg\",\"datePublished\":\"2023-03-28T07:51:57+00:00\",\"dateModified\":\"2023-07-07T11:24:24+00:00\",\"breadcrumb\":{\"@id\":\"https:\/\/www.stonecity.cz\/de\/produkt\/quarzit-amarillo-chiara-qua-45\/#breadcrumb\"},\"inLanguage\":\"de\",\"potentialAction\":[{\"@type\":\"ReadAction\",\"target\":[\"https:\/\/www.stonecity.cz\/de\/produkt\/quarzit-amarillo-chiara-qua-45\/\"]}]},{\"@type\":\"ImageObject\",\"inLanguage\":\"de\",\"@id\":\"https:\/\/www.stonecity.cz\/de\/produkt\/quarzit-amarillo-chiara-qua-45\/#primaryimage\",\"url\":\"https:\/\/www.stonecity.cz\/wp-content\/uploads\/2023\/03\/IMG-20250227-WA0004.jpg\",\"contentUrl\":\"https:\/\/www.stonecity.cz\/wp-content\/uploads\/2023\/03\/IMG-20250227-WA0004.jpg\",\"width\":1200,\"height\":1600},{\"@type\":\"BreadcrumbList\",\"@id\":\"https:\/\/www.stonecity.cz\/de\/produkt\/quarzit-amarillo-chiara-qua-45\/#breadcrumb\",\"itemListElement\":[{\"@type\":\"ListItem\",\"position\":1,\"name\":\"Dom\u016f\",\"item\":\"https:\/\/www.stonecity.cz\/de\/\"},{\"@type\":\"ListItem\",\"position\":2,\"name\":\"Shop\",\"item\":\"https:\/\/www.stonecity.cz\/de\/shop\/\"},{\"@type\":\"ListItem\",\"position\":3,\"name\":\"Quarzit Amarillo Chiara QUA-45\"}]},{\"@type\":\"WebSite\",\"@id\":\"https:\/\/www.stonecity.cz\/de\/#website\",\"url\":\"https:\/\/www.stonecity.cz\/de\/\",\"name\":\"Stonecity.cz\",\"description\":\"Dla\u017eba, obklady, um\u011bl\u00fd i p\u0159\u00edrodn\u00ed k\u00e1men\",\"potentialAction\":[{\"@type\":\"SearchAction\",\"target\":{\"@type\":\"EntryPoint\",\"urlTemplate\":\"https:\/\/www.stonecity.cz\/de\/?s={search_term_string}\"},\"query-input\":{\"@type\":\"PropertyValueSpecification\",\"valueRequired\":true,\"valueName\":\"search_term_string\"}}],\"inLanguage\":\"de\"}]}<\/script>\n<!-- \/ Yoast SEO plugin. -->","yoast_head_json":{"title":"Quarzit Amarillo Chiara QUA-45 - Stonecity.cz","robots":{"index":"index","follow":"follow","max-snippet":"max-snippet:-1","max-image-preview":"max-image-preview:large","max-video-preview":"max-video-preview:-1"},"canonical":"https:\/\/www.stonecity.cz\/de\/produkt\/quarzit-amarillo-chiara-qua-45\/","og_locale":"de_DE","og_type":"article","og_title":"Quarzit Amarillo Chiara QUA-45 - Stonecity.cz","og_description":"Quarzitfliesen mit geschnittenen Kanten und nat\u00fcrlicher Oberfl\u00e4che. 1St\u00fcck = 0,14m2","og_url":"https:\/\/www.stonecity.cz\/de\/produkt\/quarzit-amarillo-chiara-qua-45\/","og_site_name":"Stonecity.cz","article_modified_time":"2023-07-07T11:24:24+00:00","og_image":[{"width":732,"height":770,"url":"https:\/\/www.stonecity.cz\/wp-content\/uploads\/2023\/03\/STONE-CITY-Kvarzit-Amarillo-Chiara-QUA-45-4-1.jpg","type":"image\/jpeg"}],"twitter_card":"summary_large_image","schema":{"@context":"https:\/\/schema.org","@graph":[{"@type":"WebPage","@id":"https:\/\/www.stonecity.cz\/de\/produkt\/quarzit-amarillo-chiara-qua-45\/","url":"https:\/\/www.stonecity.cz\/de\/produkt\/quarzit-amarillo-chiara-qua-45\/","name":"Quarzit Amarillo Chiara QUA-45 - Stonecity.cz","isPartOf":{"@id":"https:\/\/www.stonecity.cz\/de\/#website"},"primaryImageOfPage":{"@id":"https:\/\/www.stonecity.cz\/de\/produkt\/quarzit-amarillo-chiara-qua-45\/#primaryimage"},"image":{"@id":"https:\/\/www.stonecity.cz\/de\/produkt\/quarzit-amarillo-chiara-qua-45\/#primaryimage"},"thumbnailUrl":"https:\/\/www.stonecity.cz\/wp-content\/uploads\/2023\/03\/IMG-20250227-WA0004.jpg","datePublished":"2023-03-28T07:51:57+00:00","dateModified":"2023-07-07T11:24:24+00:00","breadcrumb":{"@id":"https:\/\/www.stonecity.cz\/de\/produkt\/quarzit-amarillo-chiara-qua-45\/#breadcrumb"},"inLanguage":"de","potentialAction":[{"@type":"ReadAction","target":["https:\/\/www.stonecity.cz\/de\/produkt\/quarzit-amarillo-chiara-qua-45\/"]}]},{"@type":"ImageObject","inLanguage":"de","@id":"https:\/\/www.stonecity.cz\/de\/produkt\/quarzit-amarillo-chiara-qua-45\/#primaryimage","url":"https:\/\/www.stonecity.cz\/wp-content\/uploads\/2023\/03\/IMG-20250227-WA0004.jpg","contentUrl":"https:\/\/www.stonecity.cz\/wp-content\/uploads\/2023\/03\/IMG-20250227-WA0004.jpg","width":1200,"height":1600},{"@type":"BreadcrumbList","@id":"https:\/\/www.stonecity.cz\/de\/produkt\/quarzit-amarillo-chiara-qua-45\/#breadcrumb","itemListElement":[{"@type":"ListItem","position":1,"name":"Dom\u016f","item":"https:\/\/www.stonecity.cz\/de\/"},{"@type":"ListItem","position":2,"name":"Shop","item":"https:\/\/www.stonecity.cz\/de\/shop\/"},{"@type":"ListItem","position":3,"name":"Quarzit Amarillo Chiara QUA-45"}]},{"@type":"WebSite","@id":"https:\/\/www.stonecity.cz\/de\/#website","url":"https:\/\/www.stonecity.cz\/de\/","name":"Stonecity.cz","description":"Dla\u017eba, obklady, um\u011bl\u00fd i p\u0159\u00edrodn\u00ed k\u00e1men","potentialAction":[{"@type":"SearchAction","target":{"@type":"EntryPoint","urlTemplate":"https:\/\/www.stonecity.cz\/de\/?s={search_term_string}"},"query-input":{"@type":"PropertyValueSpecification","valueRequired":true,"valueName":"search_term_string"}}],"inLanguage":"de"}]}},"_links":{"self":[{"href":"https:\/\/www.stonecity.cz\/de\/wp-json\/wp\/v2\/product\/15697","targetHints":{"allow":["GET"]}}],"collection":[{"href":"https:\/\/www.stonecity.cz\/de\/wp-json\/wp\/v2\/product"}],"about":[{"href":"https:\/\/www.stonecity.cz\/de\/wp-json\/wp\/v2\/types\/product"}],"wp:featuredmedia":[{"embeddable":true,"href":"https:\/\/www.stonecity.cz\/de\/wp-json\/wp\/v2\/media\/19224"}],"wp:attachment":[{"href":"https:\/\/www.stonecity.cz\/de\/wp-json\/wp\/v2\/media?parent=15697"}],"wp:term":[{"taxonomy":"product_cat","embeddable":true,"href":"https:\/\/www.stonecity.cz\/de\/wp-json\/wp\/v2\/product_cat?post=15697"},{"taxonomy":"product_tag","embeddable":true,"href":"https:\/\/www.stonecity.cz\/de\/wp-json\/wp\/v2\/product_tag?post=15697"}],"curies":[{"name":"wp","href":"https:\/\/api.w.org\/{rel}","templated":true}]}}