{"id":15722,"date":"2023-05-25T16:17:10","date_gmt":"2023-05-25T14:17:10","guid":{"rendered":"https:\/\/www.stonecity.cz\/produkt\/granitwuerfel-grau-mit-gelben-highlights\/"},"modified":"2023-05-25T16:17:10","modified_gmt":"2023-05-25T14:17:10","slug":"zula-kostume-sind-mit-gelb-melir","status":"publish","type":"product","link":"https:\/\/www.stonecity.cz\/de\/produkt\/zula-kostume-sind-mit-gelb-melir\/","title":{"rendered":"Granitw\u00fcrfel grau mit gelben Highlights"},"content":{"rendered":"<p class=\"p1\"><span class=\"s1\">Granitpflaster ist f\u00fcr Fahrzeuge \u00fcber 3,5 Tonnen geeignet. Er wird h\u00e4ufig f\u00fcr die Pflasterung gro\u00dfer Fl\u00e4chen verwendet &#8211; Pl\u00e4tze, Gehwege, Einfahrten&#8230;<br \/>\n<\/span><\/p>\n<p class=\"p1\"><span class=\"s1\">Verpackung &#8211; Big Bag (ca. 1,4 t)<br \/>\n<\/span><\/p>\n<p class=\"p1\"><span class=\"s1\">Toleranz +\/- 1 cm<\/span><\/p>\n<p>ZL-GY-04-06 &#8211; 4\/6 Gewicht ca. 100kg\/m2 &#8211; ca. 12,5m2\/1bb &#8211; ca. 9m2\/1tonne<\/p>\n<p>ZL-GY-07-09 &#8211; 7\/9 Gewicht ca. 140kg\/m2 &#8211; ca. 8,5m2\/1bb &#8211; ca. 6m2\/1tonne<\/p>\n<p>ZL-GY-08-11 &#8211; 8\/11 Gewicht ca. 190kg\/m2 &#8211; ca. 6,5m2\/1bb &#8211; ca. 4,5m2\/1tonne<\/p>\n<p>ZL-GY-015-017 &#8211; 15\/17 Gewicht ca. 370kg\/m2 &#8211; ca. 3,2m2\/1bb &#8211; ca. 2,5m2\/1tonne<\/p>\n<p>&nbsp;<\/p>\n<p><span class=\"s1\"><a href=\"https:\/\/www.stonecity.cz\/wp-content\/uploads\/2023\/05\/STONE-CITY-vysledky-zkousek-zula-seda-1.pdf\">STONE CITY &#8211; Testergebnisse (granitgrau)<\/a><\/span><\/p>\n<p>&nbsp;<\/p>\n<p><iframe loading=\"lazy\" title=\"STONE CITY -  Gray\/yellow Cranite Cobble Stone\/ \u017dulov\u00e9 dla\u017eebn\u00ed kostky \/ Granitpflastersteine\" width=\"1020\" height=\"574\" src=\"https:\/\/www.youtube.com\/embed\/gtr6Ctt94Lw?feature=oembed\" frameborder=\"0\" allow=\"accelerometer; autoplay; clipboard-write; encrypted-media; gyroscope; picture-in-picture; web-share\" allowfullscreen><\/iframe><\/p>\n<p>&nbsp;<\/p>\n<p>&nbsp;<\/p>\n","protected":false},"excerpt":{"rendered":"<p>Granitpflaster ist f\u00fcr Fahrzeuge \u00fcber 3,5 Tonnen geeignet. Er wird h\u00e4ufig f\u00fcr die Pflasterung gro\u00dfer Fl\u00e4chen verwendet &#8211; Pl\u00e4tze, Gehwege, Einfahrten&#8230; Verpackung &#8211; Big Bag (ca. 1,4 t) Toleranz +\/- 1 cm ZL-GY-04-06 &#8211; 4\/6 Gewicht ca. 100kg\/m2 &#8211; ca. 12,5m2\/1bb &#8211; ca. 9m2\/1tonne ZL-GY-07-09 &#8211; 7\/9 Gewicht ca. 140kg\/m2 &#8211; ca. 8,5m2\/1bb &#8211; ca. [&#8230;]\n","protected":false},"featured_media":15491,"template":"","meta":[],"product_cat":[2051,1917,1923,1945],"product_tag":[1833,1841,1840],"class_list":{"0":"post-15722","1":"product","2":"type-product","3":"status-publish","4":"has-post-thumbnail","6":"product_cat-granit-de","7":"product_cat-pflaster","8":"product_cat-naturstein","9":"product_cat-granit","10":"product_tag-fur-den-ausenbereich-geeignet","11":"product_tag-fur-den-garten-geeignet-de","12":"product_tag-geeignet-fur-die-terrasse","13":"pa_rozmer-a-b-4-6-cm-de","14":"pa_rozmer-a-b-7-9cm-de","15":"pa_rozmer-a-b-8-11cm-de","16":"pa_rozmer-a-b-15-17cm-de","18":"first","19":"instock","20":"purchasable","21":"product-type-variable"},"yoast_head":"<!-- This site is optimized with the Yoast SEO plugin v26.8 - https:\/\/yoast.com\/product\/yoast-seo-wordpress\/ -->\n<title>Granitw\u00fcrfel grau mit gelben Highlights - Stonecity.cz<\/title>\n<meta name=\"robots\" content=\"index, follow, max-snippet:-1, max-image-preview:large, max-video-preview:-1\" \/>\n<link rel=\"canonical\" href=\"https:\/\/www.stonecity.cz\/de\/produkt\/zula-kostume-sind-mit-gelb-melir\/\" \/>\n<meta property=\"og:locale\" content=\"de_DE\" \/>\n<meta property=\"og:type\" content=\"article\" \/>\n<meta property=\"og:title\" content=\"Granitw\u00fcrfel grau mit gelben Highlights - Stonecity.cz\" \/>\n<meta property=\"og:description\" content=\"Granitpflaster ist f\u00fcr Fahrzeuge \u00fcber 3,5 Tonnen geeignet. Er wird h\u00e4ufig f\u00fcr die Pflasterung gro\u00dfer Fl\u00e4chen verwendet &#8211; Pl\u00e4tze, Gehwege, Einfahrten&#8230; Verpackung &#8211; Big Bag (ca. 1,4 t) Toleranz +\/- 1 cm ZL-GY-04-06 &#8211; 4\/6 Gewicht ca. 100kg\/m2 &#8211; ca. 12,5m2\/1bb &#8211; ca. 9m2\/1tonne ZL-GY-07-09 &#8211; 7\/9 Gewicht ca. 140kg\/m2 &#8211; ca. 8,5m2\/1bb &#8211; ca. [...]\" \/>\n<meta property=\"og:url\" content=\"https:\/\/www.stonecity.cz\/de\/produkt\/zula-kostume-sind-mit-gelb-melir\/\" \/>\n<meta property=\"og:site_name\" content=\"Stonecity.cz\" \/>\n<meta property=\"og:image\" content=\"https:\/\/www.stonecity.cz\/wp-content\/uploads\/2023\/05\/STONE-CITY-kostka-zula-seda-zluty-melir-8-11cm-3.jpg\" \/>\n\t<meta property=\"og:image:width\" content=\"1024\" \/>\n\t<meta property=\"og:image:height\" content=\"768\" \/>\n\t<meta property=\"og:image:type\" content=\"image\/jpeg\" \/>\n<meta name=\"twitter:card\" content=\"summary_large_image\" \/>\n<meta name=\"twitter:label1\" content=\"Gesch\u00e4tzte Lesezeit\" \/>\n\t<meta name=\"twitter:data1\" content=\"1\u00a0Minute\" \/>\n<script type=\"application\/ld+json\" class=\"yoast-schema-graph\">{\"@context\":\"https:\/\/schema.org\",\"@graph\":[{\"@type\":\"WebPage\",\"@id\":\"https:\/\/www.stonecity.cz\/de\/produkt\/zula-kostume-sind-mit-gelb-melir\/\",\"url\":\"https:\/\/www.stonecity.cz\/de\/produkt\/zula-kostume-sind-mit-gelb-melir\/\",\"name\":\"Granitw\u00fcrfel grau mit gelben Highlights - Stonecity.cz\",\"isPartOf\":{\"@id\":\"https:\/\/www.stonecity.cz\/de\/#website\"},\"primaryImageOfPage\":{\"@id\":\"https:\/\/www.stonecity.cz\/de\/produkt\/zula-kostume-sind-mit-gelb-melir\/#primaryimage\"},\"image\":{\"@id\":\"https:\/\/www.stonecity.cz\/de\/produkt\/zula-kostume-sind-mit-gelb-melir\/#primaryimage\"},\"thumbnailUrl\":\"https:\/\/www.stonecity.cz\/wp-content\/uploads\/2023\/05\/STONE-CITY-kostka-zula-seda-zluty-melir-8-11cm-3.jpg\",\"datePublished\":\"2023-05-25T14:17:10+00:00\",\"breadcrumb\":{\"@id\":\"https:\/\/www.stonecity.cz\/de\/produkt\/zula-kostume-sind-mit-gelb-melir\/#breadcrumb\"},\"inLanguage\":\"de\",\"potentialAction\":[{\"@type\":\"ReadAction\",\"target\":[\"https:\/\/www.stonecity.cz\/de\/produkt\/zula-kostume-sind-mit-gelb-melir\/\"]}]},{\"@type\":\"ImageObject\",\"inLanguage\":\"de\",\"@id\":\"https:\/\/www.stonecity.cz\/de\/produkt\/zula-kostume-sind-mit-gelb-melir\/#primaryimage\",\"url\":\"https:\/\/www.stonecity.cz\/wp-content\/uploads\/2023\/05\/STONE-CITY-kostka-zula-seda-zluty-melir-8-11cm-3.jpg\",\"contentUrl\":\"https:\/\/www.stonecity.cz\/wp-content\/uploads\/2023\/05\/STONE-CITY-kostka-zula-seda-zluty-melir-8-11cm-3.jpg\",\"width\":1024,\"height\":768},{\"@type\":\"BreadcrumbList\",\"@id\":\"https:\/\/www.stonecity.cz\/de\/produkt\/zula-kostume-sind-mit-gelb-melir\/#breadcrumb\",\"itemListElement\":[{\"@type\":\"ListItem\",\"position\":1,\"name\":\"Dom\u016f\",\"item\":\"https:\/\/www.stonecity.cz\/de\/\"},{\"@type\":\"ListItem\",\"position\":2,\"name\":\"Shop\",\"item\":\"https:\/\/www.stonecity.cz\/de\/shop\/\"},{\"@type\":\"ListItem\",\"position\":3,\"name\":\"Granitw\u00fcrfel grau mit gelben Highlights\"}]},{\"@type\":\"WebSite\",\"@id\":\"https:\/\/www.stonecity.cz\/de\/#website\",\"url\":\"https:\/\/www.stonecity.cz\/de\/\",\"name\":\"Stonecity.cz\",\"description\":\"Dla\u017eba, obklady, um\u011bl\u00fd i p\u0159\u00edrodn\u00ed k\u00e1men\",\"potentialAction\":[{\"@type\":\"SearchAction\",\"target\":{\"@type\":\"EntryPoint\",\"urlTemplate\":\"https:\/\/www.stonecity.cz\/de\/?s={search_term_string}\"},\"query-input\":{\"@type\":\"PropertyValueSpecification\",\"valueRequired\":true,\"valueName\":\"search_term_string\"}}],\"inLanguage\":\"de\"}]}<\/script>\n<!-- \/ Yoast SEO plugin. -->","yoast_head_json":{"title":"Granitw\u00fcrfel grau mit gelben Highlights - Stonecity.cz","robots":{"index":"index","follow":"follow","max-snippet":"max-snippet:-1","max-image-preview":"max-image-preview:large","max-video-preview":"max-video-preview:-1"},"canonical":"https:\/\/www.stonecity.cz\/de\/produkt\/zula-kostume-sind-mit-gelb-melir\/","og_locale":"de_DE","og_type":"article","og_title":"Granitw\u00fcrfel grau mit gelben Highlights - Stonecity.cz","og_description":"Granitpflaster ist f\u00fcr Fahrzeuge \u00fcber 3,5 Tonnen geeignet. Er wird h\u00e4ufig f\u00fcr die Pflasterung gro\u00dfer Fl\u00e4chen verwendet &#8211; Pl\u00e4tze, Gehwege, Einfahrten&#8230; Verpackung &#8211; Big Bag (ca. 1,4 t) Toleranz +\/- 1 cm ZL-GY-04-06 &#8211; 4\/6 Gewicht ca. 100kg\/m2 &#8211; ca. 12,5m2\/1bb &#8211; ca. 9m2\/1tonne ZL-GY-07-09 &#8211; 7\/9 Gewicht ca. 140kg\/m2 &#8211; ca. 8,5m2\/1bb &#8211; ca. [...]","og_url":"https:\/\/www.stonecity.cz\/de\/produkt\/zula-kostume-sind-mit-gelb-melir\/","og_site_name":"Stonecity.cz","og_image":[{"width":1024,"height":768,"url":"https:\/\/www.stonecity.cz\/wp-content\/uploads\/2023\/05\/STONE-CITY-kostka-zula-seda-zluty-melir-8-11cm-3.jpg","type":"image\/jpeg"}],"twitter_card":"summary_large_image","twitter_misc":{"Gesch\u00e4tzte Lesezeit":"1\u00a0Minute"},"schema":{"@context":"https:\/\/schema.org","@graph":[{"@type":"WebPage","@id":"https:\/\/www.stonecity.cz\/de\/produkt\/zula-kostume-sind-mit-gelb-melir\/","url":"https:\/\/www.stonecity.cz\/de\/produkt\/zula-kostume-sind-mit-gelb-melir\/","name":"Granitw\u00fcrfel grau mit gelben Highlights - Stonecity.cz","isPartOf":{"@id":"https:\/\/www.stonecity.cz\/de\/#website"},"primaryImageOfPage":{"@id":"https:\/\/www.stonecity.cz\/de\/produkt\/zula-kostume-sind-mit-gelb-melir\/#primaryimage"},"image":{"@id":"https:\/\/www.stonecity.cz\/de\/produkt\/zula-kostume-sind-mit-gelb-melir\/#primaryimage"},"thumbnailUrl":"https:\/\/www.stonecity.cz\/wp-content\/uploads\/2023\/05\/STONE-CITY-kostka-zula-seda-zluty-melir-8-11cm-3.jpg","datePublished":"2023-05-25T14:17:10+00:00","breadcrumb":{"@id":"https:\/\/www.stonecity.cz\/de\/produkt\/zula-kostume-sind-mit-gelb-melir\/#breadcrumb"},"inLanguage":"de","potentialAction":[{"@type":"ReadAction","target":["https:\/\/www.stonecity.cz\/de\/produkt\/zula-kostume-sind-mit-gelb-melir\/"]}]},{"@type":"ImageObject","inLanguage":"de","@id":"https:\/\/www.stonecity.cz\/de\/produkt\/zula-kostume-sind-mit-gelb-melir\/#primaryimage","url":"https:\/\/www.stonecity.cz\/wp-content\/uploads\/2023\/05\/STONE-CITY-kostka-zula-seda-zluty-melir-8-11cm-3.jpg","contentUrl":"https:\/\/www.stonecity.cz\/wp-content\/uploads\/2023\/05\/STONE-CITY-kostka-zula-seda-zluty-melir-8-11cm-3.jpg","width":1024,"height":768},{"@type":"BreadcrumbList","@id":"https:\/\/www.stonecity.cz\/de\/produkt\/zula-kostume-sind-mit-gelb-melir\/#breadcrumb","itemListElement":[{"@type":"ListItem","position":1,"name":"Dom\u016f","item":"https:\/\/www.stonecity.cz\/de\/"},{"@type":"ListItem","position":2,"name":"Shop","item":"https:\/\/www.stonecity.cz\/de\/shop\/"},{"@type":"ListItem","position":3,"name":"Granitw\u00fcrfel grau mit gelben Highlights"}]},{"@type":"WebSite","@id":"https:\/\/www.stonecity.cz\/de\/#website","url":"https:\/\/www.stonecity.cz\/de\/","name":"Stonecity.cz","description":"Dla\u017eba, obklady, um\u011bl\u00fd i p\u0159\u00edrodn\u00ed k\u00e1men","potentialAction":[{"@type":"SearchAction","target":{"@type":"EntryPoint","urlTemplate":"https:\/\/www.stonecity.cz\/de\/?s={search_term_string}"},"query-input":{"@type":"PropertyValueSpecification","valueRequired":true,"valueName":"search_term_string"}}],"inLanguage":"de"}]}},"_links":{"self":[{"href":"https:\/\/www.stonecity.cz\/de\/wp-json\/wp\/v2\/product\/15722","targetHints":{"allow":["GET"]}}],"collection":[{"href":"https:\/\/www.stonecity.cz\/de\/wp-json\/wp\/v2\/product"}],"about":[{"href":"https:\/\/www.stonecity.cz\/de\/wp-json\/wp\/v2\/types\/product"}],"wp:featuredmedia":[{"embeddable":true,"href":"https:\/\/www.stonecity.cz\/de\/wp-json\/wp\/v2\/media\/15491"}],"wp:attachment":[{"href":"https:\/\/www.stonecity.cz\/de\/wp-json\/wp\/v2\/media?parent=15722"}],"wp:term":[{"taxonomy":"product_cat","embeddable":true,"href":"https:\/\/www.stonecity.cz\/de\/wp-json\/wp\/v2\/product_cat?post=15722"},{"taxonomy":"product_tag","embeddable":true,"href":"https:\/\/www.stonecity.cz\/de\/wp-json\/wp\/v2\/product_tag?post=15722"}],"curies":[{"name":"wp","href":"https:\/\/api.w.org\/{rel}","templated":true}]}}