{"id":15723,"date":"2023-01-25T16:27:58","date_gmt":"2023-01-25T15:27:58","guid":{"rendered":"https:\/\/www.stonecity.cz\/produkt\/schwimmbadrand-keramik\/"},"modified":"2024-08-16T17:13:06","modified_gmt":"2024-08-16T15:13:06","slug":"pool-lem-keramik","status":"publish","type":"product","link":"https:\/\/www.stonecity.cz\/de\/produkt\/pool-lem-keramik\/","title":{"rendered":"Poolrand\/Treppe\/Br\u00fcstung &#8211; Keramik"},"content":{"rendered":"<p>Poolumrandung mit abgerundeten Kanten in verschiedenen Dekoren und Farben, zu allen unseren italienischen Keramikfliesen. Das perfekte \u00e4sthetische Highlight f\u00fcr Ihren Pool. Ihre entspannende Umgebung wird noch raffinierter und eleganter sein! Ideal f\u00fcr Schwimmbeckenr\u00e4nder, Treppen oder individuelle Projekte. Verwendung: um Swimmingpools, Terrassen, Treppen Einfache Installation und minimale Pflege. Standardformat 30 x 60 x 2 cm Gro\u00dfformat 30 x 90 x 2cm 30 x 120 x 2cm Es kann in 3 cm Dicke bestellt werden. Es wird ein Aufpreis von 180,- \/ St\u00fcck berechnet.  &nbsp;<\/p>\n<p>&nbsp;<\/p>\n","protected":false},"excerpt":{"rendered":"<p>Poolumrandung mit abgerundeten Kanten in verschiedenen Dekoren und Farben, zu allen unseren italienischen Keramikfliesen. Das perfekte \u00e4sthetische Highlight f\u00fcr Ihren Pool. Ihre entspannende Umgebung wird noch raffinierter und eleganter sein! Ideal f\u00fcr Schwimmbeckenr\u00e4nder, Treppen oder individuelle Projekte. Verwendung: um Swimmingpools, Terrassen, Treppen Einfache Installation und minimale Pflege. Standardformat 30 x 60 x 2 cm Gro\u00dfformat [&#8230;]\n","protected":false},"featured_media":15303,"template":"","meta":[],"product_cat":[3173,1917,1939],"product_tag":[1833,1841,1835,1836,1840,1834],"class_list":{"0":"post-15723","1":"product","2":"type-product","3":"status-publish","4":"has-post-thumbnail","6":"product_cat-brustungen-treppen-poolumrandungen","7":"product_cat-pflaster","8":"product_cat-keramikfliesen-fur-den-ausenbereich","9":"product_tag-fur-den-ausenbereich-geeignet","10":"product_tag-fur-den-garten-geeignet-de","11":"product_tag-geeignet-fur-das-badezimmer","12":"product_tag-geeignet-fur-die-kuche","13":"product_tag-geeignet-fur-die-terrasse","14":"product_tag-geeignet-fur-innenraume","16":"first","17":"onbackorder","18":"purchasable","19":"product-type-variable","20":"has-default-attributes"},"yoast_head":"<!-- This site is optimized with the Yoast SEO plugin v26.8 - https:\/\/yoast.com\/product\/yoast-seo-wordpress\/ -->\n<title>Poolrand\/Treppe\/Br\u00fcstung - Keramik - Stonecity.cz<\/title>\n<meta name=\"robots\" content=\"index, follow, max-snippet:-1, max-image-preview:large, max-video-preview:-1\" \/>\n<link rel=\"canonical\" href=\"https:\/\/www.stonecity.cz\/de\/produkt\/pool-lem-keramik\/\" \/>\n<meta property=\"og:locale\" content=\"de_DE\" \/>\n<meta property=\"og:type\" content=\"article\" \/>\n<meta property=\"og:title\" content=\"Poolrand\/Treppe\/Br\u00fcstung - Keramik - Stonecity.cz\" \/>\n<meta property=\"og:description\" content=\"Poolumrandung mit abgerundeten Kanten in verschiedenen Dekoren und Farben, zu allen unseren italienischen Keramikfliesen. Das perfekte \u00e4sthetische Highlight f\u00fcr Ihren Pool. Ihre entspannende Umgebung wird noch raffinierter und eleganter sein! Ideal f\u00fcr Schwimmbeckenr\u00e4nder, Treppen oder individuelle Projekte. Verwendung: um Swimmingpools, Terrassen, Treppen Einfache Installation und minimale Pflege. Standardformat 30 x 60 x 2 cm Gro\u00dfformat [...]\" \/>\n<meta property=\"og:url\" content=\"https:\/\/www.stonecity.cz\/de\/produkt\/pool-lem-keramik\/\" \/>\n<meta property=\"og:site_name\" content=\"Stonecity.cz\" \/>\n<meta property=\"article:modified_time\" content=\"2024-08-16T15:13:06+00:00\" \/>\n<meta property=\"og:image\" content=\"https:\/\/www.stonecity.cz\/wp-content\/uploads\/2023\/01\/Bazenove-lemy-keramika-1.jpg\" \/>\n\t<meta property=\"og:image:width\" content=\"1000\" \/>\n\t<meta property=\"og:image:height\" content=\"504\" \/>\n\t<meta property=\"og:image:type\" content=\"image\/jpeg\" \/>\n<meta name=\"twitter:card\" content=\"summary_large_image\" \/>\n<script type=\"application\/ld+json\" class=\"yoast-schema-graph\">{\"@context\":\"https:\/\/schema.org\",\"@graph\":[{\"@type\":\"WebPage\",\"@id\":\"https:\/\/www.stonecity.cz\/de\/produkt\/pool-lem-keramik\/\",\"url\":\"https:\/\/www.stonecity.cz\/de\/produkt\/pool-lem-keramik\/\",\"name\":\"Poolrand\/Treppe\/Br\u00fcstung - Keramik - Stonecity.cz\",\"isPartOf\":{\"@id\":\"https:\/\/www.stonecity.cz\/de\/#website\"},\"primaryImageOfPage\":{\"@id\":\"https:\/\/www.stonecity.cz\/de\/produkt\/pool-lem-keramik\/#primaryimage\"},\"image\":{\"@id\":\"https:\/\/www.stonecity.cz\/de\/produkt\/pool-lem-keramik\/#primaryimage\"},\"thumbnailUrl\":\"https:\/\/www.stonecity.cz\/wp-content\/uploads\/2023\/01\/Bazenove-lemy-keramika-1.jpg\",\"datePublished\":\"2023-01-25T15:27:58+00:00\",\"dateModified\":\"2024-08-16T15:13:06+00:00\",\"breadcrumb\":{\"@id\":\"https:\/\/www.stonecity.cz\/de\/produkt\/pool-lem-keramik\/#breadcrumb\"},\"inLanguage\":\"de\",\"potentialAction\":[{\"@type\":\"ReadAction\",\"target\":[\"https:\/\/www.stonecity.cz\/de\/produkt\/pool-lem-keramik\/\"]}]},{\"@type\":\"ImageObject\",\"inLanguage\":\"de\",\"@id\":\"https:\/\/www.stonecity.cz\/de\/produkt\/pool-lem-keramik\/#primaryimage\",\"url\":\"https:\/\/www.stonecity.cz\/wp-content\/uploads\/2023\/01\/Bazenove-lemy-keramika-1.jpg\",\"contentUrl\":\"https:\/\/www.stonecity.cz\/wp-content\/uploads\/2023\/01\/Bazenove-lemy-keramika-1.jpg\",\"width\":1000,\"height\":504},{\"@type\":\"BreadcrumbList\",\"@id\":\"https:\/\/www.stonecity.cz\/de\/produkt\/pool-lem-keramik\/#breadcrumb\",\"itemListElement\":[{\"@type\":\"ListItem\",\"position\":1,\"name\":\"Dom\u016f\",\"item\":\"https:\/\/www.stonecity.cz\/de\/\"},{\"@type\":\"ListItem\",\"position\":2,\"name\":\"Shop\",\"item\":\"https:\/\/www.stonecity.cz\/de\/shop\/\"},{\"@type\":\"ListItem\",\"position\":3,\"name\":\"Poolrand\/Treppe\/Br\u00fcstung &#8211; Keramik\"}]},{\"@type\":\"WebSite\",\"@id\":\"https:\/\/www.stonecity.cz\/de\/#website\",\"url\":\"https:\/\/www.stonecity.cz\/de\/\",\"name\":\"Stonecity.cz\",\"description\":\"Dla\u017eba, obklady, um\u011bl\u00fd i p\u0159\u00edrodn\u00ed k\u00e1men\",\"potentialAction\":[{\"@type\":\"SearchAction\",\"target\":{\"@type\":\"EntryPoint\",\"urlTemplate\":\"https:\/\/www.stonecity.cz\/de\/?s={search_term_string}\"},\"query-input\":{\"@type\":\"PropertyValueSpecification\",\"valueRequired\":true,\"valueName\":\"search_term_string\"}}],\"inLanguage\":\"de\"}]}<\/script>\n<!-- \/ Yoast SEO plugin. -->","yoast_head_json":{"title":"Poolrand\/Treppe\/Br\u00fcstung - Keramik - Stonecity.cz","robots":{"index":"index","follow":"follow","max-snippet":"max-snippet:-1","max-image-preview":"max-image-preview:large","max-video-preview":"max-video-preview:-1"},"canonical":"https:\/\/www.stonecity.cz\/de\/produkt\/pool-lem-keramik\/","og_locale":"de_DE","og_type":"article","og_title":"Poolrand\/Treppe\/Br\u00fcstung - Keramik - Stonecity.cz","og_description":"Poolumrandung mit abgerundeten Kanten in verschiedenen Dekoren und Farben, zu allen unseren italienischen Keramikfliesen. Das perfekte \u00e4sthetische Highlight f\u00fcr Ihren Pool. Ihre entspannende Umgebung wird noch raffinierter und eleganter sein! Ideal f\u00fcr Schwimmbeckenr\u00e4nder, Treppen oder individuelle Projekte. Verwendung: um Swimmingpools, Terrassen, Treppen Einfache Installation und minimale Pflege. Standardformat 30 x 60 x 2 cm Gro\u00dfformat [...]","og_url":"https:\/\/www.stonecity.cz\/de\/produkt\/pool-lem-keramik\/","og_site_name":"Stonecity.cz","article_modified_time":"2024-08-16T15:13:06+00:00","og_image":[{"width":1000,"height":504,"url":"https:\/\/www.stonecity.cz\/wp-content\/uploads\/2023\/01\/Bazenove-lemy-keramika-1.jpg","type":"image\/jpeg"}],"twitter_card":"summary_large_image","schema":{"@context":"https:\/\/schema.org","@graph":[{"@type":"WebPage","@id":"https:\/\/www.stonecity.cz\/de\/produkt\/pool-lem-keramik\/","url":"https:\/\/www.stonecity.cz\/de\/produkt\/pool-lem-keramik\/","name":"Poolrand\/Treppe\/Br\u00fcstung - Keramik - Stonecity.cz","isPartOf":{"@id":"https:\/\/www.stonecity.cz\/de\/#website"},"primaryImageOfPage":{"@id":"https:\/\/www.stonecity.cz\/de\/produkt\/pool-lem-keramik\/#primaryimage"},"image":{"@id":"https:\/\/www.stonecity.cz\/de\/produkt\/pool-lem-keramik\/#primaryimage"},"thumbnailUrl":"https:\/\/www.stonecity.cz\/wp-content\/uploads\/2023\/01\/Bazenove-lemy-keramika-1.jpg","datePublished":"2023-01-25T15:27:58+00:00","dateModified":"2024-08-16T15:13:06+00:00","breadcrumb":{"@id":"https:\/\/www.stonecity.cz\/de\/produkt\/pool-lem-keramik\/#breadcrumb"},"inLanguage":"de","potentialAction":[{"@type":"ReadAction","target":["https:\/\/www.stonecity.cz\/de\/produkt\/pool-lem-keramik\/"]}]},{"@type":"ImageObject","inLanguage":"de","@id":"https:\/\/www.stonecity.cz\/de\/produkt\/pool-lem-keramik\/#primaryimage","url":"https:\/\/www.stonecity.cz\/wp-content\/uploads\/2023\/01\/Bazenove-lemy-keramika-1.jpg","contentUrl":"https:\/\/www.stonecity.cz\/wp-content\/uploads\/2023\/01\/Bazenove-lemy-keramika-1.jpg","width":1000,"height":504},{"@type":"BreadcrumbList","@id":"https:\/\/www.stonecity.cz\/de\/produkt\/pool-lem-keramik\/#breadcrumb","itemListElement":[{"@type":"ListItem","position":1,"name":"Dom\u016f","item":"https:\/\/www.stonecity.cz\/de\/"},{"@type":"ListItem","position":2,"name":"Shop","item":"https:\/\/www.stonecity.cz\/de\/shop\/"},{"@type":"ListItem","position":3,"name":"Poolrand\/Treppe\/Br\u00fcstung &#8211; Keramik"}]},{"@type":"WebSite","@id":"https:\/\/www.stonecity.cz\/de\/#website","url":"https:\/\/www.stonecity.cz\/de\/","name":"Stonecity.cz","description":"Dla\u017eba, obklady, um\u011bl\u00fd i p\u0159\u00edrodn\u00ed k\u00e1men","potentialAction":[{"@type":"SearchAction","target":{"@type":"EntryPoint","urlTemplate":"https:\/\/www.stonecity.cz\/de\/?s={search_term_string}"},"query-input":{"@type":"PropertyValueSpecification","valueRequired":true,"valueName":"search_term_string"}}],"inLanguage":"de"}]}},"_links":{"self":[{"href":"https:\/\/www.stonecity.cz\/de\/wp-json\/wp\/v2\/product\/15723","targetHints":{"allow":["GET"]}}],"collection":[{"href":"https:\/\/www.stonecity.cz\/de\/wp-json\/wp\/v2\/product"}],"about":[{"href":"https:\/\/www.stonecity.cz\/de\/wp-json\/wp\/v2\/types\/product"}],"wp:featuredmedia":[{"embeddable":true,"href":"https:\/\/www.stonecity.cz\/de\/wp-json\/wp\/v2\/media\/15303"}],"wp:attachment":[{"href":"https:\/\/www.stonecity.cz\/de\/wp-json\/wp\/v2\/media?parent=15723"}],"wp:term":[{"taxonomy":"product_cat","embeddable":true,"href":"https:\/\/www.stonecity.cz\/de\/wp-json\/wp\/v2\/product_cat?post=15723"},{"taxonomy":"product_tag","embeddable":true,"href":"https:\/\/www.stonecity.cz\/de\/wp-json\/wp\/v2\/product_tag?post=15723"}],"curies":[{"name":"wp","href":"https:\/\/api.w.org\/{rel}","templated":true}]}}