{"id":15747,"date":"2023-03-08T14:45:13","date_gmt":"2023-03-08T13:45:13","guid":{"rendered":"https:\/\/www.stonecity.cz\/produkt\/marmor-himmelsgrau-sandgestrahlt-und-gebuerstet-m-03\/"},"modified":"2023-03-08T14:45:13","modified_gmt":"2023-03-08T13:45:13","slug":"marmor-sky-grau-geburstet-m-03","status":"publish","type":"product","link":"https:\/\/www.stonecity.cz\/de\/produkt\/marmor-sky-grau-geburstet-m-03\/","title":{"rendered":"Marmor Himmelsgrau &#8211; Sandgestrahlt und geb\u00fcrstet M-03"},"content":{"rendered":"<p>Marmor ist seit jeher ein Symbol f\u00fcr Luxus, Sch\u00f6nheit und Zeitlosigkeit. Aufgrund seiner Eigenschaften und seines \u00e4sthetischen Eindrucks ist er besonders f\u00fcr Innenr\u00e4ume geeignet. Es wird aber auch gerne f\u00fcr den Au\u00dfenbereich in 3 cm St\u00e4rke verwendet. Die Farbpalette von Marmor ist sehr vielf\u00e4ltig &#8211; der h\u00e4ufigste Marmor ist wei\u00df, aber auch hellgrau, schwarz oder rosa ist beliebt. Es wird als Fliese verwendet, auch als Wandverkleidung, es hat geschnittene Kanten. Die sandgestrahlte und geschliffene Oberfl\u00e4che ist rutschfest.<\/p>\n","protected":false},"excerpt":{"rendered":"<p>Marmor ist seit jeher ein Symbol f\u00fcr Luxus, Sch\u00f6nheit und Zeitlosigkeit. Aufgrund seiner Eigenschaften und seines \u00e4sthetischen Eindrucks ist er besonders f\u00fcr Innenr\u00e4ume geeignet. Es wird aber auch gerne f\u00fcr den Au\u00dfenbereich in 3 cm St\u00e4rke verwendet. Die Farbpalette von Marmor ist sehr vielf\u00e4ltig &#8211; der h\u00e4ufigste Marmor ist wei\u00df, aber auch hellgrau, schwarz oder [&#8230;]\n","protected":false},"featured_media":15411,"template":"","meta":[],"product_cat":[2041,2033,2049,1917,1923,1943],"product_tag":[],"class_list":{"0":"post-15747","1":"product","2":"type-product","3":"status-publish","4":"has-post-thumbnail","6":"product_cat-verblendsteine","7":"product_cat-naturstein-de","8":"product_cat-marmor","9":"product_cat-pflaster","10":"product_cat-naturstein","11":"product_cat-mramor-de","12":"pa_baleni-pappkarton-075-m2","13":"pa_barva-grau","14":"pa_delka-b-61-cm-de","15":"pa_sirka-a-406-cm-de","16":"pa_tloustka-h-12-cm-de","18":"first","19":"instock","20":"purchasable","21":"product-type-simple"},"yoast_head":"<!-- This site is optimized with the Yoast SEO plugin v26.8 - https:\/\/yoast.com\/product\/yoast-seo-wordpress\/ -->\n<title>Marmor Himmelsgrau - Sandgestrahlt und geb\u00fcrstet M-03 - Stonecity.cz<\/title>\n<meta name=\"robots\" content=\"index, follow, max-snippet:-1, max-image-preview:large, max-video-preview:-1\" \/>\n<link rel=\"canonical\" href=\"https:\/\/www.stonecity.cz\/de\/produkt\/marmor-sky-grau-geburstet-m-03\/\" \/>\n<meta property=\"og:locale\" content=\"de_DE\" \/>\n<meta property=\"og:type\" content=\"article\" \/>\n<meta property=\"og:title\" content=\"Marmor Himmelsgrau - Sandgestrahlt und geb\u00fcrstet M-03 - Stonecity.cz\" \/>\n<meta property=\"og:description\" content=\"Marmor ist seit jeher ein Symbol f\u00fcr Luxus, Sch\u00f6nheit und Zeitlosigkeit. Aufgrund seiner Eigenschaften und seines \u00e4sthetischen Eindrucks ist er besonders f\u00fcr Innenr\u00e4ume geeignet. Es wird aber auch gerne f\u00fcr den Au\u00dfenbereich in 3 cm St\u00e4rke verwendet. Die Farbpalette von Marmor ist sehr vielf\u00e4ltig &#8211; der h\u00e4ufigste Marmor ist wei\u00df, aber auch hellgrau, schwarz oder [...]\" \/>\n<meta property=\"og:url\" content=\"https:\/\/www.stonecity.cz\/de\/produkt\/marmor-sky-grau-geburstet-m-03\/\" \/>\n<meta property=\"og:site_name\" content=\"Stonecity.cz\" \/>\n<meta property=\"og:image\" content=\"https:\/\/www.stonecity.cz\/wp-content\/uploads\/2023\/03\/STONE-CITY-M-03-Sky-grey-Brushed-mramor-2.jpg\" \/>\n\t<meta property=\"og:image:width\" content=\"708\" \/>\n\t<meta property=\"og:image:height\" content=\"1024\" \/>\n\t<meta property=\"og:image:type\" content=\"image\/jpeg\" \/>\n<meta name=\"twitter:card\" content=\"summary_large_image\" \/>\n<script type=\"application\/ld+json\" class=\"yoast-schema-graph\">{\"@context\":\"https:\/\/schema.org\",\"@graph\":[{\"@type\":\"WebPage\",\"@id\":\"https:\/\/www.stonecity.cz\/de\/produkt\/marmor-sky-grau-geburstet-m-03\/\",\"url\":\"https:\/\/www.stonecity.cz\/de\/produkt\/marmor-sky-grau-geburstet-m-03\/\",\"name\":\"Marmor Himmelsgrau - Sandgestrahlt und geb\u00fcrstet M-03 - Stonecity.cz\",\"isPartOf\":{\"@id\":\"https:\/\/www.stonecity.cz\/de\/#website\"},\"primaryImageOfPage\":{\"@id\":\"https:\/\/www.stonecity.cz\/de\/produkt\/marmor-sky-grau-geburstet-m-03\/#primaryimage\"},\"image\":{\"@id\":\"https:\/\/www.stonecity.cz\/de\/produkt\/marmor-sky-grau-geburstet-m-03\/#primaryimage\"},\"thumbnailUrl\":\"https:\/\/www.stonecity.cz\/wp-content\/uploads\/2023\/03\/STONE-CITY-M-03-Sky-grey-Brushed-mramor-2.jpg\",\"datePublished\":\"2023-03-08T13:45:13+00:00\",\"breadcrumb\":{\"@id\":\"https:\/\/www.stonecity.cz\/de\/produkt\/marmor-sky-grau-geburstet-m-03\/#breadcrumb\"},\"inLanguage\":\"de\",\"potentialAction\":[{\"@type\":\"ReadAction\",\"target\":[\"https:\/\/www.stonecity.cz\/de\/produkt\/marmor-sky-grau-geburstet-m-03\/\"]}]},{\"@type\":\"ImageObject\",\"inLanguage\":\"de\",\"@id\":\"https:\/\/www.stonecity.cz\/de\/produkt\/marmor-sky-grau-geburstet-m-03\/#primaryimage\",\"url\":\"https:\/\/www.stonecity.cz\/wp-content\/uploads\/2023\/03\/STONE-CITY-M-03-Sky-grey-Brushed-mramor-2.jpg\",\"contentUrl\":\"https:\/\/www.stonecity.cz\/wp-content\/uploads\/2023\/03\/STONE-CITY-M-03-Sky-grey-Brushed-mramor-2.jpg\",\"width\":708,\"height\":1024},{\"@type\":\"BreadcrumbList\",\"@id\":\"https:\/\/www.stonecity.cz\/de\/produkt\/marmor-sky-grau-geburstet-m-03\/#breadcrumb\",\"itemListElement\":[{\"@type\":\"ListItem\",\"position\":1,\"name\":\"Dom\u016f\",\"item\":\"https:\/\/www.stonecity.cz\/de\/\"},{\"@type\":\"ListItem\",\"position\":2,\"name\":\"Shop\",\"item\":\"https:\/\/www.stonecity.cz\/de\/shop\/\"},{\"@type\":\"ListItem\",\"position\":3,\"name\":\"Marmor Himmelsgrau &#8211; Sandgestrahlt und geb\u00fcrstet M-03\"}]},{\"@type\":\"WebSite\",\"@id\":\"https:\/\/www.stonecity.cz\/de\/#website\",\"url\":\"https:\/\/www.stonecity.cz\/de\/\",\"name\":\"Stonecity.cz\",\"description\":\"Dla\u017eba, obklady, um\u011bl\u00fd i p\u0159\u00edrodn\u00ed k\u00e1men\",\"potentialAction\":[{\"@type\":\"SearchAction\",\"target\":{\"@type\":\"EntryPoint\",\"urlTemplate\":\"https:\/\/www.stonecity.cz\/de\/?s={search_term_string}\"},\"query-input\":{\"@type\":\"PropertyValueSpecification\",\"valueRequired\":true,\"valueName\":\"search_term_string\"}}],\"inLanguage\":\"de\"}]}<\/script>\n<!-- \/ Yoast SEO plugin. -->","yoast_head_json":{"title":"Marmor Himmelsgrau - Sandgestrahlt und geb\u00fcrstet M-03 - Stonecity.cz","robots":{"index":"index","follow":"follow","max-snippet":"max-snippet:-1","max-image-preview":"max-image-preview:large","max-video-preview":"max-video-preview:-1"},"canonical":"https:\/\/www.stonecity.cz\/de\/produkt\/marmor-sky-grau-geburstet-m-03\/","og_locale":"de_DE","og_type":"article","og_title":"Marmor Himmelsgrau - Sandgestrahlt und geb\u00fcrstet M-03 - Stonecity.cz","og_description":"Marmor ist seit jeher ein Symbol f\u00fcr Luxus, Sch\u00f6nheit und Zeitlosigkeit. Aufgrund seiner Eigenschaften und seines \u00e4sthetischen Eindrucks ist er besonders f\u00fcr Innenr\u00e4ume geeignet. Es wird aber auch gerne f\u00fcr den Au\u00dfenbereich in 3 cm St\u00e4rke verwendet. Die Farbpalette von Marmor ist sehr vielf\u00e4ltig &#8211; der h\u00e4ufigste Marmor ist wei\u00df, aber auch hellgrau, schwarz oder [...]","og_url":"https:\/\/www.stonecity.cz\/de\/produkt\/marmor-sky-grau-geburstet-m-03\/","og_site_name":"Stonecity.cz","og_image":[{"width":708,"height":1024,"url":"https:\/\/www.stonecity.cz\/wp-content\/uploads\/2023\/03\/STONE-CITY-M-03-Sky-grey-Brushed-mramor-2.jpg","type":"image\/jpeg"}],"twitter_card":"summary_large_image","schema":{"@context":"https:\/\/schema.org","@graph":[{"@type":"WebPage","@id":"https:\/\/www.stonecity.cz\/de\/produkt\/marmor-sky-grau-geburstet-m-03\/","url":"https:\/\/www.stonecity.cz\/de\/produkt\/marmor-sky-grau-geburstet-m-03\/","name":"Marmor Himmelsgrau - Sandgestrahlt und geb\u00fcrstet M-03 - Stonecity.cz","isPartOf":{"@id":"https:\/\/www.stonecity.cz\/de\/#website"},"primaryImageOfPage":{"@id":"https:\/\/www.stonecity.cz\/de\/produkt\/marmor-sky-grau-geburstet-m-03\/#primaryimage"},"image":{"@id":"https:\/\/www.stonecity.cz\/de\/produkt\/marmor-sky-grau-geburstet-m-03\/#primaryimage"},"thumbnailUrl":"https:\/\/www.stonecity.cz\/wp-content\/uploads\/2023\/03\/STONE-CITY-M-03-Sky-grey-Brushed-mramor-2.jpg","datePublished":"2023-03-08T13:45:13+00:00","breadcrumb":{"@id":"https:\/\/www.stonecity.cz\/de\/produkt\/marmor-sky-grau-geburstet-m-03\/#breadcrumb"},"inLanguage":"de","potentialAction":[{"@type":"ReadAction","target":["https:\/\/www.stonecity.cz\/de\/produkt\/marmor-sky-grau-geburstet-m-03\/"]}]},{"@type":"ImageObject","inLanguage":"de","@id":"https:\/\/www.stonecity.cz\/de\/produkt\/marmor-sky-grau-geburstet-m-03\/#primaryimage","url":"https:\/\/www.stonecity.cz\/wp-content\/uploads\/2023\/03\/STONE-CITY-M-03-Sky-grey-Brushed-mramor-2.jpg","contentUrl":"https:\/\/www.stonecity.cz\/wp-content\/uploads\/2023\/03\/STONE-CITY-M-03-Sky-grey-Brushed-mramor-2.jpg","width":708,"height":1024},{"@type":"BreadcrumbList","@id":"https:\/\/www.stonecity.cz\/de\/produkt\/marmor-sky-grau-geburstet-m-03\/#breadcrumb","itemListElement":[{"@type":"ListItem","position":1,"name":"Dom\u016f","item":"https:\/\/www.stonecity.cz\/de\/"},{"@type":"ListItem","position":2,"name":"Shop","item":"https:\/\/www.stonecity.cz\/de\/shop\/"},{"@type":"ListItem","position":3,"name":"Marmor Himmelsgrau &#8211; Sandgestrahlt und geb\u00fcrstet M-03"}]},{"@type":"WebSite","@id":"https:\/\/www.stonecity.cz\/de\/#website","url":"https:\/\/www.stonecity.cz\/de\/","name":"Stonecity.cz","description":"Dla\u017eba, obklady, um\u011bl\u00fd i p\u0159\u00edrodn\u00ed k\u00e1men","potentialAction":[{"@type":"SearchAction","target":{"@type":"EntryPoint","urlTemplate":"https:\/\/www.stonecity.cz\/de\/?s={search_term_string}"},"query-input":{"@type":"PropertyValueSpecification","valueRequired":true,"valueName":"search_term_string"}}],"inLanguage":"de"}]}},"_links":{"self":[{"href":"https:\/\/www.stonecity.cz\/de\/wp-json\/wp\/v2\/product\/15747","targetHints":{"allow":["GET"]}}],"collection":[{"href":"https:\/\/www.stonecity.cz\/de\/wp-json\/wp\/v2\/product"}],"about":[{"href":"https:\/\/www.stonecity.cz\/de\/wp-json\/wp\/v2\/types\/product"}],"wp:featuredmedia":[{"embeddable":true,"href":"https:\/\/www.stonecity.cz\/de\/wp-json\/wp\/v2\/media\/15411"}],"wp:attachment":[{"href":"https:\/\/www.stonecity.cz\/de\/wp-json\/wp\/v2\/media?parent=15747"}],"wp:term":[{"taxonomy":"product_cat","embeddable":true,"href":"https:\/\/www.stonecity.cz\/de\/wp-json\/wp\/v2\/product_cat?post=15747"},{"taxonomy":"product_tag","embeddable":true,"href":"https:\/\/www.stonecity.cz\/de\/wp-json\/wp\/v2\/product_tag?post=15747"}],"curies":[{"name":"wp","href":"https:\/\/api.w.org\/{rel}","templated":true}]}}