{"id":15759,"date":"2023-01-16T09:53:06","date_gmt":"2023-01-16T08:53:06","guid":{"rendered":"https:\/\/www.stonecity.cz\/produkt\/zerbrochenes-ei-carrara-eg-01\/"},"modified":"2023-01-16T09:53:06","modified_gmt":"2023-01-16T08:53:06","slug":"zerbrochenes-ei-carrara-eg-01","status":"publish","type":"product","link":"https:\/\/www.stonecity.cz\/de\/produkt\/zerbrochenes-ei-carrara-eg-01\/","title":{"rendered":"Zerbrochenes Ei Carrara EG-01"},"content":{"rendered":"<p>Dekoration aus Steinmarmor. Kann auch zum Pflanzen von Blumen in Zierg\u00e4rten verwendet werden. Abflussloch mit einem Durchmesser von 4 cm<\/p>\n","protected":false},"excerpt":{"rendered":"<p>Dekoration aus Steinmarmor. Kann auch zum Pflanzen von Blumen in Zierg\u00e4rten verwendet werden. Abflussloch mit einem Durchmesser von 4 cm<\/p>\n","protected":false},"featured_media":15197,"template":"","meta":[],"product_cat":[1993],"product_tag":[1841,1840],"class_list":{"0":"post-15759","1":"product","2":"type-product","3":"status-publish","4":"has-post-thumbnail","6":"product_cat-dekorationen-aus-stein","7":"product_tag-fur-den-garten-geeignet-de","8":"product_tag-geeignet-fur-die-terrasse","10":"first","11":"instock","12":"sold-individually","13":"taxable","14":"shipping-taxable","15":"purchasable","16":"product-type-simple"},"yoast_head":"<!-- This site is optimized with the Yoast SEO plugin v26.8 - https:\/\/yoast.com\/product\/yoast-seo-wordpress\/ -->\n<title>Zerbrochenes Ei Carrara EG-01 - Stonecity.cz<\/title>\n<meta name=\"robots\" content=\"index, follow, max-snippet:-1, max-image-preview:large, max-video-preview:-1\" \/>\n<link rel=\"canonical\" href=\"https:\/\/www.stonecity.cz\/de\/produkt\/zerbrochenes-ei-carrara-eg-01\/\" \/>\n<meta property=\"og:locale\" content=\"de_DE\" \/>\n<meta property=\"og:type\" content=\"article\" \/>\n<meta property=\"og:title\" content=\"Zerbrochenes Ei Carrara EG-01 - Stonecity.cz\" \/>\n<meta property=\"og:description\" content=\"Dekoration aus Steinmarmor. Kann auch zum Pflanzen von Blumen in Zierg\u00e4rten verwendet werden. Abflussloch mit einem Durchmesser von 4 cm\" \/>\n<meta property=\"og:url\" content=\"https:\/\/www.stonecity.cz\/de\/produkt\/zerbrochenes-ei-carrara-eg-01\/\" \/>\n<meta property=\"og:site_name\" content=\"Stonecity.cz\" \/>\n<meta property=\"og:image\" content=\"https:\/\/www.stonecity.cz\/wp-content\/uploads\/2021\/08\/STONE-CITY-Broken-Egg-Carrara-EG-01.jpg\" \/>\n\t<meta property=\"og:image:width\" content=\"1280\" \/>\n\t<meta property=\"og:image:height\" content=\"851\" \/>\n\t<meta property=\"og:image:type\" content=\"image\/jpeg\" \/>\n<meta name=\"twitter:card\" content=\"summary_large_image\" \/>\n<script type=\"application\/ld+json\" class=\"yoast-schema-graph\">{\"@context\":\"https:\/\/schema.org\",\"@graph\":[{\"@type\":\"WebPage\",\"@id\":\"https:\/\/www.stonecity.cz\/de\/produkt\/zerbrochenes-ei-carrara-eg-01\/\",\"url\":\"https:\/\/www.stonecity.cz\/de\/produkt\/zerbrochenes-ei-carrara-eg-01\/\",\"name\":\"Zerbrochenes Ei Carrara EG-01 - Stonecity.cz\",\"isPartOf\":{\"@id\":\"https:\/\/www.stonecity.cz\/de\/#website\"},\"primaryImageOfPage\":{\"@id\":\"https:\/\/www.stonecity.cz\/de\/produkt\/zerbrochenes-ei-carrara-eg-01\/#primaryimage\"},\"image\":{\"@id\":\"https:\/\/www.stonecity.cz\/de\/produkt\/zerbrochenes-ei-carrara-eg-01\/#primaryimage\"},\"thumbnailUrl\":\"https:\/\/www.stonecity.cz\/wp-content\/uploads\/2021\/08\/STONE-CITY-Broken-Egg-Carrara-EG-01.jpg\",\"datePublished\":\"2023-01-16T08:53:06+00:00\",\"breadcrumb\":{\"@id\":\"https:\/\/www.stonecity.cz\/de\/produkt\/zerbrochenes-ei-carrara-eg-01\/#breadcrumb\"},\"inLanguage\":\"de\",\"potentialAction\":[{\"@type\":\"ReadAction\",\"target\":[\"https:\/\/www.stonecity.cz\/de\/produkt\/zerbrochenes-ei-carrara-eg-01\/\"]}]},{\"@type\":\"ImageObject\",\"inLanguage\":\"de\",\"@id\":\"https:\/\/www.stonecity.cz\/de\/produkt\/zerbrochenes-ei-carrara-eg-01\/#primaryimage\",\"url\":\"https:\/\/www.stonecity.cz\/wp-content\/uploads\/2021\/08\/STONE-CITY-Broken-Egg-Carrara-EG-01.jpg\",\"contentUrl\":\"https:\/\/www.stonecity.cz\/wp-content\/uploads\/2021\/08\/STONE-CITY-Broken-Egg-Carrara-EG-01.jpg\",\"width\":1280,\"height\":851},{\"@type\":\"BreadcrumbList\",\"@id\":\"https:\/\/www.stonecity.cz\/de\/produkt\/zerbrochenes-ei-carrara-eg-01\/#breadcrumb\",\"itemListElement\":[{\"@type\":\"ListItem\",\"position\":1,\"name\":\"Dom\u016f\",\"item\":\"https:\/\/www.stonecity.cz\/de\/\"},{\"@type\":\"ListItem\",\"position\":2,\"name\":\"Shop\",\"item\":\"https:\/\/www.stonecity.cz\/de\/shop\/\"},{\"@type\":\"ListItem\",\"position\":3,\"name\":\"Zerbrochenes Ei Carrara EG-01\"}]},{\"@type\":\"WebSite\",\"@id\":\"https:\/\/www.stonecity.cz\/de\/#website\",\"url\":\"https:\/\/www.stonecity.cz\/de\/\",\"name\":\"Stonecity.cz\",\"description\":\"Dla\u017eba, obklady, um\u011bl\u00fd i p\u0159\u00edrodn\u00ed k\u00e1men\",\"potentialAction\":[{\"@type\":\"SearchAction\",\"target\":{\"@type\":\"EntryPoint\",\"urlTemplate\":\"https:\/\/www.stonecity.cz\/de\/?s={search_term_string}\"},\"query-input\":{\"@type\":\"PropertyValueSpecification\",\"valueRequired\":true,\"valueName\":\"search_term_string\"}}],\"inLanguage\":\"de\"}]}<\/script>\n<!-- \/ Yoast SEO plugin. -->","yoast_head_json":{"title":"Zerbrochenes Ei Carrara EG-01 - Stonecity.cz","robots":{"index":"index","follow":"follow","max-snippet":"max-snippet:-1","max-image-preview":"max-image-preview:large","max-video-preview":"max-video-preview:-1"},"canonical":"https:\/\/www.stonecity.cz\/de\/produkt\/zerbrochenes-ei-carrara-eg-01\/","og_locale":"de_DE","og_type":"article","og_title":"Zerbrochenes Ei Carrara EG-01 - Stonecity.cz","og_description":"Dekoration aus Steinmarmor. Kann auch zum Pflanzen von Blumen in Zierg\u00e4rten verwendet werden. Abflussloch mit einem Durchmesser von 4 cm","og_url":"https:\/\/www.stonecity.cz\/de\/produkt\/zerbrochenes-ei-carrara-eg-01\/","og_site_name":"Stonecity.cz","og_image":[{"width":1280,"height":851,"url":"https:\/\/www.stonecity.cz\/wp-content\/uploads\/2021\/08\/STONE-CITY-Broken-Egg-Carrara-EG-01.jpg","type":"image\/jpeg"}],"twitter_card":"summary_large_image","schema":{"@context":"https:\/\/schema.org","@graph":[{"@type":"WebPage","@id":"https:\/\/www.stonecity.cz\/de\/produkt\/zerbrochenes-ei-carrara-eg-01\/","url":"https:\/\/www.stonecity.cz\/de\/produkt\/zerbrochenes-ei-carrara-eg-01\/","name":"Zerbrochenes Ei Carrara EG-01 - Stonecity.cz","isPartOf":{"@id":"https:\/\/www.stonecity.cz\/de\/#website"},"primaryImageOfPage":{"@id":"https:\/\/www.stonecity.cz\/de\/produkt\/zerbrochenes-ei-carrara-eg-01\/#primaryimage"},"image":{"@id":"https:\/\/www.stonecity.cz\/de\/produkt\/zerbrochenes-ei-carrara-eg-01\/#primaryimage"},"thumbnailUrl":"https:\/\/www.stonecity.cz\/wp-content\/uploads\/2021\/08\/STONE-CITY-Broken-Egg-Carrara-EG-01.jpg","datePublished":"2023-01-16T08:53:06+00:00","breadcrumb":{"@id":"https:\/\/www.stonecity.cz\/de\/produkt\/zerbrochenes-ei-carrara-eg-01\/#breadcrumb"},"inLanguage":"de","potentialAction":[{"@type":"ReadAction","target":["https:\/\/www.stonecity.cz\/de\/produkt\/zerbrochenes-ei-carrara-eg-01\/"]}]},{"@type":"ImageObject","inLanguage":"de","@id":"https:\/\/www.stonecity.cz\/de\/produkt\/zerbrochenes-ei-carrara-eg-01\/#primaryimage","url":"https:\/\/www.stonecity.cz\/wp-content\/uploads\/2021\/08\/STONE-CITY-Broken-Egg-Carrara-EG-01.jpg","contentUrl":"https:\/\/www.stonecity.cz\/wp-content\/uploads\/2021\/08\/STONE-CITY-Broken-Egg-Carrara-EG-01.jpg","width":1280,"height":851},{"@type":"BreadcrumbList","@id":"https:\/\/www.stonecity.cz\/de\/produkt\/zerbrochenes-ei-carrara-eg-01\/#breadcrumb","itemListElement":[{"@type":"ListItem","position":1,"name":"Dom\u016f","item":"https:\/\/www.stonecity.cz\/de\/"},{"@type":"ListItem","position":2,"name":"Shop","item":"https:\/\/www.stonecity.cz\/de\/shop\/"},{"@type":"ListItem","position":3,"name":"Zerbrochenes Ei Carrara EG-01"}]},{"@type":"WebSite","@id":"https:\/\/www.stonecity.cz\/de\/#website","url":"https:\/\/www.stonecity.cz\/de\/","name":"Stonecity.cz","description":"Dla\u017eba, obklady, um\u011bl\u00fd i p\u0159\u00edrodn\u00ed k\u00e1men","potentialAction":[{"@type":"SearchAction","target":{"@type":"EntryPoint","urlTemplate":"https:\/\/www.stonecity.cz\/de\/?s={search_term_string}"},"query-input":{"@type":"PropertyValueSpecification","valueRequired":true,"valueName":"search_term_string"}}],"inLanguage":"de"}]}},"_links":{"self":[{"href":"https:\/\/www.stonecity.cz\/de\/wp-json\/wp\/v2\/product\/15759","targetHints":{"allow":["GET"]}}],"collection":[{"href":"https:\/\/www.stonecity.cz\/de\/wp-json\/wp\/v2\/product"}],"about":[{"href":"https:\/\/www.stonecity.cz\/de\/wp-json\/wp\/v2\/types\/product"}],"wp:featuredmedia":[{"embeddable":true,"href":"https:\/\/www.stonecity.cz\/de\/wp-json\/wp\/v2\/media\/15197"}],"wp:attachment":[{"href":"https:\/\/www.stonecity.cz\/de\/wp-json\/wp\/v2\/media?parent=15759"}],"wp:term":[{"taxonomy":"product_cat","embeddable":true,"href":"https:\/\/www.stonecity.cz\/de\/wp-json\/wp\/v2\/product_cat?post=15759"},{"taxonomy":"product_tag","embeddable":true,"href":"https:\/\/www.stonecity.cz\/de\/wp-json\/wp\/v2\/product_tag?post=15759"}],"curies":[{"name":"wp","href":"https:\/\/api.w.org\/{rel}","templated":true}]}}