{"id":15791,"date":"2023-01-12T16:26:47","date_gmt":"2023-01-12T15:26:47","guid":{"rendered":"https:\/\/www.stonecity.cz\/produkt\/waschbecken-aus-stein-waschbecken-aus-holz-u-16\/"},"modified":"2023-08-08T15:22:25","modified_gmt":"2023-08-08T13:22:25","slug":"stein-spule-holz-spule-u-16","status":"publish","type":"product","link":"https:\/\/www.stonecity.cz\/de\/produkt\/stein-spule-holz-spule-u-16\/","title":{"rendered":"Waschbecken aus versteinertes Holz U-16"},"content":{"rendered":"<p>Versteinertes Holz, fossiles Holz, ist die Bezeichnung f\u00fcr eine besondere Art von Fossilien von Landpflanzen. Es ist das Ergebnis der Permineralisierung von B\u00e4umen, die durch diesen Prozess in Steine verwandelt wurden. Alle organischen Stoffe des Baumes wurden in Mineralien umgewandelt, insbesondere Silikate wie Quarz, aber die urspr\u00fcngliche Holzstruktur blieb erhalten. Im Gegensatz zu anderen Fossilien, die oft nur Abdr\u00fccke sind, handelt es sich hier um eine dreidimensionale Darstellung des urspr\u00fcnglichen organischen Materials. Der Versteinerungsprozess findet unterirdisch statt, wo das Holz unter Sedimenten begraben ist, die es vor dem Sauerstoffmangel sch\u00fctzen, der das Holz sonst zersetzen w\u00fcrde. Das Mineralwasser, das durch die Sedimente flie\u00dft, speichert Mineralien in den Zellen der Pflanze, und wenn das Lignin und die Zellulose in der Pflanze schw\u00e4cher werden, bildet sich Stein auf der Pflanze.<\/p>\n<p>&nbsp;<\/p>\n<p>In der Regel dauert es hundert Jahre, bis das Holz versteinert, bevor es sich zersetzen kann.<\/p>\n","protected":false},"excerpt":{"rendered":"<p>Versteinertes Holz, fossiles Holz, ist die Bezeichnung f\u00fcr eine besondere Art von Fossilien von Landpflanzen. Es ist das Ergebnis der Permineralisierung von B\u00e4umen, die durch diesen Prozess in Steine verwandelt wurden. Alle organischen Stoffe des Baumes wurden in Mineralien umgewandelt, insbesondere Silikate wie Quarz, aber die urspr\u00fcngliche Holzstruktur blieb erhalten. Im Gegensatz zu anderen Fossilien, [&#8230;]\n","protected":false},"featured_media":15173,"template":"","meta":[],"product_cat":[1987,1991],"product_tag":[1833,1841,1835,1840,1834,1838],"class_list":{"0":"post-15791","1":"product","2":"type-product","3":"status-publish","4":"has-post-thumbnail","6":"product_cat-waschbecken-und-troge-aus-stein","7":"product_cat-waschbecken-aus-stein-de-2","8":"product_tag-fur-den-ausenbereich-geeignet","9":"product_tag-fur-den-garten-geeignet-de","10":"product_tag-geeignet-fur-das-badezimmer","11":"product_tag-geeignet-fur-die-terrasse","12":"product_tag-geeignet-fur-innenraume","13":"product_tag-geeignet-fur-wellness","14":"pa_prumer-40-45-cm-de","16":"first","17":"instock","18":"purchasable","19":"product-type-variable"},"yoast_head":"<!-- This site is optimized with the Yoast SEO plugin v26.8 - https:\/\/yoast.com\/product\/yoast-seo-wordpress\/ -->\n<title>Waschbecken aus versteinertes Holz U-16 - Stonecity.cz<\/title>\n<meta name=\"robots\" content=\"index, follow, max-snippet:-1, max-image-preview:large, max-video-preview:-1\" \/>\n<link rel=\"canonical\" href=\"https:\/\/www.stonecity.cz\/de\/produkt\/stein-spule-holz-spule-u-16\/\" \/>\n<meta property=\"og:locale\" content=\"de_DE\" \/>\n<meta property=\"og:type\" content=\"article\" \/>\n<meta property=\"og:title\" content=\"Waschbecken aus versteinertes Holz U-16 - Stonecity.cz\" \/>\n<meta property=\"og:description\" content=\"Versteinertes Holz, fossiles Holz, ist die Bezeichnung f\u00fcr eine besondere Art von Fossilien von Landpflanzen. Es ist das Ergebnis der Permineralisierung von B\u00e4umen, die durch diesen Prozess in Steine verwandelt wurden. Alle organischen Stoffe des Baumes wurden in Mineralien umgewandelt, insbesondere Silikate wie Quarz, aber die urspr\u00fcngliche Holzstruktur blieb erhalten. Im Gegensatz zu anderen Fossilien, [...]\" \/>\n<meta property=\"og:url\" content=\"https:\/\/www.stonecity.cz\/de\/produkt\/stein-spule-holz-spule-u-16\/\" \/>\n<meta property=\"og:site_name\" content=\"Stonecity.cz\" \/>\n<meta property=\"article:modified_time\" content=\"2023-08-08T13:22:25+00:00\" \/>\n<meta property=\"og:image\" content=\"https:\/\/www.stonecity.cz\/wp-content\/uploads\/2023\/01\/JCH13553.jpg\" \/>\n\t<meta property=\"og:image:width\" content=\"2048\" \/>\n\t<meta property=\"og:image:height\" content=\"1363\" \/>\n\t<meta property=\"og:image:type\" content=\"image\/jpeg\" \/>\n<meta name=\"twitter:card\" content=\"summary_large_image\" \/>\n<meta name=\"twitter:label1\" content=\"Gesch\u00e4tzte Lesezeit\" \/>\n\t<meta name=\"twitter:data1\" content=\"1\u00a0Minute\" \/>\n<script type=\"application\/ld+json\" class=\"yoast-schema-graph\">{\"@context\":\"https:\/\/schema.org\",\"@graph\":[{\"@type\":\"WebPage\",\"@id\":\"https:\/\/www.stonecity.cz\/de\/produkt\/stein-spule-holz-spule-u-16\/\",\"url\":\"https:\/\/www.stonecity.cz\/de\/produkt\/stein-spule-holz-spule-u-16\/\",\"name\":\"Waschbecken aus versteinertes Holz U-16 - Stonecity.cz\",\"isPartOf\":{\"@id\":\"https:\/\/www.stonecity.cz\/de\/#website\"},\"primaryImageOfPage\":{\"@id\":\"https:\/\/www.stonecity.cz\/de\/produkt\/stein-spule-holz-spule-u-16\/#primaryimage\"},\"image\":{\"@id\":\"https:\/\/www.stonecity.cz\/de\/produkt\/stein-spule-holz-spule-u-16\/#primaryimage\"},\"thumbnailUrl\":\"https:\/\/www.stonecity.cz\/wp-content\/uploads\/2023\/01\/JCH13553.jpg\",\"datePublished\":\"2023-01-12T15:26:47+00:00\",\"dateModified\":\"2023-08-08T13:22:25+00:00\",\"breadcrumb\":{\"@id\":\"https:\/\/www.stonecity.cz\/de\/produkt\/stein-spule-holz-spule-u-16\/#breadcrumb\"},\"inLanguage\":\"de\",\"potentialAction\":[{\"@type\":\"ReadAction\",\"target\":[\"https:\/\/www.stonecity.cz\/de\/produkt\/stein-spule-holz-spule-u-16\/\"]}]},{\"@type\":\"ImageObject\",\"inLanguage\":\"de\",\"@id\":\"https:\/\/www.stonecity.cz\/de\/produkt\/stein-spule-holz-spule-u-16\/#primaryimage\",\"url\":\"https:\/\/www.stonecity.cz\/wp-content\/uploads\/2023\/01\/JCH13553.jpg\",\"contentUrl\":\"https:\/\/www.stonecity.cz\/wp-content\/uploads\/2023\/01\/JCH13553.jpg\",\"width\":2048,\"height\":1363},{\"@type\":\"BreadcrumbList\",\"@id\":\"https:\/\/www.stonecity.cz\/de\/produkt\/stein-spule-holz-spule-u-16\/#breadcrumb\",\"itemListElement\":[{\"@type\":\"ListItem\",\"position\":1,\"name\":\"Dom\u016f\",\"item\":\"https:\/\/www.stonecity.cz\/de\/\"},{\"@type\":\"ListItem\",\"position\":2,\"name\":\"Shop\",\"item\":\"https:\/\/www.stonecity.cz\/de\/shop\/\"},{\"@type\":\"ListItem\",\"position\":3,\"name\":\"Waschbecken aus versteinertes Holz U-16\"}]},{\"@type\":\"WebSite\",\"@id\":\"https:\/\/www.stonecity.cz\/de\/#website\",\"url\":\"https:\/\/www.stonecity.cz\/de\/\",\"name\":\"Stonecity.cz\",\"description\":\"Dla\u017eba, obklady, um\u011bl\u00fd i p\u0159\u00edrodn\u00ed k\u00e1men\",\"potentialAction\":[{\"@type\":\"SearchAction\",\"target\":{\"@type\":\"EntryPoint\",\"urlTemplate\":\"https:\/\/www.stonecity.cz\/de\/?s={search_term_string}\"},\"query-input\":{\"@type\":\"PropertyValueSpecification\",\"valueRequired\":true,\"valueName\":\"search_term_string\"}}],\"inLanguage\":\"de\"}]}<\/script>\n<!-- \/ Yoast SEO plugin. -->","yoast_head_json":{"title":"Waschbecken aus versteinertes Holz U-16 - Stonecity.cz","robots":{"index":"index","follow":"follow","max-snippet":"max-snippet:-1","max-image-preview":"max-image-preview:large","max-video-preview":"max-video-preview:-1"},"canonical":"https:\/\/www.stonecity.cz\/de\/produkt\/stein-spule-holz-spule-u-16\/","og_locale":"de_DE","og_type":"article","og_title":"Waschbecken aus versteinertes Holz U-16 - Stonecity.cz","og_description":"Versteinertes Holz, fossiles Holz, ist die Bezeichnung f\u00fcr eine besondere Art von Fossilien von Landpflanzen. Es ist das Ergebnis der Permineralisierung von B\u00e4umen, die durch diesen Prozess in Steine verwandelt wurden. Alle organischen Stoffe des Baumes wurden in Mineralien umgewandelt, insbesondere Silikate wie Quarz, aber die urspr\u00fcngliche Holzstruktur blieb erhalten. Im Gegensatz zu anderen Fossilien, [...]","og_url":"https:\/\/www.stonecity.cz\/de\/produkt\/stein-spule-holz-spule-u-16\/","og_site_name":"Stonecity.cz","article_modified_time":"2023-08-08T13:22:25+00:00","og_image":[{"width":2048,"height":1363,"url":"https:\/\/www.stonecity.cz\/wp-content\/uploads\/2023\/01\/JCH13553.jpg","type":"image\/jpeg"}],"twitter_card":"summary_large_image","twitter_misc":{"Gesch\u00e4tzte Lesezeit":"1\u00a0Minute"},"schema":{"@context":"https:\/\/schema.org","@graph":[{"@type":"WebPage","@id":"https:\/\/www.stonecity.cz\/de\/produkt\/stein-spule-holz-spule-u-16\/","url":"https:\/\/www.stonecity.cz\/de\/produkt\/stein-spule-holz-spule-u-16\/","name":"Waschbecken aus versteinertes Holz U-16 - Stonecity.cz","isPartOf":{"@id":"https:\/\/www.stonecity.cz\/de\/#website"},"primaryImageOfPage":{"@id":"https:\/\/www.stonecity.cz\/de\/produkt\/stein-spule-holz-spule-u-16\/#primaryimage"},"image":{"@id":"https:\/\/www.stonecity.cz\/de\/produkt\/stein-spule-holz-spule-u-16\/#primaryimage"},"thumbnailUrl":"https:\/\/www.stonecity.cz\/wp-content\/uploads\/2023\/01\/JCH13553.jpg","datePublished":"2023-01-12T15:26:47+00:00","dateModified":"2023-08-08T13:22:25+00:00","breadcrumb":{"@id":"https:\/\/www.stonecity.cz\/de\/produkt\/stein-spule-holz-spule-u-16\/#breadcrumb"},"inLanguage":"de","potentialAction":[{"@type":"ReadAction","target":["https:\/\/www.stonecity.cz\/de\/produkt\/stein-spule-holz-spule-u-16\/"]}]},{"@type":"ImageObject","inLanguage":"de","@id":"https:\/\/www.stonecity.cz\/de\/produkt\/stein-spule-holz-spule-u-16\/#primaryimage","url":"https:\/\/www.stonecity.cz\/wp-content\/uploads\/2023\/01\/JCH13553.jpg","contentUrl":"https:\/\/www.stonecity.cz\/wp-content\/uploads\/2023\/01\/JCH13553.jpg","width":2048,"height":1363},{"@type":"BreadcrumbList","@id":"https:\/\/www.stonecity.cz\/de\/produkt\/stein-spule-holz-spule-u-16\/#breadcrumb","itemListElement":[{"@type":"ListItem","position":1,"name":"Dom\u016f","item":"https:\/\/www.stonecity.cz\/de\/"},{"@type":"ListItem","position":2,"name":"Shop","item":"https:\/\/www.stonecity.cz\/de\/shop\/"},{"@type":"ListItem","position":3,"name":"Waschbecken aus versteinertes Holz U-16"}]},{"@type":"WebSite","@id":"https:\/\/www.stonecity.cz\/de\/#website","url":"https:\/\/www.stonecity.cz\/de\/","name":"Stonecity.cz","description":"Dla\u017eba, obklady, um\u011bl\u00fd i p\u0159\u00edrodn\u00ed k\u00e1men","potentialAction":[{"@type":"SearchAction","target":{"@type":"EntryPoint","urlTemplate":"https:\/\/www.stonecity.cz\/de\/?s={search_term_string}"},"query-input":{"@type":"PropertyValueSpecification","valueRequired":true,"valueName":"search_term_string"}}],"inLanguage":"de"}]}},"_links":{"self":[{"href":"https:\/\/www.stonecity.cz\/de\/wp-json\/wp\/v2\/product\/15791","targetHints":{"allow":["GET"]}}],"collection":[{"href":"https:\/\/www.stonecity.cz\/de\/wp-json\/wp\/v2\/product"}],"about":[{"href":"https:\/\/www.stonecity.cz\/de\/wp-json\/wp\/v2\/types\/product"}],"wp:featuredmedia":[{"embeddable":true,"href":"https:\/\/www.stonecity.cz\/de\/wp-json\/wp\/v2\/media\/15173"}],"wp:attachment":[{"href":"https:\/\/www.stonecity.cz\/de\/wp-json\/wp\/v2\/media?parent=15791"}],"wp:term":[{"taxonomy":"product_cat","embeddable":true,"href":"https:\/\/www.stonecity.cz\/de\/wp-json\/wp\/v2\/product_cat?post=15791"},{"taxonomy":"product_tag","embeddable":true,"href":"https:\/\/www.stonecity.cz\/de\/wp-json\/wp\/v2\/product_tag?post=15791"}],"curies":[{"name":"wp","href":"https:\/\/api.w.org\/{rel}","templated":true}]}}