{"id":15793,"date":"2023-01-25T12:01:42","date_gmt":"2023-01-25T11:01:42","guid":{"rendered":"https:\/\/www.stonecity.cz\/produkt\/quarzit-amarillo-fortaleza-qua-15bl-poolumrandung\/"},"modified":"2024-08-16T17:16:50","modified_gmt":"2024-08-16T15:16:50","slug":"quarzit-amarillo-fortaleza-qua-15bl-becken-lem","status":"publish","type":"product","link":"https:\/\/www.stonecity.cz\/de\/produkt\/quarzit-amarillo-fortaleza-qua-15bl-becken-lem\/","title":{"rendered":"Quarzit Amarillo Fortaleza QUA-15BL Poolrand\/Treppe\/Schwelle"},"content":{"rendered":"<p>Quarzit oder Quarzit ist ein nat\u00fcrlicher, widerstandsf\u00e4higer Stein. Dieses Material ist sehr beliebt f\u00fcr unregelm\u00e4\u00dfige Pflasterungen, aber auch f\u00fcr regelm\u00e4\u00dfige Formate. Alle Natursteinprodukte, egal ob es sich um Steinfliesen oder Steinverkleidungen handelt, haben im Vergleich zu k\u00fcnstlich hergestellten Produkten etwas Besonderes. Es geht immer um die Einzigartigkeit eines jeden St\u00fccks Fliese oder Pflaster. Wo auch immer Sie es verwenden, es verst\u00e4rkt den \u00e4sthetischen Eindruck des Ganzen. Au\u00dferdem ist die Verwendung von Naturstein auch praktisch und letztlich umweltfreundlich. Quarzit ist ein Gestein, das haupts\u00e4chlich aus sediment\u00e4ren Quarzitmineralien besteht, die urspr\u00fcnglich zu Sandstein verdichtet wurden. Einzelne Sandk\u00f6rner sind daher manchmal noch im Quarzit sichtbar. Quarzit kann jedoch durch Druck und Temperatur oder durch die Ablagerung von gebundenem Kies weiter verfestigt werden, so dass die einzelnen K\u00f6rner nicht mehr sichtbar sind. Quarzit ist sehr praktisch in der Pflege und beh\u00e4lt aufgrund seiner Struktur immer ein sauberes Aussehen. Elegantes Aussehen mit einem Hauch von Gelb. Aufgrund seiner fein-grobk\u00f6rnigen Textur ist er f\u00fcr Schwimmb\u00e4der geeignet. Abgerundete Kante 180Grad. oder wir bieten auch mit gerader\/geschnittener Kante an. Verwendung: um Swimmingpools, Terrassen, Einfache Installation und minimale Pflege.  &nbsp;<\/p>\n<p>&nbsp;<\/p>\n","protected":false},"excerpt":{"rendered":"<p>Quarzit oder Quarzit ist ein nat\u00fcrlicher, widerstandsf\u00e4higer Stein. Dieses Material ist sehr beliebt f\u00fcr unregelm\u00e4\u00dfige Pflasterungen, aber auch f\u00fcr regelm\u00e4\u00dfige Formate. Alle Natursteinprodukte, egal ob es sich um Steinfliesen oder Steinverkleidungen handelt, haben im Vergleich zu k\u00fcnstlich hergestellten Produkten etwas Besonderes. Es geht immer um die Einzigartigkeit eines jeden St\u00fccks Fliese oder Pflaster. Wo auch [&#8230;]\n","protected":false},"featured_media":15299,"template":"","meta":[],"product_cat":[3173,1917,1923,1941],"product_tag":[1833,1841,1835,1836,1840,1834],"class_list":{"0":"post-15793","1":"product","2":"type-product","3":"status-publish","4":"has-post-thumbnail","6":"product_cat-brustungen-treppen-poolumrandungen","7":"product_cat-pflaster","8":"product_cat-naturstein","9":"product_cat-quarzit-de","10":"product_tag-fur-den-ausenbereich-geeignet","11":"product_tag-fur-den-garten-geeignet-de","12":"product_tag-geeignet-fur-das-badezimmer","13":"product_tag-geeignet-fur-die-kuche","14":"product_tag-geeignet-fur-die-terrasse","15":"product_tag-geeignet-fur-innenraume","16":"pa_baleni-1995-bm-de","18":"first","19":"onbackorder","20":"purchasable","21":"product-type-simple"},"yoast_head":"<!-- This site is optimized with the Yoast SEO plugin v26.8 - https:\/\/yoast.com\/product\/yoast-seo-wordpress\/ -->\n<title>Quarzit Amarillo Fortaleza QUA-15BL Poolrand\/Treppe\/Schwelle - Stonecity.cz<\/title>\n<meta name=\"robots\" content=\"index, follow, max-snippet:-1, max-image-preview:large, max-video-preview:-1\" \/>\n<link rel=\"canonical\" href=\"https:\/\/www.stonecity.cz\/de\/produkt\/quarzit-amarillo-fortaleza-qua-15bl-becken-lem\/\" \/>\n<meta property=\"og:locale\" content=\"de_DE\" \/>\n<meta property=\"og:type\" content=\"article\" \/>\n<meta property=\"og:title\" content=\"Quarzit Amarillo Fortaleza QUA-15BL Poolrand\/Treppe\/Schwelle - Stonecity.cz\" \/>\n<meta property=\"og:description\" content=\"Quarzit oder Quarzit ist ein nat\u00fcrlicher, widerstandsf\u00e4higer Stein. Dieses Material ist sehr beliebt f\u00fcr unregelm\u00e4\u00dfige Pflasterungen, aber auch f\u00fcr regelm\u00e4\u00dfige Formate. Alle Natursteinprodukte, egal ob es sich um Steinfliesen oder Steinverkleidungen handelt, haben im Vergleich zu k\u00fcnstlich hergestellten Produkten etwas Besonderes. Es geht immer um die Einzigartigkeit eines jeden St\u00fccks Fliese oder Pflaster. Wo auch [...]\" \/>\n<meta property=\"og:url\" content=\"https:\/\/www.stonecity.cz\/de\/produkt\/quarzit-amarillo-fortaleza-qua-15bl-becken-lem\/\" \/>\n<meta property=\"og:site_name\" content=\"Stonecity.cz\" \/>\n<meta property=\"article:modified_time\" content=\"2024-08-16T15:16:50+00:00\" \/>\n<meta property=\"og:image\" content=\"https:\/\/www.stonecity.cz\/wp-content\/uploads\/2023\/01\/jch14662.jpg\" \/>\n\t<meta property=\"og:image:width\" content=\"800\" \/>\n\t<meta property=\"og:image:height\" content=\"532\" \/>\n\t<meta property=\"og:image:type\" content=\"image\/jpeg\" \/>\n<meta name=\"twitter:card\" content=\"summary_large_image\" \/>\n<meta name=\"twitter:label1\" content=\"Gesch\u00e4tzte Lesezeit\" \/>\n\t<meta name=\"twitter:data1\" content=\"1\u00a0Minute\" \/>\n<script type=\"application\/ld+json\" class=\"yoast-schema-graph\">{\"@context\":\"https:\/\/schema.org\",\"@graph\":[{\"@type\":\"WebPage\",\"@id\":\"https:\/\/www.stonecity.cz\/de\/produkt\/quarzit-amarillo-fortaleza-qua-15bl-becken-lem\/\",\"url\":\"https:\/\/www.stonecity.cz\/de\/produkt\/quarzit-amarillo-fortaleza-qua-15bl-becken-lem\/\",\"name\":\"Quarzit Amarillo Fortaleza QUA-15BL Poolrand\/Treppe\/Schwelle - Stonecity.cz\",\"isPartOf\":{\"@id\":\"https:\/\/www.stonecity.cz\/de\/#website\"},\"primaryImageOfPage\":{\"@id\":\"https:\/\/www.stonecity.cz\/de\/produkt\/quarzit-amarillo-fortaleza-qua-15bl-becken-lem\/#primaryimage\"},\"image\":{\"@id\":\"https:\/\/www.stonecity.cz\/de\/produkt\/quarzit-amarillo-fortaleza-qua-15bl-becken-lem\/#primaryimage\"},\"thumbnailUrl\":\"https:\/\/www.stonecity.cz\/wp-content\/uploads\/2023\/01\/jch14662.jpg\",\"datePublished\":\"2023-01-25T11:01:42+00:00\",\"dateModified\":\"2024-08-16T15:16:50+00:00\",\"breadcrumb\":{\"@id\":\"https:\/\/www.stonecity.cz\/de\/produkt\/quarzit-amarillo-fortaleza-qua-15bl-becken-lem\/#breadcrumb\"},\"inLanguage\":\"de\",\"potentialAction\":[{\"@type\":\"ReadAction\",\"target\":[\"https:\/\/www.stonecity.cz\/de\/produkt\/quarzit-amarillo-fortaleza-qua-15bl-becken-lem\/\"]}]},{\"@type\":\"ImageObject\",\"inLanguage\":\"de\",\"@id\":\"https:\/\/www.stonecity.cz\/de\/produkt\/quarzit-amarillo-fortaleza-qua-15bl-becken-lem\/#primaryimage\",\"url\":\"https:\/\/www.stonecity.cz\/wp-content\/uploads\/2023\/01\/jch14662.jpg\",\"contentUrl\":\"https:\/\/www.stonecity.cz\/wp-content\/uploads\/2023\/01\/jch14662.jpg\",\"width\":800,\"height\":532},{\"@type\":\"BreadcrumbList\",\"@id\":\"https:\/\/www.stonecity.cz\/de\/produkt\/quarzit-amarillo-fortaleza-qua-15bl-becken-lem\/#breadcrumb\",\"itemListElement\":[{\"@type\":\"ListItem\",\"position\":1,\"name\":\"Dom\u016f\",\"item\":\"https:\/\/www.stonecity.cz\/de\/\"},{\"@type\":\"ListItem\",\"position\":2,\"name\":\"Shop\",\"item\":\"https:\/\/www.stonecity.cz\/de\/shop\/\"},{\"@type\":\"ListItem\",\"position\":3,\"name\":\"Quarzit Amarillo Fortaleza QUA-15BL Poolrand\/Treppe\/Schwelle\"}]},{\"@type\":\"WebSite\",\"@id\":\"https:\/\/www.stonecity.cz\/de\/#website\",\"url\":\"https:\/\/www.stonecity.cz\/de\/\",\"name\":\"Stonecity.cz\",\"description\":\"Dla\u017eba, obklady, um\u011bl\u00fd i p\u0159\u00edrodn\u00ed k\u00e1men\",\"potentialAction\":[{\"@type\":\"SearchAction\",\"target\":{\"@type\":\"EntryPoint\",\"urlTemplate\":\"https:\/\/www.stonecity.cz\/de\/?s={search_term_string}\"},\"query-input\":{\"@type\":\"PropertyValueSpecification\",\"valueRequired\":true,\"valueName\":\"search_term_string\"}}],\"inLanguage\":\"de\"}]}<\/script>\n<!-- \/ Yoast SEO plugin. -->","yoast_head_json":{"title":"Quarzit Amarillo Fortaleza QUA-15BL Poolrand\/Treppe\/Schwelle - Stonecity.cz","robots":{"index":"index","follow":"follow","max-snippet":"max-snippet:-1","max-image-preview":"max-image-preview:large","max-video-preview":"max-video-preview:-1"},"canonical":"https:\/\/www.stonecity.cz\/de\/produkt\/quarzit-amarillo-fortaleza-qua-15bl-becken-lem\/","og_locale":"de_DE","og_type":"article","og_title":"Quarzit Amarillo Fortaleza QUA-15BL Poolrand\/Treppe\/Schwelle - Stonecity.cz","og_description":"Quarzit oder Quarzit ist ein nat\u00fcrlicher, widerstandsf\u00e4higer Stein. Dieses Material ist sehr beliebt f\u00fcr unregelm\u00e4\u00dfige Pflasterungen, aber auch f\u00fcr regelm\u00e4\u00dfige Formate. Alle Natursteinprodukte, egal ob es sich um Steinfliesen oder Steinverkleidungen handelt, haben im Vergleich zu k\u00fcnstlich hergestellten Produkten etwas Besonderes. Es geht immer um die Einzigartigkeit eines jeden St\u00fccks Fliese oder Pflaster. Wo auch [...]","og_url":"https:\/\/www.stonecity.cz\/de\/produkt\/quarzit-amarillo-fortaleza-qua-15bl-becken-lem\/","og_site_name":"Stonecity.cz","article_modified_time":"2024-08-16T15:16:50+00:00","og_image":[{"width":800,"height":532,"url":"https:\/\/www.stonecity.cz\/wp-content\/uploads\/2023\/01\/jch14662.jpg","type":"image\/jpeg"}],"twitter_card":"summary_large_image","twitter_misc":{"Gesch\u00e4tzte Lesezeit":"1\u00a0Minute"},"schema":{"@context":"https:\/\/schema.org","@graph":[{"@type":"WebPage","@id":"https:\/\/www.stonecity.cz\/de\/produkt\/quarzit-amarillo-fortaleza-qua-15bl-becken-lem\/","url":"https:\/\/www.stonecity.cz\/de\/produkt\/quarzit-amarillo-fortaleza-qua-15bl-becken-lem\/","name":"Quarzit Amarillo Fortaleza QUA-15BL Poolrand\/Treppe\/Schwelle - Stonecity.cz","isPartOf":{"@id":"https:\/\/www.stonecity.cz\/de\/#website"},"primaryImageOfPage":{"@id":"https:\/\/www.stonecity.cz\/de\/produkt\/quarzit-amarillo-fortaleza-qua-15bl-becken-lem\/#primaryimage"},"image":{"@id":"https:\/\/www.stonecity.cz\/de\/produkt\/quarzit-amarillo-fortaleza-qua-15bl-becken-lem\/#primaryimage"},"thumbnailUrl":"https:\/\/www.stonecity.cz\/wp-content\/uploads\/2023\/01\/jch14662.jpg","datePublished":"2023-01-25T11:01:42+00:00","dateModified":"2024-08-16T15:16:50+00:00","breadcrumb":{"@id":"https:\/\/www.stonecity.cz\/de\/produkt\/quarzit-amarillo-fortaleza-qua-15bl-becken-lem\/#breadcrumb"},"inLanguage":"de","potentialAction":[{"@type":"ReadAction","target":["https:\/\/www.stonecity.cz\/de\/produkt\/quarzit-amarillo-fortaleza-qua-15bl-becken-lem\/"]}]},{"@type":"ImageObject","inLanguage":"de","@id":"https:\/\/www.stonecity.cz\/de\/produkt\/quarzit-amarillo-fortaleza-qua-15bl-becken-lem\/#primaryimage","url":"https:\/\/www.stonecity.cz\/wp-content\/uploads\/2023\/01\/jch14662.jpg","contentUrl":"https:\/\/www.stonecity.cz\/wp-content\/uploads\/2023\/01\/jch14662.jpg","width":800,"height":532},{"@type":"BreadcrumbList","@id":"https:\/\/www.stonecity.cz\/de\/produkt\/quarzit-amarillo-fortaleza-qua-15bl-becken-lem\/#breadcrumb","itemListElement":[{"@type":"ListItem","position":1,"name":"Dom\u016f","item":"https:\/\/www.stonecity.cz\/de\/"},{"@type":"ListItem","position":2,"name":"Shop","item":"https:\/\/www.stonecity.cz\/de\/shop\/"},{"@type":"ListItem","position":3,"name":"Quarzit Amarillo Fortaleza QUA-15BL Poolrand\/Treppe\/Schwelle"}]},{"@type":"WebSite","@id":"https:\/\/www.stonecity.cz\/de\/#website","url":"https:\/\/www.stonecity.cz\/de\/","name":"Stonecity.cz","description":"Dla\u017eba, obklady, um\u011bl\u00fd i p\u0159\u00edrodn\u00ed k\u00e1men","potentialAction":[{"@type":"SearchAction","target":{"@type":"EntryPoint","urlTemplate":"https:\/\/www.stonecity.cz\/de\/?s={search_term_string}"},"query-input":{"@type":"PropertyValueSpecification","valueRequired":true,"valueName":"search_term_string"}}],"inLanguage":"de"}]}},"_links":{"self":[{"href":"https:\/\/www.stonecity.cz\/de\/wp-json\/wp\/v2\/product\/15793","targetHints":{"allow":["GET"]}}],"collection":[{"href":"https:\/\/www.stonecity.cz\/de\/wp-json\/wp\/v2\/product"}],"about":[{"href":"https:\/\/www.stonecity.cz\/de\/wp-json\/wp\/v2\/types\/product"}],"wp:featuredmedia":[{"embeddable":true,"href":"https:\/\/www.stonecity.cz\/de\/wp-json\/wp\/v2\/media\/15299"}],"wp:attachment":[{"href":"https:\/\/www.stonecity.cz\/de\/wp-json\/wp\/v2\/media?parent=15793"}],"wp:term":[{"taxonomy":"product_cat","embeddable":true,"href":"https:\/\/www.stonecity.cz\/de\/wp-json\/wp\/v2\/product_cat?post=15793"},{"taxonomy":"product_tag","embeddable":true,"href":"https:\/\/www.stonecity.cz\/de\/wp-json\/wp\/v2\/product_tag?post=15793"}],"curies":[{"name":"wp","href":"https:\/\/api.w.org\/{rel}","templated":true}]}}