{"id":15819,"date":"2023-01-04T14:49:48","date_gmt":"2023-01-04T13:49:48","guid":{"rendered":"https:\/\/www.stonecity.cz\/produkt\/ziegelstein-piccoli-057\/"},"modified":"2025-02-12T10:09:50","modified_gmt":"2025-02-12T09:09:50","slug":"ziegel-piccoli-057-2","status":"publish","type":"product","link":"https:\/\/www.stonecity.cz\/de\/produkt\/ziegel-piccoli-057-2\/","title":{"rendered":"Ziegelstein Piccoli 057"},"content":{"rendered":"<p>Die Fliesen werden aus feinsten Portlandzementen, Zuschlagstoffen, Flusssanden und Mineralfarben handgefertigt. Sie imitieren perfekt alte, abgenutzte Fliesen. Vielseitig einsetzbar &#8211; au\u00dfen und innen. In Beton verlegt, ist er f\u00fcr Autos befahrbar. Im Innenbereich ist er f\u00fcr Fu\u00dfbodenheizungen geeignet. Zertifizierung nach EU-Normen. Merkmale.<\/p>\n<p>&nbsp;<\/p>\n<p><a href=\"https:\/\/www.stonecity.cz\/wp-content\/uploads\/2023\/01\/katalogovy-list-brick-eshop.pdf\">katalog-liste-ziegel-shop<\/a><\/p>\n","protected":false},"excerpt":{"rendered":"<p>Die Fliesen werden aus feinsten Portlandzementen, Zuschlagstoffen, Flusssanden und Mineralfarben handgefertigt. Sie imitieren perfekt alte, abgenutzte Fliesen. Vielseitig einsetzbar &#8211; au\u00dfen und innen. In Beton verlegt, ist er f\u00fcr Autos befahrbar. Im Innenbereich ist er f\u00fcr Fu\u00dfbodenheizungen geeignet. Zertifizierung nach EU-Normen. Merkmale. &nbsp; katalog-liste-ziegel-shop<\/p>\n","protected":false},"featured_media":19040,"template":"","meta":[],"product_cat":[3268,1917],"product_tag":[],"class_list":{"0":"post-15819","1":"product","2":"type-product","3":"status-publish","4":"has-post-thumbnail","6":"product_cat-historische-und-rustikale-burgersteige","7":"product_cat-pflaster","8":"pa_baleni-kasten-05m2","9":"pa_baleni-palette-10-m2","10":"pa_delka-b-135-cm-8-mm-toleranz","11":"pa_tloustka-28-cm-8-mm-toleranz","13":"first","14":"instock","15":"purchasable","16":"product-type-simple"},"yoast_head":"<!-- This site is optimized with the Yoast SEO plugin v26.8 - https:\/\/yoast.com\/product\/yoast-seo-wordpress\/ -->\n<title>Ziegelstein Piccoli 057 - Stonecity.cz<\/title>\n<meta name=\"robots\" content=\"index, follow, max-snippet:-1, max-image-preview:large, max-video-preview:-1\" \/>\n<link rel=\"canonical\" href=\"https:\/\/www.stonecity.cz\/de\/produkt\/ziegel-piccoli-057-2\/\" \/>\n<meta property=\"og:locale\" content=\"de_DE\" \/>\n<meta property=\"og:type\" content=\"article\" \/>\n<meta property=\"og:title\" content=\"Ziegelstein Piccoli 057 - Stonecity.cz\" \/>\n<meta property=\"og:description\" content=\"Die Fliesen werden aus feinsten Portlandzementen, Zuschlagstoffen, Flusssanden und Mineralfarben handgefertigt. Sie imitieren perfekt alte, abgenutzte Fliesen. Vielseitig einsetzbar &#8211; au\u00dfen und innen. In Beton verlegt, ist er f\u00fcr Autos befahrbar. Im Innenbereich ist er f\u00fcr Fu\u00dfbodenheizungen geeignet. Zertifizierung nach EU-Normen. Merkmale. &nbsp; katalog-liste-ziegel-shop\" \/>\n<meta property=\"og:url\" content=\"https:\/\/www.stonecity.cz\/de\/produkt\/ziegel-piccoli-057-2\/\" \/>\n<meta property=\"og:site_name\" content=\"Stonecity.cz\" \/>\n<meta property=\"article:modified_time\" content=\"2025-02-12T09:09:50+00:00\" \/>\n<meta property=\"og:image\" content=\"https:\/\/www.stonecity.cz\/wp-content\/uploads\/2023\/01\/Portlandska-dlazba-057-Brick-Piccoli.jpg\" \/>\n\t<meta property=\"og:image:width\" content=\"2450\" \/>\n\t<meta property=\"og:image:height\" content=\"2022\" \/>\n\t<meta property=\"og:image:type\" content=\"image\/jpeg\" \/>\n<meta name=\"twitter:card\" content=\"summary_large_image\" \/>\n<script type=\"application\/ld+json\" class=\"yoast-schema-graph\">{\"@context\":\"https:\/\/schema.org\",\"@graph\":[{\"@type\":\"WebPage\",\"@id\":\"https:\/\/www.stonecity.cz\/de\/produkt\/ziegel-piccoli-057-2\/\",\"url\":\"https:\/\/www.stonecity.cz\/de\/produkt\/ziegel-piccoli-057-2\/\",\"name\":\"Ziegelstein Piccoli 057 - Stonecity.cz\",\"isPartOf\":{\"@id\":\"https:\/\/www.stonecity.cz\/de\/#website\"},\"primaryImageOfPage\":{\"@id\":\"https:\/\/www.stonecity.cz\/de\/produkt\/ziegel-piccoli-057-2\/#primaryimage\"},\"image\":{\"@id\":\"https:\/\/www.stonecity.cz\/de\/produkt\/ziegel-piccoli-057-2\/#primaryimage\"},\"thumbnailUrl\":\"https:\/\/www.stonecity.cz\/wp-content\/uploads\/2023\/01\/057.png\",\"datePublished\":\"2023-01-04T13:49:48+00:00\",\"dateModified\":\"2025-02-12T09:09:50+00:00\",\"breadcrumb\":{\"@id\":\"https:\/\/www.stonecity.cz\/de\/produkt\/ziegel-piccoli-057-2\/#breadcrumb\"},\"inLanguage\":\"de\",\"potentialAction\":[{\"@type\":\"ReadAction\",\"target\":[\"https:\/\/www.stonecity.cz\/de\/produkt\/ziegel-piccoli-057-2\/\"]}]},{\"@type\":\"ImageObject\",\"inLanguage\":\"de\",\"@id\":\"https:\/\/www.stonecity.cz\/de\/produkt\/ziegel-piccoli-057-2\/#primaryimage\",\"url\":\"https:\/\/www.stonecity.cz\/wp-content\/uploads\/2023\/01\/057.png\",\"contentUrl\":\"https:\/\/www.stonecity.cz\/wp-content\/uploads\/2023\/01\/057.png\",\"width\":605,\"height\":499},{\"@type\":\"BreadcrumbList\",\"@id\":\"https:\/\/www.stonecity.cz\/de\/produkt\/ziegel-piccoli-057-2\/#breadcrumb\",\"itemListElement\":[{\"@type\":\"ListItem\",\"position\":1,\"name\":\"Dom\u016f\",\"item\":\"https:\/\/www.stonecity.cz\/de\/\"},{\"@type\":\"ListItem\",\"position\":2,\"name\":\"Shop\",\"item\":\"https:\/\/www.stonecity.cz\/de\/shop\/\"},{\"@type\":\"ListItem\",\"position\":3,\"name\":\"Ziegelstein Piccoli 057\"}]},{\"@type\":\"WebSite\",\"@id\":\"https:\/\/www.stonecity.cz\/de\/#website\",\"url\":\"https:\/\/www.stonecity.cz\/de\/\",\"name\":\"Stonecity.cz\",\"description\":\"Dla\u017eba, obklady, um\u011bl\u00fd i p\u0159\u00edrodn\u00ed k\u00e1men\",\"potentialAction\":[{\"@type\":\"SearchAction\",\"target\":{\"@type\":\"EntryPoint\",\"urlTemplate\":\"https:\/\/www.stonecity.cz\/de\/?s={search_term_string}\"},\"query-input\":{\"@type\":\"PropertyValueSpecification\",\"valueRequired\":true,\"valueName\":\"search_term_string\"}}],\"inLanguage\":\"de\"}]}<\/script>\n<!-- \/ Yoast SEO plugin. -->","yoast_head_json":{"title":"Ziegelstein Piccoli 057 - Stonecity.cz","robots":{"index":"index","follow":"follow","max-snippet":"max-snippet:-1","max-image-preview":"max-image-preview:large","max-video-preview":"max-video-preview:-1"},"canonical":"https:\/\/www.stonecity.cz\/de\/produkt\/ziegel-piccoli-057-2\/","og_locale":"de_DE","og_type":"article","og_title":"Ziegelstein Piccoli 057 - Stonecity.cz","og_description":"Die Fliesen werden aus feinsten Portlandzementen, Zuschlagstoffen, Flusssanden und Mineralfarben handgefertigt. Sie imitieren perfekt alte, abgenutzte Fliesen. Vielseitig einsetzbar &#8211; au\u00dfen und innen. In Beton verlegt, ist er f\u00fcr Autos befahrbar. Im Innenbereich ist er f\u00fcr Fu\u00dfbodenheizungen geeignet. Zertifizierung nach EU-Normen. Merkmale. &nbsp; katalog-liste-ziegel-shop","og_url":"https:\/\/www.stonecity.cz\/de\/produkt\/ziegel-piccoli-057-2\/","og_site_name":"Stonecity.cz","article_modified_time":"2025-02-12T09:09:50+00:00","og_image":[{"width":2450,"height":2022,"url":"https:\/\/www.stonecity.cz\/wp-content\/uploads\/2023\/01\/Portlandska-dlazba-057-Brick-Piccoli.jpg","type":"image\/jpeg"}],"twitter_card":"summary_large_image","schema":{"@context":"https:\/\/schema.org","@graph":[{"@type":"WebPage","@id":"https:\/\/www.stonecity.cz\/de\/produkt\/ziegel-piccoli-057-2\/","url":"https:\/\/www.stonecity.cz\/de\/produkt\/ziegel-piccoli-057-2\/","name":"Ziegelstein Piccoli 057 - Stonecity.cz","isPartOf":{"@id":"https:\/\/www.stonecity.cz\/de\/#website"},"primaryImageOfPage":{"@id":"https:\/\/www.stonecity.cz\/de\/produkt\/ziegel-piccoli-057-2\/#primaryimage"},"image":{"@id":"https:\/\/www.stonecity.cz\/de\/produkt\/ziegel-piccoli-057-2\/#primaryimage"},"thumbnailUrl":"https:\/\/www.stonecity.cz\/wp-content\/uploads\/2023\/01\/057.png","datePublished":"2023-01-04T13:49:48+00:00","dateModified":"2025-02-12T09:09:50+00:00","breadcrumb":{"@id":"https:\/\/www.stonecity.cz\/de\/produkt\/ziegel-piccoli-057-2\/#breadcrumb"},"inLanguage":"de","potentialAction":[{"@type":"ReadAction","target":["https:\/\/www.stonecity.cz\/de\/produkt\/ziegel-piccoli-057-2\/"]}]},{"@type":"ImageObject","inLanguage":"de","@id":"https:\/\/www.stonecity.cz\/de\/produkt\/ziegel-piccoli-057-2\/#primaryimage","url":"https:\/\/www.stonecity.cz\/wp-content\/uploads\/2023\/01\/057.png","contentUrl":"https:\/\/www.stonecity.cz\/wp-content\/uploads\/2023\/01\/057.png","width":605,"height":499},{"@type":"BreadcrumbList","@id":"https:\/\/www.stonecity.cz\/de\/produkt\/ziegel-piccoli-057-2\/#breadcrumb","itemListElement":[{"@type":"ListItem","position":1,"name":"Dom\u016f","item":"https:\/\/www.stonecity.cz\/de\/"},{"@type":"ListItem","position":2,"name":"Shop","item":"https:\/\/www.stonecity.cz\/de\/shop\/"},{"@type":"ListItem","position":3,"name":"Ziegelstein Piccoli 057"}]},{"@type":"WebSite","@id":"https:\/\/www.stonecity.cz\/de\/#website","url":"https:\/\/www.stonecity.cz\/de\/","name":"Stonecity.cz","description":"Dla\u017eba, obklady, um\u011bl\u00fd i p\u0159\u00edrodn\u00ed k\u00e1men","potentialAction":[{"@type":"SearchAction","target":{"@type":"EntryPoint","urlTemplate":"https:\/\/www.stonecity.cz\/de\/?s={search_term_string}"},"query-input":{"@type":"PropertyValueSpecification","valueRequired":true,"valueName":"search_term_string"}}],"inLanguage":"de"}]}},"_links":{"self":[{"href":"https:\/\/www.stonecity.cz\/de\/wp-json\/wp\/v2\/product\/15819","targetHints":{"allow":["GET"]}}],"collection":[{"href":"https:\/\/www.stonecity.cz\/de\/wp-json\/wp\/v2\/product"}],"about":[{"href":"https:\/\/www.stonecity.cz\/de\/wp-json\/wp\/v2\/types\/product"}],"wp:featuredmedia":[{"embeddable":true,"href":"https:\/\/www.stonecity.cz\/de\/wp-json\/wp\/v2\/media\/19040"}],"wp:attachment":[{"href":"https:\/\/www.stonecity.cz\/de\/wp-json\/wp\/v2\/media?parent=15819"}],"wp:term":[{"taxonomy":"product_cat","embeddable":true,"href":"https:\/\/www.stonecity.cz\/de\/wp-json\/wp\/v2\/product_cat?post=15819"},{"taxonomy":"product_tag","embeddable":true,"href":"https:\/\/www.stonecity.cz\/de\/wp-json\/wp\/v2\/product_tag?post=15819"}],"curies":[{"name":"wp","href":"https:\/\/api.w.org\/{rel}","templated":true}]}}