{"id":15820,"date":"2023-01-04T13:57:25","date_gmt":"2023-01-04T12:57:25","guid":{"rendered":"https:\/\/www.stonecity.cz\/produkt\/sevilla-054\/"},"modified":"2025-02-28T10:46:24","modified_gmt":"2025-02-28T09:46:24","slug":"sevilla-054","status":"publish","type":"product","link":"https:\/\/www.stonecity.cz\/de\/produkt\/sevilla-054\/","title":{"rendered":"Sevilla 054"},"content":{"rendered":"<p>Die Fliesen werden aus feinsten Portlandzementen, Zuschlagstoffen, Flusssanden und Mineralfarben handgefertigt. Sie imitieren perfekt alte, abgenutzte Fliesen. Vielseitig einsetzbar &#8211; au\u00dfen und innen. In Beton verlegt, ist er f\u00fcr Autos befahrbar. Im Innenbereich ist er f\u00fcr Fu\u00dfbodenheizungen geeignet. Zertifizierung nach EU-Normen. Merkmale.<\/p>\n<p>&nbsp;<\/p>\n<p><a href=\"https:\/\/www.stonecity.cz\/wp-content\/uploads\/2023\/01\/katalogovy-list-sevilla.pdf\">katalog-liste-sevilla<\/a><\/p>\n","protected":false},"excerpt":{"rendered":"<p>Die Fliesen werden aus feinsten Portlandzementen, Zuschlagstoffen, Flusssanden und Mineralfarben handgefertigt. Sie imitieren perfekt alte, abgenutzte Fliesen. Vielseitig einsetzbar &#8211; au\u00dfen und innen. In Beton verlegt, ist er f\u00fcr Autos befahrbar. Im Innenbereich ist er f\u00fcr Fu\u00dfbodenheizungen geeignet. Zertifizierung nach EU-Normen. Merkmale. &nbsp; katalog-liste-sevilla<\/p>\n","protected":false},"featured_media":15061,"template":"","meta":[],"product_cat":[3268,1917],"product_tag":[],"class_list":{"0":"post-15820","1":"product","2":"type-product","3":"status-publish","4":"has-post-thumbnail","6":"product_cat-historische-und-rustikale-burgersteige","7":"product_cat-pflaster","8":"pa_baleni-kasten-05m2","9":"pa_baleni-palette-10-m2","10":"pa_delka-b-21cm-8mm-toleranz","11":"pa_tloustka-25-cm-8-mm-toleranz","13":"first","14":"instock","15":"purchasable","16":"product-type-simple"},"yoast_head":"<!-- This site is optimized with the Yoast SEO plugin v26.8 - https:\/\/yoast.com\/product\/yoast-seo-wordpress\/ -->\n<title>Sevilla 054 - Stonecity.cz<\/title>\n<meta name=\"robots\" content=\"index, follow, max-snippet:-1, max-image-preview:large, max-video-preview:-1\" \/>\n<link rel=\"canonical\" href=\"https:\/\/www.stonecity.cz\/de\/produkt\/sevilla-054\/\" \/>\n<meta property=\"og:locale\" content=\"de_DE\" \/>\n<meta property=\"og:type\" content=\"article\" \/>\n<meta property=\"og:title\" content=\"Sevilla 054 - Stonecity.cz\" \/>\n<meta property=\"og:description\" content=\"Die Fliesen werden aus feinsten Portlandzementen, Zuschlagstoffen, Flusssanden und Mineralfarben handgefertigt. Sie imitieren perfekt alte, abgenutzte Fliesen. Vielseitig einsetzbar &#8211; au\u00dfen und innen. In Beton verlegt, ist er f\u00fcr Autos befahrbar. Im Innenbereich ist er f\u00fcr Fu\u00dfbodenheizungen geeignet. Zertifizierung nach EU-Normen. Merkmale. &nbsp; katalog-liste-sevilla\" \/>\n<meta property=\"og:url\" content=\"https:\/\/www.stonecity.cz\/de\/produkt\/sevilla-054\/\" \/>\n<meta property=\"og:site_name\" content=\"Stonecity.cz\" \/>\n<meta property=\"article:modified_time\" content=\"2025-02-28T09:46:24+00:00\" \/>\n<meta property=\"og:image\" content=\"https:\/\/www.stonecity.cz\/wp-content\/uploads\/2023\/01\/Portlandska-dlazba-054-Sevila.jpg\" \/>\n\t<meta property=\"og:image:width\" content=\"800\" \/>\n\t<meta property=\"og:image:height\" content=\"563\" \/>\n\t<meta property=\"og:image:type\" content=\"image\/jpeg\" \/>\n<meta name=\"twitter:card\" content=\"summary_large_image\" \/>\n<script type=\"application\/ld+json\" class=\"yoast-schema-graph\">{\"@context\":\"https:\/\/schema.org\",\"@graph\":[{\"@type\":\"WebPage\",\"@id\":\"https:\/\/www.stonecity.cz\/de\/produkt\/sevilla-054\/\",\"url\":\"https:\/\/www.stonecity.cz\/de\/produkt\/sevilla-054\/\",\"name\":\"Sevilla 054 - Stonecity.cz\",\"isPartOf\":{\"@id\":\"https:\/\/www.stonecity.cz\/de\/#website\"},\"primaryImageOfPage\":{\"@id\":\"https:\/\/www.stonecity.cz\/de\/produkt\/sevilla-054\/#primaryimage\"},\"image\":{\"@id\":\"https:\/\/www.stonecity.cz\/de\/produkt\/sevilla-054\/#primaryimage\"},\"thumbnailUrl\":\"https:\/\/www.stonecity.cz\/wp-content\/uploads\/2023\/01\/Portlandska-dlazba-054-Sevila.jpg\",\"datePublished\":\"2023-01-04T12:57:25+00:00\",\"dateModified\":\"2025-02-28T09:46:24+00:00\",\"breadcrumb\":{\"@id\":\"https:\/\/www.stonecity.cz\/de\/produkt\/sevilla-054\/#breadcrumb\"},\"inLanguage\":\"de\",\"potentialAction\":[{\"@type\":\"ReadAction\",\"target\":[\"https:\/\/www.stonecity.cz\/de\/produkt\/sevilla-054\/\"]}]},{\"@type\":\"ImageObject\",\"inLanguage\":\"de\",\"@id\":\"https:\/\/www.stonecity.cz\/de\/produkt\/sevilla-054\/#primaryimage\",\"url\":\"https:\/\/www.stonecity.cz\/wp-content\/uploads\/2023\/01\/Portlandska-dlazba-054-Sevila.jpg\",\"contentUrl\":\"https:\/\/www.stonecity.cz\/wp-content\/uploads\/2023\/01\/Portlandska-dlazba-054-Sevila.jpg\",\"width\":800,\"height\":563},{\"@type\":\"BreadcrumbList\",\"@id\":\"https:\/\/www.stonecity.cz\/de\/produkt\/sevilla-054\/#breadcrumb\",\"itemListElement\":[{\"@type\":\"ListItem\",\"position\":1,\"name\":\"Dom\u016f\",\"item\":\"https:\/\/www.stonecity.cz\/de\/\"},{\"@type\":\"ListItem\",\"position\":2,\"name\":\"Shop\",\"item\":\"https:\/\/www.stonecity.cz\/de\/shop\/\"},{\"@type\":\"ListItem\",\"position\":3,\"name\":\"Sevilla 054\"}]},{\"@type\":\"WebSite\",\"@id\":\"https:\/\/www.stonecity.cz\/de\/#website\",\"url\":\"https:\/\/www.stonecity.cz\/de\/\",\"name\":\"Stonecity.cz\",\"description\":\"Dla\u017eba, obklady, um\u011bl\u00fd i p\u0159\u00edrodn\u00ed k\u00e1men\",\"potentialAction\":[{\"@type\":\"SearchAction\",\"target\":{\"@type\":\"EntryPoint\",\"urlTemplate\":\"https:\/\/www.stonecity.cz\/de\/?s={search_term_string}\"},\"query-input\":{\"@type\":\"PropertyValueSpecification\",\"valueRequired\":true,\"valueName\":\"search_term_string\"}}],\"inLanguage\":\"de\"}]}<\/script>\n<!-- \/ Yoast SEO plugin. -->","yoast_head_json":{"title":"Sevilla 054 - Stonecity.cz","robots":{"index":"index","follow":"follow","max-snippet":"max-snippet:-1","max-image-preview":"max-image-preview:large","max-video-preview":"max-video-preview:-1"},"canonical":"https:\/\/www.stonecity.cz\/de\/produkt\/sevilla-054\/","og_locale":"de_DE","og_type":"article","og_title":"Sevilla 054 - Stonecity.cz","og_description":"Die Fliesen werden aus feinsten Portlandzementen, Zuschlagstoffen, Flusssanden und Mineralfarben handgefertigt. Sie imitieren perfekt alte, abgenutzte Fliesen. Vielseitig einsetzbar &#8211; au\u00dfen und innen. In Beton verlegt, ist er f\u00fcr Autos befahrbar. Im Innenbereich ist er f\u00fcr Fu\u00dfbodenheizungen geeignet. Zertifizierung nach EU-Normen. Merkmale. &nbsp; katalog-liste-sevilla","og_url":"https:\/\/www.stonecity.cz\/de\/produkt\/sevilla-054\/","og_site_name":"Stonecity.cz","article_modified_time":"2025-02-28T09:46:24+00:00","og_image":[{"width":800,"height":563,"url":"https:\/\/www.stonecity.cz\/wp-content\/uploads\/2023\/01\/Portlandska-dlazba-054-Sevila.jpg","type":"image\/jpeg"}],"twitter_card":"summary_large_image","schema":{"@context":"https:\/\/schema.org","@graph":[{"@type":"WebPage","@id":"https:\/\/www.stonecity.cz\/de\/produkt\/sevilla-054\/","url":"https:\/\/www.stonecity.cz\/de\/produkt\/sevilla-054\/","name":"Sevilla 054 - Stonecity.cz","isPartOf":{"@id":"https:\/\/www.stonecity.cz\/de\/#website"},"primaryImageOfPage":{"@id":"https:\/\/www.stonecity.cz\/de\/produkt\/sevilla-054\/#primaryimage"},"image":{"@id":"https:\/\/www.stonecity.cz\/de\/produkt\/sevilla-054\/#primaryimage"},"thumbnailUrl":"https:\/\/www.stonecity.cz\/wp-content\/uploads\/2023\/01\/Portlandska-dlazba-054-Sevila.jpg","datePublished":"2023-01-04T12:57:25+00:00","dateModified":"2025-02-28T09:46:24+00:00","breadcrumb":{"@id":"https:\/\/www.stonecity.cz\/de\/produkt\/sevilla-054\/#breadcrumb"},"inLanguage":"de","potentialAction":[{"@type":"ReadAction","target":["https:\/\/www.stonecity.cz\/de\/produkt\/sevilla-054\/"]}]},{"@type":"ImageObject","inLanguage":"de","@id":"https:\/\/www.stonecity.cz\/de\/produkt\/sevilla-054\/#primaryimage","url":"https:\/\/www.stonecity.cz\/wp-content\/uploads\/2023\/01\/Portlandska-dlazba-054-Sevila.jpg","contentUrl":"https:\/\/www.stonecity.cz\/wp-content\/uploads\/2023\/01\/Portlandska-dlazba-054-Sevila.jpg","width":800,"height":563},{"@type":"BreadcrumbList","@id":"https:\/\/www.stonecity.cz\/de\/produkt\/sevilla-054\/#breadcrumb","itemListElement":[{"@type":"ListItem","position":1,"name":"Dom\u016f","item":"https:\/\/www.stonecity.cz\/de\/"},{"@type":"ListItem","position":2,"name":"Shop","item":"https:\/\/www.stonecity.cz\/de\/shop\/"},{"@type":"ListItem","position":3,"name":"Sevilla 054"}]},{"@type":"WebSite","@id":"https:\/\/www.stonecity.cz\/de\/#website","url":"https:\/\/www.stonecity.cz\/de\/","name":"Stonecity.cz","description":"Dla\u017eba, obklady, um\u011bl\u00fd i p\u0159\u00edrodn\u00ed k\u00e1men","potentialAction":[{"@type":"SearchAction","target":{"@type":"EntryPoint","urlTemplate":"https:\/\/www.stonecity.cz\/de\/?s={search_term_string}"},"query-input":{"@type":"PropertyValueSpecification","valueRequired":true,"valueName":"search_term_string"}}],"inLanguage":"de"}]}},"_links":{"self":[{"href":"https:\/\/www.stonecity.cz\/de\/wp-json\/wp\/v2\/product\/15820","targetHints":{"allow":["GET"]}}],"collection":[{"href":"https:\/\/www.stonecity.cz\/de\/wp-json\/wp\/v2\/product"}],"about":[{"href":"https:\/\/www.stonecity.cz\/de\/wp-json\/wp\/v2\/types\/product"}],"wp:featuredmedia":[{"embeddable":true,"href":"https:\/\/www.stonecity.cz\/de\/wp-json\/wp\/v2\/media\/15061"}],"wp:attachment":[{"href":"https:\/\/www.stonecity.cz\/de\/wp-json\/wp\/v2\/media?parent=15820"}],"wp:term":[{"taxonomy":"product_cat","embeddable":true,"href":"https:\/\/www.stonecity.cz\/de\/wp-json\/wp\/v2\/product_cat?post=15820"},{"taxonomy":"product_tag","embeddable":true,"href":"https:\/\/www.stonecity.cz\/de\/wp-json\/wp\/v2\/product_tag?post=15820"}],"curies":[{"name":"wp","href":"https:\/\/api.w.org\/{rel}","templated":true}]}}