{"id":15861,"date":"2022-12-05T11:28:32","date_gmt":"2022-12-05T10:28:32","guid":{"rendered":"https:\/\/www.stonecity.cz\/produkt\/casioli-ecke-qua-33r-steinfliese\/"},"modified":"2022-12-05T11:28:32","modified_gmt":"2022-12-05T10:28:32","slug":"stein-casioli-horn-qua-33r","status":"publish","type":"product","link":"https:\/\/www.stonecity.cz\/de\/produkt\/stein-casioli-horn-qua-33r\/","title":{"rendered":"Casioli Ecke QUA-33R Steinfliese"},"content":{"rendered":"<p><span class=\"tlid-translation translation\"><br \/>\n  <span title=\"\">Steinfliese Casioli gro\u00df <\/span><br \/>\n<\/span><span class=\"tlid-translation translation\"><br \/>\n  <span title=\"\"><br \/>\nBei einer Dicke von 3-5 cm ist die rohe nat\u00fcrliche Oberfl\u00e4che des Steins sch\u00f6n und deutlich sichtbar.<\/span><br \/>\n<\/span><\/p>\n<p>Eine sehr starke Fliese, die mit oder ohne Fuge verlegt werden kann.<br \/>\nDurch die fugenlose Verlegung entsteht der perfekte Eindruck einer Felswand.<br \/>\nJeder Stein dieser Reihe ist ein absolutes Original, mit einer einzigartigen Textur und Farbnuance.<\/p>\n","protected":false},"excerpt":{"rendered":"<p>Steinfliese Casioli gro\u00df Bei einer Dicke von 3-5 cm ist die rohe nat\u00fcrliche Oberfl\u00e4che des Steins sch\u00f6n und deutlich sichtbar. Eine sehr starke Fliese, die mit oder ohne Fuge verlegt werden kann. Durch die fugenlose Verlegung entsteht der perfekte Eindruck einer Felswand. Jeder Stein dieser Reihe ist ein absolutes Original, mit einer einzigartigen Textur und [&#8230;]\n","protected":false},"featured_media":14793,"template":"","meta":[],"product_cat":[2041,2033,2049],"product_tag":[1833,1834],"class_list":{"0":"post-15861","1":"product","2":"type-product","3":"status-publish","4":"has-post-thumbnail","6":"product_cat-verblendsteine","7":"product_cat-naturstein-de","8":"product_cat-marmor","9":"product_tag-fur-den-ausenbereich-geeignet","10":"product_tag-geeignet-fur-innenraume","12":"first","13":"onbackorder","14":"purchasable","15":"product-type-simple"},"yoast_head":"<!-- This site is optimized with the Yoast SEO plugin v26.8 - https:\/\/yoast.com\/product\/yoast-seo-wordpress\/ -->\n<title>Casioli Ecke QUA-33R Steinfliese - Stonecity.cz<\/title>\n<meta name=\"robots\" content=\"index, follow, max-snippet:-1, max-image-preview:large, max-video-preview:-1\" \/>\n<link rel=\"canonical\" href=\"https:\/\/www.stonecity.cz\/de\/produkt\/stein-casioli-horn-qua-33r\/\" \/>\n<meta property=\"og:locale\" content=\"de_DE\" \/>\n<meta property=\"og:type\" content=\"article\" \/>\n<meta property=\"og:title\" content=\"Casioli Ecke QUA-33R Steinfliese - Stonecity.cz\" \/>\n<meta property=\"og:description\" content=\"Steinfliese Casioli gro\u00df Bei einer Dicke von 3-5 cm ist die rohe nat\u00fcrliche Oberfl\u00e4che des Steins sch\u00f6n und deutlich sichtbar. Eine sehr starke Fliese, die mit oder ohne Fuge verlegt werden kann. Durch die fugenlose Verlegung entsteht der perfekte Eindruck einer Felswand. Jeder Stein dieser Reihe ist ein absolutes Original, mit einer einzigartigen Textur und [...]\" \/>\n<meta property=\"og:url\" content=\"https:\/\/www.stonecity.cz\/de\/produkt\/stein-casioli-horn-qua-33r\/\" \/>\n<meta property=\"og:site_name\" content=\"Stonecity.cz\" \/>\n<meta property=\"og:image\" content=\"https:\/\/www.stonecity.cz\/wp-content\/uploads\/2022\/12\/Kamenny-obklad-Casioli-QUA-33-1.jpg\" \/>\n\t<meta property=\"og:image:width\" content=\"1024\" \/>\n\t<meta property=\"og:image:height\" content=\"576\" \/>\n\t<meta property=\"og:image:type\" content=\"image\/jpeg\" \/>\n<meta name=\"twitter:card\" content=\"summary_large_image\" \/>\n<script type=\"application\/ld+json\" class=\"yoast-schema-graph\">{\"@context\":\"https:\/\/schema.org\",\"@graph\":[{\"@type\":\"WebPage\",\"@id\":\"https:\/\/www.stonecity.cz\/de\/produkt\/stein-casioli-horn-qua-33r\/\",\"url\":\"https:\/\/www.stonecity.cz\/de\/produkt\/stein-casioli-horn-qua-33r\/\",\"name\":\"Casioli Ecke QUA-33R Steinfliese - Stonecity.cz\",\"isPartOf\":{\"@id\":\"https:\/\/www.stonecity.cz\/de\/#website\"},\"primaryImageOfPage\":{\"@id\":\"https:\/\/www.stonecity.cz\/de\/produkt\/stein-casioli-horn-qua-33r\/#primaryimage\"},\"image\":{\"@id\":\"https:\/\/www.stonecity.cz\/de\/produkt\/stein-casioli-horn-qua-33r\/#primaryimage\"},\"thumbnailUrl\":\"https:\/\/www.stonecity.cz\/wp-content\/uploads\/2022\/12\/Kamenny-obklad-Casioli-QUA-33-1.jpg\",\"datePublished\":\"2022-12-05T10:28:32+00:00\",\"breadcrumb\":{\"@id\":\"https:\/\/www.stonecity.cz\/de\/produkt\/stein-casioli-horn-qua-33r\/#breadcrumb\"},\"inLanguage\":\"de\",\"potentialAction\":[{\"@type\":\"ReadAction\",\"target\":[\"https:\/\/www.stonecity.cz\/de\/produkt\/stein-casioli-horn-qua-33r\/\"]}]},{\"@type\":\"ImageObject\",\"inLanguage\":\"de\",\"@id\":\"https:\/\/www.stonecity.cz\/de\/produkt\/stein-casioli-horn-qua-33r\/#primaryimage\",\"url\":\"https:\/\/www.stonecity.cz\/wp-content\/uploads\/2022\/12\/Kamenny-obklad-Casioli-QUA-33-1.jpg\",\"contentUrl\":\"https:\/\/www.stonecity.cz\/wp-content\/uploads\/2022\/12\/Kamenny-obklad-Casioli-QUA-33-1.jpg\",\"width\":1024,\"height\":576},{\"@type\":\"BreadcrumbList\",\"@id\":\"https:\/\/www.stonecity.cz\/de\/produkt\/stein-casioli-horn-qua-33r\/#breadcrumb\",\"itemListElement\":[{\"@type\":\"ListItem\",\"position\":1,\"name\":\"Dom\u016f\",\"item\":\"https:\/\/www.stonecity.cz\/de\/\"},{\"@type\":\"ListItem\",\"position\":2,\"name\":\"Shop\",\"item\":\"https:\/\/www.stonecity.cz\/de\/shop\/\"},{\"@type\":\"ListItem\",\"position\":3,\"name\":\"Casioli Ecke QUA-33R Steinfliese\"}]},{\"@type\":\"WebSite\",\"@id\":\"https:\/\/www.stonecity.cz\/de\/#website\",\"url\":\"https:\/\/www.stonecity.cz\/de\/\",\"name\":\"Stonecity.cz\",\"description\":\"Dla\u017eba, obklady, um\u011bl\u00fd i p\u0159\u00edrodn\u00ed k\u00e1men\",\"potentialAction\":[{\"@type\":\"SearchAction\",\"target\":{\"@type\":\"EntryPoint\",\"urlTemplate\":\"https:\/\/www.stonecity.cz\/de\/?s={search_term_string}\"},\"query-input\":{\"@type\":\"PropertyValueSpecification\",\"valueRequired\":true,\"valueName\":\"search_term_string\"}}],\"inLanguage\":\"de\"}]}<\/script>\n<!-- \/ Yoast SEO plugin. -->","yoast_head_json":{"title":"Casioli Ecke QUA-33R Steinfliese - Stonecity.cz","robots":{"index":"index","follow":"follow","max-snippet":"max-snippet:-1","max-image-preview":"max-image-preview:large","max-video-preview":"max-video-preview:-1"},"canonical":"https:\/\/www.stonecity.cz\/de\/produkt\/stein-casioli-horn-qua-33r\/","og_locale":"de_DE","og_type":"article","og_title":"Casioli Ecke QUA-33R Steinfliese - Stonecity.cz","og_description":"Steinfliese Casioli gro\u00df Bei einer Dicke von 3-5 cm ist die rohe nat\u00fcrliche Oberfl\u00e4che des Steins sch\u00f6n und deutlich sichtbar. Eine sehr starke Fliese, die mit oder ohne Fuge verlegt werden kann. Durch die fugenlose Verlegung entsteht der perfekte Eindruck einer Felswand. Jeder Stein dieser Reihe ist ein absolutes Original, mit einer einzigartigen Textur und [...]","og_url":"https:\/\/www.stonecity.cz\/de\/produkt\/stein-casioli-horn-qua-33r\/","og_site_name":"Stonecity.cz","og_image":[{"width":1024,"height":576,"url":"https:\/\/www.stonecity.cz\/wp-content\/uploads\/2022\/12\/Kamenny-obklad-Casioli-QUA-33-1.jpg","type":"image\/jpeg"}],"twitter_card":"summary_large_image","schema":{"@context":"https:\/\/schema.org","@graph":[{"@type":"WebPage","@id":"https:\/\/www.stonecity.cz\/de\/produkt\/stein-casioli-horn-qua-33r\/","url":"https:\/\/www.stonecity.cz\/de\/produkt\/stein-casioli-horn-qua-33r\/","name":"Casioli Ecke QUA-33R Steinfliese - Stonecity.cz","isPartOf":{"@id":"https:\/\/www.stonecity.cz\/de\/#website"},"primaryImageOfPage":{"@id":"https:\/\/www.stonecity.cz\/de\/produkt\/stein-casioli-horn-qua-33r\/#primaryimage"},"image":{"@id":"https:\/\/www.stonecity.cz\/de\/produkt\/stein-casioli-horn-qua-33r\/#primaryimage"},"thumbnailUrl":"https:\/\/www.stonecity.cz\/wp-content\/uploads\/2022\/12\/Kamenny-obklad-Casioli-QUA-33-1.jpg","datePublished":"2022-12-05T10:28:32+00:00","breadcrumb":{"@id":"https:\/\/www.stonecity.cz\/de\/produkt\/stein-casioli-horn-qua-33r\/#breadcrumb"},"inLanguage":"de","potentialAction":[{"@type":"ReadAction","target":["https:\/\/www.stonecity.cz\/de\/produkt\/stein-casioli-horn-qua-33r\/"]}]},{"@type":"ImageObject","inLanguage":"de","@id":"https:\/\/www.stonecity.cz\/de\/produkt\/stein-casioli-horn-qua-33r\/#primaryimage","url":"https:\/\/www.stonecity.cz\/wp-content\/uploads\/2022\/12\/Kamenny-obklad-Casioli-QUA-33-1.jpg","contentUrl":"https:\/\/www.stonecity.cz\/wp-content\/uploads\/2022\/12\/Kamenny-obklad-Casioli-QUA-33-1.jpg","width":1024,"height":576},{"@type":"BreadcrumbList","@id":"https:\/\/www.stonecity.cz\/de\/produkt\/stein-casioli-horn-qua-33r\/#breadcrumb","itemListElement":[{"@type":"ListItem","position":1,"name":"Dom\u016f","item":"https:\/\/www.stonecity.cz\/de\/"},{"@type":"ListItem","position":2,"name":"Shop","item":"https:\/\/www.stonecity.cz\/de\/shop\/"},{"@type":"ListItem","position":3,"name":"Casioli Ecke QUA-33R Steinfliese"}]},{"@type":"WebSite","@id":"https:\/\/www.stonecity.cz\/de\/#website","url":"https:\/\/www.stonecity.cz\/de\/","name":"Stonecity.cz","description":"Dla\u017eba, obklady, um\u011bl\u00fd i p\u0159\u00edrodn\u00ed k\u00e1men","potentialAction":[{"@type":"SearchAction","target":{"@type":"EntryPoint","urlTemplate":"https:\/\/www.stonecity.cz\/de\/?s={search_term_string}"},"query-input":{"@type":"PropertyValueSpecification","valueRequired":true,"valueName":"search_term_string"}}],"inLanguage":"de"}]}},"_links":{"self":[{"href":"https:\/\/www.stonecity.cz\/de\/wp-json\/wp\/v2\/product\/15861","targetHints":{"allow":["GET"]}}],"collection":[{"href":"https:\/\/www.stonecity.cz\/de\/wp-json\/wp\/v2\/product"}],"about":[{"href":"https:\/\/www.stonecity.cz\/de\/wp-json\/wp\/v2\/types\/product"}],"wp:featuredmedia":[{"embeddable":true,"href":"https:\/\/www.stonecity.cz\/de\/wp-json\/wp\/v2\/media\/14793"}],"wp:attachment":[{"href":"https:\/\/www.stonecity.cz\/de\/wp-json\/wp\/v2\/media?parent=15861"}],"wp:term":[{"taxonomy":"product_cat","embeddable":true,"href":"https:\/\/www.stonecity.cz\/de\/wp-json\/wp\/v2\/product_cat?post=15861"},{"taxonomy":"product_tag","embeddable":true,"href":"https:\/\/www.stonecity.cz\/de\/wp-json\/wp\/v2\/product_tag?post=15861"}],"curies":[{"name":"wp","href":"https:\/\/api.w.org\/{rel}","templated":true}]}}