{"id":15871,"date":"2022-12-12T10:14:13","date_gmt":"2022-12-12T09:14:13","guid":{"rendered":"https:\/\/www.stonecity.cz\/produkt\/brunnen-mit-abbildung-df-11\/"},"modified":"2022-12-12T10:14:13","modified_gmt":"2022-12-12T09:14:13","slug":"brunnen-mit-figur-df-08","status":"publish","type":"product","link":"https:\/\/www.stonecity.cz\/de\/produkt\/brunnen-mit-figur-df-08\/","title":{"rendered":"Brunnen mit Abbildung DF-11"},"content":{"rendered":"<p>Springbrunnen aus Naturstein.<\/p>\n<p>F\u00fcr die Herstellung wurde nat\u00fcrlicher blauer Kalkstein verwendet, der Ihren Garten perfekt schm\u00fccken wird.<\/p>\n<p>Dieser Brunnen bringt stilvolle Eleganz in Ihren Garten und auf Ihre Terrasse.<\/p>\n<p><span style=\"color: #0000ff;\"><em><strong><a style=\"color: #0000ff;\" href=\"https:\/\/youtu.be\/x0V2X7P9H8Q\">Video mit Installationsanweisungen<\/a><\/strong><\/em><\/span><\/p>\n<p><span style=\"color: #0000ff;\"><em><strong><a style=\"color: #0000ff;\" href=\"https:\/\/youtu.be\/4X-K_V9BlRU\">Lehrvideo f\u00fcr die Installation II.<\/a><\/strong><\/em><\/span><\/p>\n","protected":false},"excerpt":{"rendered":"<p>Springbrunnen aus Naturstein. F\u00fcr die Herstellung wurde nat\u00fcrlicher blauer Kalkstein verwendet, der Ihren Garten perfekt schm\u00fccken wird. Dieser Brunnen bringt stilvolle Eleganz in Ihren Garten und auf Ihre Terrasse. Video mit Installationsanweisungen Lehrvideo f\u00fcr die Installation II.<\/p>\n","protected":false},"featured_media":14835,"template":"","meta":[],"product_cat":[1995],"product_tag":[],"class_list":{"0":"post-15871","1":"product","2":"type-product","3":"status-publish","4":"has-post-thumbnail","6":"product_cat-steinfontaenen","7":"pa_hmotnost-v-kg-za-1-mj-180-de","9":"first","10":"instock","11":"taxable","12":"shipping-taxable","13":"purchasable","14":"product-type-simple"},"yoast_head":"<!-- This site is optimized with the Yoast SEO plugin v26.8 - https:\/\/yoast.com\/product\/yoast-seo-wordpress\/ -->\n<title>Brunnen mit Abbildung DF-11 - Stonecity.cz<\/title>\n<meta name=\"robots\" content=\"index, follow, max-snippet:-1, max-image-preview:large, max-video-preview:-1\" \/>\n<link rel=\"canonical\" href=\"https:\/\/www.stonecity.cz\/de\/produkt\/brunnen-mit-figur-df-08\/\" \/>\n<meta property=\"og:locale\" content=\"de_DE\" \/>\n<meta property=\"og:type\" content=\"article\" \/>\n<meta property=\"og:title\" content=\"Brunnen mit Abbildung DF-11 - Stonecity.cz\" \/>\n<meta property=\"og:description\" content=\"Springbrunnen aus Naturstein. F\u00fcr die Herstellung wurde nat\u00fcrlicher blauer Kalkstein verwendet, der Ihren Garten perfekt schm\u00fccken wird. Dieser Brunnen bringt stilvolle Eleganz in Ihren Garten und auf Ihre Terrasse. Video mit Installationsanweisungen Lehrvideo f\u00fcr die Installation II.\" \/>\n<meta property=\"og:url\" content=\"https:\/\/www.stonecity.cz\/de\/produkt\/brunnen-mit-figur-df-08\/\" \/>\n<meta property=\"og:site_name\" content=\"Stonecity.cz\" \/>\n<meta property=\"og:image\" content=\"https:\/\/www.stonecity.cz\/wp-content\/uploads\/2022\/12\/STONE-CITY-fontana-s-postavou-DF-08-2.jpg\" \/>\n\t<meta property=\"og:image:width\" content=\"768\" \/>\n\t<meta property=\"og:image:height\" content=\"1024\" \/>\n\t<meta property=\"og:image:type\" content=\"image\/jpeg\" \/>\n<meta name=\"twitter:card\" content=\"summary_large_image\" \/>\n<script type=\"application\/ld+json\" class=\"yoast-schema-graph\">{\"@context\":\"https:\/\/schema.org\",\"@graph\":[{\"@type\":\"WebPage\",\"@id\":\"https:\/\/www.stonecity.cz\/de\/produkt\/brunnen-mit-figur-df-08\/\",\"url\":\"https:\/\/www.stonecity.cz\/de\/produkt\/brunnen-mit-figur-df-08\/\",\"name\":\"Brunnen mit Abbildung DF-11 - Stonecity.cz\",\"isPartOf\":{\"@id\":\"https:\/\/www.stonecity.cz\/de\/#website\"},\"primaryImageOfPage\":{\"@id\":\"https:\/\/www.stonecity.cz\/de\/produkt\/brunnen-mit-figur-df-08\/#primaryimage\"},\"image\":{\"@id\":\"https:\/\/www.stonecity.cz\/de\/produkt\/brunnen-mit-figur-df-08\/#primaryimage\"},\"thumbnailUrl\":\"https:\/\/www.stonecity.cz\/wp-content\/uploads\/2022\/12\/STONE-CITY-fontana-s-postavou-DF-08-2.jpg\",\"datePublished\":\"2022-12-12T09:14:13+00:00\",\"breadcrumb\":{\"@id\":\"https:\/\/www.stonecity.cz\/de\/produkt\/brunnen-mit-figur-df-08\/#breadcrumb\"},\"inLanguage\":\"de\",\"potentialAction\":[{\"@type\":\"ReadAction\",\"target\":[\"https:\/\/www.stonecity.cz\/de\/produkt\/brunnen-mit-figur-df-08\/\"]}]},{\"@type\":\"ImageObject\",\"inLanguage\":\"de\",\"@id\":\"https:\/\/www.stonecity.cz\/de\/produkt\/brunnen-mit-figur-df-08\/#primaryimage\",\"url\":\"https:\/\/www.stonecity.cz\/wp-content\/uploads\/2022\/12\/STONE-CITY-fontana-s-postavou-DF-08-2.jpg\",\"contentUrl\":\"https:\/\/www.stonecity.cz\/wp-content\/uploads\/2022\/12\/STONE-CITY-fontana-s-postavou-DF-08-2.jpg\",\"width\":768,\"height\":1024},{\"@type\":\"BreadcrumbList\",\"@id\":\"https:\/\/www.stonecity.cz\/de\/produkt\/brunnen-mit-figur-df-08\/#breadcrumb\",\"itemListElement\":[{\"@type\":\"ListItem\",\"position\":1,\"name\":\"Dom\u016f\",\"item\":\"https:\/\/www.stonecity.cz\/de\/\"},{\"@type\":\"ListItem\",\"position\":2,\"name\":\"Shop\",\"item\":\"https:\/\/www.stonecity.cz\/de\/shop\/\"},{\"@type\":\"ListItem\",\"position\":3,\"name\":\"Brunnen mit Abbildung DF-11\"}]},{\"@type\":\"WebSite\",\"@id\":\"https:\/\/www.stonecity.cz\/de\/#website\",\"url\":\"https:\/\/www.stonecity.cz\/de\/\",\"name\":\"Stonecity.cz\",\"description\":\"Dla\u017eba, obklady, um\u011bl\u00fd i p\u0159\u00edrodn\u00ed k\u00e1men\",\"potentialAction\":[{\"@type\":\"SearchAction\",\"target\":{\"@type\":\"EntryPoint\",\"urlTemplate\":\"https:\/\/www.stonecity.cz\/de\/?s={search_term_string}\"},\"query-input\":{\"@type\":\"PropertyValueSpecification\",\"valueRequired\":true,\"valueName\":\"search_term_string\"}}],\"inLanguage\":\"de\"}]}<\/script>\n<!-- \/ Yoast SEO plugin. -->","yoast_head_json":{"title":"Brunnen mit Abbildung DF-11 - Stonecity.cz","robots":{"index":"index","follow":"follow","max-snippet":"max-snippet:-1","max-image-preview":"max-image-preview:large","max-video-preview":"max-video-preview:-1"},"canonical":"https:\/\/www.stonecity.cz\/de\/produkt\/brunnen-mit-figur-df-08\/","og_locale":"de_DE","og_type":"article","og_title":"Brunnen mit Abbildung DF-11 - Stonecity.cz","og_description":"Springbrunnen aus Naturstein. F\u00fcr die Herstellung wurde nat\u00fcrlicher blauer Kalkstein verwendet, der Ihren Garten perfekt schm\u00fccken wird. Dieser Brunnen bringt stilvolle Eleganz in Ihren Garten und auf Ihre Terrasse. Video mit Installationsanweisungen Lehrvideo f\u00fcr die Installation II.","og_url":"https:\/\/www.stonecity.cz\/de\/produkt\/brunnen-mit-figur-df-08\/","og_site_name":"Stonecity.cz","og_image":[{"width":768,"height":1024,"url":"https:\/\/www.stonecity.cz\/wp-content\/uploads\/2022\/12\/STONE-CITY-fontana-s-postavou-DF-08-2.jpg","type":"image\/jpeg"}],"twitter_card":"summary_large_image","schema":{"@context":"https:\/\/schema.org","@graph":[{"@type":"WebPage","@id":"https:\/\/www.stonecity.cz\/de\/produkt\/brunnen-mit-figur-df-08\/","url":"https:\/\/www.stonecity.cz\/de\/produkt\/brunnen-mit-figur-df-08\/","name":"Brunnen mit Abbildung DF-11 - Stonecity.cz","isPartOf":{"@id":"https:\/\/www.stonecity.cz\/de\/#website"},"primaryImageOfPage":{"@id":"https:\/\/www.stonecity.cz\/de\/produkt\/brunnen-mit-figur-df-08\/#primaryimage"},"image":{"@id":"https:\/\/www.stonecity.cz\/de\/produkt\/brunnen-mit-figur-df-08\/#primaryimage"},"thumbnailUrl":"https:\/\/www.stonecity.cz\/wp-content\/uploads\/2022\/12\/STONE-CITY-fontana-s-postavou-DF-08-2.jpg","datePublished":"2022-12-12T09:14:13+00:00","breadcrumb":{"@id":"https:\/\/www.stonecity.cz\/de\/produkt\/brunnen-mit-figur-df-08\/#breadcrumb"},"inLanguage":"de","potentialAction":[{"@type":"ReadAction","target":["https:\/\/www.stonecity.cz\/de\/produkt\/brunnen-mit-figur-df-08\/"]}]},{"@type":"ImageObject","inLanguage":"de","@id":"https:\/\/www.stonecity.cz\/de\/produkt\/brunnen-mit-figur-df-08\/#primaryimage","url":"https:\/\/www.stonecity.cz\/wp-content\/uploads\/2022\/12\/STONE-CITY-fontana-s-postavou-DF-08-2.jpg","contentUrl":"https:\/\/www.stonecity.cz\/wp-content\/uploads\/2022\/12\/STONE-CITY-fontana-s-postavou-DF-08-2.jpg","width":768,"height":1024},{"@type":"BreadcrumbList","@id":"https:\/\/www.stonecity.cz\/de\/produkt\/brunnen-mit-figur-df-08\/#breadcrumb","itemListElement":[{"@type":"ListItem","position":1,"name":"Dom\u016f","item":"https:\/\/www.stonecity.cz\/de\/"},{"@type":"ListItem","position":2,"name":"Shop","item":"https:\/\/www.stonecity.cz\/de\/shop\/"},{"@type":"ListItem","position":3,"name":"Brunnen mit Abbildung DF-11"}]},{"@type":"WebSite","@id":"https:\/\/www.stonecity.cz\/de\/#website","url":"https:\/\/www.stonecity.cz\/de\/","name":"Stonecity.cz","description":"Dla\u017eba, obklady, um\u011bl\u00fd i p\u0159\u00edrodn\u00ed k\u00e1men","potentialAction":[{"@type":"SearchAction","target":{"@type":"EntryPoint","urlTemplate":"https:\/\/www.stonecity.cz\/de\/?s={search_term_string}"},"query-input":{"@type":"PropertyValueSpecification","valueRequired":true,"valueName":"search_term_string"}}],"inLanguage":"de"}]}},"_links":{"self":[{"href":"https:\/\/www.stonecity.cz\/de\/wp-json\/wp\/v2\/product\/15871","targetHints":{"allow":["GET"]}}],"collection":[{"href":"https:\/\/www.stonecity.cz\/de\/wp-json\/wp\/v2\/product"}],"about":[{"href":"https:\/\/www.stonecity.cz\/de\/wp-json\/wp\/v2\/types\/product"}],"wp:featuredmedia":[{"embeddable":true,"href":"https:\/\/www.stonecity.cz\/de\/wp-json\/wp\/v2\/media\/14835"}],"wp:attachment":[{"href":"https:\/\/www.stonecity.cz\/de\/wp-json\/wp\/v2\/media?parent=15871"}],"wp:term":[{"taxonomy":"product_cat","embeddable":true,"href":"https:\/\/www.stonecity.cz\/de\/wp-json\/wp\/v2\/product_cat?post=15871"},{"taxonomy":"product_tag","embeddable":true,"href":"https:\/\/www.stonecity.cz\/de\/wp-json\/wp\/v2\/product_tag?post=15871"}],"curies":[{"name":"wp","href":"https:\/\/api.w.org\/{rel}","templated":true}]}}