{"id":15895,"date":"2022-08-19T10:43:13","date_gmt":"2022-08-19T08:43:13","guid":{"rendered":"https:\/\/www.stonecity.cz\/produkt\/komplettset-90-cm-fuer-gartenbrunnen-df-09\/"},"modified":"2022-08-19T10:43:13","modified_gmt":"2022-08-19T08:43:13","slug":"komplett-set-66-cm-fur-ersatz-fontan","status":"publish","type":"product","link":"https:\/\/www.stonecity.cz\/de\/produkt\/komplett-set-66-cm-fur-ersatz-fontan\/","title":{"rendered":"Komplettset 90 cm f\u00fcr Gartenbrunnen DF-09"},"content":{"rendered":"<p>Kompletter Zubeh\u00f6rsatz f\u00fcr den Bau eines Gartenbrunnens mit Pumpe max. Durchflussmenge 2000 L\/h. W\u00e4hlen Sie einfach den richtigen Brunnen f\u00fcr Ihre Bed\u00fcrfnisse.<\/p>\n<p>Ein Gartenbrunnen ist das einfachste Wasserspiel, das man in einem kleinen Garten aufstellen kann. Wir empfehlen, den Au\u00dfenbrunnen auf der Terrasse oder in einer entspannenden Ecke des Gartens aufzustellen. Das sprudelnde Wasser, das aus dem gebohrten Stein kommt, hat eine angenehme, beruhigende Wirkung.<\/p>\n","protected":false},"excerpt":{"rendered":"<p>Kompletter Zubeh\u00f6rsatz f\u00fcr den Bau eines Gartenbrunnens mit Pumpe max. Durchflussmenge 2000 L\/h. W\u00e4hlen Sie einfach den richtigen Brunnen f\u00fcr Ihre Bed\u00fcrfnisse. Ein Gartenbrunnen ist das einfachste Wasserspiel, das man in einem kleinen Garten aufstellen kann. Wir empfehlen, den Au\u00dfenbrunnen auf der Terrasse oder in einer entspannenden Ecke des Gartens aufzustellen. Das sprudelnde Wasser, das [&#8230;]\n","protected":false},"featured_media":14684,"template":"","meta":[],"product_cat":[1995],"product_tag":[1841,1840],"class_list":{"0":"post-15895","1":"product","2":"type-product","3":"status-publish","4":"has-post-thumbnail","6":"product_cat-steinfontaenen","7":"product_tag-fur-den-garten-geeignet-de","8":"product_tag-geeignet-fur-die-terrasse","10":"first","11":"instock","12":"taxable","13":"shipping-taxable","14":"purchasable","15":"product-type-simple"},"yoast_head":"<!-- This site is optimized with the Yoast SEO plugin v26.8 - https:\/\/yoast.com\/product\/yoast-seo-wordpress\/ -->\n<title>Komplettset 90 cm f\u00fcr Gartenbrunnen DF-09 - Stonecity.cz<\/title>\n<meta name=\"robots\" content=\"index, follow, max-snippet:-1, max-image-preview:large, max-video-preview:-1\" \/>\n<link rel=\"canonical\" href=\"https:\/\/www.stonecity.cz\/de\/produkt\/komplett-set-66-cm-fur-ersatz-fontan\/\" \/>\n<meta property=\"og:locale\" content=\"de_DE\" \/>\n<meta property=\"og:type\" content=\"article\" \/>\n<meta property=\"og:title\" content=\"Komplettset 90 cm f\u00fcr Gartenbrunnen DF-09 - Stonecity.cz\" \/>\n<meta property=\"og:description\" content=\"Kompletter Zubeh\u00f6rsatz f\u00fcr den Bau eines Gartenbrunnens mit Pumpe max. Durchflussmenge 2000 L\/h. W\u00e4hlen Sie einfach den richtigen Brunnen f\u00fcr Ihre Bed\u00fcrfnisse. Ein Gartenbrunnen ist das einfachste Wasserspiel, das man in einem kleinen Garten aufstellen kann. Wir empfehlen, den Au\u00dfenbrunnen auf der Terrasse oder in einer entspannenden Ecke des Gartens aufzustellen. Das sprudelnde Wasser, das [...]\" \/>\n<meta property=\"og:url\" content=\"https:\/\/www.stonecity.cz\/de\/produkt\/komplett-set-66-cm-fur-ersatz-fontan\/\" \/>\n<meta property=\"og:site_name\" content=\"Stonecity.cz\" \/>\n<meta property=\"og:image\" content=\"https:\/\/www.stonecity.cz\/wp-content\/uploads\/2022\/08\/6372.jpg\" \/>\n\t<meta property=\"og:image:width\" content=\"750\" \/>\n\t<meta property=\"og:image:height\" content=\"750\" \/>\n\t<meta property=\"og:image:type\" content=\"image\/jpeg\" \/>\n<meta name=\"twitter:card\" content=\"summary_large_image\" \/>\n<script type=\"application\/ld+json\" class=\"yoast-schema-graph\">{\"@context\":\"https:\/\/schema.org\",\"@graph\":[{\"@type\":\"WebPage\",\"@id\":\"https:\/\/www.stonecity.cz\/de\/produkt\/komplett-set-66-cm-fur-ersatz-fontan\/\",\"url\":\"https:\/\/www.stonecity.cz\/de\/produkt\/komplett-set-66-cm-fur-ersatz-fontan\/\",\"name\":\"Komplettset 90 cm f\u00fcr Gartenbrunnen DF-09 - Stonecity.cz\",\"isPartOf\":{\"@id\":\"https:\/\/www.stonecity.cz\/de\/#website\"},\"primaryImageOfPage\":{\"@id\":\"https:\/\/www.stonecity.cz\/de\/produkt\/komplett-set-66-cm-fur-ersatz-fontan\/#primaryimage\"},\"image\":{\"@id\":\"https:\/\/www.stonecity.cz\/de\/produkt\/komplett-set-66-cm-fur-ersatz-fontan\/#primaryimage\"},\"thumbnailUrl\":\"https:\/\/www.stonecity.cz\/wp-content\/uploads\/2022\/08\/6372.jpg\",\"datePublished\":\"2022-08-19T08:43:13+00:00\",\"breadcrumb\":{\"@id\":\"https:\/\/www.stonecity.cz\/de\/produkt\/komplett-set-66-cm-fur-ersatz-fontan\/#breadcrumb\"},\"inLanguage\":\"de\",\"potentialAction\":[{\"@type\":\"ReadAction\",\"target\":[\"https:\/\/www.stonecity.cz\/de\/produkt\/komplett-set-66-cm-fur-ersatz-fontan\/\"]}]},{\"@type\":\"ImageObject\",\"inLanguage\":\"de\",\"@id\":\"https:\/\/www.stonecity.cz\/de\/produkt\/komplett-set-66-cm-fur-ersatz-fontan\/#primaryimage\",\"url\":\"https:\/\/www.stonecity.cz\/wp-content\/uploads\/2022\/08\/6372.jpg\",\"contentUrl\":\"https:\/\/www.stonecity.cz\/wp-content\/uploads\/2022\/08\/6372.jpg\",\"width\":750,\"height\":750},{\"@type\":\"BreadcrumbList\",\"@id\":\"https:\/\/www.stonecity.cz\/de\/produkt\/komplett-set-66-cm-fur-ersatz-fontan\/#breadcrumb\",\"itemListElement\":[{\"@type\":\"ListItem\",\"position\":1,\"name\":\"Dom\u016f\",\"item\":\"https:\/\/www.stonecity.cz\/de\/\"},{\"@type\":\"ListItem\",\"position\":2,\"name\":\"Shop\",\"item\":\"https:\/\/www.stonecity.cz\/de\/shop\/\"},{\"@type\":\"ListItem\",\"position\":3,\"name\":\"Komplettset 90 cm f\u00fcr Gartenbrunnen DF-09\"}]},{\"@type\":\"WebSite\",\"@id\":\"https:\/\/www.stonecity.cz\/de\/#website\",\"url\":\"https:\/\/www.stonecity.cz\/de\/\",\"name\":\"Stonecity.cz\",\"description\":\"Dla\u017eba, obklady, um\u011bl\u00fd i p\u0159\u00edrodn\u00ed k\u00e1men\",\"potentialAction\":[{\"@type\":\"SearchAction\",\"target\":{\"@type\":\"EntryPoint\",\"urlTemplate\":\"https:\/\/www.stonecity.cz\/de\/?s={search_term_string}\"},\"query-input\":{\"@type\":\"PropertyValueSpecification\",\"valueRequired\":true,\"valueName\":\"search_term_string\"}}],\"inLanguage\":\"de\"}]}<\/script>\n<!-- \/ Yoast SEO plugin. -->","yoast_head_json":{"title":"Komplettset 90 cm f\u00fcr Gartenbrunnen DF-09 - Stonecity.cz","robots":{"index":"index","follow":"follow","max-snippet":"max-snippet:-1","max-image-preview":"max-image-preview:large","max-video-preview":"max-video-preview:-1"},"canonical":"https:\/\/www.stonecity.cz\/de\/produkt\/komplett-set-66-cm-fur-ersatz-fontan\/","og_locale":"de_DE","og_type":"article","og_title":"Komplettset 90 cm f\u00fcr Gartenbrunnen DF-09 - Stonecity.cz","og_description":"Kompletter Zubeh\u00f6rsatz f\u00fcr den Bau eines Gartenbrunnens mit Pumpe max. Durchflussmenge 2000 L\/h. W\u00e4hlen Sie einfach den richtigen Brunnen f\u00fcr Ihre Bed\u00fcrfnisse. Ein Gartenbrunnen ist das einfachste Wasserspiel, das man in einem kleinen Garten aufstellen kann. Wir empfehlen, den Au\u00dfenbrunnen auf der Terrasse oder in einer entspannenden Ecke des Gartens aufzustellen. Das sprudelnde Wasser, das [...]","og_url":"https:\/\/www.stonecity.cz\/de\/produkt\/komplett-set-66-cm-fur-ersatz-fontan\/","og_site_name":"Stonecity.cz","og_image":[{"width":750,"height":750,"url":"https:\/\/www.stonecity.cz\/wp-content\/uploads\/2022\/08\/6372.jpg","type":"image\/jpeg"}],"twitter_card":"summary_large_image","schema":{"@context":"https:\/\/schema.org","@graph":[{"@type":"WebPage","@id":"https:\/\/www.stonecity.cz\/de\/produkt\/komplett-set-66-cm-fur-ersatz-fontan\/","url":"https:\/\/www.stonecity.cz\/de\/produkt\/komplett-set-66-cm-fur-ersatz-fontan\/","name":"Komplettset 90 cm f\u00fcr Gartenbrunnen DF-09 - Stonecity.cz","isPartOf":{"@id":"https:\/\/www.stonecity.cz\/de\/#website"},"primaryImageOfPage":{"@id":"https:\/\/www.stonecity.cz\/de\/produkt\/komplett-set-66-cm-fur-ersatz-fontan\/#primaryimage"},"image":{"@id":"https:\/\/www.stonecity.cz\/de\/produkt\/komplett-set-66-cm-fur-ersatz-fontan\/#primaryimage"},"thumbnailUrl":"https:\/\/www.stonecity.cz\/wp-content\/uploads\/2022\/08\/6372.jpg","datePublished":"2022-08-19T08:43:13+00:00","breadcrumb":{"@id":"https:\/\/www.stonecity.cz\/de\/produkt\/komplett-set-66-cm-fur-ersatz-fontan\/#breadcrumb"},"inLanguage":"de","potentialAction":[{"@type":"ReadAction","target":["https:\/\/www.stonecity.cz\/de\/produkt\/komplett-set-66-cm-fur-ersatz-fontan\/"]}]},{"@type":"ImageObject","inLanguage":"de","@id":"https:\/\/www.stonecity.cz\/de\/produkt\/komplett-set-66-cm-fur-ersatz-fontan\/#primaryimage","url":"https:\/\/www.stonecity.cz\/wp-content\/uploads\/2022\/08\/6372.jpg","contentUrl":"https:\/\/www.stonecity.cz\/wp-content\/uploads\/2022\/08\/6372.jpg","width":750,"height":750},{"@type":"BreadcrumbList","@id":"https:\/\/www.stonecity.cz\/de\/produkt\/komplett-set-66-cm-fur-ersatz-fontan\/#breadcrumb","itemListElement":[{"@type":"ListItem","position":1,"name":"Dom\u016f","item":"https:\/\/www.stonecity.cz\/de\/"},{"@type":"ListItem","position":2,"name":"Shop","item":"https:\/\/www.stonecity.cz\/de\/shop\/"},{"@type":"ListItem","position":3,"name":"Komplettset 90 cm f\u00fcr Gartenbrunnen DF-09"}]},{"@type":"WebSite","@id":"https:\/\/www.stonecity.cz\/de\/#website","url":"https:\/\/www.stonecity.cz\/de\/","name":"Stonecity.cz","description":"Dla\u017eba, obklady, um\u011bl\u00fd i p\u0159\u00edrodn\u00ed k\u00e1men","potentialAction":[{"@type":"SearchAction","target":{"@type":"EntryPoint","urlTemplate":"https:\/\/www.stonecity.cz\/de\/?s={search_term_string}"},"query-input":{"@type":"PropertyValueSpecification","valueRequired":true,"valueName":"search_term_string"}}],"inLanguage":"de"}]}},"_links":{"self":[{"href":"https:\/\/www.stonecity.cz\/de\/wp-json\/wp\/v2\/product\/15895","targetHints":{"allow":["GET"]}}],"collection":[{"href":"https:\/\/www.stonecity.cz\/de\/wp-json\/wp\/v2\/product"}],"about":[{"href":"https:\/\/www.stonecity.cz\/de\/wp-json\/wp\/v2\/types\/product"}],"wp:featuredmedia":[{"embeddable":true,"href":"https:\/\/www.stonecity.cz\/de\/wp-json\/wp\/v2\/media\/14684"}],"wp:attachment":[{"href":"https:\/\/www.stonecity.cz\/de\/wp-json\/wp\/v2\/media?parent=15895"}],"wp:term":[{"taxonomy":"product_cat","embeddable":true,"href":"https:\/\/www.stonecity.cz\/de\/wp-json\/wp\/v2\/product_cat?post=15895"},{"taxonomy":"product_tag","embeddable":true,"href":"https:\/\/www.stonecity.cz\/de\/wp-json\/wp\/v2\/product_tag?post=15895"}],"curies":[{"name":"wp","href":"https:\/\/api.w.org\/{rel}","templated":true}]}}