{"id":15899,"date":"2022-11-28T13:50:43","date_gmt":"2022-11-28T12:50:43","guid":{"rendered":"https:\/\/www.stonecity.cz\/produkt\/steinmosaik-kieselsteine-schwarz-kmp-02\/"},"modified":"2022-11-28T13:50:43","modified_gmt":"2022-11-28T12:50:43","slug":"stein-mosaik-kieselsteine-schwarz-kmp-02","status":"publish","type":"product","link":"https:\/\/www.stonecity.cz\/de\/produkt\/stein-mosaik-kieselsteine-schwarz-kmp-02\/","title":{"rendered":"Steinmosaik Kieselsteine schwarz KMP-02"},"content":{"rendered":"<p>Die Mosaikkiesel stammen von verschiedenen Inseln und Str\u00e4nden Indonesiens.<br \/>\nJeder Kieselstein wird sorgf\u00e4ltig von Hand ausgesucht. Die Kieselsteine werden dann auf ein Vinylnetz gestapelt.<\/p>\n<p>Die einzelnen Steine gehen durch die H\u00e4nde mehrerer erfahrener indonesischer Handwerker, um die exakte Form, Gr\u00f6\u00dfe und Dicke zu erreichen und sich zu einem perfekten Mosaik zusammenzuf\u00fcgen.<\/p>\n<p>Die ganzen Muster passen zusammen und erm\u00f6glichen eine einfache Installation. Es ist also nicht klar, wo die Muster beginnen und wo sie enden.<\/p>\n<p>Aufgeklebtes Netz 30\u00d730 cm<\/p>\n<p>Verkauft in St\u00fccken (1St\u00fcck = 0,09m2 = 2kg)<\/p>\n<p>Packung mit 12 St\u00fcck = 1,08m2<\/p>\n<p>1m2 = 22kg<\/p>\n","protected":false},"excerpt":{"rendered":"<p>&nbsp;<\/p>\n<p>&nbsp;<\/p>\n","protected":false},"featured_media":14753,"template":"","meta":[],"product_cat":[1983],"product_tag":[1839,1835,1836,1840,1834,1837,1838],"class_list":{"0":"post-15899","1":"product","2":"type-product","3":"status-publish","4":"has-post-thumbnail","6":"product_cat-steinmosaik","7":"product_tag-fur-den-garten-geeignet","8":"product_tag-geeignet-fur-das-badezimmer","9":"product_tag-geeignet-fur-die-kuche","10":"product_tag-geeignet-fur-die-terrasse","11":"product_tag-geeignet-fur-innenraume","12":"product_tag-geeignet-fur-sauna","13":"product_tag-geeignet-fur-wellness","14":"pa_baleni-108m2-de","15":"pa_baleni-12-stuck","16":"pa_barva-schwarz","17":"pa_poznamka-aufgeklebtes-netz-30x30-cm","18":"pa_poznamka-verkauf-nach-stucken","20":"first","21":"instock","22":"taxable","23":"shipping-taxable","24":"purchasable","25":"product-type-simple"},"yoast_head":"<!-- This site is optimized with the Yoast SEO plugin v26.8 - https:\/\/yoast.com\/product\/yoast-seo-wordpress\/ -->\n<title>Steinmosaik Kieselsteine schwarz KMP-02 - Stonecity.cz<\/title>\n<meta name=\"robots\" content=\"index, follow, max-snippet:-1, max-image-preview:large, max-video-preview:-1\" \/>\n<link rel=\"canonical\" href=\"https:\/\/www.stonecity.cz\/de\/produkt\/stein-mosaik-kieselsteine-schwarz-kmp-02\/\" \/>\n<meta property=\"og:locale\" content=\"de_DE\" \/>\n<meta property=\"og:type\" content=\"article\" \/>\n<meta property=\"og:title\" content=\"Steinmosaik Kieselsteine schwarz KMP-02 - Stonecity.cz\" \/>\n<meta property=\"og:description\" content=\"&nbsp; &nbsp;\" \/>\n<meta property=\"og:url\" content=\"https:\/\/www.stonecity.cz\/de\/produkt\/stein-mosaik-kieselsteine-schwarz-kmp-02\/\" \/>\n<meta property=\"og:site_name\" content=\"Stonecity.cz\" \/>\n<meta property=\"og:image\" content=\"https:\/\/www.stonecity.cz\/wp-content\/uploads\/2022\/11\/JCH13498M.jpg\" \/>\n\t<meta property=\"og:image:width\" content=\"1800\" \/>\n\t<meta property=\"og:image:height\" content=\"1625\" \/>\n\t<meta property=\"og:image:type\" content=\"image\/jpeg\" \/>\n<meta name=\"twitter:card\" content=\"summary_large_image\" \/>\n<script type=\"application\/ld+json\" class=\"yoast-schema-graph\">{\"@context\":\"https:\/\/schema.org\",\"@graph\":[{\"@type\":\"WebPage\",\"@id\":\"https:\/\/www.stonecity.cz\/de\/produkt\/stein-mosaik-kieselsteine-schwarz-kmp-02\/\",\"url\":\"https:\/\/www.stonecity.cz\/de\/produkt\/stein-mosaik-kieselsteine-schwarz-kmp-02\/\",\"name\":\"Steinmosaik Kieselsteine schwarz KMP-02 - Stonecity.cz\",\"isPartOf\":{\"@id\":\"https:\/\/www.stonecity.cz\/de\/#website\"},\"primaryImageOfPage\":{\"@id\":\"https:\/\/www.stonecity.cz\/de\/produkt\/stein-mosaik-kieselsteine-schwarz-kmp-02\/#primaryimage\"},\"image\":{\"@id\":\"https:\/\/www.stonecity.cz\/de\/produkt\/stein-mosaik-kieselsteine-schwarz-kmp-02\/#primaryimage\"},\"thumbnailUrl\":\"https:\/\/www.stonecity.cz\/wp-content\/uploads\/2022\/11\/JCH13498M.jpg\",\"datePublished\":\"2022-11-28T12:50:43+00:00\",\"breadcrumb\":{\"@id\":\"https:\/\/www.stonecity.cz\/de\/produkt\/stein-mosaik-kieselsteine-schwarz-kmp-02\/#breadcrumb\"},\"inLanguage\":\"de\",\"potentialAction\":[{\"@type\":\"ReadAction\",\"target\":[\"https:\/\/www.stonecity.cz\/de\/produkt\/stein-mosaik-kieselsteine-schwarz-kmp-02\/\"]}]},{\"@type\":\"ImageObject\",\"inLanguage\":\"de\",\"@id\":\"https:\/\/www.stonecity.cz\/de\/produkt\/stein-mosaik-kieselsteine-schwarz-kmp-02\/#primaryimage\",\"url\":\"https:\/\/www.stonecity.cz\/wp-content\/uploads\/2022\/11\/JCH13498M.jpg\",\"contentUrl\":\"https:\/\/www.stonecity.cz\/wp-content\/uploads\/2022\/11\/JCH13498M.jpg\",\"width\":1800,\"height\":1625},{\"@type\":\"BreadcrumbList\",\"@id\":\"https:\/\/www.stonecity.cz\/de\/produkt\/stein-mosaik-kieselsteine-schwarz-kmp-02\/#breadcrumb\",\"itemListElement\":[{\"@type\":\"ListItem\",\"position\":1,\"name\":\"Dom\u016f\",\"item\":\"https:\/\/www.stonecity.cz\/de\/\"},{\"@type\":\"ListItem\",\"position\":2,\"name\":\"Shop\",\"item\":\"https:\/\/www.stonecity.cz\/de\/shop\/\"},{\"@type\":\"ListItem\",\"position\":3,\"name\":\"Steinmosaik Kieselsteine schwarz KMP-02\"}]},{\"@type\":\"WebSite\",\"@id\":\"https:\/\/www.stonecity.cz\/de\/#website\",\"url\":\"https:\/\/www.stonecity.cz\/de\/\",\"name\":\"Stonecity.cz\",\"description\":\"Dla\u017eba, obklady, um\u011bl\u00fd i p\u0159\u00edrodn\u00ed k\u00e1men\",\"potentialAction\":[{\"@type\":\"SearchAction\",\"target\":{\"@type\":\"EntryPoint\",\"urlTemplate\":\"https:\/\/www.stonecity.cz\/de\/?s={search_term_string}\"},\"query-input\":{\"@type\":\"PropertyValueSpecification\",\"valueRequired\":true,\"valueName\":\"search_term_string\"}}],\"inLanguage\":\"de\"}]}<\/script>\n<!-- \/ Yoast SEO plugin. -->","yoast_head_json":{"title":"Steinmosaik Kieselsteine schwarz KMP-02 - Stonecity.cz","robots":{"index":"index","follow":"follow","max-snippet":"max-snippet:-1","max-image-preview":"max-image-preview:large","max-video-preview":"max-video-preview:-1"},"canonical":"https:\/\/www.stonecity.cz\/de\/produkt\/stein-mosaik-kieselsteine-schwarz-kmp-02\/","og_locale":"de_DE","og_type":"article","og_title":"Steinmosaik Kieselsteine schwarz KMP-02 - Stonecity.cz","og_description":"&nbsp; &nbsp;","og_url":"https:\/\/www.stonecity.cz\/de\/produkt\/stein-mosaik-kieselsteine-schwarz-kmp-02\/","og_site_name":"Stonecity.cz","og_image":[{"width":1800,"height":1625,"url":"https:\/\/www.stonecity.cz\/wp-content\/uploads\/2022\/11\/JCH13498M.jpg","type":"image\/jpeg"}],"twitter_card":"summary_large_image","schema":{"@context":"https:\/\/schema.org","@graph":[{"@type":"WebPage","@id":"https:\/\/www.stonecity.cz\/de\/produkt\/stein-mosaik-kieselsteine-schwarz-kmp-02\/","url":"https:\/\/www.stonecity.cz\/de\/produkt\/stein-mosaik-kieselsteine-schwarz-kmp-02\/","name":"Steinmosaik Kieselsteine schwarz KMP-02 - Stonecity.cz","isPartOf":{"@id":"https:\/\/www.stonecity.cz\/de\/#website"},"primaryImageOfPage":{"@id":"https:\/\/www.stonecity.cz\/de\/produkt\/stein-mosaik-kieselsteine-schwarz-kmp-02\/#primaryimage"},"image":{"@id":"https:\/\/www.stonecity.cz\/de\/produkt\/stein-mosaik-kieselsteine-schwarz-kmp-02\/#primaryimage"},"thumbnailUrl":"https:\/\/www.stonecity.cz\/wp-content\/uploads\/2022\/11\/JCH13498M.jpg","datePublished":"2022-11-28T12:50:43+00:00","breadcrumb":{"@id":"https:\/\/www.stonecity.cz\/de\/produkt\/stein-mosaik-kieselsteine-schwarz-kmp-02\/#breadcrumb"},"inLanguage":"de","potentialAction":[{"@type":"ReadAction","target":["https:\/\/www.stonecity.cz\/de\/produkt\/stein-mosaik-kieselsteine-schwarz-kmp-02\/"]}]},{"@type":"ImageObject","inLanguage":"de","@id":"https:\/\/www.stonecity.cz\/de\/produkt\/stein-mosaik-kieselsteine-schwarz-kmp-02\/#primaryimage","url":"https:\/\/www.stonecity.cz\/wp-content\/uploads\/2022\/11\/JCH13498M.jpg","contentUrl":"https:\/\/www.stonecity.cz\/wp-content\/uploads\/2022\/11\/JCH13498M.jpg","width":1800,"height":1625},{"@type":"BreadcrumbList","@id":"https:\/\/www.stonecity.cz\/de\/produkt\/stein-mosaik-kieselsteine-schwarz-kmp-02\/#breadcrumb","itemListElement":[{"@type":"ListItem","position":1,"name":"Dom\u016f","item":"https:\/\/www.stonecity.cz\/de\/"},{"@type":"ListItem","position":2,"name":"Shop","item":"https:\/\/www.stonecity.cz\/de\/shop\/"},{"@type":"ListItem","position":3,"name":"Steinmosaik Kieselsteine schwarz KMP-02"}]},{"@type":"WebSite","@id":"https:\/\/www.stonecity.cz\/de\/#website","url":"https:\/\/www.stonecity.cz\/de\/","name":"Stonecity.cz","description":"Dla\u017eba, obklady, um\u011bl\u00fd i p\u0159\u00edrodn\u00ed k\u00e1men","potentialAction":[{"@type":"SearchAction","target":{"@type":"EntryPoint","urlTemplate":"https:\/\/www.stonecity.cz\/de\/?s={search_term_string}"},"query-input":{"@type":"PropertyValueSpecification","valueRequired":true,"valueName":"search_term_string"}}],"inLanguage":"de"}]}},"_links":{"self":[{"href":"https:\/\/www.stonecity.cz\/de\/wp-json\/wp\/v2\/product\/15899","targetHints":{"allow":["GET"]}}],"collection":[{"href":"https:\/\/www.stonecity.cz\/de\/wp-json\/wp\/v2\/product"}],"about":[{"href":"https:\/\/www.stonecity.cz\/de\/wp-json\/wp\/v2\/types\/product"}],"wp:featuredmedia":[{"embeddable":true,"href":"https:\/\/www.stonecity.cz\/de\/wp-json\/wp\/v2\/media\/14753"}],"wp:attachment":[{"href":"https:\/\/www.stonecity.cz\/de\/wp-json\/wp\/v2\/media?parent=15899"}],"wp:term":[{"taxonomy":"product_cat","embeddable":true,"href":"https:\/\/www.stonecity.cz\/de\/wp-json\/wp\/v2\/product_cat?post=15899"},{"taxonomy":"product_tag","embeddable":true,"href":"https:\/\/www.stonecity.cz\/de\/wp-json\/wp\/v2\/product_tag?post=15899"}],"curies":[{"name":"wp","href":"https:\/\/api.w.org\/{rel}","templated":true}]}}