{"id":15900,"date":"2022-05-06T13:59:21","date_gmt":"2022-05-06T11:59:21","guid":{"rendered":"https:\/\/www.stonecity.cz\/produkt\/casioli-qua-33-steinfliese\/"},"modified":"2025-04-17T16:29:31","modified_gmt":"2025-04-17T14:29:31","slug":"stein-kasioli-qua-33","status":"publish","type":"product","link":"https:\/\/www.stonecity.cz\/de\/produkt\/stein-kasioli-qua-33\/","title":{"rendered":"Casioli QUA-33 Steinfliese"},"content":{"rendered":"<p><span class=\"tlid-translation translation\"><span title=\"\">Steinfliese Casioli &#8211; gro\u00dfartig <\/span><\/span><span class=\"tlid-translation translation\"><span title=\"\"><br \/>\nBei einer Dicke von 3-5 cm ist die rohe nat\u00fcrliche Oberfl\u00e4che des Steins sch\u00f6n und deutlich sichtbar.<\/span><\/span><\/p>\n<p>Verpackungskarton 12m2 inklusive Fugen. Bei einer Verlegung im Schlag (ohne Fugen &#8211; je nach Verlegeart) ergeben sich ca. 9m2<\/p>\n","protected":false},"excerpt":{"rendered":"<p>Steinfliese Casioli &#8211; gro\u00dfartig Bei einer Dicke von 3-5 cm ist die rohe nat\u00fcrliche Oberfl\u00e4che des Steins sch\u00f6n und deutlich sichtbar. Verpackungskarton 12m2 inklusive Fugen. Bei einer Verlegung im Schlag (ohne Fugen &#8211; je nach Verlegeart) ergeben sich ca. 9m2<\/p>\n","protected":false},"featured_media":14650,"template":"","meta":[],"product_cat":[2041,2033,2049],"product_tag":[1833,1834],"class_list":{"0":"post-15900","1":"product","2":"type-product","3":"status-publish","4":"has-post-thumbnail","6":"product_cat-verblendsteine","7":"product_cat-naturstein-de","8":"product_cat-marmor","9":"product_tag-fur-den-ausenbereich-geeignet","10":"product_tag-geeignet-fur-innenraume","12":"first","13":"instock","14":"taxable","15":"shipping-taxable","16":"purchasable","17":"product-type-simple"},"yoast_head":"<!-- This site is optimized with the Yoast SEO plugin v26.8 - https:\/\/yoast.com\/product\/yoast-seo-wordpress\/ -->\n<title>Casioli QUA-33 Steinfliese - Stonecity.cz<\/title>\n<meta name=\"robots\" content=\"index, follow, max-snippet:-1, max-image-preview:large, max-video-preview:-1\" \/>\n<link rel=\"canonical\" href=\"https:\/\/www.stonecity.cz\/de\/produkt\/stein-kasioli-qua-33\/\" \/>\n<meta property=\"og:locale\" content=\"de_DE\" \/>\n<meta property=\"og:type\" content=\"article\" \/>\n<meta property=\"og:title\" content=\"Casioli QUA-33 Steinfliese - Stonecity.cz\" \/>\n<meta property=\"og:description\" content=\"Steinfliese Casioli &#8211; gro\u00dfartig Bei einer Dicke von 3-5 cm ist die rohe nat\u00fcrliche Oberfl\u00e4che des Steins sch\u00f6n und deutlich sichtbar. Verpackungskarton 12m2 inklusive Fugen. Bei einer Verlegung im Schlag (ohne Fugen &#8211; je nach Verlegeart) ergeben sich ca. 9m2\" \/>\n<meta property=\"og:url\" content=\"https:\/\/www.stonecity.cz\/de\/produkt\/stein-kasioli-qua-33\/\" \/>\n<meta property=\"og:site_name\" content=\"Stonecity.cz\" \/>\n<meta property=\"article:modified_time\" content=\"2025-04-17T14:29:31+00:00\" \/>\n<meta property=\"og:image\" content=\"https:\/\/www.stonecity.cz\/wp-content\/uploads\/2022\/05\/QUA-33.jpg\" \/>\n\t<meta property=\"og:image:width\" content=\"1000\" \/>\n\t<meta property=\"og:image:height\" content=\"689\" \/>\n\t<meta property=\"og:image:type\" content=\"image\/jpeg\" \/>\n<meta name=\"twitter:card\" content=\"summary_large_image\" \/>\n<script type=\"application\/ld+json\" class=\"yoast-schema-graph\">{\"@context\":\"https:\/\/schema.org\",\"@graph\":[{\"@type\":\"WebPage\",\"@id\":\"https:\/\/www.stonecity.cz\/de\/produkt\/stein-kasioli-qua-33\/\",\"url\":\"https:\/\/www.stonecity.cz\/de\/produkt\/stein-kasioli-qua-33\/\",\"name\":\"Casioli QUA-33 Steinfliese - Stonecity.cz\",\"isPartOf\":{\"@id\":\"https:\/\/www.stonecity.cz\/de\/#website\"},\"primaryImageOfPage\":{\"@id\":\"https:\/\/www.stonecity.cz\/de\/produkt\/stein-kasioli-qua-33\/#primaryimage\"},\"image\":{\"@id\":\"https:\/\/www.stonecity.cz\/de\/produkt\/stein-kasioli-qua-33\/#primaryimage\"},\"thumbnailUrl\":\"https:\/\/www.stonecity.cz\/wp-content\/uploads\/2022\/05\/QUA-33.jpg\",\"datePublished\":\"2022-05-06T11:59:21+00:00\",\"dateModified\":\"2025-04-17T14:29:31+00:00\",\"breadcrumb\":{\"@id\":\"https:\/\/www.stonecity.cz\/de\/produkt\/stein-kasioli-qua-33\/#breadcrumb\"},\"inLanguage\":\"de\",\"potentialAction\":[{\"@type\":\"ReadAction\",\"target\":[\"https:\/\/www.stonecity.cz\/de\/produkt\/stein-kasioli-qua-33\/\"]}]},{\"@type\":\"ImageObject\",\"inLanguage\":\"de\",\"@id\":\"https:\/\/www.stonecity.cz\/de\/produkt\/stein-kasioli-qua-33\/#primaryimage\",\"url\":\"https:\/\/www.stonecity.cz\/wp-content\/uploads\/2022\/05\/QUA-33.jpg\",\"contentUrl\":\"https:\/\/www.stonecity.cz\/wp-content\/uploads\/2022\/05\/QUA-33.jpg\",\"width\":1000,\"height\":689},{\"@type\":\"BreadcrumbList\",\"@id\":\"https:\/\/www.stonecity.cz\/de\/produkt\/stein-kasioli-qua-33\/#breadcrumb\",\"itemListElement\":[{\"@type\":\"ListItem\",\"position\":1,\"name\":\"Dom\u016f\",\"item\":\"https:\/\/www.stonecity.cz\/de\/\"},{\"@type\":\"ListItem\",\"position\":2,\"name\":\"Shop\",\"item\":\"https:\/\/www.stonecity.cz\/de\/shop\/\"},{\"@type\":\"ListItem\",\"position\":3,\"name\":\"Casioli QUA-33 Steinfliese\"}]},{\"@type\":\"WebSite\",\"@id\":\"https:\/\/www.stonecity.cz\/de\/#website\",\"url\":\"https:\/\/www.stonecity.cz\/de\/\",\"name\":\"Stonecity.cz\",\"description\":\"Dla\u017eba, obklady, um\u011bl\u00fd i p\u0159\u00edrodn\u00ed k\u00e1men\",\"potentialAction\":[{\"@type\":\"SearchAction\",\"target\":{\"@type\":\"EntryPoint\",\"urlTemplate\":\"https:\/\/www.stonecity.cz\/de\/?s={search_term_string}\"},\"query-input\":{\"@type\":\"PropertyValueSpecification\",\"valueRequired\":true,\"valueName\":\"search_term_string\"}}],\"inLanguage\":\"de\"}]}<\/script>\n<!-- \/ Yoast SEO plugin. -->","yoast_head_json":{"title":"Casioli QUA-33 Steinfliese - Stonecity.cz","robots":{"index":"index","follow":"follow","max-snippet":"max-snippet:-1","max-image-preview":"max-image-preview:large","max-video-preview":"max-video-preview:-1"},"canonical":"https:\/\/www.stonecity.cz\/de\/produkt\/stein-kasioli-qua-33\/","og_locale":"de_DE","og_type":"article","og_title":"Casioli QUA-33 Steinfliese - Stonecity.cz","og_description":"Steinfliese Casioli &#8211; gro\u00dfartig Bei einer Dicke von 3-5 cm ist die rohe nat\u00fcrliche Oberfl\u00e4che des Steins sch\u00f6n und deutlich sichtbar. Verpackungskarton 12m2 inklusive Fugen. Bei einer Verlegung im Schlag (ohne Fugen &#8211; je nach Verlegeart) ergeben sich ca. 9m2","og_url":"https:\/\/www.stonecity.cz\/de\/produkt\/stein-kasioli-qua-33\/","og_site_name":"Stonecity.cz","article_modified_time":"2025-04-17T14:29:31+00:00","og_image":[{"width":1000,"height":689,"url":"https:\/\/www.stonecity.cz\/wp-content\/uploads\/2022\/05\/QUA-33.jpg","type":"image\/jpeg"}],"twitter_card":"summary_large_image","schema":{"@context":"https:\/\/schema.org","@graph":[{"@type":"WebPage","@id":"https:\/\/www.stonecity.cz\/de\/produkt\/stein-kasioli-qua-33\/","url":"https:\/\/www.stonecity.cz\/de\/produkt\/stein-kasioli-qua-33\/","name":"Casioli QUA-33 Steinfliese - Stonecity.cz","isPartOf":{"@id":"https:\/\/www.stonecity.cz\/de\/#website"},"primaryImageOfPage":{"@id":"https:\/\/www.stonecity.cz\/de\/produkt\/stein-kasioli-qua-33\/#primaryimage"},"image":{"@id":"https:\/\/www.stonecity.cz\/de\/produkt\/stein-kasioli-qua-33\/#primaryimage"},"thumbnailUrl":"https:\/\/www.stonecity.cz\/wp-content\/uploads\/2022\/05\/QUA-33.jpg","datePublished":"2022-05-06T11:59:21+00:00","dateModified":"2025-04-17T14:29:31+00:00","breadcrumb":{"@id":"https:\/\/www.stonecity.cz\/de\/produkt\/stein-kasioli-qua-33\/#breadcrumb"},"inLanguage":"de","potentialAction":[{"@type":"ReadAction","target":["https:\/\/www.stonecity.cz\/de\/produkt\/stein-kasioli-qua-33\/"]}]},{"@type":"ImageObject","inLanguage":"de","@id":"https:\/\/www.stonecity.cz\/de\/produkt\/stein-kasioli-qua-33\/#primaryimage","url":"https:\/\/www.stonecity.cz\/wp-content\/uploads\/2022\/05\/QUA-33.jpg","contentUrl":"https:\/\/www.stonecity.cz\/wp-content\/uploads\/2022\/05\/QUA-33.jpg","width":1000,"height":689},{"@type":"BreadcrumbList","@id":"https:\/\/www.stonecity.cz\/de\/produkt\/stein-kasioli-qua-33\/#breadcrumb","itemListElement":[{"@type":"ListItem","position":1,"name":"Dom\u016f","item":"https:\/\/www.stonecity.cz\/de\/"},{"@type":"ListItem","position":2,"name":"Shop","item":"https:\/\/www.stonecity.cz\/de\/shop\/"},{"@type":"ListItem","position":3,"name":"Casioli QUA-33 Steinfliese"}]},{"@type":"WebSite","@id":"https:\/\/www.stonecity.cz\/de\/#website","url":"https:\/\/www.stonecity.cz\/de\/","name":"Stonecity.cz","description":"Dla\u017eba, obklady, um\u011bl\u00fd i p\u0159\u00edrodn\u00ed k\u00e1men","potentialAction":[{"@type":"SearchAction","target":{"@type":"EntryPoint","urlTemplate":"https:\/\/www.stonecity.cz\/de\/?s={search_term_string}"},"query-input":{"@type":"PropertyValueSpecification","valueRequired":true,"valueName":"search_term_string"}}],"inLanguage":"de"}]}},"_links":{"self":[{"href":"https:\/\/www.stonecity.cz\/de\/wp-json\/wp\/v2\/product\/15900","targetHints":{"allow":["GET"]}}],"collection":[{"href":"https:\/\/www.stonecity.cz\/de\/wp-json\/wp\/v2\/product"}],"about":[{"href":"https:\/\/www.stonecity.cz\/de\/wp-json\/wp\/v2\/types\/product"}],"wp:featuredmedia":[{"embeddable":true,"href":"https:\/\/www.stonecity.cz\/de\/wp-json\/wp\/v2\/media\/14650"}],"wp:attachment":[{"href":"https:\/\/www.stonecity.cz\/de\/wp-json\/wp\/v2\/media?parent=15900"}],"wp:term":[{"taxonomy":"product_cat","embeddable":true,"href":"https:\/\/www.stonecity.cz\/de\/wp-json\/wp\/v2\/product_cat?post=15900"},{"taxonomy":"product_tag","embeddable":true,"href":"https:\/\/www.stonecity.cz\/de\/wp-json\/wp\/v2\/product_tag?post=15900"}],"curies":[{"name":"wp","href":"https:\/\/api.w.org\/{rel}","templated":true}]}}