{"id":15906,"date":"2022-12-01T15:17:46","date_gmt":"2022-12-01T14:17:46","guid":{"rendered":"https:\/\/www.stonecity.cz\/produkt\/steinplatten-arena-bianco-ecke-pn-02r\/"},"modified":"2022-12-01T15:17:46","modified_gmt":"2022-12-01T14:17:46","slug":"steinverkleidung-arena-bianco-horn-pn-02r","status":"publish","type":"product","link":"https:\/\/www.stonecity.cz\/de\/produkt\/steinverkleidung-arena-bianco-horn-pn-02r\/","title":{"rendered":"Steinplatten Arena Bianco Ecke PN-02R"},"content":{"rendered":"<p>Eckelement f\u00fcr die massive Kalksteinfliese Arena Bianco in Elfenbein.<br \/>\nEine sehr starke Fliese, die mit oder ohne Fuge verlegt werden kann.<br \/>\nDurch die fugenlose Verlegung entsteht der perfekte Eindruck einer Felswand.<br \/>\nJeder Stein dieser Reihe ist ein absolutes Original, mit einer einzigartigen Textur und Farbnuance.<\/p>\n","protected":false},"excerpt":{"rendered":"<p>Eckelement f\u00fcr die massive Kalksteinfliese Arena Bianco in Elfenbein. Eine sehr starke Fliese, die mit oder ohne Fuge verlegt werden kann. Durch die fugenlose Verlegung entsteht der perfekte Eindruck einer Felswand. Jeder Stein dieser Reihe ist ein absolutes Original, mit einer einzigartigen Textur und Farbnuance.<\/p>\n","protected":false},"featured_media":14787,"template":"","meta":[],"product_cat":[2041,2033,2059],"product_tag":[1830,1833,1841,1840,1834],"class_list":{"0":"post-15906","1":"product","2":"type-product","3":"status-publish","4":"has-post-thumbnail","6":"product_cat-verblendsteine","7":"product_cat-naturstein-de","8":"product_cat-limestone-de-2","9":"product_tag-fassadenverkleidung","10":"product_tag-fur-den-ausenbereich-geeignet","11":"product_tag-fur-den-garten-geeignet-de","12":"product_tag-geeignet-fur-die-terrasse","13":"product_tag-geeignet-fur-innenraume","14":"pa_baleni-palette-max-40bm","15":"pa_mj-bm-1-bm-de","16":"pa_sirka-10-30cm-de","17":"pa_tloustka-2-3-cm-de","19":"first","20":"onbackorder","21":"purchasable","22":"product-type-simple"},"yoast_head":"<!-- This site is optimized with the Yoast SEO plugin v26.8 - https:\/\/yoast.com\/product\/yoast-seo-wordpress\/ -->\n<title>Steinplatten Arena Bianco Ecke PN-02R - Stonecity.cz<\/title>\n<meta name=\"robots\" content=\"index, follow, max-snippet:-1, max-image-preview:large, max-video-preview:-1\" \/>\n<link rel=\"canonical\" href=\"https:\/\/www.stonecity.cz\/de\/produkt\/steinverkleidung-arena-bianco-horn-pn-02r\/\" \/>\n<meta property=\"og:locale\" content=\"de_DE\" \/>\n<meta property=\"og:type\" content=\"article\" \/>\n<meta property=\"og:title\" content=\"Steinplatten Arena Bianco Ecke PN-02R - Stonecity.cz\" \/>\n<meta property=\"og:description\" content=\"Eckelement f\u00fcr die massive Kalksteinfliese Arena Bianco in Elfenbein. Eine sehr starke Fliese, die mit oder ohne Fuge verlegt werden kann. Durch die fugenlose Verlegung entsteht der perfekte Eindruck einer Felswand. Jeder Stein dieser Reihe ist ein absolutes Original, mit einer einzigartigen Textur und Farbnuance.\" \/>\n<meta property=\"og:url\" content=\"https:\/\/www.stonecity.cz\/de\/produkt\/steinverkleidung-arena-bianco-horn-pn-02r\/\" \/>\n<meta property=\"og:site_name\" content=\"Stonecity.cz\" \/>\n<meta property=\"og:image\" content=\"https:\/\/www.stonecity.cz\/wp-content\/uploads\/2022\/12\/STONE-CITY-PN-02-R.jpg\" \/>\n\t<meta property=\"og:image:width\" content=\"694\" \/>\n\t<meta property=\"og:image:height\" content=\"486\" \/>\n\t<meta property=\"og:image:type\" content=\"image\/jpeg\" \/>\n<meta name=\"twitter:card\" content=\"summary_large_image\" \/>\n<script type=\"application\/ld+json\" class=\"yoast-schema-graph\">{\"@context\":\"https:\/\/schema.org\",\"@graph\":[{\"@type\":\"WebPage\",\"@id\":\"https:\/\/www.stonecity.cz\/de\/produkt\/steinverkleidung-arena-bianco-horn-pn-02r\/\",\"url\":\"https:\/\/www.stonecity.cz\/de\/produkt\/steinverkleidung-arena-bianco-horn-pn-02r\/\",\"name\":\"Steinplatten Arena Bianco Ecke PN-02R - Stonecity.cz\",\"isPartOf\":{\"@id\":\"https:\/\/www.stonecity.cz\/de\/#website\"},\"primaryImageOfPage\":{\"@id\":\"https:\/\/www.stonecity.cz\/de\/produkt\/steinverkleidung-arena-bianco-horn-pn-02r\/#primaryimage\"},\"image\":{\"@id\":\"https:\/\/www.stonecity.cz\/de\/produkt\/steinverkleidung-arena-bianco-horn-pn-02r\/#primaryimage\"},\"thumbnailUrl\":\"https:\/\/www.stonecity.cz\/wp-content\/uploads\/2022\/12\/STONE-CITY-PN-02-R.jpg\",\"datePublished\":\"2022-12-01T14:17:46+00:00\",\"breadcrumb\":{\"@id\":\"https:\/\/www.stonecity.cz\/de\/produkt\/steinverkleidung-arena-bianco-horn-pn-02r\/#breadcrumb\"},\"inLanguage\":\"de\",\"potentialAction\":[{\"@type\":\"ReadAction\",\"target\":[\"https:\/\/www.stonecity.cz\/de\/produkt\/steinverkleidung-arena-bianco-horn-pn-02r\/\"]}]},{\"@type\":\"ImageObject\",\"inLanguage\":\"de\",\"@id\":\"https:\/\/www.stonecity.cz\/de\/produkt\/steinverkleidung-arena-bianco-horn-pn-02r\/#primaryimage\",\"url\":\"https:\/\/www.stonecity.cz\/wp-content\/uploads\/2022\/12\/STONE-CITY-PN-02-R.jpg\",\"contentUrl\":\"https:\/\/www.stonecity.cz\/wp-content\/uploads\/2022\/12\/STONE-CITY-PN-02-R.jpg\",\"width\":694,\"height\":486},{\"@type\":\"BreadcrumbList\",\"@id\":\"https:\/\/www.stonecity.cz\/de\/produkt\/steinverkleidung-arena-bianco-horn-pn-02r\/#breadcrumb\",\"itemListElement\":[{\"@type\":\"ListItem\",\"position\":1,\"name\":\"Dom\u016f\",\"item\":\"https:\/\/www.stonecity.cz\/de\/\"},{\"@type\":\"ListItem\",\"position\":2,\"name\":\"Shop\",\"item\":\"https:\/\/www.stonecity.cz\/de\/shop\/\"},{\"@type\":\"ListItem\",\"position\":3,\"name\":\"Steinplatten Arena Bianco Ecke PN-02R\"}]},{\"@type\":\"WebSite\",\"@id\":\"https:\/\/www.stonecity.cz\/de\/#website\",\"url\":\"https:\/\/www.stonecity.cz\/de\/\",\"name\":\"Stonecity.cz\",\"description\":\"Dla\u017eba, obklady, um\u011bl\u00fd i p\u0159\u00edrodn\u00ed k\u00e1men\",\"potentialAction\":[{\"@type\":\"SearchAction\",\"target\":{\"@type\":\"EntryPoint\",\"urlTemplate\":\"https:\/\/www.stonecity.cz\/de\/?s={search_term_string}\"},\"query-input\":{\"@type\":\"PropertyValueSpecification\",\"valueRequired\":true,\"valueName\":\"search_term_string\"}}],\"inLanguage\":\"de\"}]}<\/script>\n<!-- \/ Yoast SEO plugin. -->","yoast_head_json":{"title":"Steinplatten Arena Bianco Ecke PN-02R - Stonecity.cz","robots":{"index":"index","follow":"follow","max-snippet":"max-snippet:-1","max-image-preview":"max-image-preview:large","max-video-preview":"max-video-preview:-1"},"canonical":"https:\/\/www.stonecity.cz\/de\/produkt\/steinverkleidung-arena-bianco-horn-pn-02r\/","og_locale":"de_DE","og_type":"article","og_title":"Steinplatten Arena Bianco Ecke PN-02R - Stonecity.cz","og_description":"Eckelement f\u00fcr die massive Kalksteinfliese Arena Bianco in Elfenbein. Eine sehr starke Fliese, die mit oder ohne Fuge verlegt werden kann. Durch die fugenlose Verlegung entsteht der perfekte Eindruck einer Felswand. Jeder Stein dieser Reihe ist ein absolutes Original, mit einer einzigartigen Textur und Farbnuance.","og_url":"https:\/\/www.stonecity.cz\/de\/produkt\/steinverkleidung-arena-bianco-horn-pn-02r\/","og_site_name":"Stonecity.cz","og_image":[{"width":694,"height":486,"url":"https:\/\/www.stonecity.cz\/wp-content\/uploads\/2022\/12\/STONE-CITY-PN-02-R.jpg","type":"image\/jpeg"}],"twitter_card":"summary_large_image","schema":{"@context":"https:\/\/schema.org","@graph":[{"@type":"WebPage","@id":"https:\/\/www.stonecity.cz\/de\/produkt\/steinverkleidung-arena-bianco-horn-pn-02r\/","url":"https:\/\/www.stonecity.cz\/de\/produkt\/steinverkleidung-arena-bianco-horn-pn-02r\/","name":"Steinplatten Arena Bianco Ecke PN-02R - Stonecity.cz","isPartOf":{"@id":"https:\/\/www.stonecity.cz\/de\/#website"},"primaryImageOfPage":{"@id":"https:\/\/www.stonecity.cz\/de\/produkt\/steinverkleidung-arena-bianco-horn-pn-02r\/#primaryimage"},"image":{"@id":"https:\/\/www.stonecity.cz\/de\/produkt\/steinverkleidung-arena-bianco-horn-pn-02r\/#primaryimage"},"thumbnailUrl":"https:\/\/www.stonecity.cz\/wp-content\/uploads\/2022\/12\/STONE-CITY-PN-02-R.jpg","datePublished":"2022-12-01T14:17:46+00:00","breadcrumb":{"@id":"https:\/\/www.stonecity.cz\/de\/produkt\/steinverkleidung-arena-bianco-horn-pn-02r\/#breadcrumb"},"inLanguage":"de","potentialAction":[{"@type":"ReadAction","target":["https:\/\/www.stonecity.cz\/de\/produkt\/steinverkleidung-arena-bianco-horn-pn-02r\/"]}]},{"@type":"ImageObject","inLanguage":"de","@id":"https:\/\/www.stonecity.cz\/de\/produkt\/steinverkleidung-arena-bianco-horn-pn-02r\/#primaryimage","url":"https:\/\/www.stonecity.cz\/wp-content\/uploads\/2022\/12\/STONE-CITY-PN-02-R.jpg","contentUrl":"https:\/\/www.stonecity.cz\/wp-content\/uploads\/2022\/12\/STONE-CITY-PN-02-R.jpg","width":694,"height":486},{"@type":"BreadcrumbList","@id":"https:\/\/www.stonecity.cz\/de\/produkt\/steinverkleidung-arena-bianco-horn-pn-02r\/#breadcrumb","itemListElement":[{"@type":"ListItem","position":1,"name":"Dom\u016f","item":"https:\/\/www.stonecity.cz\/de\/"},{"@type":"ListItem","position":2,"name":"Shop","item":"https:\/\/www.stonecity.cz\/de\/shop\/"},{"@type":"ListItem","position":3,"name":"Steinplatten Arena Bianco Ecke PN-02R"}]},{"@type":"WebSite","@id":"https:\/\/www.stonecity.cz\/de\/#website","url":"https:\/\/www.stonecity.cz\/de\/","name":"Stonecity.cz","description":"Dla\u017eba, obklady, um\u011bl\u00fd i p\u0159\u00edrodn\u00ed k\u00e1men","potentialAction":[{"@type":"SearchAction","target":{"@type":"EntryPoint","urlTemplate":"https:\/\/www.stonecity.cz\/de\/?s={search_term_string}"},"query-input":{"@type":"PropertyValueSpecification","valueRequired":true,"valueName":"search_term_string"}}],"inLanguage":"de"}]}},"_links":{"self":[{"href":"https:\/\/www.stonecity.cz\/de\/wp-json\/wp\/v2\/product\/15906","targetHints":{"allow":["GET"]}}],"collection":[{"href":"https:\/\/www.stonecity.cz\/de\/wp-json\/wp\/v2\/product"}],"about":[{"href":"https:\/\/www.stonecity.cz\/de\/wp-json\/wp\/v2\/types\/product"}],"wp:featuredmedia":[{"embeddable":true,"href":"https:\/\/www.stonecity.cz\/de\/wp-json\/wp\/v2\/media\/14787"}],"wp:attachment":[{"href":"https:\/\/www.stonecity.cz\/de\/wp-json\/wp\/v2\/media?parent=15906"}],"wp:term":[{"taxonomy":"product_cat","embeddable":true,"href":"https:\/\/www.stonecity.cz\/de\/wp-json\/wp\/v2\/product_cat?post=15906"},{"taxonomy":"product_tag","embeddable":true,"href":"https:\/\/www.stonecity.cz\/de\/wp-json\/wp\/v2\/product_tag?post=15906"}],"curies":[{"name":"wp","href":"https:\/\/api.w.org\/{rel}","templated":true}]}}