{"id":15910,"date":"2022-03-28T14:23:45","date_gmt":"2022-03-28T12:23:45","guid":{"rendered":"https:\/\/www.stonecity.cz\/produkt\/rotschiefer-monolith-df-03\/"},"modified":"2022-03-28T14:23:45","modified_gmt":"2022-03-28T12:23:45","slug":"monolith-aus-cerven-brucken-df-03","status":"publish","type":"product","link":"https:\/\/www.stonecity.cz\/de\/produkt\/monolith-aus-cerven-brucken-df-03\/","title":{"rendered":"Rotschiefer-Monolith DF-03"},"content":{"rendered":"<p>Ein dekorativer Stein, der nicht nur Ihren Garten versch\u00f6nern wird.<br \/>\nSie werden keine zwei gleichen St\u00fccke finden, jedes ist ein Original.<br \/>\nF\u00fcr den Au\u00dfen- und Innenbereich geeignet.<\/p>\n","protected":false},"excerpt":{"rendered":"<p>Ein dekorativer Stein, der nicht nur Ihren Garten versch\u00f6nern wird. Sie werden keine zwei gleichen St\u00fccke finden, jedes ist ein Original. F\u00fcr den Au\u00dfen- und Innenbereich geeignet.<\/p>\n","protected":false},"featured_media":14785,"template":"","meta":[],"product_cat":[2047],"product_tag":[1833,1839,1840,1834],"class_list":{"0":"post-15910","1":"product","2":"type-product","3":"status-publish","4":"has-post-thumbnail","6":"product_cat-monolithen","7":"product_tag-fur-den-ausenbereich-geeignet","8":"product_tag-fur-den-garten-geeignet","9":"product_tag-geeignet-fur-die-terrasse","10":"product_tag-geeignet-fur-innenraume","12":"first","13":"instock","14":"taxable","15":"shipping-taxable","16":"purchasable","17":"product-type-simple"},"yoast_head":"<!-- This site is optimized with the Yoast SEO plugin v26.8 - https:\/\/yoast.com\/product\/yoast-seo-wordpress\/ -->\n<title>Rotschiefer-Monolith DF-03 - Stonecity.cz<\/title>\n<meta name=\"robots\" content=\"index, follow, max-snippet:-1, max-image-preview:large, max-video-preview:-1\" \/>\n<link rel=\"canonical\" href=\"https:\/\/www.stonecity.cz\/de\/produkt\/monolith-aus-cerven-brucken-df-03\/\" \/>\n<meta property=\"og:locale\" content=\"de_DE\" \/>\n<meta property=\"og:type\" content=\"article\" \/>\n<meta property=\"og:title\" content=\"Rotschiefer-Monolith DF-03 - Stonecity.cz\" \/>\n<meta property=\"og:description\" content=\"Ein dekorativer Stein, der nicht nur Ihren Garten versch\u00f6nern wird. Sie werden keine zwei gleichen St\u00fccke finden, jedes ist ein Original. F\u00fcr den Au\u00dfen- und Innenbereich geeignet.\" \/>\n<meta property=\"og:url\" content=\"https:\/\/www.stonecity.cz\/de\/produkt\/monolith-aus-cerven-brucken-df-03\/\" \/>\n<meta property=\"og:site_name\" content=\"Stonecity.cz\" \/>\n<meta property=\"og:image\" content=\"https:\/\/www.stonecity.cz\/wp-content\/uploads\/2022\/03\/DF-03-1-rotated.jpg\" \/>\n\t<meta property=\"og:image:width\" content=\"1500\" \/>\n\t<meta property=\"og:image:height\" content=\"2000\" \/>\n\t<meta property=\"og:image:type\" content=\"image\/jpeg\" \/>\n<meta name=\"twitter:card\" content=\"summary_large_image\" \/>\n<script type=\"application\/ld+json\" class=\"yoast-schema-graph\">{\"@context\":\"https:\/\/schema.org\",\"@graph\":[{\"@type\":\"WebPage\",\"@id\":\"https:\/\/www.stonecity.cz\/de\/produkt\/monolith-aus-cerven-brucken-df-03\/\",\"url\":\"https:\/\/www.stonecity.cz\/de\/produkt\/monolith-aus-cerven-brucken-df-03\/\",\"name\":\"Rotschiefer-Monolith DF-03 - Stonecity.cz\",\"isPartOf\":{\"@id\":\"https:\/\/www.stonecity.cz\/de\/#website\"},\"primaryImageOfPage\":{\"@id\":\"https:\/\/www.stonecity.cz\/de\/produkt\/monolith-aus-cerven-brucken-df-03\/#primaryimage\"},\"image\":{\"@id\":\"https:\/\/www.stonecity.cz\/de\/produkt\/monolith-aus-cerven-brucken-df-03\/#primaryimage\"},\"thumbnailUrl\":\"https:\/\/www.stonecity.cz\/wp-content\/uploads\/2022\/03\/DF-03-1-rotated.jpg\",\"datePublished\":\"2022-03-28T12:23:45+00:00\",\"breadcrumb\":{\"@id\":\"https:\/\/www.stonecity.cz\/de\/produkt\/monolith-aus-cerven-brucken-df-03\/#breadcrumb\"},\"inLanguage\":\"de\",\"potentialAction\":[{\"@type\":\"ReadAction\",\"target\":[\"https:\/\/www.stonecity.cz\/de\/produkt\/monolith-aus-cerven-brucken-df-03\/\"]}]},{\"@type\":\"ImageObject\",\"inLanguage\":\"de\",\"@id\":\"https:\/\/www.stonecity.cz\/de\/produkt\/monolith-aus-cerven-brucken-df-03\/#primaryimage\",\"url\":\"https:\/\/www.stonecity.cz\/wp-content\/uploads\/2022\/03\/DF-03-1-rotated.jpg\",\"contentUrl\":\"https:\/\/www.stonecity.cz\/wp-content\/uploads\/2022\/03\/DF-03-1-rotated.jpg\",\"width\":1500,\"height\":2000},{\"@type\":\"BreadcrumbList\",\"@id\":\"https:\/\/www.stonecity.cz\/de\/produkt\/monolith-aus-cerven-brucken-df-03\/#breadcrumb\",\"itemListElement\":[{\"@type\":\"ListItem\",\"position\":1,\"name\":\"Dom\u016f\",\"item\":\"https:\/\/www.stonecity.cz\/de\/\"},{\"@type\":\"ListItem\",\"position\":2,\"name\":\"Shop\",\"item\":\"https:\/\/www.stonecity.cz\/de\/shop\/\"},{\"@type\":\"ListItem\",\"position\":3,\"name\":\"Rotschiefer-Monolith DF-03\"}]},{\"@type\":\"WebSite\",\"@id\":\"https:\/\/www.stonecity.cz\/de\/#website\",\"url\":\"https:\/\/www.stonecity.cz\/de\/\",\"name\":\"Stonecity.cz\",\"description\":\"Dla\u017eba, obklady, um\u011bl\u00fd i p\u0159\u00edrodn\u00ed k\u00e1men\",\"potentialAction\":[{\"@type\":\"SearchAction\",\"target\":{\"@type\":\"EntryPoint\",\"urlTemplate\":\"https:\/\/www.stonecity.cz\/de\/?s={search_term_string}\"},\"query-input\":{\"@type\":\"PropertyValueSpecification\",\"valueRequired\":true,\"valueName\":\"search_term_string\"}}],\"inLanguage\":\"de\"}]}<\/script>\n<!-- \/ Yoast SEO plugin. -->","yoast_head_json":{"title":"Rotschiefer-Monolith DF-03 - Stonecity.cz","robots":{"index":"index","follow":"follow","max-snippet":"max-snippet:-1","max-image-preview":"max-image-preview:large","max-video-preview":"max-video-preview:-1"},"canonical":"https:\/\/www.stonecity.cz\/de\/produkt\/monolith-aus-cerven-brucken-df-03\/","og_locale":"de_DE","og_type":"article","og_title":"Rotschiefer-Monolith DF-03 - Stonecity.cz","og_description":"Ein dekorativer Stein, der nicht nur Ihren Garten versch\u00f6nern wird. Sie werden keine zwei gleichen St\u00fccke finden, jedes ist ein Original. F\u00fcr den Au\u00dfen- und Innenbereich geeignet.","og_url":"https:\/\/www.stonecity.cz\/de\/produkt\/monolith-aus-cerven-brucken-df-03\/","og_site_name":"Stonecity.cz","og_image":[{"width":1500,"height":2000,"url":"https:\/\/www.stonecity.cz\/wp-content\/uploads\/2022\/03\/DF-03-1-rotated.jpg","type":"image\/jpeg"}],"twitter_card":"summary_large_image","schema":{"@context":"https:\/\/schema.org","@graph":[{"@type":"WebPage","@id":"https:\/\/www.stonecity.cz\/de\/produkt\/monolith-aus-cerven-brucken-df-03\/","url":"https:\/\/www.stonecity.cz\/de\/produkt\/monolith-aus-cerven-brucken-df-03\/","name":"Rotschiefer-Monolith DF-03 - Stonecity.cz","isPartOf":{"@id":"https:\/\/www.stonecity.cz\/de\/#website"},"primaryImageOfPage":{"@id":"https:\/\/www.stonecity.cz\/de\/produkt\/monolith-aus-cerven-brucken-df-03\/#primaryimage"},"image":{"@id":"https:\/\/www.stonecity.cz\/de\/produkt\/monolith-aus-cerven-brucken-df-03\/#primaryimage"},"thumbnailUrl":"https:\/\/www.stonecity.cz\/wp-content\/uploads\/2022\/03\/DF-03-1-rotated.jpg","datePublished":"2022-03-28T12:23:45+00:00","breadcrumb":{"@id":"https:\/\/www.stonecity.cz\/de\/produkt\/monolith-aus-cerven-brucken-df-03\/#breadcrumb"},"inLanguage":"de","potentialAction":[{"@type":"ReadAction","target":["https:\/\/www.stonecity.cz\/de\/produkt\/monolith-aus-cerven-brucken-df-03\/"]}]},{"@type":"ImageObject","inLanguage":"de","@id":"https:\/\/www.stonecity.cz\/de\/produkt\/monolith-aus-cerven-brucken-df-03\/#primaryimage","url":"https:\/\/www.stonecity.cz\/wp-content\/uploads\/2022\/03\/DF-03-1-rotated.jpg","contentUrl":"https:\/\/www.stonecity.cz\/wp-content\/uploads\/2022\/03\/DF-03-1-rotated.jpg","width":1500,"height":2000},{"@type":"BreadcrumbList","@id":"https:\/\/www.stonecity.cz\/de\/produkt\/monolith-aus-cerven-brucken-df-03\/#breadcrumb","itemListElement":[{"@type":"ListItem","position":1,"name":"Dom\u016f","item":"https:\/\/www.stonecity.cz\/de\/"},{"@type":"ListItem","position":2,"name":"Shop","item":"https:\/\/www.stonecity.cz\/de\/shop\/"},{"@type":"ListItem","position":3,"name":"Rotschiefer-Monolith DF-03"}]},{"@type":"WebSite","@id":"https:\/\/www.stonecity.cz\/de\/#website","url":"https:\/\/www.stonecity.cz\/de\/","name":"Stonecity.cz","description":"Dla\u017eba, obklady, um\u011bl\u00fd i p\u0159\u00edrodn\u00ed k\u00e1men","potentialAction":[{"@type":"SearchAction","target":{"@type":"EntryPoint","urlTemplate":"https:\/\/www.stonecity.cz\/de\/?s={search_term_string}"},"query-input":{"@type":"PropertyValueSpecification","valueRequired":true,"valueName":"search_term_string"}}],"inLanguage":"de"}]}},"_links":{"self":[{"href":"https:\/\/www.stonecity.cz\/de\/wp-json\/wp\/v2\/product\/15910","targetHints":{"allow":["GET"]}}],"collection":[{"href":"https:\/\/www.stonecity.cz\/de\/wp-json\/wp\/v2\/product"}],"about":[{"href":"https:\/\/www.stonecity.cz\/de\/wp-json\/wp\/v2\/types\/product"}],"wp:featuredmedia":[{"embeddable":true,"href":"https:\/\/www.stonecity.cz\/de\/wp-json\/wp\/v2\/media\/14785"}],"wp:attachment":[{"href":"https:\/\/www.stonecity.cz\/de\/wp-json\/wp\/v2\/media?parent=15910"}],"wp:term":[{"taxonomy":"product_cat","embeddable":true,"href":"https:\/\/www.stonecity.cz\/de\/wp-json\/wp\/v2\/product_cat?post=15910"},{"taxonomy":"product_tag","embeddable":true,"href":"https:\/\/www.stonecity.cz\/de\/wp-json\/wp\/v2\/product_tag?post=15910"}],"curies":[{"name":"wp","href":"https:\/\/api.w.org\/{rel}","templated":true}]}}