{"id":15918,"date":"2021-08-18T10:34:39","date_gmt":"2021-08-18T08:34:39","guid":{"rendered":"https:\/\/www.stonecity.cz\/produkt\/polarstein-arktisgruen-50-120-cm\/"},"modified":"2021-08-18T10:34:39","modified_gmt":"2021-08-18T08:34:39","slug":"polar-stein-arctic-grun-50cm-ps-11","status":"publish","type":"product","link":"https:\/\/www.stonecity.cz\/de\/produkt\/polar-stein-arctic-grun-50cm-ps-11\/","title":{"rendered":"Polarstein Arktisgr\u00fcn 50-120 cm"},"content":{"rendered":"<p>Ein smaragdgr\u00fcner Polarstein, der Ihren Garten erleuchten wird.<br \/>\nSie werden keine zwei gleichen St\u00fccke finden, jedes ist ein Original.<br \/>\nSowohl f\u00fcr den Au\u00dfenbereich als auch f\u00fcr Innenr\u00e4ume geeignet.<\/p>\n<p>&nbsp;<\/p>\n","protected":false},"excerpt":{"rendered":"<p>Ein smaragdgr\u00fcner Polarstein, der Ihren Garten erleuchten wird. Sie werden keine zwei gleichen St\u00fccke finden, jedes ist ein Original. Sowohl f\u00fcr den Au\u00dfenbereich als auch f\u00fcr Innenr\u00e4ume geeignet. &nbsp;<\/p>\n","protected":false},"featured_media":11872,"template":"","meta":[],"product_cat":[2047],"product_tag":[],"class_list":{"0":"post-15918","1":"product","2":"type-product","3":"status-publish","4":"has-post-thumbnail","6":"product_cat-monolithen","8":"first","9":"instock","10":"taxable","11":"shipping-taxable","12":"purchasable","13":"product-type-variable"},"yoast_head":"<!-- This site is optimized with the Yoast SEO plugin v26.8 - https:\/\/yoast.com\/product\/yoast-seo-wordpress\/ -->\n<title>Polarstein Arktisgr\u00fcn 50-120 cm - Stonecity.cz<\/title>\n<meta name=\"robots\" content=\"index, follow, max-snippet:-1, max-image-preview:large, max-video-preview:-1\" \/>\n<link rel=\"canonical\" href=\"https:\/\/www.stonecity.cz\/de\/produkt\/polar-stein-arctic-grun-50cm-ps-11\/\" \/>\n<meta property=\"og:locale\" content=\"de_DE\" \/>\n<meta property=\"og:type\" content=\"article\" \/>\n<meta property=\"og:title\" content=\"Polarstein Arktisgr\u00fcn 50-120 cm - Stonecity.cz\" \/>\n<meta property=\"og:description\" content=\"Ein smaragdgr\u00fcner Polarstein, der Ihren Garten erleuchten wird. Sie werden keine zwei gleichen St\u00fccke finden, jedes ist ein Original. Sowohl f\u00fcr den Au\u00dfenbereich als auch f\u00fcr Innenr\u00e4ume geeignet. &nbsp;\" \/>\n<meta property=\"og:url\" content=\"https:\/\/www.stonecity.cz\/de\/produkt\/polar-stein-arctic-grun-50cm-ps-11\/\" \/>\n<meta property=\"og:site_name\" content=\"Stonecity.cz\" \/>\n<meta property=\"og:image\" content=\"https:\/\/www.stonecity.cz\/wp-content\/uploads\/2020\/05\/img-6130-8.jpeg\" \/>\n\t<meta property=\"og:image:width\" content=\"450\" \/>\n\t<meta property=\"og:image:height\" content=\"600\" \/>\n\t<meta property=\"og:image:type\" content=\"image\/jpeg\" \/>\n<meta name=\"twitter:card\" content=\"summary_large_image\" \/>\n<script type=\"application\/ld+json\" class=\"yoast-schema-graph\">{\"@context\":\"https:\/\/schema.org\",\"@graph\":[{\"@type\":\"WebPage\",\"@id\":\"https:\/\/www.stonecity.cz\/de\/produkt\/polar-stein-arctic-grun-50cm-ps-11\/\",\"url\":\"https:\/\/www.stonecity.cz\/de\/produkt\/polar-stein-arctic-grun-50cm-ps-11\/\",\"name\":\"Polarstein Arktisgr\u00fcn 50-120 cm - Stonecity.cz\",\"isPartOf\":{\"@id\":\"https:\/\/www.stonecity.cz\/de\/#website\"},\"primaryImageOfPage\":{\"@id\":\"https:\/\/www.stonecity.cz\/de\/produkt\/polar-stein-arctic-grun-50cm-ps-11\/#primaryimage\"},\"image\":{\"@id\":\"https:\/\/www.stonecity.cz\/de\/produkt\/polar-stein-arctic-grun-50cm-ps-11\/#primaryimage\"},\"thumbnailUrl\":\"https:\/\/www.stonecity.cz\/wp-content\/uploads\/2020\/05\/img-6130-8.jpeg\",\"datePublished\":\"2021-08-18T08:34:39+00:00\",\"breadcrumb\":{\"@id\":\"https:\/\/www.stonecity.cz\/de\/produkt\/polar-stein-arctic-grun-50cm-ps-11\/#breadcrumb\"},\"inLanguage\":\"de\",\"potentialAction\":[{\"@type\":\"ReadAction\",\"target\":[\"https:\/\/www.stonecity.cz\/de\/produkt\/polar-stein-arctic-grun-50cm-ps-11\/\"]}]},{\"@type\":\"ImageObject\",\"inLanguage\":\"de\",\"@id\":\"https:\/\/www.stonecity.cz\/de\/produkt\/polar-stein-arctic-grun-50cm-ps-11\/#primaryimage\",\"url\":\"https:\/\/www.stonecity.cz\/wp-content\/uploads\/2020\/05\/img-6130-8.jpeg\",\"contentUrl\":\"https:\/\/www.stonecity.cz\/wp-content\/uploads\/2020\/05\/img-6130-8.jpeg\",\"width\":450,\"height\":600},{\"@type\":\"BreadcrumbList\",\"@id\":\"https:\/\/www.stonecity.cz\/de\/produkt\/polar-stein-arctic-grun-50cm-ps-11\/#breadcrumb\",\"itemListElement\":[{\"@type\":\"ListItem\",\"position\":1,\"name\":\"Dom\u016f\",\"item\":\"https:\/\/www.stonecity.cz\/de\/\"},{\"@type\":\"ListItem\",\"position\":2,\"name\":\"Shop\",\"item\":\"https:\/\/www.stonecity.cz\/de\/shop\/\"},{\"@type\":\"ListItem\",\"position\":3,\"name\":\"Polarstein Arktisgr\u00fcn 50-120 cm\"}]},{\"@type\":\"WebSite\",\"@id\":\"https:\/\/www.stonecity.cz\/de\/#website\",\"url\":\"https:\/\/www.stonecity.cz\/de\/\",\"name\":\"Stonecity.cz\",\"description\":\"Dla\u017eba, obklady, um\u011bl\u00fd i p\u0159\u00edrodn\u00ed k\u00e1men\",\"potentialAction\":[{\"@type\":\"SearchAction\",\"target\":{\"@type\":\"EntryPoint\",\"urlTemplate\":\"https:\/\/www.stonecity.cz\/de\/?s={search_term_string}\"},\"query-input\":{\"@type\":\"PropertyValueSpecification\",\"valueRequired\":true,\"valueName\":\"search_term_string\"}}],\"inLanguage\":\"de\"}]}<\/script>\n<!-- \/ Yoast SEO plugin. -->","yoast_head_json":{"title":"Polarstein Arktisgr\u00fcn 50-120 cm - Stonecity.cz","robots":{"index":"index","follow":"follow","max-snippet":"max-snippet:-1","max-image-preview":"max-image-preview:large","max-video-preview":"max-video-preview:-1"},"canonical":"https:\/\/www.stonecity.cz\/de\/produkt\/polar-stein-arctic-grun-50cm-ps-11\/","og_locale":"de_DE","og_type":"article","og_title":"Polarstein Arktisgr\u00fcn 50-120 cm - Stonecity.cz","og_description":"Ein smaragdgr\u00fcner Polarstein, der Ihren Garten erleuchten wird. Sie werden keine zwei gleichen St\u00fccke finden, jedes ist ein Original. Sowohl f\u00fcr den Au\u00dfenbereich als auch f\u00fcr Innenr\u00e4ume geeignet. &nbsp;","og_url":"https:\/\/www.stonecity.cz\/de\/produkt\/polar-stein-arctic-grun-50cm-ps-11\/","og_site_name":"Stonecity.cz","og_image":[{"width":450,"height":600,"url":"https:\/\/www.stonecity.cz\/wp-content\/uploads\/2020\/05\/img-6130-8.jpeg","type":"image\/jpeg"}],"twitter_card":"summary_large_image","schema":{"@context":"https:\/\/schema.org","@graph":[{"@type":"WebPage","@id":"https:\/\/www.stonecity.cz\/de\/produkt\/polar-stein-arctic-grun-50cm-ps-11\/","url":"https:\/\/www.stonecity.cz\/de\/produkt\/polar-stein-arctic-grun-50cm-ps-11\/","name":"Polarstein Arktisgr\u00fcn 50-120 cm - Stonecity.cz","isPartOf":{"@id":"https:\/\/www.stonecity.cz\/de\/#website"},"primaryImageOfPage":{"@id":"https:\/\/www.stonecity.cz\/de\/produkt\/polar-stein-arctic-grun-50cm-ps-11\/#primaryimage"},"image":{"@id":"https:\/\/www.stonecity.cz\/de\/produkt\/polar-stein-arctic-grun-50cm-ps-11\/#primaryimage"},"thumbnailUrl":"https:\/\/www.stonecity.cz\/wp-content\/uploads\/2020\/05\/img-6130-8.jpeg","datePublished":"2021-08-18T08:34:39+00:00","breadcrumb":{"@id":"https:\/\/www.stonecity.cz\/de\/produkt\/polar-stein-arctic-grun-50cm-ps-11\/#breadcrumb"},"inLanguage":"de","potentialAction":[{"@type":"ReadAction","target":["https:\/\/www.stonecity.cz\/de\/produkt\/polar-stein-arctic-grun-50cm-ps-11\/"]}]},{"@type":"ImageObject","inLanguage":"de","@id":"https:\/\/www.stonecity.cz\/de\/produkt\/polar-stein-arctic-grun-50cm-ps-11\/#primaryimage","url":"https:\/\/www.stonecity.cz\/wp-content\/uploads\/2020\/05\/img-6130-8.jpeg","contentUrl":"https:\/\/www.stonecity.cz\/wp-content\/uploads\/2020\/05\/img-6130-8.jpeg","width":450,"height":600},{"@type":"BreadcrumbList","@id":"https:\/\/www.stonecity.cz\/de\/produkt\/polar-stein-arctic-grun-50cm-ps-11\/#breadcrumb","itemListElement":[{"@type":"ListItem","position":1,"name":"Dom\u016f","item":"https:\/\/www.stonecity.cz\/de\/"},{"@type":"ListItem","position":2,"name":"Shop","item":"https:\/\/www.stonecity.cz\/de\/shop\/"},{"@type":"ListItem","position":3,"name":"Polarstein Arktisgr\u00fcn 50-120 cm"}]},{"@type":"WebSite","@id":"https:\/\/www.stonecity.cz\/de\/#website","url":"https:\/\/www.stonecity.cz\/de\/","name":"Stonecity.cz","description":"Dla\u017eba, obklady, um\u011bl\u00fd i p\u0159\u00edrodn\u00ed k\u00e1men","potentialAction":[{"@type":"SearchAction","target":{"@type":"EntryPoint","urlTemplate":"https:\/\/www.stonecity.cz\/de\/?s={search_term_string}"},"query-input":{"@type":"PropertyValueSpecification","valueRequired":true,"valueName":"search_term_string"}}],"inLanguage":"de"}]}},"_links":{"self":[{"href":"https:\/\/www.stonecity.cz\/de\/wp-json\/wp\/v2\/product\/15918","targetHints":{"allow":["GET"]}}],"collection":[{"href":"https:\/\/www.stonecity.cz\/de\/wp-json\/wp\/v2\/product"}],"about":[{"href":"https:\/\/www.stonecity.cz\/de\/wp-json\/wp\/v2\/types\/product"}],"wp:featuredmedia":[{"embeddable":true,"href":"https:\/\/www.stonecity.cz\/de\/wp-json\/wp\/v2\/media\/11872"}],"wp:attachment":[{"href":"https:\/\/www.stonecity.cz\/de\/wp-json\/wp\/v2\/media?parent=15918"}],"wp:term":[{"taxonomy":"product_cat","embeddable":true,"href":"https:\/\/www.stonecity.cz\/de\/wp-json\/wp\/v2\/product_cat?post=15918"},{"taxonomy":"product_tag","embeddable":true,"href":"https:\/\/www.stonecity.cz\/de\/wp-json\/wp\/v2\/product_tag?post=15918"}],"curies":[{"name":"wp","href":"https:\/\/api.w.org\/{rel}","templated":true}]}}