{"id":15927,"date":"2021-07-27T13:17:06","date_gmt":"2021-07-27T11:17:06","guid":{"rendered":"https:\/\/www.stonecity.cz\/produkt\/travertin-classic-medium-tr-77\/"},"modified":"2021-07-27T13:17:06","modified_gmt":"2021-07-27T11:17:06","slug":"travertin-bella-leuchte-tr-35","status":"publish","type":"product","link":"https:\/\/www.stonecity.cz\/de\/produkt\/travertin-bella-leuchte-tr-35\/","title":{"rendered":"Travertin Classic Medium TR-77"},"content":{"rendered":"<p>Die Travertinfliese in Classic Medium ist sehr elegant und hat eine angenehme Honigfarbe.<br \/>\nTravertin ist sehr praktisch in der Pflege und beh\u00e4lt dank seiner Struktur immer ein sauberes Aussehen.<br \/>\nDieses Modell ist f\u00fcr die Verwendung im Freien als Pflasterstein geeignet.<\/p>\n<p>Pflaster im Au\u00dfenbereich, Treppen, Fensterb\u00e4nke &#8211; Dicke 3 cm<\/p>\n<p>Oberfl\u00e4che: ungef\u00fcllt, kreuzgeschnitten, Kanten gefast<\/p>\n<p>Verwendung: um Schwimmb\u00e4der, Terrassen, Flure, Treppenh\u00e4user&#8230;<\/p>\n<p>Einfache Installation und minimale Wartung.<\/p>\n<p><em><strong><a href=\"https:\/\/www.stonecity.cz\/wp-content\/uploads\/2020\/05\/Certifikat-k-travertinu.pdf\">Zertifikat f\u00fcr Travertin<\/a><\/strong><\/em><\/p>\n<p>&nbsp;<\/p>\n","protected":false},"excerpt":{"rendered":"<p>Die Travertinfliese in Classic Medium ist sehr elegant und hat eine angenehme Honigfarbe. Travertin ist sehr praktisch in der Pflege und beh\u00e4lt dank seiner Struktur immer ein sauberes Aussehen. Dieses Modell ist f\u00fcr die Verwendung im Freien als Pflasterstein geeignet. Pflaster im Au\u00dfenbereich, Treppen, Fensterb\u00e4nke &#8211; Dicke 3 cm Oberfl\u00e4che: ungef\u00fcllt, kreuzgeschnitten, Kanten gefast Verwendung: [&#8230;]\n","protected":false},"featured_media":14227,"template":"","meta":[],"product_cat":[3268,1917,1923,1951],"product_tag":[1833,1841,1835,1836,1840],"class_list":{"0":"post-15927","1":"product","2":"type-product","3":"status-publish","4":"has-post-thumbnail","6":"product_cat-historische-und-rustikale-burgersteige","7":"product_cat-pflaster","8":"product_cat-naturstein","9":"product_cat-travertin-de","10":"product_tag-fur-den-ausenbereich-geeignet","11":"product_tag-fur-den-garten-geeignet-de","12":"product_tag-geeignet-fur-das-badezimmer","13":"product_tag-geeignet-fur-die-kuche","14":"product_tag-geeignet-fur-die-terrasse","16":"first","17":"instock","18":"purchasable","19":"product-type-simple"},"yoast_head":"<!-- This site is optimized with the Yoast SEO plugin v26.8 - https:\/\/yoast.com\/product\/yoast-seo-wordpress\/ -->\n<title>Travertin Classic Medium TR-77 - Stonecity.cz<\/title>\n<meta name=\"robots\" content=\"index, follow, max-snippet:-1, max-image-preview:large, max-video-preview:-1\" \/>\n<link rel=\"canonical\" href=\"https:\/\/www.stonecity.cz\/de\/produkt\/travertin-bella-leuchte-tr-35\/\" \/>\n<meta property=\"og:locale\" content=\"de_DE\" \/>\n<meta property=\"og:type\" content=\"article\" \/>\n<meta property=\"og:title\" content=\"Travertin Classic Medium TR-77 - Stonecity.cz\" \/>\n<meta property=\"og:description\" content=\"Die Travertinfliese in Classic Medium ist sehr elegant und hat eine angenehme Honigfarbe. Travertin ist sehr praktisch in der Pflege und beh\u00e4lt dank seiner Struktur immer ein sauberes Aussehen. Dieses Modell ist f\u00fcr die Verwendung im Freien als Pflasterstein geeignet. Pflaster im Au\u00dfenbereich, Treppen, Fensterb\u00e4nke &#8211; Dicke 3 cm Oberfl\u00e4che: ungef\u00fcllt, kreuzgeschnitten, Kanten gefast Verwendung: [...]\" \/>\n<meta property=\"og:url\" content=\"https:\/\/www.stonecity.cz\/de\/produkt\/travertin-bella-leuchte-tr-35\/\" \/>\n<meta property=\"og:site_name\" content=\"Stonecity.cz\" \/>\n<meta property=\"og:image\" content=\"https:\/\/www.stonecity.cz\/wp-content\/uploads\/2021\/03\/Travertin-Bella-Lumina-3-cm_3.jpg\" \/>\n\t<meta property=\"og:image:width\" content=\"946\" \/>\n\t<meta property=\"og:image:height\" content=\"919\" \/>\n\t<meta property=\"og:image:type\" content=\"image\/jpeg\" \/>\n<meta name=\"twitter:card\" content=\"summary_large_image\" \/>\n<script type=\"application\/ld+json\" class=\"yoast-schema-graph\">{\"@context\":\"https:\/\/schema.org\",\"@graph\":[{\"@type\":\"WebPage\",\"@id\":\"https:\/\/www.stonecity.cz\/de\/produkt\/travertin-bella-leuchte-tr-35\/\",\"url\":\"https:\/\/www.stonecity.cz\/de\/produkt\/travertin-bella-leuchte-tr-35\/\",\"name\":\"Travertin Classic Medium TR-77 - Stonecity.cz\",\"isPartOf\":{\"@id\":\"https:\/\/www.stonecity.cz\/de\/#website\"},\"primaryImageOfPage\":{\"@id\":\"https:\/\/www.stonecity.cz\/de\/produkt\/travertin-bella-leuchte-tr-35\/#primaryimage\"},\"image\":{\"@id\":\"https:\/\/www.stonecity.cz\/de\/produkt\/travertin-bella-leuchte-tr-35\/#primaryimage\"},\"thumbnailUrl\":\"https:\/\/www.stonecity.cz\/wp-content\/uploads\/2021\/05\/TR-74-Bella-Lumina_7.jpg\",\"datePublished\":\"2021-07-27T11:17:06+00:00\",\"breadcrumb\":{\"@id\":\"https:\/\/www.stonecity.cz\/de\/produkt\/travertin-bella-leuchte-tr-35\/#breadcrumb\"},\"inLanguage\":\"de\",\"potentialAction\":[{\"@type\":\"ReadAction\",\"target\":[\"https:\/\/www.stonecity.cz\/de\/produkt\/travertin-bella-leuchte-tr-35\/\"]}]},{\"@type\":\"ImageObject\",\"inLanguage\":\"de\",\"@id\":\"https:\/\/www.stonecity.cz\/de\/produkt\/travertin-bella-leuchte-tr-35\/#primaryimage\",\"url\":\"https:\/\/www.stonecity.cz\/wp-content\/uploads\/2021\/05\/TR-74-Bella-Lumina_7.jpg\",\"contentUrl\":\"https:\/\/www.stonecity.cz\/wp-content\/uploads\/2021\/05\/TR-74-Bella-Lumina_7.jpg\",\"width\":768,\"height\":576},{\"@type\":\"BreadcrumbList\",\"@id\":\"https:\/\/www.stonecity.cz\/de\/produkt\/travertin-bella-leuchte-tr-35\/#breadcrumb\",\"itemListElement\":[{\"@type\":\"ListItem\",\"position\":1,\"name\":\"Dom\u016f\",\"item\":\"https:\/\/www.stonecity.cz\/de\/\"},{\"@type\":\"ListItem\",\"position\":2,\"name\":\"Shop\",\"item\":\"https:\/\/www.stonecity.cz\/de\/shop\/\"},{\"@type\":\"ListItem\",\"position\":3,\"name\":\"Travertin Classic Medium TR-77\"}]},{\"@type\":\"WebSite\",\"@id\":\"https:\/\/www.stonecity.cz\/de\/#website\",\"url\":\"https:\/\/www.stonecity.cz\/de\/\",\"name\":\"Stonecity.cz\",\"description\":\"Dla\u017eba, obklady, um\u011bl\u00fd i p\u0159\u00edrodn\u00ed k\u00e1men\",\"potentialAction\":[{\"@type\":\"SearchAction\",\"target\":{\"@type\":\"EntryPoint\",\"urlTemplate\":\"https:\/\/www.stonecity.cz\/de\/?s={search_term_string}\"},\"query-input\":{\"@type\":\"PropertyValueSpecification\",\"valueRequired\":true,\"valueName\":\"search_term_string\"}}],\"inLanguage\":\"de\"}]}<\/script>\n<!-- \/ Yoast SEO plugin. -->","yoast_head_json":{"title":"Travertin Classic Medium TR-77 - Stonecity.cz","robots":{"index":"index","follow":"follow","max-snippet":"max-snippet:-1","max-image-preview":"max-image-preview:large","max-video-preview":"max-video-preview:-1"},"canonical":"https:\/\/www.stonecity.cz\/de\/produkt\/travertin-bella-leuchte-tr-35\/","og_locale":"de_DE","og_type":"article","og_title":"Travertin Classic Medium TR-77 - Stonecity.cz","og_description":"Die Travertinfliese in Classic Medium ist sehr elegant und hat eine angenehme Honigfarbe. Travertin ist sehr praktisch in der Pflege und beh\u00e4lt dank seiner Struktur immer ein sauberes Aussehen. Dieses Modell ist f\u00fcr die Verwendung im Freien als Pflasterstein geeignet. Pflaster im Au\u00dfenbereich, Treppen, Fensterb\u00e4nke &#8211; Dicke 3 cm Oberfl\u00e4che: ungef\u00fcllt, kreuzgeschnitten, Kanten gefast Verwendung: [...]","og_url":"https:\/\/www.stonecity.cz\/de\/produkt\/travertin-bella-leuchte-tr-35\/","og_site_name":"Stonecity.cz","og_image":[{"width":946,"height":919,"url":"https:\/\/www.stonecity.cz\/wp-content\/uploads\/2021\/03\/Travertin-Bella-Lumina-3-cm_3.jpg","type":"image\/jpeg"}],"twitter_card":"summary_large_image","schema":{"@context":"https:\/\/schema.org","@graph":[{"@type":"WebPage","@id":"https:\/\/www.stonecity.cz\/de\/produkt\/travertin-bella-leuchte-tr-35\/","url":"https:\/\/www.stonecity.cz\/de\/produkt\/travertin-bella-leuchte-tr-35\/","name":"Travertin Classic Medium TR-77 - Stonecity.cz","isPartOf":{"@id":"https:\/\/www.stonecity.cz\/de\/#website"},"primaryImageOfPage":{"@id":"https:\/\/www.stonecity.cz\/de\/produkt\/travertin-bella-leuchte-tr-35\/#primaryimage"},"image":{"@id":"https:\/\/www.stonecity.cz\/de\/produkt\/travertin-bella-leuchte-tr-35\/#primaryimage"},"thumbnailUrl":"https:\/\/www.stonecity.cz\/wp-content\/uploads\/2021\/05\/TR-74-Bella-Lumina_7.jpg","datePublished":"2021-07-27T11:17:06+00:00","breadcrumb":{"@id":"https:\/\/www.stonecity.cz\/de\/produkt\/travertin-bella-leuchte-tr-35\/#breadcrumb"},"inLanguage":"de","potentialAction":[{"@type":"ReadAction","target":["https:\/\/www.stonecity.cz\/de\/produkt\/travertin-bella-leuchte-tr-35\/"]}]},{"@type":"ImageObject","inLanguage":"de","@id":"https:\/\/www.stonecity.cz\/de\/produkt\/travertin-bella-leuchte-tr-35\/#primaryimage","url":"https:\/\/www.stonecity.cz\/wp-content\/uploads\/2021\/05\/TR-74-Bella-Lumina_7.jpg","contentUrl":"https:\/\/www.stonecity.cz\/wp-content\/uploads\/2021\/05\/TR-74-Bella-Lumina_7.jpg","width":768,"height":576},{"@type":"BreadcrumbList","@id":"https:\/\/www.stonecity.cz\/de\/produkt\/travertin-bella-leuchte-tr-35\/#breadcrumb","itemListElement":[{"@type":"ListItem","position":1,"name":"Dom\u016f","item":"https:\/\/www.stonecity.cz\/de\/"},{"@type":"ListItem","position":2,"name":"Shop","item":"https:\/\/www.stonecity.cz\/de\/shop\/"},{"@type":"ListItem","position":3,"name":"Travertin Classic Medium TR-77"}]},{"@type":"WebSite","@id":"https:\/\/www.stonecity.cz\/de\/#website","url":"https:\/\/www.stonecity.cz\/de\/","name":"Stonecity.cz","description":"Dla\u017eba, obklady, um\u011bl\u00fd i p\u0159\u00edrodn\u00ed k\u00e1men","potentialAction":[{"@type":"SearchAction","target":{"@type":"EntryPoint","urlTemplate":"https:\/\/www.stonecity.cz\/de\/?s={search_term_string}"},"query-input":{"@type":"PropertyValueSpecification","valueRequired":true,"valueName":"search_term_string"}}],"inLanguage":"de"}]}},"_links":{"self":[{"href":"https:\/\/www.stonecity.cz\/de\/wp-json\/wp\/v2\/product\/15927","targetHints":{"allow":["GET"]}}],"collection":[{"href":"https:\/\/www.stonecity.cz\/de\/wp-json\/wp\/v2\/product"}],"about":[{"href":"https:\/\/www.stonecity.cz\/de\/wp-json\/wp\/v2\/types\/product"}],"wp:featuredmedia":[{"embeddable":true,"href":"https:\/\/www.stonecity.cz\/de\/wp-json\/wp\/v2\/media\/14227"}],"wp:attachment":[{"href":"https:\/\/www.stonecity.cz\/de\/wp-json\/wp\/v2\/media?parent=15927"}],"wp:term":[{"taxonomy":"product_cat","embeddable":true,"href":"https:\/\/www.stonecity.cz\/de\/wp-json\/wp\/v2\/product_cat?post=15927"},{"taxonomy":"product_tag","embeddable":true,"href":"https:\/\/www.stonecity.cz\/de\/wp-json\/wp\/v2\/product_tag?post=15927"}],"curies":[{"name":"wp","href":"https:\/\/api.w.org\/{rel}","templated":true}]}}