{"id":15946,"date":"2021-12-06T16:11:52","date_gmt":"2021-12-06T15:11:52","guid":{"rendered":"https:\/\/www.stonecity.cz\/produkt\/wprotect-impraegnierung\/"},"modified":"2021-12-06T16:11:52","modified_gmt":"2021-12-06T15:11:52","slug":"impragnieren-schutzen","status":"publish","type":"product","link":"https:\/\/www.stonecity.cz\/de\/produkt\/impragnieren-schutzen\/","title":{"rendered":"WProtect-Impr\u00e4gnierung"},"content":{"rendered":"<p>Hydrophobe und oleophobe Impr\u00e4gnierung f\u00fcr saugf\u00e4hige Natursteine. (Sandstein, Marmor, Travertin, Granit, usw.)<\/p>\n<p>Geeignet f\u00fcr drinnen und drau\u00dfen. Das Aussehen des Steins wird dadurch nicht ver\u00e4ndert.<\/p>\n<p>Es bildet eine transparente Nano-Schicht auf der Oberfl\u00e4che, die Wasser und Schmutz abweist und vor Moos- und Algenwachstum sch\u00fctzt.<\/p>\n<p>Es weist eine hohe Witterungsbest\u00e4ndigkeit auf &#8211; UV-Strahlung, Frost und saurer Regen.<\/p>\n<p>Es widersteht der Salzstreuung und den Ausd\u00fcnstungen.<\/p>\n<p>VERBRAUCH: 1L pro 10m2, die Oberfl\u00e4che muss trocken und frei von Schmutz sein.<\/p>\n","protected":false},"excerpt":{"rendered":"<p>Hydrophobe und oleophobe Impr\u00e4gnierung f\u00fcr saugf\u00e4hige Natursteine. (Sandstein, Marmor, Travertin, Granit, usw.) Geeignet f\u00fcr drinnen und drau\u00dfen. Das Aussehen des Steins wird dadurch nicht ver\u00e4ndert. Es bildet eine transparente Nano-Schicht auf der Oberfl\u00e4che, die Wasser und Schmutz abweist und vor Moos- und Algenwachstum sch\u00fctzt. Es weist eine hohe Witterungsbest\u00e4ndigkeit auf &#8211; UV-Strahlung, Frost und saurer [&#8230;]\n","protected":false},"featured_media":14485,"template":"","meta":[],"product_cat":[2063],"product_tag":[1833,1834,1827,1831],"class_list":{"0":"post-15946","1":"product","2":"type-product","3":"status-publish","4":"has-post-thumbnail","6":"product_cat-zubehor","7":"product_tag-fur-den-ausenbereich-geeignet","8":"product_tag-geeignet-fur-innenraume","9":"product_tag-impragnierung","10":"product_tag-naturstein","11":"pa_baleni-05-l-de","12":"pa_baleni-5-l-de","14":"first","15":"instock","16":"taxable","17":"shipping-taxable","18":"purchasable","19":"product-type-variable"},"yoast_head":"<!-- This site is optimized with the Yoast SEO plugin v26.8 - https:\/\/yoast.com\/product\/yoast-seo-wordpress\/ -->\n<title>WProtect-Impr\u00e4gnierung - Stonecity.cz<\/title>\n<meta name=\"robots\" content=\"index, follow, max-snippet:-1, max-image-preview:large, max-video-preview:-1\" \/>\n<link rel=\"canonical\" href=\"https:\/\/www.stonecity.cz\/de\/produkt\/impragnieren-schutzen\/\" \/>\n<meta property=\"og:locale\" content=\"de_DE\" \/>\n<meta property=\"og:type\" content=\"article\" \/>\n<meta property=\"og:title\" content=\"WProtect-Impr\u00e4gnierung - Stonecity.cz\" \/>\n<meta property=\"og:description\" content=\"Hydrophobe und oleophobe Impr\u00e4gnierung f\u00fcr saugf\u00e4hige Natursteine. (Sandstein, Marmor, Travertin, Granit, usw.) Geeignet f\u00fcr drinnen und drau\u00dfen. Das Aussehen des Steins wird dadurch nicht ver\u00e4ndert. Es bildet eine transparente Nano-Schicht auf der Oberfl\u00e4che, die Wasser und Schmutz abweist und vor Moos- und Algenwachstum sch\u00fctzt. Es weist eine hohe Witterungsbest\u00e4ndigkeit auf &#8211; UV-Strahlung, Frost und saurer [...]\" \/>\n<meta property=\"og:url\" content=\"https:\/\/www.stonecity.cz\/de\/produkt\/impragnieren-schutzen\/\" \/>\n<meta property=\"og:site_name\" content=\"Stonecity.cz\" \/>\n<meta property=\"og:image\" content=\"https:\/\/www.stonecity.cz\/wp-content\/uploads\/2021\/12\/Nanobala-penetrace-3-scaled.jpg\" \/>\n\t<meta property=\"og:image:width\" content=\"1920\" \/>\n\t<meta property=\"og:image:height\" content=\"2560\" \/>\n\t<meta property=\"og:image:type\" content=\"image\/jpeg\" \/>\n<meta name=\"twitter:card\" content=\"summary_large_image\" \/>\n<script type=\"application\/ld+json\" class=\"yoast-schema-graph\">{\"@context\":\"https:\/\/schema.org\",\"@graph\":[{\"@type\":\"WebPage\",\"@id\":\"https:\/\/www.stonecity.cz\/de\/produkt\/impragnieren-schutzen\/\",\"url\":\"https:\/\/www.stonecity.cz\/de\/produkt\/impragnieren-schutzen\/\",\"name\":\"WProtect-Impr\u00e4gnierung - Stonecity.cz\",\"isPartOf\":{\"@id\":\"https:\/\/www.stonecity.cz\/de\/#website\"},\"primaryImageOfPage\":{\"@id\":\"https:\/\/www.stonecity.cz\/de\/produkt\/impragnieren-schutzen\/#primaryimage\"},\"image\":{\"@id\":\"https:\/\/www.stonecity.cz\/de\/produkt\/impragnieren-schutzen\/#primaryimage\"},\"thumbnailUrl\":\"https:\/\/www.stonecity.cz\/wp-content\/uploads\/2021\/12\/Nanobala-penetrace-3-scaled.jpg\",\"datePublished\":\"2021-12-06T15:11:52+00:00\",\"breadcrumb\":{\"@id\":\"https:\/\/www.stonecity.cz\/de\/produkt\/impragnieren-schutzen\/#breadcrumb\"},\"inLanguage\":\"de\",\"potentialAction\":[{\"@type\":\"ReadAction\",\"target\":[\"https:\/\/www.stonecity.cz\/de\/produkt\/impragnieren-schutzen\/\"]}]},{\"@type\":\"ImageObject\",\"inLanguage\":\"de\",\"@id\":\"https:\/\/www.stonecity.cz\/de\/produkt\/impragnieren-schutzen\/#primaryimage\",\"url\":\"https:\/\/www.stonecity.cz\/wp-content\/uploads\/2021\/12\/Nanobala-penetrace-3-scaled.jpg\",\"contentUrl\":\"https:\/\/www.stonecity.cz\/wp-content\/uploads\/2021\/12\/Nanobala-penetrace-3-scaled.jpg\",\"width\":1920,\"height\":2560},{\"@type\":\"BreadcrumbList\",\"@id\":\"https:\/\/www.stonecity.cz\/de\/produkt\/impragnieren-schutzen\/#breadcrumb\",\"itemListElement\":[{\"@type\":\"ListItem\",\"position\":1,\"name\":\"Dom\u016f\",\"item\":\"https:\/\/www.stonecity.cz\/de\/\"},{\"@type\":\"ListItem\",\"position\":2,\"name\":\"Shop\",\"item\":\"https:\/\/www.stonecity.cz\/de\/shop\/\"},{\"@type\":\"ListItem\",\"position\":3,\"name\":\"WProtect-Impr\u00e4gnierung\"}]},{\"@type\":\"WebSite\",\"@id\":\"https:\/\/www.stonecity.cz\/de\/#website\",\"url\":\"https:\/\/www.stonecity.cz\/de\/\",\"name\":\"Stonecity.cz\",\"description\":\"Dla\u017eba, obklady, um\u011bl\u00fd i p\u0159\u00edrodn\u00ed k\u00e1men\",\"potentialAction\":[{\"@type\":\"SearchAction\",\"target\":{\"@type\":\"EntryPoint\",\"urlTemplate\":\"https:\/\/www.stonecity.cz\/de\/?s={search_term_string}\"},\"query-input\":{\"@type\":\"PropertyValueSpecification\",\"valueRequired\":true,\"valueName\":\"search_term_string\"}}],\"inLanguage\":\"de\"}]}<\/script>\n<!-- \/ Yoast SEO plugin. -->","yoast_head_json":{"title":"WProtect-Impr\u00e4gnierung - Stonecity.cz","robots":{"index":"index","follow":"follow","max-snippet":"max-snippet:-1","max-image-preview":"max-image-preview:large","max-video-preview":"max-video-preview:-1"},"canonical":"https:\/\/www.stonecity.cz\/de\/produkt\/impragnieren-schutzen\/","og_locale":"de_DE","og_type":"article","og_title":"WProtect-Impr\u00e4gnierung - Stonecity.cz","og_description":"Hydrophobe und oleophobe Impr\u00e4gnierung f\u00fcr saugf\u00e4hige Natursteine. (Sandstein, Marmor, Travertin, Granit, usw.) Geeignet f\u00fcr drinnen und drau\u00dfen. Das Aussehen des Steins wird dadurch nicht ver\u00e4ndert. Es bildet eine transparente Nano-Schicht auf der Oberfl\u00e4che, die Wasser und Schmutz abweist und vor Moos- und Algenwachstum sch\u00fctzt. Es weist eine hohe Witterungsbest\u00e4ndigkeit auf &#8211; UV-Strahlung, Frost und saurer [...]","og_url":"https:\/\/www.stonecity.cz\/de\/produkt\/impragnieren-schutzen\/","og_site_name":"Stonecity.cz","og_image":[{"width":1920,"height":2560,"url":"https:\/\/www.stonecity.cz\/wp-content\/uploads\/2021\/12\/Nanobala-penetrace-3-scaled.jpg","type":"image\/jpeg"}],"twitter_card":"summary_large_image","schema":{"@context":"https:\/\/schema.org","@graph":[{"@type":"WebPage","@id":"https:\/\/www.stonecity.cz\/de\/produkt\/impragnieren-schutzen\/","url":"https:\/\/www.stonecity.cz\/de\/produkt\/impragnieren-schutzen\/","name":"WProtect-Impr\u00e4gnierung - Stonecity.cz","isPartOf":{"@id":"https:\/\/www.stonecity.cz\/de\/#website"},"primaryImageOfPage":{"@id":"https:\/\/www.stonecity.cz\/de\/produkt\/impragnieren-schutzen\/#primaryimage"},"image":{"@id":"https:\/\/www.stonecity.cz\/de\/produkt\/impragnieren-schutzen\/#primaryimage"},"thumbnailUrl":"https:\/\/www.stonecity.cz\/wp-content\/uploads\/2021\/12\/Nanobala-penetrace-3-scaled.jpg","datePublished":"2021-12-06T15:11:52+00:00","breadcrumb":{"@id":"https:\/\/www.stonecity.cz\/de\/produkt\/impragnieren-schutzen\/#breadcrumb"},"inLanguage":"de","potentialAction":[{"@type":"ReadAction","target":["https:\/\/www.stonecity.cz\/de\/produkt\/impragnieren-schutzen\/"]}]},{"@type":"ImageObject","inLanguage":"de","@id":"https:\/\/www.stonecity.cz\/de\/produkt\/impragnieren-schutzen\/#primaryimage","url":"https:\/\/www.stonecity.cz\/wp-content\/uploads\/2021\/12\/Nanobala-penetrace-3-scaled.jpg","contentUrl":"https:\/\/www.stonecity.cz\/wp-content\/uploads\/2021\/12\/Nanobala-penetrace-3-scaled.jpg","width":1920,"height":2560},{"@type":"BreadcrumbList","@id":"https:\/\/www.stonecity.cz\/de\/produkt\/impragnieren-schutzen\/#breadcrumb","itemListElement":[{"@type":"ListItem","position":1,"name":"Dom\u016f","item":"https:\/\/www.stonecity.cz\/de\/"},{"@type":"ListItem","position":2,"name":"Shop","item":"https:\/\/www.stonecity.cz\/de\/shop\/"},{"@type":"ListItem","position":3,"name":"WProtect-Impr\u00e4gnierung"}]},{"@type":"WebSite","@id":"https:\/\/www.stonecity.cz\/de\/#website","url":"https:\/\/www.stonecity.cz\/de\/","name":"Stonecity.cz","description":"Dla\u017eba, obklady, um\u011bl\u00fd i p\u0159\u00edrodn\u00ed k\u00e1men","potentialAction":[{"@type":"SearchAction","target":{"@type":"EntryPoint","urlTemplate":"https:\/\/www.stonecity.cz\/de\/?s={search_term_string}"},"query-input":{"@type":"PropertyValueSpecification","valueRequired":true,"valueName":"search_term_string"}}],"inLanguage":"de"}]}},"_links":{"self":[{"href":"https:\/\/www.stonecity.cz\/de\/wp-json\/wp\/v2\/product\/15946","targetHints":{"allow":["GET"]}}],"collection":[{"href":"https:\/\/www.stonecity.cz\/de\/wp-json\/wp\/v2\/product"}],"about":[{"href":"https:\/\/www.stonecity.cz\/de\/wp-json\/wp\/v2\/types\/product"}],"wp:featuredmedia":[{"embeddable":true,"href":"https:\/\/www.stonecity.cz\/de\/wp-json\/wp\/v2\/media\/14485"}],"wp:attachment":[{"href":"https:\/\/www.stonecity.cz\/de\/wp-json\/wp\/v2\/media?parent=15946"}],"wp:term":[{"taxonomy":"product_cat","embeddable":true,"href":"https:\/\/www.stonecity.cz\/de\/wp-json\/wp\/v2\/product_cat?post=15946"},{"taxonomy":"product_tag","embeddable":true,"href":"https:\/\/www.stonecity.cz\/de\/wp-json\/wp\/v2\/product_tag?post=15946"}],"curies":[{"name":"wp","href":"https:\/\/api.w.org\/{rel}","templated":true}]}}