{"id":15949,"date":"2021-07-16T14:47:32","date_gmt":"2021-07-16T12:47:32","guid":{"rendered":"https:\/\/www.stonecity.cz\/produkt\/porfyr-untrue-size-xxl-dick\/"},"modified":"2021-07-16T14:47:32","modified_gmt":"2021-07-16T12:47:32","slug":"porphyr-irregulare-formen-xxl-strong","status":"publish","type":"product","link":"https:\/\/www.stonecity.cz\/de\/produkt\/porphyr-irregulare-formen-xxl-strong\/","title":{"rendered":"PORFYR UNTRUE SIZE XXL dick"},"content":{"rendered":"<p>Porphyr &#8211; unregelm\u00e4\u00dfige Formen mit unterschiedlichen Seitenl\u00e4ngen von 40-80 cm.<br \/>\nDie Sch\u00f6nheit dieses Steins wird durch seine nat\u00fcrliche Oberfl\u00e4che, die abgesplitterten Kanten und die Farbmischung aus Grau und Violett unterstrichen,<br \/>\ngrau-braun und violett-violett gef\u00e4rbt.<\/p>\n<p>Porphyr ist ein Eruptivgestein mit gro\u00dfen Kristallen &#8211; meist Feldspat oder Quarz.<br \/>\nDieser Stein eignet sich f\u00fcr Terrassen, Einfahrten, B\u00fcrgersteige oder Gehwege, aber auch f\u00fcr Pl\u00e4tze und Innenr\u00e4ume.<br \/>\nHardy.<\/p>\n<p>Es kann als Fliese oder Verkleidung verwendet werden.<\/p>\n<p><em><strong><a href=\"https:\/\/www.stonecity.cz\/wp-content\/uploads\/2020\/05\/Protiskluznost.pdf\">Anti-Rutsch<\/a><\/strong><\/em><\/p>\n<p><em><strong><a href=\"https:\/\/www.stonecity.cz\/wp-content\/uploads\/2020\/05\/Pevnost-v-ohybu.pdf\">Biegefestigkeit<\/a><\/strong><\/em><\/p>\n<p><em><strong><a href=\"https:\/\/www.stonecity.cz\/wp-content\/uploads\/2020\/05\/Absorpce-vody.pdf\">Wasseraufnahme<\/a><\/strong><\/em><\/p>\n<p>&nbsp;<\/p>\n","protected":false},"excerpt":{"rendered":"<p>Porphyr &#8211; unregelm\u00e4\u00dfige Formen mit unterschiedlichen Seitenl\u00e4ngen von 40-80 cm. Die Sch\u00f6nheit dieses Steins wird durch seine nat\u00fcrliche Oberfl\u00e4che, die abgesplitterten Kanten und die Farbmischung aus Grau und Violett unterstrichen, grau-braun und violett-violett gef\u00e4rbt. Porphyr ist ein Eruptivgestein mit gro\u00dfen Kristallen &#8211; meist Feldspat oder Quarz. Dieser Stein eignet sich f\u00fcr Terrassen, Einfahrten, B\u00fcrgersteige oder [&#8230;]\n","protected":false},"featured_media":14281,"template":"","meta":[],"product_cat":[1917,1923,1947],"product_tag":[1830,1833,1841,1840],"class_list":{"0":"post-15949","1":"product","2":"type-product","3":"status-publish","4":"has-post-thumbnail","6":"product_cat-pflaster","7":"product_cat-naturstein","8":"product_cat-porphyr","9":"product_tag-fassadenverkleidung","10":"product_tag-fur-den-ausenbereich-geeignet","11":"product_tag-fur-den-garten-geeignet-de","12":"product_tag-geeignet-fur-die-terrasse","13":"pa_baleni-einwegpalette-ca-1500-kg","14":"pa_diagonala-prumer-40-80-cm-de","15":"pa_poznamka-der-preis-gilt-fur-ein-gemeinsames-gelenk-1-5-cm","16":"pa_tloustka-4-7-cm-de","18":"first","19":"instock","20":"purchasable","21":"product-type-simple"},"yoast_head":"<!-- This site is optimized with the Yoast SEO plugin v26.8 - https:\/\/yoast.com\/product\/yoast-seo-wordpress\/ -->\n<title>PORFYR UNTRUE SIZE XXL dick - Stonecity.cz<\/title>\n<meta name=\"robots\" content=\"index, follow, max-snippet:-1, max-image-preview:large, max-video-preview:-1\" \/>\n<link rel=\"canonical\" href=\"https:\/\/www.stonecity.cz\/de\/produkt\/porphyr-irregulare-formen-xxl-strong\/\" \/>\n<meta property=\"og:locale\" content=\"de_DE\" \/>\n<meta property=\"og:type\" content=\"article\" \/>\n<meta property=\"og:title\" content=\"PORFYR UNTRUE SIZE XXL dick - Stonecity.cz\" \/>\n<meta property=\"og:description\" content=\"Porphyr &#8211; unregelm\u00e4\u00dfige Formen mit unterschiedlichen Seitenl\u00e4ngen von 40-80 cm. Die Sch\u00f6nheit dieses Steins wird durch seine nat\u00fcrliche Oberfl\u00e4che, die abgesplitterten Kanten und die Farbmischung aus Grau und Violett unterstrichen, grau-braun und violett-violett gef\u00e4rbt. Porphyr ist ein Eruptivgestein mit gro\u00dfen Kristallen &#8211; meist Feldspat oder Quarz. Dieser Stein eignet sich f\u00fcr Terrassen, Einfahrten, B\u00fcrgersteige oder [...]\" \/>\n<meta property=\"og:url\" content=\"https:\/\/www.stonecity.cz\/de\/produkt\/porphyr-irregulare-formen-xxl-strong\/\" \/>\n<meta property=\"og:site_name\" content=\"Stonecity.cz\" \/>\n<meta property=\"og:image\" content=\"https:\/\/www.stonecity.cz\/wp-content\/uploads\/2021\/07\/Porfyr.jpg\" \/>\n\t<meta property=\"og:image:width\" content=\"1200\" \/>\n\t<meta property=\"og:image:height\" content=\"900\" \/>\n\t<meta property=\"og:image:type\" content=\"image\/jpeg\" \/>\n<meta name=\"twitter:card\" content=\"summary_large_image\" \/>\n<script type=\"application\/ld+json\" class=\"yoast-schema-graph\">{\"@context\":\"https:\/\/schema.org\",\"@graph\":[{\"@type\":\"WebPage\",\"@id\":\"https:\/\/www.stonecity.cz\/de\/produkt\/porphyr-irregulare-formen-xxl-strong\/\",\"url\":\"https:\/\/www.stonecity.cz\/de\/produkt\/porphyr-irregulare-formen-xxl-strong\/\",\"name\":\"PORFYR UNTRUE SIZE XXL dick - Stonecity.cz\",\"isPartOf\":{\"@id\":\"https:\/\/www.stonecity.cz\/de\/#website\"},\"primaryImageOfPage\":{\"@id\":\"https:\/\/www.stonecity.cz\/de\/produkt\/porphyr-irregulare-formen-xxl-strong\/#primaryimage\"},\"image\":{\"@id\":\"https:\/\/www.stonecity.cz\/de\/produkt\/porphyr-irregulare-formen-xxl-strong\/#primaryimage\"},\"thumbnailUrl\":\"https:\/\/www.stonecity.cz\/wp-content\/uploads\/2021\/07\/Porfyr.jpg\",\"datePublished\":\"2021-07-16T12:47:32+00:00\",\"breadcrumb\":{\"@id\":\"https:\/\/www.stonecity.cz\/de\/produkt\/porphyr-irregulare-formen-xxl-strong\/#breadcrumb\"},\"inLanguage\":\"de\",\"potentialAction\":[{\"@type\":\"ReadAction\",\"target\":[\"https:\/\/www.stonecity.cz\/de\/produkt\/porphyr-irregulare-formen-xxl-strong\/\"]}]},{\"@type\":\"ImageObject\",\"inLanguage\":\"de\",\"@id\":\"https:\/\/www.stonecity.cz\/de\/produkt\/porphyr-irregulare-formen-xxl-strong\/#primaryimage\",\"url\":\"https:\/\/www.stonecity.cz\/wp-content\/uploads\/2021\/07\/Porfyr.jpg\",\"contentUrl\":\"https:\/\/www.stonecity.cz\/wp-content\/uploads\/2021\/07\/Porfyr.jpg\",\"width\":1200,\"height\":900},{\"@type\":\"BreadcrumbList\",\"@id\":\"https:\/\/www.stonecity.cz\/de\/produkt\/porphyr-irregulare-formen-xxl-strong\/#breadcrumb\",\"itemListElement\":[{\"@type\":\"ListItem\",\"position\":1,\"name\":\"Dom\u016f\",\"item\":\"https:\/\/www.stonecity.cz\/de\/\"},{\"@type\":\"ListItem\",\"position\":2,\"name\":\"Shop\",\"item\":\"https:\/\/www.stonecity.cz\/de\/shop\/\"},{\"@type\":\"ListItem\",\"position\":3,\"name\":\"PORFYR UNTRUE SIZE XXL dick\"}]},{\"@type\":\"WebSite\",\"@id\":\"https:\/\/www.stonecity.cz\/de\/#website\",\"url\":\"https:\/\/www.stonecity.cz\/de\/\",\"name\":\"Stonecity.cz\",\"description\":\"Dla\u017eba, obklady, um\u011bl\u00fd i p\u0159\u00edrodn\u00ed k\u00e1men\",\"potentialAction\":[{\"@type\":\"SearchAction\",\"target\":{\"@type\":\"EntryPoint\",\"urlTemplate\":\"https:\/\/www.stonecity.cz\/de\/?s={search_term_string}\"},\"query-input\":{\"@type\":\"PropertyValueSpecification\",\"valueRequired\":true,\"valueName\":\"search_term_string\"}}],\"inLanguage\":\"de\"}]}<\/script>\n<!-- \/ Yoast SEO plugin. -->","yoast_head_json":{"title":"PORFYR UNTRUE SIZE XXL dick - Stonecity.cz","robots":{"index":"index","follow":"follow","max-snippet":"max-snippet:-1","max-image-preview":"max-image-preview:large","max-video-preview":"max-video-preview:-1"},"canonical":"https:\/\/www.stonecity.cz\/de\/produkt\/porphyr-irregulare-formen-xxl-strong\/","og_locale":"de_DE","og_type":"article","og_title":"PORFYR UNTRUE SIZE XXL dick - Stonecity.cz","og_description":"Porphyr &#8211; unregelm\u00e4\u00dfige Formen mit unterschiedlichen Seitenl\u00e4ngen von 40-80 cm. Die Sch\u00f6nheit dieses Steins wird durch seine nat\u00fcrliche Oberfl\u00e4che, die abgesplitterten Kanten und die Farbmischung aus Grau und Violett unterstrichen, grau-braun und violett-violett gef\u00e4rbt. Porphyr ist ein Eruptivgestein mit gro\u00dfen Kristallen &#8211; meist Feldspat oder Quarz. Dieser Stein eignet sich f\u00fcr Terrassen, Einfahrten, B\u00fcrgersteige oder [...]","og_url":"https:\/\/www.stonecity.cz\/de\/produkt\/porphyr-irregulare-formen-xxl-strong\/","og_site_name":"Stonecity.cz","og_image":[{"width":1200,"height":900,"url":"https:\/\/www.stonecity.cz\/wp-content\/uploads\/2021\/07\/Porfyr.jpg","type":"image\/jpeg"}],"twitter_card":"summary_large_image","schema":{"@context":"https:\/\/schema.org","@graph":[{"@type":"WebPage","@id":"https:\/\/www.stonecity.cz\/de\/produkt\/porphyr-irregulare-formen-xxl-strong\/","url":"https:\/\/www.stonecity.cz\/de\/produkt\/porphyr-irregulare-formen-xxl-strong\/","name":"PORFYR UNTRUE SIZE XXL dick - Stonecity.cz","isPartOf":{"@id":"https:\/\/www.stonecity.cz\/de\/#website"},"primaryImageOfPage":{"@id":"https:\/\/www.stonecity.cz\/de\/produkt\/porphyr-irregulare-formen-xxl-strong\/#primaryimage"},"image":{"@id":"https:\/\/www.stonecity.cz\/de\/produkt\/porphyr-irregulare-formen-xxl-strong\/#primaryimage"},"thumbnailUrl":"https:\/\/www.stonecity.cz\/wp-content\/uploads\/2021\/07\/Porfyr.jpg","datePublished":"2021-07-16T12:47:32+00:00","breadcrumb":{"@id":"https:\/\/www.stonecity.cz\/de\/produkt\/porphyr-irregulare-formen-xxl-strong\/#breadcrumb"},"inLanguage":"de","potentialAction":[{"@type":"ReadAction","target":["https:\/\/www.stonecity.cz\/de\/produkt\/porphyr-irregulare-formen-xxl-strong\/"]}]},{"@type":"ImageObject","inLanguage":"de","@id":"https:\/\/www.stonecity.cz\/de\/produkt\/porphyr-irregulare-formen-xxl-strong\/#primaryimage","url":"https:\/\/www.stonecity.cz\/wp-content\/uploads\/2021\/07\/Porfyr.jpg","contentUrl":"https:\/\/www.stonecity.cz\/wp-content\/uploads\/2021\/07\/Porfyr.jpg","width":1200,"height":900},{"@type":"BreadcrumbList","@id":"https:\/\/www.stonecity.cz\/de\/produkt\/porphyr-irregulare-formen-xxl-strong\/#breadcrumb","itemListElement":[{"@type":"ListItem","position":1,"name":"Dom\u016f","item":"https:\/\/www.stonecity.cz\/de\/"},{"@type":"ListItem","position":2,"name":"Shop","item":"https:\/\/www.stonecity.cz\/de\/shop\/"},{"@type":"ListItem","position":3,"name":"PORFYR UNTRUE SIZE XXL dick"}]},{"@type":"WebSite","@id":"https:\/\/www.stonecity.cz\/de\/#website","url":"https:\/\/www.stonecity.cz\/de\/","name":"Stonecity.cz","description":"Dla\u017eba, obklady, um\u011bl\u00fd i p\u0159\u00edrodn\u00ed k\u00e1men","potentialAction":[{"@type":"SearchAction","target":{"@type":"EntryPoint","urlTemplate":"https:\/\/www.stonecity.cz\/de\/?s={search_term_string}"},"query-input":{"@type":"PropertyValueSpecification","valueRequired":true,"valueName":"search_term_string"}}],"inLanguage":"de"}]}},"_links":{"self":[{"href":"https:\/\/www.stonecity.cz\/de\/wp-json\/wp\/v2\/product\/15949","targetHints":{"allow":["GET"]}}],"collection":[{"href":"https:\/\/www.stonecity.cz\/de\/wp-json\/wp\/v2\/product"}],"about":[{"href":"https:\/\/www.stonecity.cz\/de\/wp-json\/wp\/v2\/types\/product"}],"wp:featuredmedia":[{"embeddable":true,"href":"https:\/\/www.stonecity.cz\/de\/wp-json\/wp\/v2\/media\/14281"}],"wp:attachment":[{"href":"https:\/\/www.stonecity.cz\/de\/wp-json\/wp\/v2\/media?parent=15949"}],"wp:term":[{"taxonomy":"product_cat","embeddable":true,"href":"https:\/\/www.stonecity.cz\/de\/wp-json\/wp\/v2\/product_cat?post=15949"},{"taxonomy":"product_tag","embeddable":true,"href":"https:\/\/www.stonecity.cz\/de\/wp-json\/wp\/v2\/product_tag?post=15949"}],"curies":[{"name":"wp","href":"https:\/\/api.w.org\/{rel}","templated":true}]}}