{"id":15950,"date":"2021-08-12T08:13:48","date_gmt":"2021-08-12T06:13:48","guid":{"rendered":"https:\/\/www.stonecity.cz\/produkt\/athena-extra-groesse-qua-28\/"},"modified":"2025-09-18T16:58:14","modified_gmt":"2025-09-18T14:58:14","slug":"athena-extra-size-qua-28","status":"publish","type":"product","link":"https:\/\/www.stonecity.cz\/de\/produkt\/athena-extra-size-qua-28\/","title":{"rendered":"Stein gro\u00dfformatige unregelm\u00e4\u00dfige Fliesen XXL Athena Extra Size QUA-06-XXXL"},"content":{"rendered":"<p>Athena-Schiefer ist ein Naturstein, der in den griechischen Steinbr\u00fcchen in den Ausl\u00e4ufern von Paggaio-Kavala abgebaut wird.<br \/>\nAthena ist ein Steinpflaster mit unregelm\u00e4\u00dfigen Formen, nat\u00fcrlicher Oberfl\u00e4che, hoher Frostbest\u00e4ndigkeit, gro\u00dfer H\u00e4rte und hoher Witterungsbest\u00e4ndigkeit.<br \/>\nAthena-Schiefer hat eine unregelm\u00e4\u00dfige Form der einzelnen Steine, oben und unten mit unbehandelter Oberfl\u00e4che und einer Steinst\u00e4rke von 1-3,5 cm.<\/p>\n<p>Dank der handwerklichen Arbeit ist das Endprodukt originell und unterscheidet sich von gew\u00f6hnlichen geschnittenen Fliesen. Das verleiht dem Stein eine einzigartige nat\u00fcrliche Sch\u00f6nheit und bietet Raum f\u00fcr kreative Verlegel\u00f6sungen.<br \/>\nSie k\u00f6nnen sicher sein, dass niemand eine Fliese oder einen Bodenbelag wie den Ihren haben wird!<\/p>\n<p>Abmessungen: Dicke 1-4 cm<\/p>\n<p>2-4St\u00fcck = 1m2<br \/>\nVerpackung: 15 m2\/1500 kg<\/p>\n<p>Verwendung: Pflaster im Au\u00dfenbereich, um Schwimmb\u00e4der, Flure, Terrassen, Gehwege, Pl\u00e4tze, G\u00e4rten<\/p>\n<p>Einfache Installation und minimale Wartung.<\/p>\n","protected":false},"excerpt":{"rendered":"<p>Athena-Schiefer ist ein Naturstein, der in den griechischen Steinbr\u00fcchen in den Ausl\u00e4ufern von Paggaio-Kavala abgebaut wird. Athena ist ein Steinpflaster mit unregelm\u00e4\u00dfigen Formen, nat\u00fcrlicher Oberfl\u00e4che, hoher Frostbest\u00e4ndigkeit, gro\u00dfer H\u00e4rte und hoher Witterungsbest\u00e4ndigkeit. Athena-Schiefer hat eine unregelm\u00e4\u00dfige Form der einzelnen Steine, oben und unten mit unbehandelter Oberfl\u00e4che und einer Steinst\u00e4rke von 1-3,5 cm. Dank der handwerklichen [&#8230;]\n","protected":false},"featured_media":14311,"template":"","meta":[],"product_cat":[1917,1923,1941],"product_tag":[1830,1833,1841,1840],"class_list":{"0":"post-15950","1":"product","2":"type-product","3":"status-publish","4":"has-post-thumbnail","6":"product_cat-pflaster","7":"product_cat-naturstein","8":"product_cat-quarzit-de","9":"product_tag-fassadenverkleidung","10":"product_tag-fur-den-ausenbereich-geeignet","11":"product_tag-fur-den-garten-geeignet-de","12":"product_tag-geeignet-fur-die-terrasse","13":"pa_baleni-kasten-15-m2-1500-kg","14":"pa_mj-m2-1-m2-de","15":"pa_poznamka-der-preis-gilt-fur-ein-gemeinsames-gelenk-1-5-cm","16":"pa_poznamka-verkauft-nur-in-ganzen-kartons-von-15-m2","18":"first","19":"instock","20":"purchasable","21":"product-type-simple"},"yoast_head":"<!-- This site is optimized with the Yoast SEO plugin v26.8 - https:\/\/yoast.com\/product\/yoast-seo-wordpress\/ -->\n<title>Stein gro\u00dfformatige unregelm\u00e4\u00dfige Fliesen XXL Athena Extra Size QUA-06-XXXL - Stonecity.cz<\/title>\n<meta name=\"robots\" content=\"index, follow, max-snippet:-1, max-image-preview:large, max-video-preview:-1\" \/>\n<link rel=\"canonical\" href=\"https:\/\/www.stonecity.cz\/de\/produkt\/athena-extra-size-qua-28\/\" \/>\n<meta property=\"og:locale\" content=\"de_DE\" \/>\n<meta property=\"og:type\" content=\"article\" \/>\n<meta property=\"og:title\" content=\"Stein gro\u00dfformatige unregelm\u00e4\u00dfige Fliesen XXL Athena Extra Size QUA-06-XXXL - Stonecity.cz\" \/>\n<meta property=\"og:description\" content=\"Athena-Schiefer ist ein Naturstein, der in den griechischen Steinbr\u00fcchen in den Ausl\u00e4ufern von Paggaio-Kavala abgebaut wird. Athena ist ein Steinpflaster mit unregelm\u00e4\u00dfigen Formen, nat\u00fcrlicher Oberfl\u00e4che, hoher Frostbest\u00e4ndigkeit, gro\u00dfer H\u00e4rte und hoher Witterungsbest\u00e4ndigkeit. Athena-Schiefer hat eine unregelm\u00e4\u00dfige Form der einzelnen Steine, oben und unten mit unbehandelter Oberfl\u00e4che und einer Steinst\u00e4rke von 1-3,5 cm. Dank der handwerklichen [...]\" \/>\n<meta property=\"og:url\" content=\"https:\/\/www.stonecity.cz\/de\/produkt\/athena-extra-size-qua-28\/\" \/>\n<meta property=\"og:site_name\" content=\"Stonecity.cz\" \/>\n<meta property=\"article:modified_time\" content=\"2025-09-18T14:58:14+00:00\" \/>\n<meta property=\"og:image\" content=\"https:\/\/www.stonecity.cz\/wp-content\/uploads\/2021\/08\/QUA-28_1.jpg\" \/>\n\t<meta property=\"og:image:width\" content=\"1734\" \/>\n\t<meta property=\"og:image:height\" content=\"2312\" \/>\n\t<meta property=\"og:image:type\" content=\"image\/jpeg\" \/>\n<meta name=\"twitter:card\" content=\"summary_large_image\" \/>\n<meta name=\"twitter:label1\" content=\"Gesch\u00e4tzte Lesezeit\" \/>\n\t<meta name=\"twitter:data1\" content=\"1\u00a0Minute\" \/>\n<script type=\"application\/ld+json\" class=\"yoast-schema-graph\">{\"@context\":\"https:\/\/schema.org\",\"@graph\":[{\"@type\":\"WebPage\",\"@id\":\"https:\/\/www.stonecity.cz\/de\/produkt\/athena-extra-size-qua-28\/\",\"url\":\"https:\/\/www.stonecity.cz\/de\/produkt\/athena-extra-size-qua-28\/\",\"name\":\"Stein gro\u00dfformatige unregelm\u00e4\u00dfige Fliesen XXL Athena Extra Size QUA-06-XXXL - Stonecity.cz\",\"isPartOf\":{\"@id\":\"https:\/\/www.stonecity.cz\/de\/#website\"},\"primaryImageOfPage\":{\"@id\":\"https:\/\/www.stonecity.cz\/de\/produkt\/athena-extra-size-qua-28\/#primaryimage\"},\"image\":{\"@id\":\"https:\/\/www.stonecity.cz\/de\/produkt\/athena-extra-size-qua-28\/#primaryimage\"},\"thumbnailUrl\":\"https:\/\/www.stonecity.cz\/wp-content\/uploads\/2021\/08\/QUA-28_1.jpg\",\"datePublished\":\"2021-08-12T06:13:48+00:00\",\"dateModified\":\"2025-09-18T14:58:14+00:00\",\"breadcrumb\":{\"@id\":\"https:\/\/www.stonecity.cz\/de\/produkt\/athena-extra-size-qua-28\/#breadcrumb\"},\"inLanguage\":\"de\",\"potentialAction\":[{\"@type\":\"ReadAction\",\"target\":[\"https:\/\/www.stonecity.cz\/de\/produkt\/athena-extra-size-qua-28\/\"]}]},{\"@type\":\"ImageObject\",\"inLanguage\":\"de\",\"@id\":\"https:\/\/www.stonecity.cz\/de\/produkt\/athena-extra-size-qua-28\/#primaryimage\",\"url\":\"https:\/\/www.stonecity.cz\/wp-content\/uploads\/2021\/08\/QUA-28_1.jpg\",\"contentUrl\":\"https:\/\/www.stonecity.cz\/wp-content\/uploads\/2021\/08\/QUA-28_1.jpg\",\"width\":1734,\"height\":2312},{\"@type\":\"BreadcrumbList\",\"@id\":\"https:\/\/www.stonecity.cz\/de\/produkt\/athena-extra-size-qua-28\/#breadcrumb\",\"itemListElement\":[{\"@type\":\"ListItem\",\"position\":1,\"name\":\"Dom\u016f\",\"item\":\"https:\/\/www.stonecity.cz\/de\/\"},{\"@type\":\"ListItem\",\"position\":2,\"name\":\"Shop\",\"item\":\"https:\/\/www.stonecity.cz\/de\/shop\/\"},{\"@type\":\"ListItem\",\"position\":3,\"name\":\"Stein gro\u00dfformatige unregelm\u00e4\u00dfige Fliesen XXL Athena Extra Size QUA-06-XXXL\"}]},{\"@type\":\"WebSite\",\"@id\":\"https:\/\/www.stonecity.cz\/de\/#website\",\"url\":\"https:\/\/www.stonecity.cz\/de\/\",\"name\":\"Stonecity.cz\",\"description\":\"Dla\u017eba, obklady, um\u011bl\u00fd i p\u0159\u00edrodn\u00ed k\u00e1men\",\"potentialAction\":[{\"@type\":\"SearchAction\",\"target\":{\"@type\":\"EntryPoint\",\"urlTemplate\":\"https:\/\/www.stonecity.cz\/de\/?s={search_term_string}\"},\"query-input\":{\"@type\":\"PropertyValueSpecification\",\"valueRequired\":true,\"valueName\":\"search_term_string\"}}],\"inLanguage\":\"de\"}]}<\/script>\n<!-- \/ Yoast SEO plugin. -->","yoast_head_json":{"title":"Stein gro\u00dfformatige unregelm\u00e4\u00dfige Fliesen XXL Athena Extra Size QUA-06-XXXL - Stonecity.cz","robots":{"index":"index","follow":"follow","max-snippet":"max-snippet:-1","max-image-preview":"max-image-preview:large","max-video-preview":"max-video-preview:-1"},"canonical":"https:\/\/www.stonecity.cz\/de\/produkt\/athena-extra-size-qua-28\/","og_locale":"de_DE","og_type":"article","og_title":"Stein gro\u00dfformatige unregelm\u00e4\u00dfige Fliesen XXL Athena Extra Size QUA-06-XXXL - Stonecity.cz","og_description":"Athena-Schiefer ist ein Naturstein, der in den griechischen Steinbr\u00fcchen in den Ausl\u00e4ufern von Paggaio-Kavala abgebaut wird. Athena ist ein Steinpflaster mit unregelm\u00e4\u00dfigen Formen, nat\u00fcrlicher Oberfl\u00e4che, hoher Frostbest\u00e4ndigkeit, gro\u00dfer H\u00e4rte und hoher Witterungsbest\u00e4ndigkeit. Athena-Schiefer hat eine unregelm\u00e4\u00dfige Form der einzelnen Steine, oben und unten mit unbehandelter Oberfl\u00e4che und einer Steinst\u00e4rke von 1-3,5 cm. Dank der handwerklichen [...]","og_url":"https:\/\/www.stonecity.cz\/de\/produkt\/athena-extra-size-qua-28\/","og_site_name":"Stonecity.cz","article_modified_time":"2025-09-18T14:58:14+00:00","og_image":[{"width":1734,"height":2312,"url":"https:\/\/www.stonecity.cz\/wp-content\/uploads\/2021\/08\/QUA-28_1.jpg","type":"image\/jpeg"}],"twitter_card":"summary_large_image","twitter_misc":{"Gesch\u00e4tzte Lesezeit":"1\u00a0Minute"},"schema":{"@context":"https:\/\/schema.org","@graph":[{"@type":"WebPage","@id":"https:\/\/www.stonecity.cz\/de\/produkt\/athena-extra-size-qua-28\/","url":"https:\/\/www.stonecity.cz\/de\/produkt\/athena-extra-size-qua-28\/","name":"Stein gro\u00dfformatige unregelm\u00e4\u00dfige Fliesen XXL Athena Extra Size QUA-06-XXXL - Stonecity.cz","isPartOf":{"@id":"https:\/\/www.stonecity.cz\/de\/#website"},"primaryImageOfPage":{"@id":"https:\/\/www.stonecity.cz\/de\/produkt\/athena-extra-size-qua-28\/#primaryimage"},"image":{"@id":"https:\/\/www.stonecity.cz\/de\/produkt\/athena-extra-size-qua-28\/#primaryimage"},"thumbnailUrl":"https:\/\/www.stonecity.cz\/wp-content\/uploads\/2021\/08\/QUA-28_1.jpg","datePublished":"2021-08-12T06:13:48+00:00","dateModified":"2025-09-18T14:58:14+00:00","breadcrumb":{"@id":"https:\/\/www.stonecity.cz\/de\/produkt\/athena-extra-size-qua-28\/#breadcrumb"},"inLanguage":"de","potentialAction":[{"@type":"ReadAction","target":["https:\/\/www.stonecity.cz\/de\/produkt\/athena-extra-size-qua-28\/"]}]},{"@type":"ImageObject","inLanguage":"de","@id":"https:\/\/www.stonecity.cz\/de\/produkt\/athena-extra-size-qua-28\/#primaryimage","url":"https:\/\/www.stonecity.cz\/wp-content\/uploads\/2021\/08\/QUA-28_1.jpg","contentUrl":"https:\/\/www.stonecity.cz\/wp-content\/uploads\/2021\/08\/QUA-28_1.jpg","width":1734,"height":2312},{"@type":"BreadcrumbList","@id":"https:\/\/www.stonecity.cz\/de\/produkt\/athena-extra-size-qua-28\/#breadcrumb","itemListElement":[{"@type":"ListItem","position":1,"name":"Dom\u016f","item":"https:\/\/www.stonecity.cz\/de\/"},{"@type":"ListItem","position":2,"name":"Shop","item":"https:\/\/www.stonecity.cz\/de\/shop\/"},{"@type":"ListItem","position":3,"name":"Stein gro\u00dfformatige unregelm\u00e4\u00dfige Fliesen XXL Athena Extra Size QUA-06-XXXL"}]},{"@type":"WebSite","@id":"https:\/\/www.stonecity.cz\/de\/#website","url":"https:\/\/www.stonecity.cz\/de\/","name":"Stonecity.cz","description":"Dla\u017eba, obklady, um\u011bl\u00fd i p\u0159\u00edrodn\u00ed k\u00e1men","potentialAction":[{"@type":"SearchAction","target":{"@type":"EntryPoint","urlTemplate":"https:\/\/www.stonecity.cz\/de\/?s={search_term_string}"},"query-input":{"@type":"PropertyValueSpecification","valueRequired":true,"valueName":"search_term_string"}}],"inLanguage":"de"}]}},"_links":{"self":[{"href":"https:\/\/www.stonecity.cz\/de\/wp-json\/wp\/v2\/product\/15950","targetHints":{"allow":["GET"]}}],"collection":[{"href":"https:\/\/www.stonecity.cz\/de\/wp-json\/wp\/v2\/product"}],"about":[{"href":"https:\/\/www.stonecity.cz\/de\/wp-json\/wp\/v2\/types\/product"}],"wp:featuredmedia":[{"embeddable":true,"href":"https:\/\/www.stonecity.cz\/de\/wp-json\/wp\/v2\/media\/14311"}],"wp:attachment":[{"href":"https:\/\/www.stonecity.cz\/de\/wp-json\/wp\/v2\/media?parent=15950"}],"wp:term":[{"taxonomy":"product_cat","embeddable":true,"href":"https:\/\/www.stonecity.cz\/de\/wp-json\/wp\/v2\/product_cat?post=15950"},{"taxonomy":"product_tag","embeddable":true,"href":"https:\/\/www.stonecity.cz\/de\/wp-json\/wp\/v2\/product_tag?post=15950"}],"curies":[{"name":"wp","href":"https:\/\/api.w.org\/{rel}","templated":true}]}}