{"id":15972,"date":"2021-08-06T13:25:35","date_gmt":"2021-08-06T11:25:35","guid":{"rendered":"https:\/\/www.stonecity.cz\/produkt\/kalksteinfliesen-indian-gold-l-01-l-02\/"},"modified":"2021-08-06T13:25:35","modified_gmt":"2021-08-06T11:25:35","slug":"dlazba-z-vapence-indian-gold","status":"publish","type":"product","link":"https:\/\/www.stonecity.cz\/de\/produkt\/dlazba-z-vapence-indian-gold\/","title":{"rendered":"Kalksteinfliesen Indian Gold L-01\/ L-02"},"content":{"rendered":"<p>Steinpflaster aus Kalkstein<\/p>\n<p>Oberfl\u00e4che: abgesplitterte Kanten, nat\u00fcrliche Oberfl\u00e4che<\/p>\n<p>Dicke: 2,3-2,5 cm<\/p>\n<p>L-01 = Gr\u00f6\u00dfe 60&#215;60 cm (0,36m2)<\/p>\n<p>L-02 = Gr\u00f6\u00dfe 90&#215;60 cm (0,54m2)<\/p>\n<p><a href=\"https:\/\/www.stonecity.cz\/wp-content\/uploads\/2021\/08\/STONE-CITY-Indian-Gold-L-01-vapenec-1.pdf\" target=\"_blank\" rel=\"noopener\">STONE CITY &#8211; Indian Gold L-01 Kalkstein<\/a><\/p>\n<p>&nbsp;<\/p>\n<p>&nbsp;<\/p>\n<p>&nbsp;<\/p>\n<p>&nbsp;<\/p>\n","protected":false},"excerpt":{"rendered":"<p>Steinpflaster aus Kalkstein Oberfl\u00e4che: abgesplitterte Kanten, nat\u00fcrliche Oberfl\u00e4che Dicke: 2,3-2,5 cm L-01 = Gr\u00f6\u00dfe 60&#215;60 cm (0,36m2) L-02 = Gr\u00f6\u00dfe 90&#215;60 cm (0,54m2) STONE CITY &#8211; Indian Gold L-01 Kalkstein &nbsp; &nbsp; &nbsp; &nbsp;<\/p>\n","protected":false},"featured_media":19772,"template":"","meta":[],"product_cat":[3268,1917,1923,1953],"product_tag":[1832,1833,1840,1834,1837,1838],"class_list":{"0":"post-15972","1":"product","2":"type-product","3":"status-publish","4":"has-post-thumbnail","6":"product_cat-historische-und-rustikale-burgersteige","7":"product_cat-pflaster","8":"product_cat-naturstein","9":"product_cat-kalkstein","10":"product_tag-aus","11":"product_tag-fur-den-ausenbereich-geeignet","12":"product_tag-geeignet-fur-die-terrasse","13":"product_tag-geeignet-fur-innenraume","14":"product_tag-geeignet-fur-sauna","15":"product_tag-geeignet-fur-wellness","16":"pa_tloustka-22-cm-de","18":"first","19":"instock","20":"taxable","21":"shipping-taxable","22":"purchasable","23":"product-type-variable","24":"has-default-attributes"},"yoast_head":"<!-- This site is optimized with the Yoast SEO plugin v26.8 - https:\/\/yoast.com\/product\/yoast-seo-wordpress\/ -->\n<title>Kalksteinfliesen Indian Gold L-01\/ L-02 - Stonecity.cz<\/title>\n<meta name=\"robots\" content=\"index, follow, max-snippet:-1, max-image-preview:large, max-video-preview:-1\" \/>\n<link rel=\"canonical\" href=\"https:\/\/www.stonecity.cz\/de\/produkt\/dlazba-z-vapence-indian-gold\/\" \/>\n<meta property=\"og:locale\" content=\"de_DE\" \/>\n<meta property=\"og:type\" content=\"article\" \/>\n<meta property=\"og:title\" content=\"Kalksteinfliesen Indian Gold L-01\/ L-02 - Stonecity.cz\" \/>\n<meta property=\"og:description\" content=\"Steinpflaster aus Kalkstein Oberfl\u00e4che: abgesplitterte Kanten, nat\u00fcrliche Oberfl\u00e4che Dicke: 2,3-2,5 cm L-01 = Gr\u00f6\u00dfe 60&#215;60 cm (0,36m2) L-02 = Gr\u00f6\u00dfe 90&#215;60 cm (0,54m2) STONE CITY &#8211; Indian Gold L-01 Kalkstein &nbsp; &nbsp; &nbsp; &nbsp;\" \/>\n<meta property=\"og:url\" content=\"https:\/\/www.stonecity.cz\/de\/produkt\/dlazba-z-vapence-indian-gold\/\" \/>\n<meta property=\"og:site_name\" content=\"Stonecity.cz\" \/>\n<meta property=\"og:image\" content=\"https:\/\/www.stonecity.cz\/wp-content\/uploads\/2021\/08\/IMG_2404-rotated.jpg\" \/>\n\t<meta property=\"og:image:width\" content=\"480\" \/>\n\t<meta property=\"og:image:height\" content=\"640\" \/>\n\t<meta property=\"og:image:type\" content=\"image\/jpeg\" \/>\n<meta name=\"twitter:card\" content=\"summary_large_image\" \/>\n<script type=\"application\/ld+json\" class=\"yoast-schema-graph\">{\"@context\":\"https:\/\/schema.org\",\"@graph\":[{\"@type\":\"WebPage\",\"@id\":\"https:\/\/www.stonecity.cz\/de\/produkt\/dlazba-z-vapence-indian-gold\/\",\"url\":\"https:\/\/www.stonecity.cz\/de\/produkt\/dlazba-z-vapence-indian-gold\/\",\"name\":\"Kalksteinfliesen Indian Gold L-01\/ L-02 - Stonecity.cz\",\"isPartOf\":{\"@id\":\"https:\/\/www.stonecity.cz\/de\/#website\"},\"primaryImageOfPage\":{\"@id\":\"https:\/\/www.stonecity.cz\/de\/produkt\/dlazba-z-vapence-indian-gold\/#primaryimage\"},\"image\":{\"@id\":\"https:\/\/www.stonecity.cz\/de\/produkt\/dlazba-z-vapence-indian-gold\/#primaryimage\"},\"thumbnailUrl\":\"https:\/\/www.stonecity.cz\/wp-content\/uploads\/2021\/08\/STONE-CITY-Indian-Gold-L-03-3.jpeg\",\"datePublished\":\"2021-08-06T11:25:35+00:00\",\"breadcrumb\":{\"@id\":\"https:\/\/www.stonecity.cz\/de\/produkt\/dlazba-z-vapence-indian-gold\/#breadcrumb\"},\"inLanguage\":\"de\",\"potentialAction\":[{\"@type\":\"ReadAction\",\"target\":[\"https:\/\/www.stonecity.cz\/de\/produkt\/dlazba-z-vapence-indian-gold\/\"]}]},{\"@type\":\"ImageObject\",\"inLanguage\":\"de\",\"@id\":\"https:\/\/www.stonecity.cz\/de\/produkt\/dlazba-z-vapence-indian-gold\/#primaryimage\",\"url\":\"https:\/\/www.stonecity.cz\/wp-content\/uploads\/2021\/08\/STONE-CITY-Indian-Gold-L-03-3.jpeg\",\"contentUrl\":\"https:\/\/www.stonecity.cz\/wp-content\/uploads\/2021\/08\/STONE-CITY-Indian-Gold-L-03-3.jpeg\",\"width\":2048,\"height\":1536},{\"@type\":\"BreadcrumbList\",\"@id\":\"https:\/\/www.stonecity.cz\/de\/produkt\/dlazba-z-vapence-indian-gold\/#breadcrumb\",\"itemListElement\":[{\"@type\":\"ListItem\",\"position\":1,\"name\":\"Dom\u016f\",\"item\":\"https:\/\/www.stonecity.cz\/de\/\"},{\"@type\":\"ListItem\",\"position\":2,\"name\":\"Shop\",\"item\":\"https:\/\/www.stonecity.cz\/de\/shop\/\"},{\"@type\":\"ListItem\",\"position\":3,\"name\":\"Kalksteinfliesen Indian Gold L-01\/ L-02\"}]},{\"@type\":\"WebSite\",\"@id\":\"https:\/\/www.stonecity.cz\/de\/#website\",\"url\":\"https:\/\/www.stonecity.cz\/de\/\",\"name\":\"Stonecity.cz\",\"description\":\"Dla\u017eba, obklady, um\u011bl\u00fd i p\u0159\u00edrodn\u00ed k\u00e1men\",\"potentialAction\":[{\"@type\":\"SearchAction\",\"target\":{\"@type\":\"EntryPoint\",\"urlTemplate\":\"https:\/\/www.stonecity.cz\/de\/?s={search_term_string}\"},\"query-input\":{\"@type\":\"PropertyValueSpecification\",\"valueRequired\":true,\"valueName\":\"search_term_string\"}}],\"inLanguage\":\"de\"}]}<\/script>\n<!-- \/ Yoast SEO plugin. -->","yoast_head_json":{"title":"Kalksteinfliesen Indian Gold L-01\/ L-02 - Stonecity.cz","robots":{"index":"index","follow":"follow","max-snippet":"max-snippet:-1","max-image-preview":"max-image-preview:large","max-video-preview":"max-video-preview:-1"},"canonical":"https:\/\/www.stonecity.cz\/de\/produkt\/dlazba-z-vapence-indian-gold\/","og_locale":"de_DE","og_type":"article","og_title":"Kalksteinfliesen Indian Gold L-01\/ L-02 - Stonecity.cz","og_description":"Steinpflaster aus Kalkstein Oberfl\u00e4che: abgesplitterte Kanten, nat\u00fcrliche Oberfl\u00e4che Dicke: 2,3-2,5 cm L-01 = Gr\u00f6\u00dfe 60&#215;60 cm (0,36m2) L-02 = Gr\u00f6\u00dfe 90&#215;60 cm (0,54m2) STONE CITY &#8211; Indian Gold L-01 Kalkstein &nbsp; &nbsp; &nbsp; &nbsp;","og_url":"https:\/\/www.stonecity.cz\/de\/produkt\/dlazba-z-vapence-indian-gold\/","og_site_name":"Stonecity.cz","og_image":[{"width":480,"height":640,"url":"https:\/\/www.stonecity.cz\/wp-content\/uploads\/2021\/08\/IMG_2404-rotated.jpg","type":"image\/jpeg"}],"twitter_card":"summary_large_image","schema":{"@context":"https:\/\/schema.org","@graph":[{"@type":"WebPage","@id":"https:\/\/www.stonecity.cz\/de\/produkt\/dlazba-z-vapence-indian-gold\/","url":"https:\/\/www.stonecity.cz\/de\/produkt\/dlazba-z-vapence-indian-gold\/","name":"Kalksteinfliesen Indian Gold L-01\/ L-02 - Stonecity.cz","isPartOf":{"@id":"https:\/\/www.stonecity.cz\/de\/#website"},"primaryImageOfPage":{"@id":"https:\/\/www.stonecity.cz\/de\/produkt\/dlazba-z-vapence-indian-gold\/#primaryimage"},"image":{"@id":"https:\/\/www.stonecity.cz\/de\/produkt\/dlazba-z-vapence-indian-gold\/#primaryimage"},"thumbnailUrl":"https:\/\/www.stonecity.cz\/wp-content\/uploads\/2021\/08\/STONE-CITY-Indian-Gold-L-03-3.jpeg","datePublished":"2021-08-06T11:25:35+00:00","breadcrumb":{"@id":"https:\/\/www.stonecity.cz\/de\/produkt\/dlazba-z-vapence-indian-gold\/#breadcrumb"},"inLanguage":"de","potentialAction":[{"@type":"ReadAction","target":["https:\/\/www.stonecity.cz\/de\/produkt\/dlazba-z-vapence-indian-gold\/"]}]},{"@type":"ImageObject","inLanguage":"de","@id":"https:\/\/www.stonecity.cz\/de\/produkt\/dlazba-z-vapence-indian-gold\/#primaryimage","url":"https:\/\/www.stonecity.cz\/wp-content\/uploads\/2021\/08\/STONE-CITY-Indian-Gold-L-03-3.jpeg","contentUrl":"https:\/\/www.stonecity.cz\/wp-content\/uploads\/2021\/08\/STONE-CITY-Indian-Gold-L-03-3.jpeg","width":2048,"height":1536},{"@type":"BreadcrumbList","@id":"https:\/\/www.stonecity.cz\/de\/produkt\/dlazba-z-vapence-indian-gold\/#breadcrumb","itemListElement":[{"@type":"ListItem","position":1,"name":"Dom\u016f","item":"https:\/\/www.stonecity.cz\/de\/"},{"@type":"ListItem","position":2,"name":"Shop","item":"https:\/\/www.stonecity.cz\/de\/shop\/"},{"@type":"ListItem","position":3,"name":"Kalksteinfliesen Indian Gold L-01\/ L-02"}]},{"@type":"WebSite","@id":"https:\/\/www.stonecity.cz\/de\/#website","url":"https:\/\/www.stonecity.cz\/de\/","name":"Stonecity.cz","description":"Dla\u017eba, obklady, um\u011bl\u00fd i p\u0159\u00edrodn\u00ed k\u00e1men","potentialAction":[{"@type":"SearchAction","target":{"@type":"EntryPoint","urlTemplate":"https:\/\/www.stonecity.cz\/de\/?s={search_term_string}"},"query-input":{"@type":"PropertyValueSpecification","valueRequired":true,"valueName":"search_term_string"}}],"inLanguage":"de"}]}},"_links":{"self":[{"href":"https:\/\/www.stonecity.cz\/de\/wp-json\/wp\/v2\/product\/15972","targetHints":{"allow":["GET"]}}],"collection":[{"href":"https:\/\/www.stonecity.cz\/de\/wp-json\/wp\/v2\/product"}],"about":[{"href":"https:\/\/www.stonecity.cz\/de\/wp-json\/wp\/v2\/types\/product"}],"wp:featuredmedia":[{"embeddable":true,"href":"https:\/\/www.stonecity.cz\/de\/wp-json\/wp\/v2\/media\/19772"}],"wp:attachment":[{"href":"https:\/\/www.stonecity.cz\/de\/wp-json\/wp\/v2\/media?parent=15972"}],"wp:term":[{"taxonomy":"product_cat","embeddable":true,"href":"https:\/\/www.stonecity.cz\/de\/wp-json\/wp\/v2\/product_cat?post=15972"},{"taxonomy":"product_tag","embeddable":true,"href":"https:\/\/www.stonecity.cz\/de\/wp-json\/wp\/v2\/product_tag?post=15972"}],"curies":[{"name":"wp","href":"https:\/\/api.w.org\/{rel}","templated":true}]}}