{"id":16022,"date":"2021-02-15T08:06:36","date_gmt":"2021-02-15T07:06:36","guid":{"rendered":"https:\/\/www.stonecity.cz\/produkt\/sandsteinplatten-meran-braun-pi-05-0910\/"},"modified":"2021-02-15T08:06:36","modified_gmt":"2021-02-15T07:06:36","slug":"steinfliese-merano-braun","status":"publish","type":"product","link":"https:\/\/www.stonecity.cz\/de\/produkt\/steinfliese-merano-braun\/","title":{"rendered":"Sandsteinplatten Meran braun &#8211; (PI-05, 09,10)"},"content":{"rendered":"<p>Steinpflaster aus gespaltenem Sandstein.<\/p>\n<p>Oberfl\u00e4che: abgesplitterte Kanten, nat\u00fcrliche Oberfl\u00e4che<\/p>\n<p>Dicke: 2,2 cm, kalibriert<\/p>\n<p>Abmessungen:<\/p>\n<ul>\n<li>60\u00d790 (PI-09)<\/li>\n<li>60\u00d760 (PI-05)<\/li>\n<li>R\u00f6misches Muster: A &#8211; 60\u00d760 cm\/ B &#8211; 60\u00d729 cm\/ C &#8211; 29\u00d729 cm \/D &#8211; 90&#215;60 cm (A=4St\u00fcck, B=2St\u00fcck, C=4St\u00fcck, D=2St\u00fcck) = 3,54m2 einschlie\u00dflich 10mm Fuge (PI-10)<\/li>\n<\/ul>\n<p>&nbsp;<\/p>\n","protected":false},"excerpt":{"rendered":"<p>Steinpflaster aus gespaltenem Sandstein. Oberfl\u00e4che: abgesplitterte Kanten, nat\u00fcrliche Oberfl\u00e4che Dicke: 2,2 cm, kalibriert Abmessungen: 60\u00d790 (PI-09) 60\u00d760 (PI-05) R\u00f6misches Muster: A &#8211; 60\u00d760 cm\/ B &#8211; 60\u00d729 cm\/ C &#8211; 29\u00d729 cm \/D &#8211; 90&#215;60 cm (A=4St\u00fcck, B=2St\u00fcck, C=4St\u00fcck, D=2St\u00fcck) = 3,54m2 einschlie\u00dflich 10mm Fuge (PI-10) &nbsp;<\/p>\n","protected":false},"featured_media":20404,"template":"","meta":[],"product_cat":[3268,1917,1923,1949],"product_tag":[1832,1833,1840,1834,1837,1838,1831],"class_list":{"0":"post-16022","1":"product","2":"type-product","3":"status-publish","4":"has-post-thumbnail","6":"product_cat-historische-und-rustikale-burgersteige","7":"product_cat-pflaster","8":"product_cat-naturstein","9":"product_cat-sandstein","10":"product_tag-aus","11":"product_tag-fur-den-ausenbereich-geeignet","12":"product_tag-geeignet-fur-die-terrasse","13":"product_tag-geeignet-fur-innenraume","14":"product_tag-geeignet-fur-sauna","15":"product_tag-geeignet-fur-wellness","16":"product_tag-naturstein","17":"pa_barva-braun","18":"pa_tloustka-22-cm-de","20":"first","21":"instock","22":"taxable","23":"shipping-taxable","24":"purchasable","25":"product-type-variable","26":"has-default-attributes"},"yoast_head":"<!-- This site is optimized with the Yoast SEO plugin v26.8 - https:\/\/yoast.com\/product\/yoast-seo-wordpress\/ -->\n<title>Sandsteinplatten Meran braun - (PI-05, 09,10) - Stonecity.cz<\/title>\n<meta name=\"robots\" content=\"index, follow, max-snippet:-1, max-image-preview:large, max-video-preview:-1\" \/>\n<link rel=\"canonical\" href=\"https:\/\/www.stonecity.cz\/de\/produkt\/steinfliese-merano-braun\/\" \/>\n<meta property=\"og:locale\" content=\"de_DE\" \/>\n<meta property=\"og:type\" content=\"article\" \/>\n<meta property=\"og:title\" content=\"Sandsteinplatten Meran braun - (PI-05, 09,10) - Stonecity.cz\" \/>\n<meta property=\"og:description\" content=\"Steinpflaster aus gespaltenem Sandstein. Oberfl\u00e4che: abgesplitterte Kanten, nat\u00fcrliche Oberfl\u00e4che Dicke: 2,2 cm, kalibriert Abmessungen: 60\u00d790 (PI-09) 60\u00d760 (PI-05) R\u00f6misches Muster: A &#8211; 60\u00d760 cm\/ B &#8211; 60\u00d729 cm\/ C &#8211; 29\u00d729 cm \/D &#8211; 90&#215;60 cm (A=4St\u00fcck, B=2St\u00fcck, C=4St\u00fcck, D=2St\u00fcck) = 3,54m2 einschlie\u00dflich 10mm Fuge (PI-10) &nbsp;\" \/>\n<meta property=\"og:url\" content=\"https:\/\/www.stonecity.cz\/de\/produkt\/steinfliese-merano-braun\/\" \/>\n<meta property=\"og:site_name\" content=\"Stonecity.cz\" \/>\n<meta property=\"og:image\" content=\"https:\/\/www.stonecity.cz\/wp-content\/uploads\/2021\/02\/PI-10-scaled.jpg\" \/>\n\t<meta property=\"og:image:width\" content=\"1715\" \/>\n\t<meta property=\"og:image:height\" content=\"2560\" \/>\n\t<meta property=\"og:image:type\" content=\"image\/jpeg\" \/>\n<meta name=\"twitter:card\" content=\"summary_large_image\" \/>\n<script type=\"application\/ld+json\" class=\"yoast-schema-graph\">{\"@context\":\"https:\/\/schema.org\",\"@graph\":[{\"@type\":\"WebPage\",\"@id\":\"https:\/\/www.stonecity.cz\/de\/produkt\/steinfliese-merano-braun\/\",\"url\":\"https:\/\/www.stonecity.cz\/de\/produkt\/steinfliese-merano-braun\/\",\"name\":\"Sandsteinplatten Meran braun - (PI-05, 09,10) - Stonecity.cz\",\"isPartOf\":{\"@id\":\"https:\/\/www.stonecity.cz\/de\/#website\"},\"primaryImageOfPage\":{\"@id\":\"https:\/\/www.stonecity.cz\/de\/produkt\/steinfliese-merano-braun\/#primaryimage\"},\"image\":{\"@id\":\"https:\/\/www.stonecity.cz\/de\/produkt\/steinfliese-merano-braun\/#primaryimage\"},\"thumbnailUrl\":\"https:\/\/www.stonecity.cz\/wp-content\/uploads\/2021\/02\/STONE-CITY-Merano-Brown-scaled.jpg\",\"datePublished\":\"2021-02-15T07:06:36+00:00\",\"breadcrumb\":{\"@id\":\"https:\/\/www.stonecity.cz\/de\/produkt\/steinfliese-merano-braun\/#breadcrumb\"},\"inLanguage\":\"de\",\"potentialAction\":[{\"@type\":\"ReadAction\",\"target\":[\"https:\/\/www.stonecity.cz\/de\/produkt\/steinfliese-merano-braun\/\"]}]},{\"@type\":\"ImageObject\",\"inLanguage\":\"de\",\"@id\":\"https:\/\/www.stonecity.cz\/de\/produkt\/steinfliese-merano-braun\/#primaryimage\",\"url\":\"https:\/\/www.stonecity.cz\/wp-content\/uploads\/2021\/02\/STONE-CITY-Merano-Brown-scaled.jpg\",\"contentUrl\":\"https:\/\/www.stonecity.cz\/wp-content\/uploads\/2021\/02\/STONE-CITY-Merano-Brown-scaled.jpg\",\"width\":2560,\"height\":2549},{\"@type\":\"BreadcrumbList\",\"@id\":\"https:\/\/www.stonecity.cz\/de\/produkt\/steinfliese-merano-braun\/#breadcrumb\",\"itemListElement\":[{\"@type\":\"ListItem\",\"position\":1,\"name\":\"Dom\u016f\",\"item\":\"https:\/\/www.stonecity.cz\/de\/\"},{\"@type\":\"ListItem\",\"position\":2,\"name\":\"Shop\",\"item\":\"https:\/\/www.stonecity.cz\/de\/shop\/\"},{\"@type\":\"ListItem\",\"position\":3,\"name\":\"Sandsteinplatten Meran braun &#8211; (PI-05, 09,10)\"}]},{\"@type\":\"WebSite\",\"@id\":\"https:\/\/www.stonecity.cz\/de\/#website\",\"url\":\"https:\/\/www.stonecity.cz\/de\/\",\"name\":\"Stonecity.cz\",\"description\":\"Dla\u017eba, obklady, um\u011bl\u00fd i p\u0159\u00edrodn\u00ed k\u00e1men\",\"potentialAction\":[{\"@type\":\"SearchAction\",\"target\":{\"@type\":\"EntryPoint\",\"urlTemplate\":\"https:\/\/www.stonecity.cz\/de\/?s={search_term_string}\"},\"query-input\":{\"@type\":\"PropertyValueSpecification\",\"valueRequired\":true,\"valueName\":\"search_term_string\"}}],\"inLanguage\":\"de\"}]}<\/script>\n<!-- \/ Yoast SEO plugin. -->","yoast_head_json":{"title":"Sandsteinplatten Meran braun - (PI-05, 09,10) - Stonecity.cz","robots":{"index":"index","follow":"follow","max-snippet":"max-snippet:-1","max-image-preview":"max-image-preview:large","max-video-preview":"max-video-preview:-1"},"canonical":"https:\/\/www.stonecity.cz\/de\/produkt\/steinfliese-merano-braun\/","og_locale":"de_DE","og_type":"article","og_title":"Sandsteinplatten Meran braun - (PI-05, 09,10) - Stonecity.cz","og_description":"Steinpflaster aus gespaltenem Sandstein. Oberfl\u00e4che: abgesplitterte Kanten, nat\u00fcrliche Oberfl\u00e4che Dicke: 2,2 cm, kalibriert Abmessungen: 60\u00d790 (PI-09) 60\u00d760 (PI-05) R\u00f6misches Muster: A &#8211; 60\u00d760 cm\/ B &#8211; 60\u00d729 cm\/ C &#8211; 29\u00d729 cm \/D &#8211; 90&#215;60 cm (A=4St\u00fcck, B=2St\u00fcck, C=4St\u00fcck, D=2St\u00fcck) = 3,54m2 einschlie\u00dflich 10mm Fuge (PI-10) &nbsp;","og_url":"https:\/\/www.stonecity.cz\/de\/produkt\/steinfliese-merano-braun\/","og_site_name":"Stonecity.cz","og_image":[{"width":1715,"height":2560,"url":"https:\/\/www.stonecity.cz\/wp-content\/uploads\/2021\/02\/PI-10-scaled.jpg","type":"image\/jpeg"}],"twitter_card":"summary_large_image","schema":{"@context":"https:\/\/schema.org","@graph":[{"@type":"WebPage","@id":"https:\/\/www.stonecity.cz\/de\/produkt\/steinfliese-merano-braun\/","url":"https:\/\/www.stonecity.cz\/de\/produkt\/steinfliese-merano-braun\/","name":"Sandsteinplatten Meran braun - (PI-05, 09,10) - Stonecity.cz","isPartOf":{"@id":"https:\/\/www.stonecity.cz\/de\/#website"},"primaryImageOfPage":{"@id":"https:\/\/www.stonecity.cz\/de\/produkt\/steinfliese-merano-braun\/#primaryimage"},"image":{"@id":"https:\/\/www.stonecity.cz\/de\/produkt\/steinfliese-merano-braun\/#primaryimage"},"thumbnailUrl":"https:\/\/www.stonecity.cz\/wp-content\/uploads\/2021\/02\/STONE-CITY-Merano-Brown-scaled.jpg","datePublished":"2021-02-15T07:06:36+00:00","breadcrumb":{"@id":"https:\/\/www.stonecity.cz\/de\/produkt\/steinfliese-merano-braun\/#breadcrumb"},"inLanguage":"de","potentialAction":[{"@type":"ReadAction","target":["https:\/\/www.stonecity.cz\/de\/produkt\/steinfliese-merano-braun\/"]}]},{"@type":"ImageObject","inLanguage":"de","@id":"https:\/\/www.stonecity.cz\/de\/produkt\/steinfliese-merano-braun\/#primaryimage","url":"https:\/\/www.stonecity.cz\/wp-content\/uploads\/2021\/02\/STONE-CITY-Merano-Brown-scaled.jpg","contentUrl":"https:\/\/www.stonecity.cz\/wp-content\/uploads\/2021\/02\/STONE-CITY-Merano-Brown-scaled.jpg","width":2560,"height":2549},{"@type":"BreadcrumbList","@id":"https:\/\/www.stonecity.cz\/de\/produkt\/steinfliese-merano-braun\/#breadcrumb","itemListElement":[{"@type":"ListItem","position":1,"name":"Dom\u016f","item":"https:\/\/www.stonecity.cz\/de\/"},{"@type":"ListItem","position":2,"name":"Shop","item":"https:\/\/www.stonecity.cz\/de\/shop\/"},{"@type":"ListItem","position":3,"name":"Sandsteinplatten Meran braun &#8211; (PI-05, 09,10)"}]},{"@type":"WebSite","@id":"https:\/\/www.stonecity.cz\/de\/#website","url":"https:\/\/www.stonecity.cz\/de\/","name":"Stonecity.cz","description":"Dla\u017eba, obklady, um\u011bl\u00fd i p\u0159\u00edrodn\u00ed k\u00e1men","potentialAction":[{"@type":"SearchAction","target":{"@type":"EntryPoint","urlTemplate":"https:\/\/www.stonecity.cz\/de\/?s={search_term_string}"},"query-input":{"@type":"PropertyValueSpecification","valueRequired":true,"valueName":"search_term_string"}}],"inLanguage":"de"}]}},"_links":{"self":[{"href":"https:\/\/www.stonecity.cz\/de\/wp-json\/wp\/v2\/product\/16022","targetHints":{"allow":["GET"]}}],"collection":[{"href":"https:\/\/www.stonecity.cz\/de\/wp-json\/wp\/v2\/product"}],"about":[{"href":"https:\/\/www.stonecity.cz\/de\/wp-json\/wp\/v2\/types\/product"}],"wp:featuredmedia":[{"embeddable":true,"href":"https:\/\/www.stonecity.cz\/de\/wp-json\/wp\/v2\/media\/20404"}],"wp:attachment":[{"href":"https:\/\/www.stonecity.cz\/de\/wp-json\/wp\/v2\/media?parent=16022"}],"wp:term":[{"taxonomy":"product_cat","embeddable":true,"href":"https:\/\/www.stonecity.cz\/de\/wp-json\/wp\/v2\/product_cat?post=16022"},{"taxonomy":"product_tag","embeddable":true,"href":"https:\/\/www.stonecity.cz\/de\/wp-json\/wp\/v2\/product_tag?post=16022"}],"curies":[{"name":"wp","href":"https:\/\/api.w.org\/{rel}","templated":true}]}}