{"id":16035,"date":"2021-03-16T10:17:14","date_gmt":"2021-03-16T09:17:14","guid":{"rendered":"https:\/\/www.stonecity.cz\/produkt\/travertin-classic-medium-schwimmbadauskleidung\/"},"modified":"2024-08-16T17:21:34","modified_gmt":"2024-08-16T15:21:34","slug":"travertin-bella-leuchtender-pool-lem","status":"publish","type":"product","link":"https:\/\/www.stonecity.cz\/de\/produkt\/travertin-bella-leuchtender-pool-lem\/","title":{"rendered":"Travertin Classic Medium Schwimmbadabdeckung\/Treppe\/Br\u00fcstungsabdeckung"},"content":{"rendered":"<p>Travertin ist ein wundersch\u00f6ner Naturstein, der h\u00e4ufig im Innen- und Au\u00dfenbereich verwendet wird. Er ist bekannt f\u00fcr seine einzigartige Textur und sein warmes Aussehen. Die charakteristischen Poren (Kavernen) und Adern des Travertins verleihen ihm ein verspieltes und organisches Aussehen. Die Verwendung von Travertin in Ihrer Einrichtung verleiht Ihnen einen Hauch von Eleganz und nat\u00fcrlicher Sch\u00f6nheit. Ganz gleich, ob Sie sich f\u00fcr einen modernen oder klassischen Stil entscheiden, Travertin bietet unz\u00e4hlige M\u00f6glichkeiten, um Ihrem Raum ein zeitloses und luxuri\u00f6ses Aussehen zu verleihen. Zusammenfassend l\u00e4sst sich sagen, dass Travertin ein vielseitiger und beeindruckender Naturstein ist, der eine stilvolle Erg\u00e4nzung f\u00fcr jeden Innen- und Au\u00dfenbereich sein kann. Es kombiniert nat\u00fcrliche Sch\u00f6nheit mit Langlebigkeit und einfacher Pflege, was es zu einer beliebten Wahl f\u00fcr viele Kunden macht. Die Schwimmbadfolie Classic Medium ist sehr elegant und hat eine angenehme Honigfarbe. Travertin ist sehr praktisch in der Pflege und beh\u00e4lt dank seiner Struktur immer ein sauberes Aussehen. Dieses Modell ist f\u00fcr die Verwendung im Freien als Pflasterstein geeignet. Oberfl\u00e4che: ungef\u00fcllt, getrommelt, quer geschnitten, abgerundete Kante Anwendung: um Swimmingpools, Terrassen, Einfache Installation und minimale Pflege.  <em><strong><a href=\"https:\/\/www.stonecity.cz\/wp-content\/uploads\/2020\/05\/Certifikat-k-travertinu.pdf\">Zertifikat f\u00fcr Travertin<\/a><\/strong><\/em><\/p>\n<p>&nbsp;<\/p>\n","protected":false},"excerpt":{"rendered":"<p>Travertin ist ein wundersch\u00f6ner Naturstein, der h\u00e4ufig im Innen- und Au\u00dfenbereich verwendet wird. Er ist bekannt f\u00fcr seine einzigartige Textur und sein warmes Aussehen. Die charakteristischen Poren (Kavernen) und Adern des Travertins verleihen ihm ein verspieltes und organisches Aussehen. Die Verwendung von Travertin in Ihrer Einrichtung verleiht Ihnen einen Hauch von Eleganz und nat\u00fcrlicher Sch\u00f6nheit. [&#8230;]\n","protected":false},"featured_media":14277,"template":"","meta":[],"product_cat":[3173,1917,1923,1951],"product_tag":[1833,1841,1835,1836,1840,1834],"class_list":{"0":"post-16035","1":"product","2":"type-product","3":"status-publish","4":"has-post-thumbnail","6":"product_cat-brustungen-treppen-poolumrandungen","7":"product_cat-pflaster","8":"product_cat-naturstein","9":"product_cat-travertin-de","10":"product_tag-fur-den-ausenbereich-geeignet","11":"product_tag-fur-den-garten-geeignet-de","12":"product_tag-geeignet-fur-das-badezimmer","13":"product_tag-geeignet-fur-die-kuche","14":"product_tag-geeignet-fur-die-terrasse","15":"product_tag-geeignet-fur-innenraume","16":"pa_baleni-palettenkasten-66-stuck","18":"first","19":"instock","20":"purchasable","21":"product-type-simple"},"yoast_head":"<!-- This site is optimized with the Yoast SEO plugin v26.8 - https:\/\/yoast.com\/product\/yoast-seo-wordpress\/ -->\n<title>Travertin Classic Medium Schwimmbadabdeckung\/Treppe\/Br\u00fcstungsabdeckung - Stonecity.cz<\/title>\n<meta name=\"robots\" content=\"index, follow, max-snippet:-1, max-image-preview:large, max-video-preview:-1\" \/>\n<link rel=\"canonical\" href=\"https:\/\/www.stonecity.cz\/de\/produkt\/travertin-bella-leuchtender-pool-lem\/\" \/>\n<meta property=\"og:locale\" content=\"de_DE\" \/>\n<meta property=\"og:type\" content=\"article\" \/>\n<meta property=\"og:title\" content=\"Travertin Classic Medium Schwimmbadabdeckung\/Treppe\/Br\u00fcstungsabdeckung - Stonecity.cz\" \/>\n<meta property=\"og:description\" content=\"Travertin ist ein wundersch\u00f6ner Naturstein, der h\u00e4ufig im Innen- und Au\u00dfenbereich verwendet wird. Er ist bekannt f\u00fcr seine einzigartige Textur und sein warmes Aussehen. Die charakteristischen Poren (Kavernen) und Adern des Travertins verleihen ihm ein verspieltes und organisches Aussehen. Die Verwendung von Travertin in Ihrer Einrichtung verleiht Ihnen einen Hauch von Eleganz und nat\u00fcrlicher Sch\u00f6nheit. [...]\" \/>\n<meta property=\"og:url\" content=\"https:\/\/www.stonecity.cz\/de\/produkt\/travertin-bella-leuchtender-pool-lem\/\" \/>\n<meta property=\"og:site_name\" content=\"Stonecity.cz\" \/>\n<meta property=\"article:modified_time\" content=\"2024-08-16T15:21:34+00:00\" \/>\n<meta property=\"og:image\" content=\"https:\/\/www.stonecity.cz\/wp-content\/uploads\/2021\/03\/Bazenovy-lem-Bella-Lumina_6.jpg\" \/>\n\t<meta property=\"og:image:width\" content=\"871\" \/>\n\t<meta property=\"og:image:height\" content=\"578\" \/>\n\t<meta property=\"og:image:type\" content=\"image\/jpeg\" \/>\n<meta name=\"twitter:card\" content=\"summary_large_image\" \/>\n<meta name=\"twitter:label1\" content=\"Gesch\u00e4tzte Lesezeit\" \/>\n\t<meta name=\"twitter:data1\" content=\"1\u00a0Minute\" \/>\n<script type=\"application\/ld+json\" class=\"yoast-schema-graph\">{\"@context\":\"https:\/\/schema.org\",\"@graph\":[{\"@type\":\"WebPage\",\"@id\":\"https:\/\/www.stonecity.cz\/de\/produkt\/travertin-bella-leuchtender-pool-lem\/\",\"url\":\"https:\/\/www.stonecity.cz\/de\/produkt\/travertin-bella-leuchtender-pool-lem\/\",\"name\":\"Travertin Classic Medium Schwimmbadabdeckung\/Treppe\/Br\u00fcstungsabdeckung - Stonecity.cz\",\"isPartOf\":{\"@id\":\"https:\/\/www.stonecity.cz\/de\/#website\"},\"primaryImageOfPage\":{\"@id\":\"https:\/\/www.stonecity.cz\/de\/produkt\/travertin-bella-leuchtender-pool-lem\/#primaryimage\"},\"image\":{\"@id\":\"https:\/\/www.stonecity.cz\/de\/produkt\/travertin-bella-leuchtender-pool-lem\/#primaryimage\"},\"thumbnailUrl\":\"https:\/\/www.stonecity.cz\/wp-content\/uploads\/2021\/03\/Bazenovy-lem-Bella-Lumina_6.jpg\",\"datePublished\":\"2021-03-16T09:17:14+00:00\",\"dateModified\":\"2024-08-16T15:21:34+00:00\",\"breadcrumb\":{\"@id\":\"https:\/\/www.stonecity.cz\/de\/produkt\/travertin-bella-leuchtender-pool-lem\/#breadcrumb\"},\"inLanguage\":\"de\",\"potentialAction\":[{\"@type\":\"ReadAction\",\"target\":[\"https:\/\/www.stonecity.cz\/de\/produkt\/travertin-bella-leuchtender-pool-lem\/\"]}]},{\"@type\":\"ImageObject\",\"inLanguage\":\"de\",\"@id\":\"https:\/\/www.stonecity.cz\/de\/produkt\/travertin-bella-leuchtender-pool-lem\/#primaryimage\",\"url\":\"https:\/\/www.stonecity.cz\/wp-content\/uploads\/2021\/03\/Bazenovy-lem-Bella-Lumina_6.jpg\",\"contentUrl\":\"https:\/\/www.stonecity.cz\/wp-content\/uploads\/2021\/03\/Bazenovy-lem-Bella-Lumina_6.jpg\",\"width\":871,\"height\":578},{\"@type\":\"BreadcrumbList\",\"@id\":\"https:\/\/www.stonecity.cz\/de\/produkt\/travertin-bella-leuchtender-pool-lem\/#breadcrumb\",\"itemListElement\":[{\"@type\":\"ListItem\",\"position\":1,\"name\":\"Dom\u016f\",\"item\":\"https:\/\/www.stonecity.cz\/de\/\"},{\"@type\":\"ListItem\",\"position\":2,\"name\":\"Shop\",\"item\":\"https:\/\/www.stonecity.cz\/de\/shop\/\"},{\"@type\":\"ListItem\",\"position\":3,\"name\":\"Travertin Classic Medium Schwimmbadabdeckung\/Treppe\/Br\u00fcstungsabdeckung\"}]},{\"@type\":\"WebSite\",\"@id\":\"https:\/\/www.stonecity.cz\/de\/#website\",\"url\":\"https:\/\/www.stonecity.cz\/de\/\",\"name\":\"Stonecity.cz\",\"description\":\"Dla\u017eba, obklady, um\u011bl\u00fd i p\u0159\u00edrodn\u00ed k\u00e1men\",\"potentialAction\":[{\"@type\":\"SearchAction\",\"target\":{\"@type\":\"EntryPoint\",\"urlTemplate\":\"https:\/\/www.stonecity.cz\/de\/?s={search_term_string}\"},\"query-input\":{\"@type\":\"PropertyValueSpecification\",\"valueRequired\":true,\"valueName\":\"search_term_string\"}}],\"inLanguage\":\"de\"}]}<\/script>\n<!-- \/ Yoast SEO plugin. -->","yoast_head_json":{"title":"Travertin Classic Medium Schwimmbadabdeckung\/Treppe\/Br\u00fcstungsabdeckung - Stonecity.cz","robots":{"index":"index","follow":"follow","max-snippet":"max-snippet:-1","max-image-preview":"max-image-preview:large","max-video-preview":"max-video-preview:-1"},"canonical":"https:\/\/www.stonecity.cz\/de\/produkt\/travertin-bella-leuchtender-pool-lem\/","og_locale":"de_DE","og_type":"article","og_title":"Travertin Classic Medium Schwimmbadabdeckung\/Treppe\/Br\u00fcstungsabdeckung - Stonecity.cz","og_description":"Travertin ist ein wundersch\u00f6ner Naturstein, der h\u00e4ufig im Innen- und Au\u00dfenbereich verwendet wird. Er ist bekannt f\u00fcr seine einzigartige Textur und sein warmes Aussehen. Die charakteristischen Poren (Kavernen) und Adern des Travertins verleihen ihm ein verspieltes und organisches Aussehen. Die Verwendung von Travertin in Ihrer Einrichtung verleiht Ihnen einen Hauch von Eleganz und nat\u00fcrlicher Sch\u00f6nheit. [...]","og_url":"https:\/\/www.stonecity.cz\/de\/produkt\/travertin-bella-leuchtender-pool-lem\/","og_site_name":"Stonecity.cz","article_modified_time":"2024-08-16T15:21:34+00:00","og_image":[{"width":871,"height":578,"url":"https:\/\/www.stonecity.cz\/wp-content\/uploads\/2021\/03\/Bazenovy-lem-Bella-Lumina_6.jpg","type":"image\/jpeg"}],"twitter_card":"summary_large_image","twitter_misc":{"Gesch\u00e4tzte Lesezeit":"1\u00a0Minute"},"schema":{"@context":"https:\/\/schema.org","@graph":[{"@type":"WebPage","@id":"https:\/\/www.stonecity.cz\/de\/produkt\/travertin-bella-leuchtender-pool-lem\/","url":"https:\/\/www.stonecity.cz\/de\/produkt\/travertin-bella-leuchtender-pool-lem\/","name":"Travertin Classic Medium Schwimmbadabdeckung\/Treppe\/Br\u00fcstungsabdeckung - Stonecity.cz","isPartOf":{"@id":"https:\/\/www.stonecity.cz\/de\/#website"},"primaryImageOfPage":{"@id":"https:\/\/www.stonecity.cz\/de\/produkt\/travertin-bella-leuchtender-pool-lem\/#primaryimage"},"image":{"@id":"https:\/\/www.stonecity.cz\/de\/produkt\/travertin-bella-leuchtender-pool-lem\/#primaryimage"},"thumbnailUrl":"https:\/\/www.stonecity.cz\/wp-content\/uploads\/2021\/03\/Bazenovy-lem-Bella-Lumina_6.jpg","datePublished":"2021-03-16T09:17:14+00:00","dateModified":"2024-08-16T15:21:34+00:00","breadcrumb":{"@id":"https:\/\/www.stonecity.cz\/de\/produkt\/travertin-bella-leuchtender-pool-lem\/#breadcrumb"},"inLanguage":"de","potentialAction":[{"@type":"ReadAction","target":["https:\/\/www.stonecity.cz\/de\/produkt\/travertin-bella-leuchtender-pool-lem\/"]}]},{"@type":"ImageObject","inLanguage":"de","@id":"https:\/\/www.stonecity.cz\/de\/produkt\/travertin-bella-leuchtender-pool-lem\/#primaryimage","url":"https:\/\/www.stonecity.cz\/wp-content\/uploads\/2021\/03\/Bazenovy-lem-Bella-Lumina_6.jpg","contentUrl":"https:\/\/www.stonecity.cz\/wp-content\/uploads\/2021\/03\/Bazenovy-lem-Bella-Lumina_6.jpg","width":871,"height":578},{"@type":"BreadcrumbList","@id":"https:\/\/www.stonecity.cz\/de\/produkt\/travertin-bella-leuchtender-pool-lem\/#breadcrumb","itemListElement":[{"@type":"ListItem","position":1,"name":"Dom\u016f","item":"https:\/\/www.stonecity.cz\/de\/"},{"@type":"ListItem","position":2,"name":"Shop","item":"https:\/\/www.stonecity.cz\/de\/shop\/"},{"@type":"ListItem","position":3,"name":"Travertin Classic Medium Schwimmbadabdeckung\/Treppe\/Br\u00fcstungsabdeckung"}]},{"@type":"WebSite","@id":"https:\/\/www.stonecity.cz\/de\/#website","url":"https:\/\/www.stonecity.cz\/de\/","name":"Stonecity.cz","description":"Dla\u017eba, obklady, um\u011bl\u00fd i p\u0159\u00edrodn\u00ed k\u00e1men","potentialAction":[{"@type":"SearchAction","target":{"@type":"EntryPoint","urlTemplate":"https:\/\/www.stonecity.cz\/de\/?s={search_term_string}"},"query-input":{"@type":"PropertyValueSpecification","valueRequired":true,"valueName":"search_term_string"}}],"inLanguage":"de"}]}},"_links":{"self":[{"href":"https:\/\/www.stonecity.cz\/de\/wp-json\/wp\/v2\/product\/16035","targetHints":{"allow":["GET"]}}],"collection":[{"href":"https:\/\/www.stonecity.cz\/de\/wp-json\/wp\/v2\/product"}],"about":[{"href":"https:\/\/www.stonecity.cz\/de\/wp-json\/wp\/v2\/types\/product"}],"wp:featuredmedia":[{"embeddable":true,"href":"https:\/\/www.stonecity.cz\/de\/wp-json\/wp\/v2\/media\/14277"}],"wp:attachment":[{"href":"https:\/\/www.stonecity.cz\/de\/wp-json\/wp\/v2\/media?parent=16035"}],"wp:term":[{"taxonomy":"product_cat","embeddable":true,"href":"https:\/\/www.stonecity.cz\/de\/wp-json\/wp\/v2\/product_cat?post=16035"},{"taxonomy":"product_tag","embeddable":true,"href":"https:\/\/www.stonecity.cz\/de\/wp-json\/wp\/v2\/product_tag?post=16035"}],"curies":[{"name":"wp","href":"https:\/\/api.w.org\/{rel}","templated":true}]}}