{"id":16058,"date":"2021-04-21T08:47:18","date_gmt":"2021-04-21T06:47:18","guid":{"rendered":"https:\/\/www.stonecity.cz\/produkt\/weidenkorb-auf-raedern-sc256\/"},"modified":"2021-04-21T08:47:18","modified_gmt":"2021-04-21T06:47:18","slug":"prouteny-kos-na-koleckach-sc255-kopie","status":"publish","type":"product","link":"https:\/\/www.stonecity.cz\/de\/produkt\/prouteny-kos-na-koleckach-sc255-kopie\/","title":{"rendered":"Weidenkorb auf R\u00e4dern SC256"},"content":{"rendered":"<p>Weidenkorb auf R\u00e4dern aus der Luxuskollektion der belgischen Designer <strong>Toni Van Parijs &amp; Els Van Turnhout <\/strong>.  <\/p>\n<p>Diese zeitlose Kollektion wird Sie durch ihr nat\u00fcrliches und schlichtes Originaldesign, die Qualit\u00e4t des Materials und der Verarbeitung begeistern.<strong> <\/strong><\/p>\n<p>Dieser Weidenkorb ist mit einem Jutefutter ausgekleidet. Er kann f\u00fcr Brennholz oder als Aufbewahrungskorb f\u00fcr verschiedene Accessoires verwendet werden.<\/p>\n<p>Gr\u00f6\u00dfe: 61x61x58 cm +9 cm oder 51x51x46 cm + 8 cm<\/p>\n","protected":false},"excerpt":{"rendered":"<p>Weidenkorb auf R\u00e4dern aus der Luxuskollektion der belgischen Designer Toni Van Parijs &amp; Els Van Turnhout . Diese zeitlose Kollektion wird Sie durch ihr nat\u00fcrliches und schlichtes Originaldesign, die Qualit\u00e4t des Materials und der Verarbeitung begeistern. Dieser Weidenkorb ist mit einem Jutefutter ausgekleidet. Er kann f\u00fcr Brennholz oder als Aufbewahrungskorb f\u00fcr verschiedene Accessoires verwendet werden. [&#8230;]\n","protected":false},"featured_media":13831,"template":"","meta":[],"product_cat":[1989],"product_tag":[1835,1836,1840,1834],"class_list":{"0":"post-16058","1":"product","2":"type-product","3":"status-publish","4":"has-post-thumbnail","6":"product_cat-erganzungen","7":"product_tag-geeignet-fur-das-badezimmer","8":"product_tag-geeignet-fur-die-kuche","9":"product_tag-geeignet-fur-die-terrasse","10":"product_tag-geeignet-fur-innenraume","11":"pa_poznamka-hohe-der-rader-8-cm","13":"first","14":"outofstock","15":"purchasable","16":"product-type-variable","17":"has-default-attributes"},"yoast_head":"<!-- This site is optimized with the Yoast SEO plugin v26.8 - https:\/\/yoast.com\/product\/yoast-seo-wordpress\/ -->\n<title>Weidenkorb auf R\u00e4dern SC256 - Stonecity.cz<\/title>\n<meta name=\"robots\" content=\"index, follow, max-snippet:-1, max-image-preview:large, max-video-preview:-1\" \/>\n<link rel=\"canonical\" href=\"https:\/\/www.stonecity.cz\/de\/produkt\/prouteny-kos-na-koleckach-sc255-kopie\/\" \/>\n<meta property=\"og:locale\" content=\"de_DE\" \/>\n<meta property=\"og:type\" content=\"article\" \/>\n<meta property=\"og:title\" content=\"Weidenkorb auf R\u00e4dern SC256 - Stonecity.cz\" \/>\n<meta property=\"og:description\" content=\"Weidenkorb auf R\u00e4dern aus der Luxuskollektion der belgischen Designer Toni Van Parijs &amp; Els Van Turnhout . Diese zeitlose Kollektion wird Sie durch ihr nat\u00fcrliches und schlichtes Originaldesign, die Qualit\u00e4t des Materials und der Verarbeitung begeistern. Dieser Weidenkorb ist mit einem Jutefutter ausgekleidet. Er kann f\u00fcr Brennholz oder als Aufbewahrungskorb f\u00fcr verschiedene Accessoires verwendet werden. [...]\" \/>\n<meta property=\"og:url\" content=\"https:\/\/www.stonecity.cz\/de\/produkt\/prouteny-kos-na-koleckach-sc255-kopie\/\" \/>\n<meta property=\"og:site_name\" content=\"Stonecity.cz\" \/>\n<meta property=\"og:image\" content=\"https:\/\/www.stonecity.cz\/wp-content\/uploads\/2021\/04\/SC256.jpg\" \/>\n\t<meta property=\"og:image:width\" content=\"500\" \/>\n\t<meta property=\"og:image:height\" content=\"500\" \/>\n\t<meta property=\"og:image:type\" content=\"image\/jpeg\" \/>\n<meta name=\"twitter:card\" content=\"summary_large_image\" \/>\n<script type=\"application\/ld+json\" class=\"yoast-schema-graph\">{\"@context\":\"https:\/\/schema.org\",\"@graph\":[{\"@type\":\"WebPage\",\"@id\":\"https:\/\/www.stonecity.cz\/de\/produkt\/prouteny-kos-na-koleckach-sc255-kopie\/\",\"url\":\"https:\/\/www.stonecity.cz\/de\/produkt\/prouteny-kos-na-koleckach-sc255-kopie\/\",\"name\":\"Weidenkorb auf R\u00e4dern SC256 - Stonecity.cz\",\"isPartOf\":{\"@id\":\"https:\/\/www.stonecity.cz\/de\/#website\"},\"primaryImageOfPage\":{\"@id\":\"https:\/\/www.stonecity.cz\/de\/produkt\/prouteny-kos-na-koleckach-sc255-kopie\/#primaryimage\"},\"image\":{\"@id\":\"https:\/\/www.stonecity.cz\/de\/produkt\/prouteny-kos-na-koleckach-sc255-kopie\/#primaryimage\"},\"thumbnailUrl\":\"https:\/\/www.stonecity.cz\/wp-content\/uploads\/2021\/04\/SC256.jpg\",\"datePublished\":\"2021-04-21T06:47:18+00:00\",\"breadcrumb\":{\"@id\":\"https:\/\/www.stonecity.cz\/de\/produkt\/prouteny-kos-na-koleckach-sc255-kopie\/#breadcrumb\"},\"inLanguage\":\"de\",\"potentialAction\":[{\"@type\":\"ReadAction\",\"target\":[\"https:\/\/www.stonecity.cz\/de\/produkt\/prouteny-kos-na-koleckach-sc255-kopie\/\"]}]},{\"@type\":\"ImageObject\",\"inLanguage\":\"de\",\"@id\":\"https:\/\/www.stonecity.cz\/de\/produkt\/prouteny-kos-na-koleckach-sc255-kopie\/#primaryimage\",\"url\":\"https:\/\/www.stonecity.cz\/wp-content\/uploads\/2021\/04\/SC256.jpg\",\"contentUrl\":\"https:\/\/www.stonecity.cz\/wp-content\/uploads\/2021\/04\/SC256.jpg\",\"width\":500,\"height\":500,\"caption\":\"vor\u00fcbergehend ausverkauft!\"},{\"@type\":\"BreadcrumbList\",\"@id\":\"https:\/\/www.stonecity.cz\/de\/produkt\/prouteny-kos-na-koleckach-sc255-kopie\/#breadcrumb\",\"itemListElement\":[{\"@type\":\"ListItem\",\"position\":1,\"name\":\"Dom\u016f\",\"item\":\"https:\/\/www.stonecity.cz\/de\/\"},{\"@type\":\"ListItem\",\"position\":2,\"name\":\"Shop\",\"item\":\"https:\/\/www.stonecity.cz\/de\/shop\/\"},{\"@type\":\"ListItem\",\"position\":3,\"name\":\"Weidenkorb auf R\u00e4dern SC256\"}]},{\"@type\":\"WebSite\",\"@id\":\"https:\/\/www.stonecity.cz\/de\/#website\",\"url\":\"https:\/\/www.stonecity.cz\/de\/\",\"name\":\"Stonecity.cz\",\"description\":\"Dla\u017eba, obklady, um\u011bl\u00fd i p\u0159\u00edrodn\u00ed k\u00e1men\",\"potentialAction\":[{\"@type\":\"SearchAction\",\"target\":{\"@type\":\"EntryPoint\",\"urlTemplate\":\"https:\/\/www.stonecity.cz\/de\/?s={search_term_string}\"},\"query-input\":{\"@type\":\"PropertyValueSpecification\",\"valueRequired\":true,\"valueName\":\"search_term_string\"}}],\"inLanguage\":\"de\"}]}<\/script>\n<!-- \/ Yoast SEO plugin. -->","yoast_head_json":{"title":"Weidenkorb auf R\u00e4dern SC256 - Stonecity.cz","robots":{"index":"index","follow":"follow","max-snippet":"max-snippet:-1","max-image-preview":"max-image-preview:large","max-video-preview":"max-video-preview:-1"},"canonical":"https:\/\/www.stonecity.cz\/de\/produkt\/prouteny-kos-na-koleckach-sc255-kopie\/","og_locale":"de_DE","og_type":"article","og_title":"Weidenkorb auf R\u00e4dern SC256 - Stonecity.cz","og_description":"Weidenkorb auf R\u00e4dern aus der Luxuskollektion der belgischen Designer Toni Van Parijs &amp; Els Van Turnhout . Diese zeitlose Kollektion wird Sie durch ihr nat\u00fcrliches und schlichtes Originaldesign, die Qualit\u00e4t des Materials und der Verarbeitung begeistern. Dieser Weidenkorb ist mit einem Jutefutter ausgekleidet. Er kann f\u00fcr Brennholz oder als Aufbewahrungskorb f\u00fcr verschiedene Accessoires verwendet werden. [...]","og_url":"https:\/\/www.stonecity.cz\/de\/produkt\/prouteny-kos-na-koleckach-sc255-kopie\/","og_site_name":"Stonecity.cz","og_image":[{"width":500,"height":500,"url":"https:\/\/www.stonecity.cz\/wp-content\/uploads\/2021\/04\/SC256.jpg","type":"image\/jpeg"}],"twitter_card":"summary_large_image","schema":{"@context":"https:\/\/schema.org","@graph":[{"@type":"WebPage","@id":"https:\/\/www.stonecity.cz\/de\/produkt\/prouteny-kos-na-koleckach-sc255-kopie\/","url":"https:\/\/www.stonecity.cz\/de\/produkt\/prouteny-kos-na-koleckach-sc255-kopie\/","name":"Weidenkorb auf R\u00e4dern SC256 - Stonecity.cz","isPartOf":{"@id":"https:\/\/www.stonecity.cz\/de\/#website"},"primaryImageOfPage":{"@id":"https:\/\/www.stonecity.cz\/de\/produkt\/prouteny-kos-na-koleckach-sc255-kopie\/#primaryimage"},"image":{"@id":"https:\/\/www.stonecity.cz\/de\/produkt\/prouteny-kos-na-koleckach-sc255-kopie\/#primaryimage"},"thumbnailUrl":"https:\/\/www.stonecity.cz\/wp-content\/uploads\/2021\/04\/SC256.jpg","datePublished":"2021-04-21T06:47:18+00:00","breadcrumb":{"@id":"https:\/\/www.stonecity.cz\/de\/produkt\/prouteny-kos-na-koleckach-sc255-kopie\/#breadcrumb"},"inLanguage":"de","potentialAction":[{"@type":"ReadAction","target":["https:\/\/www.stonecity.cz\/de\/produkt\/prouteny-kos-na-koleckach-sc255-kopie\/"]}]},{"@type":"ImageObject","inLanguage":"de","@id":"https:\/\/www.stonecity.cz\/de\/produkt\/prouteny-kos-na-koleckach-sc255-kopie\/#primaryimage","url":"https:\/\/www.stonecity.cz\/wp-content\/uploads\/2021\/04\/SC256.jpg","contentUrl":"https:\/\/www.stonecity.cz\/wp-content\/uploads\/2021\/04\/SC256.jpg","width":500,"height":500,"caption":"vor\u00fcbergehend ausverkauft!"},{"@type":"BreadcrumbList","@id":"https:\/\/www.stonecity.cz\/de\/produkt\/prouteny-kos-na-koleckach-sc255-kopie\/#breadcrumb","itemListElement":[{"@type":"ListItem","position":1,"name":"Dom\u016f","item":"https:\/\/www.stonecity.cz\/de\/"},{"@type":"ListItem","position":2,"name":"Shop","item":"https:\/\/www.stonecity.cz\/de\/shop\/"},{"@type":"ListItem","position":3,"name":"Weidenkorb auf R\u00e4dern SC256"}]},{"@type":"WebSite","@id":"https:\/\/www.stonecity.cz\/de\/#website","url":"https:\/\/www.stonecity.cz\/de\/","name":"Stonecity.cz","description":"Dla\u017eba, obklady, um\u011bl\u00fd i p\u0159\u00edrodn\u00ed k\u00e1men","potentialAction":[{"@type":"SearchAction","target":{"@type":"EntryPoint","urlTemplate":"https:\/\/www.stonecity.cz\/de\/?s={search_term_string}"},"query-input":{"@type":"PropertyValueSpecification","valueRequired":true,"valueName":"search_term_string"}}],"inLanguage":"de"}]}},"_links":{"self":[{"href":"https:\/\/www.stonecity.cz\/de\/wp-json\/wp\/v2\/product\/16058","targetHints":{"allow":["GET"]}}],"collection":[{"href":"https:\/\/www.stonecity.cz\/de\/wp-json\/wp\/v2\/product"}],"about":[{"href":"https:\/\/www.stonecity.cz\/de\/wp-json\/wp\/v2\/types\/product"}],"wp:featuredmedia":[{"embeddable":true,"href":"https:\/\/www.stonecity.cz\/de\/wp-json\/wp\/v2\/media\/13831"}],"wp:attachment":[{"href":"https:\/\/www.stonecity.cz\/de\/wp-json\/wp\/v2\/media?parent=16058"}],"wp:term":[{"taxonomy":"product_cat","embeddable":true,"href":"https:\/\/www.stonecity.cz\/de\/wp-json\/wp\/v2\/product_cat?post=16058"},{"taxonomy":"product_tag","embeddable":true,"href":"https:\/\/www.stonecity.cz\/de\/wp-json\/wp\/v2\/product_tag?post=16058"}],"curies":[{"name":"wp","href":"https:\/\/api.w.org\/{rel}","templated":true}]}}