{"id":16059,"date":"2021-03-19T13:46:59","date_gmt":"2021-03-19T12:46:59","guid":{"rendered":"https:\/\/www.stonecity.cz\/produkt\/grand-canyon-schiefer-steinfurnier-bc-16\/"},"modified":"2021-03-19T13:46:59","modified_gmt":"2021-03-19T12:46:59","slug":"stein-kegel-grand-schlucht-schiefer","status":"publish","type":"product","link":"https:\/\/www.stonecity.cz\/de\/produkt\/stein-kegel-grand-schlucht-schiefer\/","title":{"rendered":"Grand Canyon Schiefer Steinfurnier BC-16"},"content":{"rendered":"<div style=\"width: 848px;\" class=\"wp-video\"><!--[if lt IE 9]><script>document.createElement('video');<\/script><![endif]-->\n<video class=\"wp-video-shortcode\" id=\"video-16059-1\" width=\"848\" height=\"480\" preload=\"metadata\" controls=\"controls\"><source type=\"video\/mp4\" src=\"https:\/\/www.stonecity.cz\/wp-content\/uploads\/2021\/03\/Kamenna-dyha-Grand-Canyon.mp4?_=1\" \/><a href=\"https:\/\/www.stonecity.cz\/wp-content\/uploads\/2021\/03\/Kamenna-dyha-Grand-Canyon.mp4\">https:\/\/www.stonecity.cz\/wp-content\/uploads\/2021\/03\/Kamenna-dyha-Grand-Canyon.mp4<\/a><\/video><\/div>\n<p>Natursteintapete f\u00fcr den Au\u00dfen- und Innenbereich.<\/p>\n<p>&nbsp;<\/p>\n","protected":false},"excerpt":{"rendered":"<p>Natursteintapete f\u00fcr den Au\u00dfen- und Innenbereich. &nbsp;<\/p>\n","protected":false},"featured_media":14245,"template":"","meta":[],"product_cat":[2041,2033,2035,2029,2031],"product_tag":[1830,1833,1835,1836,1834,1837,1838],"class_list":{"0":"post-16059","1":"product","2":"type-product","3":"status-publish","4":"has-post-thumbnail","6":"product_cat-verblendsteine","7":"product_cat-naturstein-de","8":"product_cat-schiefer-de","9":"product_cat-stein-tapete","10":"product_cat-stein-tapete-kacheln","11":"product_tag-fassadenverkleidung","12":"product_tag-fur-den-ausenbereich-geeignet","13":"product_tag-geeignet-fur-das-badezimmer","14":"product_tag-geeignet-fur-die-kuche","15":"product_tag-geeignet-fur-innenraume","16":"product_tag-geeignet-fur-sauna","17":"product_tag-geeignet-fur-wellness","18":"pa_baleni-karton-25-stuck","19":"pa_tloustka-3mm-de","21":"first","22":"instock","23":"taxable","24":"shipping-taxable","25":"purchasable","26":"product-type-simple"},"yoast_head":"<!-- This site is optimized with the Yoast SEO plugin v26.8 - https:\/\/yoast.com\/product\/yoast-seo-wordpress\/ -->\n<title>Grand Canyon Schiefer Steinfurnier BC-16 - Stonecity.cz<\/title>\n<meta name=\"robots\" content=\"index, follow, max-snippet:-1, max-image-preview:large, max-video-preview:-1\" \/>\n<link rel=\"canonical\" href=\"https:\/\/www.stonecity.cz\/de\/produkt\/stein-kegel-grand-schlucht-schiefer\/\" \/>\n<meta property=\"og:locale\" content=\"de_DE\" \/>\n<meta property=\"og:type\" content=\"article\" \/>\n<meta property=\"og:title\" content=\"Grand Canyon Schiefer Steinfurnier BC-16 - Stonecity.cz\" \/>\n<meta property=\"og:description\" content=\"Natursteintapete f\u00fcr den Au\u00dfen- und Innenbereich. &nbsp;\" \/>\n<meta property=\"og:url\" content=\"https:\/\/www.stonecity.cz\/de\/produkt\/stein-kegel-grand-schlucht-schiefer\/\" \/>\n<meta property=\"og:site_name\" content=\"Stonecity.cz\" \/>\n<meta property=\"og:image\" content=\"https:\/\/www.stonecity.cz\/wp-content\/uploads\/2021\/03\/Kamenna-dyha-Grand-Canyon-1-1.jpg\" \/>\n\t<meta property=\"og:image:width\" content=\"966\" \/>\n\t<meta property=\"og:image:height\" content=\"1911\" \/>\n\t<meta property=\"og:image:type\" content=\"image\/jpeg\" \/>\n<meta name=\"twitter:card\" content=\"summary_large_image\" \/>\n<script type=\"application\/ld+json\" class=\"yoast-schema-graph\">{\"@context\":\"https:\/\/schema.org\",\"@graph\":[{\"@type\":\"WebPage\",\"@id\":\"https:\/\/www.stonecity.cz\/de\/produkt\/stein-kegel-grand-schlucht-schiefer\/\",\"url\":\"https:\/\/www.stonecity.cz\/de\/produkt\/stein-kegel-grand-schlucht-schiefer\/\",\"name\":\"Grand Canyon Schiefer Steinfurnier BC-16 - Stonecity.cz\",\"isPartOf\":{\"@id\":\"https:\/\/www.stonecity.cz\/de\/#website\"},\"primaryImageOfPage\":{\"@id\":\"https:\/\/www.stonecity.cz\/de\/produkt\/stein-kegel-grand-schlucht-schiefer\/#primaryimage\"},\"image\":{\"@id\":\"https:\/\/www.stonecity.cz\/de\/produkt\/stein-kegel-grand-schlucht-schiefer\/#primaryimage\"},\"thumbnailUrl\":\"https:\/\/www.stonecity.cz\/wp-content\/uploads\/2021\/03\/Kamenna-dyha-Grand-Canyon-1-1.jpg\",\"datePublished\":\"2021-03-19T12:46:59+00:00\",\"breadcrumb\":{\"@id\":\"https:\/\/www.stonecity.cz\/de\/produkt\/stein-kegel-grand-schlucht-schiefer\/#breadcrumb\"},\"inLanguage\":\"de\",\"potentialAction\":[{\"@type\":\"ReadAction\",\"target\":[\"https:\/\/www.stonecity.cz\/de\/produkt\/stein-kegel-grand-schlucht-schiefer\/\"]}]},{\"@type\":\"ImageObject\",\"inLanguage\":\"de\",\"@id\":\"https:\/\/www.stonecity.cz\/de\/produkt\/stein-kegel-grand-schlucht-schiefer\/#primaryimage\",\"url\":\"https:\/\/www.stonecity.cz\/wp-content\/uploads\/2021\/03\/Kamenna-dyha-Grand-Canyon-1-1.jpg\",\"contentUrl\":\"https:\/\/www.stonecity.cz\/wp-content\/uploads\/2021\/03\/Kamenna-dyha-Grand-Canyon-1-1.jpg\",\"width\":966,\"height\":1911},{\"@type\":\"BreadcrumbList\",\"@id\":\"https:\/\/www.stonecity.cz\/de\/produkt\/stein-kegel-grand-schlucht-schiefer\/#breadcrumb\",\"itemListElement\":[{\"@type\":\"ListItem\",\"position\":1,\"name\":\"Dom\u016f\",\"item\":\"https:\/\/www.stonecity.cz\/de\/\"},{\"@type\":\"ListItem\",\"position\":2,\"name\":\"Shop\",\"item\":\"https:\/\/www.stonecity.cz\/de\/shop\/\"},{\"@type\":\"ListItem\",\"position\":3,\"name\":\"Grand Canyon Schiefer Steinfurnier BC-16\"}]},{\"@type\":\"WebSite\",\"@id\":\"https:\/\/www.stonecity.cz\/de\/#website\",\"url\":\"https:\/\/www.stonecity.cz\/de\/\",\"name\":\"Stonecity.cz\",\"description\":\"Dla\u017eba, obklady, um\u011bl\u00fd i p\u0159\u00edrodn\u00ed k\u00e1men\",\"potentialAction\":[{\"@type\":\"SearchAction\",\"target\":{\"@type\":\"EntryPoint\",\"urlTemplate\":\"https:\/\/www.stonecity.cz\/de\/?s={search_term_string}\"},\"query-input\":{\"@type\":\"PropertyValueSpecification\",\"valueRequired\":true,\"valueName\":\"search_term_string\"}}],\"inLanguage\":\"de\"}]}<\/script>\n<!-- \/ Yoast SEO plugin. -->","yoast_head_json":{"title":"Grand Canyon Schiefer Steinfurnier BC-16 - Stonecity.cz","robots":{"index":"index","follow":"follow","max-snippet":"max-snippet:-1","max-image-preview":"max-image-preview:large","max-video-preview":"max-video-preview:-1"},"canonical":"https:\/\/www.stonecity.cz\/de\/produkt\/stein-kegel-grand-schlucht-schiefer\/","og_locale":"de_DE","og_type":"article","og_title":"Grand Canyon Schiefer Steinfurnier BC-16 - Stonecity.cz","og_description":"Natursteintapete f\u00fcr den Au\u00dfen- und Innenbereich. &nbsp;","og_url":"https:\/\/www.stonecity.cz\/de\/produkt\/stein-kegel-grand-schlucht-schiefer\/","og_site_name":"Stonecity.cz","og_image":[{"width":966,"height":1911,"url":"https:\/\/www.stonecity.cz\/wp-content\/uploads\/2021\/03\/Kamenna-dyha-Grand-Canyon-1-1.jpg","type":"image\/jpeg"}],"twitter_card":"summary_large_image","schema":{"@context":"https:\/\/schema.org","@graph":[{"@type":"WebPage","@id":"https:\/\/www.stonecity.cz\/de\/produkt\/stein-kegel-grand-schlucht-schiefer\/","url":"https:\/\/www.stonecity.cz\/de\/produkt\/stein-kegel-grand-schlucht-schiefer\/","name":"Grand Canyon Schiefer Steinfurnier BC-16 - Stonecity.cz","isPartOf":{"@id":"https:\/\/www.stonecity.cz\/de\/#website"},"primaryImageOfPage":{"@id":"https:\/\/www.stonecity.cz\/de\/produkt\/stein-kegel-grand-schlucht-schiefer\/#primaryimage"},"image":{"@id":"https:\/\/www.stonecity.cz\/de\/produkt\/stein-kegel-grand-schlucht-schiefer\/#primaryimage"},"thumbnailUrl":"https:\/\/www.stonecity.cz\/wp-content\/uploads\/2021\/03\/Kamenna-dyha-Grand-Canyon-1-1.jpg","datePublished":"2021-03-19T12:46:59+00:00","breadcrumb":{"@id":"https:\/\/www.stonecity.cz\/de\/produkt\/stein-kegel-grand-schlucht-schiefer\/#breadcrumb"},"inLanguage":"de","potentialAction":[{"@type":"ReadAction","target":["https:\/\/www.stonecity.cz\/de\/produkt\/stein-kegel-grand-schlucht-schiefer\/"]}]},{"@type":"ImageObject","inLanguage":"de","@id":"https:\/\/www.stonecity.cz\/de\/produkt\/stein-kegel-grand-schlucht-schiefer\/#primaryimage","url":"https:\/\/www.stonecity.cz\/wp-content\/uploads\/2021\/03\/Kamenna-dyha-Grand-Canyon-1-1.jpg","contentUrl":"https:\/\/www.stonecity.cz\/wp-content\/uploads\/2021\/03\/Kamenna-dyha-Grand-Canyon-1-1.jpg","width":966,"height":1911},{"@type":"BreadcrumbList","@id":"https:\/\/www.stonecity.cz\/de\/produkt\/stein-kegel-grand-schlucht-schiefer\/#breadcrumb","itemListElement":[{"@type":"ListItem","position":1,"name":"Dom\u016f","item":"https:\/\/www.stonecity.cz\/de\/"},{"@type":"ListItem","position":2,"name":"Shop","item":"https:\/\/www.stonecity.cz\/de\/shop\/"},{"@type":"ListItem","position":3,"name":"Grand Canyon Schiefer Steinfurnier BC-16"}]},{"@type":"WebSite","@id":"https:\/\/www.stonecity.cz\/de\/#website","url":"https:\/\/www.stonecity.cz\/de\/","name":"Stonecity.cz","description":"Dla\u017eba, obklady, um\u011bl\u00fd i p\u0159\u00edrodn\u00ed k\u00e1men","potentialAction":[{"@type":"SearchAction","target":{"@type":"EntryPoint","urlTemplate":"https:\/\/www.stonecity.cz\/de\/?s={search_term_string}"},"query-input":{"@type":"PropertyValueSpecification","valueRequired":true,"valueName":"search_term_string"}}],"inLanguage":"de"}]}},"_links":{"self":[{"href":"https:\/\/www.stonecity.cz\/de\/wp-json\/wp\/v2\/product\/16059","targetHints":{"allow":["GET"]}}],"collection":[{"href":"https:\/\/www.stonecity.cz\/de\/wp-json\/wp\/v2\/product"}],"about":[{"href":"https:\/\/www.stonecity.cz\/de\/wp-json\/wp\/v2\/types\/product"}],"wp:featuredmedia":[{"embeddable":true,"href":"https:\/\/www.stonecity.cz\/de\/wp-json\/wp\/v2\/media\/14245"}],"wp:attachment":[{"href":"https:\/\/www.stonecity.cz\/de\/wp-json\/wp\/v2\/media?parent=16059"}],"wp:term":[{"taxonomy":"product_cat","embeddable":true,"href":"https:\/\/www.stonecity.cz\/de\/wp-json\/wp\/v2\/product_cat?post=16059"},{"taxonomy":"product_tag","embeddable":true,"href":"https:\/\/www.stonecity.cz\/de\/wp-json\/wp\/v2\/product_tag?post=16059"}],"curies":[{"name":"wp","href":"https:\/\/api.w.org\/{rel}","templated":true}]}}