{"id":16075,"date":"2021-02-15T08:11:05","date_gmt":"2021-02-15T07:11:05","guid":{"rendered":"https:\/\/www.stonecity.cz\/produkt\/sandsteinfliesen-focus-grey-pi-06-07-08\/"},"modified":"2021-02-15T08:11:05","modified_gmt":"2021-02-15T07:11:05","slug":"stein-fliesen-fokus-grau","status":"publish","type":"product","link":"https:\/\/www.stonecity.cz\/de\/produkt\/stein-fliesen-fokus-grau\/","title":{"rendered":"Sandsteinfliesen Focus Grey &#8211; (PI-06, 07, 08)"},"content":{"rendered":"<p>Steinpflaster aus gespaltenem Sandstein.<\/p>\n<p>Oberfl\u00e4che: abgesplitterte Kanten, nat\u00fcrliche Oberfl\u00e4che<\/p>\n<p>Dicke: 2,2 cm, kalibriert<\/p>\n<p>Abmessungen:<\/p>\n<ul>\n<li>60&#215;90 (PI-07)<\/li>\n<li>60&#215;60 (PI-06)<\/li>\n<li><span style=\"color: #555555; font-size: 14.4px;\">R\u00f6misches Muster: 60&#215;90 cm\/ 60&#215;60 cm\/ 60&#215;29 cm\/ 29&#215;29 cm (PI-08)<br \/>\n<\/span><\/li>\n<\/ul>\n","protected":false},"excerpt":{"rendered":"<p>Steinpflaster aus gespaltenem Sandstein. Oberfl\u00e4che: abgesplitterte Kanten, nat\u00fcrliche Oberfl\u00e4che Dicke: 2,2 cm, kalibriert Abmessungen: 60&#215;90 (PI-07) 60&#215;60 (PI-06) R\u00f6misches Muster: 60&#215;90 cm\/ 60&#215;60 cm\/ 60&#215;29 cm\/ 29&#215;29 cm (PI-08)<\/p>\n","protected":false},"featured_media":18985,"template":"","meta":[],"product_cat":[3268,1917,1923,1949],"product_tag":[1832,1833,1840,1834,1837,1838],"class_list":{"0":"post-16075","1":"product","2":"type-product","3":"status-publish","4":"has-post-thumbnail","6":"product_cat-historische-und-rustikale-burgersteige","7":"product_cat-pflaster","8":"product_cat-naturstein","9":"product_cat-sandstein","10":"product_tag-aus","11":"product_tag-fur-den-ausenbereich-geeignet","12":"product_tag-geeignet-fur-die-terrasse","13":"product_tag-geeignet-fur-innenraume","14":"product_tag-geeignet-fur-sauna","15":"product_tag-geeignet-fur-wellness","16":"pa_barva-grau-de","17":"pa_tloustka-22-cm-de","19":"first","20":"instock","21":"taxable","22":"shipping-taxable","23":"purchasable","24":"product-type-variable","25":"has-default-attributes"},"yoast_head":"<!-- This site is optimized with the Yoast SEO plugin v26.8 - https:\/\/yoast.com\/product\/yoast-seo-wordpress\/ -->\n<title>Sandsteinfliesen Focus Grey - (PI-06, 07, 08) - Stonecity.cz<\/title>\n<meta name=\"robots\" content=\"index, follow, max-snippet:-1, max-image-preview:large, max-video-preview:-1\" \/>\n<link rel=\"canonical\" href=\"https:\/\/www.stonecity.cz\/de\/produkt\/stein-fliesen-fokus-grau\/\" \/>\n<meta property=\"og:locale\" content=\"de_DE\" \/>\n<meta property=\"og:type\" content=\"article\" \/>\n<meta property=\"og:title\" content=\"Sandsteinfliesen Focus Grey - (PI-06, 07, 08) - Stonecity.cz\" \/>\n<meta property=\"og:description\" content=\"Steinpflaster aus gespaltenem Sandstein. Oberfl\u00e4che: abgesplitterte Kanten, nat\u00fcrliche Oberfl\u00e4che Dicke: 2,2 cm, kalibriert Abmessungen: 60&#215;90 (PI-07) 60&#215;60 (PI-06) R\u00f6misches Muster: 60&#215;90 cm\/ 60&#215;60 cm\/ 60&#215;29 cm\/ 29&#215;29 cm (PI-08)\" \/>\n<meta property=\"og:url\" content=\"https:\/\/www.stonecity.cz\/de\/produkt\/stein-fliesen-fokus-grau\/\" \/>\n<meta property=\"og:site_name\" content=\"Stonecity.cz\" \/>\n<meta property=\"og:image\" content=\"https:\/\/www.stonecity.cz\/wp-content\/uploads\/2021\/02\/Autumn-Grey_1.jpg\" \/>\n\t<meta property=\"og:image:width\" content=\"980\" \/>\n\t<meta property=\"og:image:height\" content=\"570\" \/>\n\t<meta property=\"og:image:type\" content=\"image\/jpeg\" \/>\n<meta name=\"twitter:card\" content=\"summary_large_image\" \/>\n<script type=\"application\/ld+json\" class=\"yoast-schema-graph\">{\"@context\":\"https:\/\/schema.org\",\"@graph\":[{\"@type\":\"WebPage\",\"@id\":\"https:\/\/www.stonecity.cz\/de\/produkt\/stein-fliesen-fokus-grau\/\",\"url\":\"https:\/\/www.stonecity.cz\/de\/produkt\/stein-fliesen-fokus-grau\/\",\"name\":\"Sandsteinfliesen Focus Grey - (PI-06, 07, 08) - Stonecity.cz\",\"isPartOf\":{\"@id\":\"https:\/\/www.stonecity.cz\/de\/#website\"},\"primaryImageOfPage\":{\"@id\":\"https:\/\/www.stonecity.cz\/de\/produkt\/stein-fliesen-fokus-grau\/#primaryimage\"},\"image\":{\"@id\":\"https:\/\/www.stonecity.cz\/de\/produkt\/stein-fliesen-fokus-grau\/#primaryimage\"},\"thumbnailUrl\":\"https:\/\/www.stonecity.cz\/wp-content\/uploads\/2021\/02\/IMG-20250206-WA0013.jpg\",\"datePublished\":\"2021-02-15T07:11:05+00:00\",\"breadcrumb\":{\"@id\":\"https:\/\/www.stonecity.cz\/de\/produkt\/stein-fliesen-fokus-grau\/#breadcrumb\"},\"inLanguage\":\"de\",\"potentialAction\":[{\"@type\":\"ReadAction\",\"target\":[\"https:\/\/www.stonecity.cz\/de\/produkt\/stein-fliesen-fokus-grau\/\"]}]},{\"@type\":\"ImageObject\",\"inLanguage\":\"de\",\"@id\":\"https:\/\/www.stonecity.cz\/de\/produkt\/stein-fliesen-fokus-grau\/#primaryimage\",\"url\":\"https:\/\/www.stonecity.cz\/wp-content\/uploads\/2021\/02\/IMG-20250206-WA0013.jpg\",\"contentUrl\":\"https:\/\/www.stonecity.cz\/wp-content\/uploads\/2021\/02\/IMG-20250206-WA0013.jpg\",\"width\":1600,\"height\":1200},{\"@type\":\"BreadcrumbList\",\"@id\":\"https:\/\/www.stonecity.cz\/de\/produkt\/stein-fliesen-fokus-grau\/#breadcrumb\",\"itemListElement\":[{\"@type\":\"ListItem\",\"position\":1,\"name\":\"Dom\u016f\",\"item\":\"https:\/\/www.stonecity.cz\/de\/\"},{\"@type\":\"ListItem\",\"position\":2,\"name\":\"Shop\",\"item\":\"https:\/\/www.stonecity.cz\/de\/shop\/\"},{\"@type\":\"ListItem\",\"position\":3,\"name\":\"Sandsteinfliesen Focus Grey &#8211; (PI-06, 07, 08)\"}]},{\"@type\":\"WebSite\",\"@id\":\"https:\/\/www.stonecity.cz\/de\/#website\",\"url\":\"https:\/\/www.stonecity.cz\/de\/\",\"name\":\"Stonecity.cz\",\"description\":\"Dla\u017eba, obklady, um\u011bl\u00fd i p\u0159\u00edrodn\u00ed k\u00e1men\",\"potentialAction\":[{\"@type\":\"SearchAction\",\"target\":{\"@type\":\"EntryPoint\",\"urlTemplate\":\"https:\/\/www.stonecity.cz\/de\/?s={search_term_string}\"},\"query-input\":{\"@type\":\"PropertyValueSpecification\",\"valueRequired\":true,\"valueName\":\"search_term_string\"}}],\"inLanguage\":\"de\"}]}<\/script>\n<!-- \/ Yoast SEO plugin. -->","yoast_head_json":{"title":"Sandsteinfliesen Focus Grey - (PI-06, 07, 08) - Stonecity.cz","robots":{"index":"index","follow":"follow","max-snippet":"max-snippet:-1","max-image-preview":"max-image-preview:large","max-video-preview":"max-video-preview:-1"},"canonical":"https:\/\/www.stonecity.cz\/de\/produkt\/stein-fliesen-fokus-grau\/","og_locale":"de_DE","og_type":"article","og_title":"Sandsteinfliesen Focus Grey - (PI-06, 07, 08) - Stonecity.cz","og_description":"Steinpflaster aus gespaltenem Sandstein. Oberfl\u00e4che: abgesplitterte Kanten, nat\u00fcrliche Oberfl\u00e4che Dicke: 2,2 cm, kalibriert Abmessungen: 60&#215;90 (PI-07) 60&#215;60 (PI-06) R\u00f6misches Muster: 60&#215;90 cm\/ 60&#215;60 cm\/ 60&#215;29 cm\/ 29&#215;29 cm (PI-08)","og_url":"https:\/\/www.stonecity.cz\/de\/produkt\/stein-fliesen-fokus-grau\/","og_site_name":"Stonecity.cz","og_image":[{"width":980,"height":570,"url":"https:\/\/www.stonecity.cz\/wp-content\/uploads\/2021\/02\/Autumn-Grey_1.jpg","type":"image\/jpeg"}],"twitter_card":"summary_large_image","schema":{"@context":"https:\/\/schema.org","@graph":[{"@type":"WebPage","@id":"https:\/\/www.stonecity.cz\/de\/produkt\/stein-fliesen-fokus-grau\/","url":"https:\/\/www.stonecity.cz\/de\/produkt\/stein-fliesen-fokus-grau\/","name":"Sandsteinfliesen Focus Grey - (PI-06, 07, 08) - Stonecity.cz","isPartOf":{"@id":"https:\/\/www.stonecity.cz\/de\/#website"},"primaryImageOfPage":{"@id":"https:\/\/www.stonecity.cz\/de\/produkt\/stein-fliesen-fokus-grau\/#primaryimage"},"image":{"@id":"https:\/\/www.stonecity.cz\/de\/produkt\/stein-fliesen-fokus-grau\/#primaryimage"},"thumbnailUrl":"https:\/\/www.stonecity.cz\/wp-content\/uploads\/2021\/02\/IMG-20250206-WA0013.jpg","datePublished":"2021-02-15T07:11:05+00:00","breadcrumb":{"@id":"https:\/\/www.stonecity.cz\/de\/produkt\/stein-fliesen-fokus-grau\/#breadcrumb"},"inLanguage":"de","potentialAction":[{"@type":"ReadAction","target":["https:\/\/www.stonecity.cz\/de\/produkt\/stein-fliesen-fokus-grau\/"]}]},{"@type":"ImageObject","inLanguage":"de","@id":"https:\/\/www.stonecity.cz\/de\/produkt\/stein-fliesen-fokus-grau\/#primaryimage","url":"https:\/\/www.stonecity.cz\/wp-content\/uploads\/2021\/02\/IMG-20250206-WA0013.jpg","contentUrl":"https:\/\/www.stonecity.cz\/wp-content\/uploads\/2021\/02\/IMG-20250206-WA0013.jpg","width":1600,"height":1200},{"@type":"BreadcrumbList","@id":"https:\/\/www.stonecity.cz\/de\/produkt\/stein-fliesen-fokus-grau\/#breadcrumb","itemListElement":[{"@type":"ListItem","position":1,"name":"Dom\u016f","item":"https:\/\/www.stonecity.cz\/de\/"},{"@type":"ListItem","position":2,"name":"Shop","item":"https:\/\/www.stonecity.cz\/de\/shop\/"},{"@type":"ListItem","position":3,"name":"Sandsteinfliesen Focus Grey &#8211; (PI-06, 07, 08)"}]},{"@type":"WebSite","@id":"https:\/\/www.stonecity.cz\/de\/#website","url":"https:\/\/www.stonecity.cz\/de\/","name":"Stonecity.cz","description":"Dla\u017eba, obklady, um\u011bl\u00fd i p\u0159\u00edrodn\u00ed k\u00e1men","potentialAction":[{"@type":"SearchAction","target":{"@type":"EntryPoint","urlTemplate":"https:\/\/www.stonecity.cz\/de\/?s={search_term_string}"},"query-input":{"@type":"PropertyValueSpecification","valueRequired":true,"valueName":"search_term_string"}}],"inLanguage":"de"}]}},"_links":{"self":[{"href":"https:\/\/www.stonecity.cz\/de\/wp-json\/wp\/v2\/product\/16075","targetHints":{"allow":["GET"]}}],"collection":[{"href":"https:\/\/www.stonecity.cz\/de\/wp-json\/wp\/v2\/product"}],"about":[{"href":"https:\/\/www.stonecity.cz\/de\/wp-json\/wp\/v2\/types\/product"}],"wp:featuredmedia":[{"embeddable":true,"href":"https:\/\/www.stonecity.cz\/de\/wp-json\/wp\/v2\/media\/18985"}],"wp:attachment":[{"href":"https:\/\/www.stonecity.cz\/de\/wp-json\/wp\/v2\/media?parent=16075"}],"wp:term":[{"taxonomy":"product_cat","embeddable":true,"href":"https:\/\/www.stonecity.cz\/de\/wp-json\/wp\/v2\/product_cat?post=16075"},{"taxonomy":"product_tag","embeddable":true,"href":"https:\/\/www.stonecity.cz\/de\/wp-json\/wp\/v2\/product_tag?post=16075"}],"curies":[{"name":"wp","href":"https:\/\/api.w.org\/{rel}","templated":true}]}}