{"id":16093,"date":"2021-01-27T14:57:00","date_gmt":"2021-01-27T13:57:00","guid":{"rendered":"https:\/\/www.stonecity.cz\/produkt\/kronos-qua-25-steinfliese\/"},"modified":"2021-01-27T14:57:00","modified_gmt":"2021-01-27T13:57:00","slug":"steinverkleidung-kronos-qua-25","status":"publish","type":"product","link":"https:\/\/www.stonecity.cz\/de\/produkt\/steinverkleidung-kronos-qua-25\/","title":{"rendered":"Kronos QUA-25 Steinfliese"},"content":{"rendered":"<p><span style=\"display: inline !important; float: none; background-color: #ffffff; color: #303030; font-family: 'Roboto',sans-serif; font-size: 16px; font-style: normal; font-variant: normal; font-weight: 400; letter-spacing: normal; orphans: 2; text-align: left; text-decoration: none; text-indent: 0px; text-transform: none; -webkit-text-stroke-width: 0px; white-space: normal; word-spacing: 0px;\">Kronos Schiefersteinfliesen in grauer Farbe.<\/span><br \/>\n<span style=\"display: inline !important; float: none; background-color: #ffffff; color: #303030; font-family: 'Roboto',sans-serif; font-size: 16px; font-style: normal; font-variant: normal; font-weight: 400; letter-spacing: normal; orphans: 2; text-align: left; text-decoration: none; text-indent: 0px; text-transform: none; -webkit-text-stroke-width: 0px; white-space: normal; word-spacing: 0px;\"> Eine sehr starke Fliese, die mit oder ohne Fuge verlegt werden kann.<\/span><br \/>\n<span style=\"display: inline !important; float: none; background-color: #ffffff; color: #303030; font-family: 'Roboto',sans-serif; font-size: 16px; font-style: normal; font-variant: normal; font-weight: 400; letter-spacing: normal; orphans: 2; text-align: left; text-decoration: none; text-indent: 0px; text-transform: none; -webkit-text-stroke-width: 0px; white-space: normal; word-spacing: 0px;\"> Durch die fugenlose Verlegung entsteht der perfekte Eindruck einer Felswand.<\/span><br \/>\n<span style=\"display: inline !important; float: none; background-color: #ffffff; color: #303030; font-family: 'Roboto',sans-serif; font-size: 16px; font-style: normal; font-variant: normal; font-weight: 400; letter-spacing: normal; orphans: 2; text-align: left; text-decoration: none; text-indent: 0px; text-transform: none; -webkit-text-stroke-width: 0px; white-space: normal; word-spacing: 0px;\"> Jeder Stein dieser Reihe ist ein absolutes Original, mit einer einzigartigen Textur und Farbnuance.<\/span><\/p>\n","protected":false},"excerpt":{"rendered":"<p>Kronos Schiefersteinfliesen in grauer Farbe. Eine sehr starke Fliese, die mit oder ohne Fuge verlegt werden kann. Durch die fugenlose Verlegung entsteht der perfekte Eindruck einer Felswand. Jeder Stein dieser Reihe ist ein absolutes Original, mit einer einzigartigen Textur und Farbnuance.<\/p>\n","protected":false},"featured_media":13554,"template":"","meta":[],"product_cat":[2041,2033,2061],"product_tag":[1830,1833,1841,1840,1834],"class_list":{"0":"post-16093","1":"product","2":"type-product","3":"status-publish","4":"has-post-thumbnail","6":"product_cat-verblendsteine","7":"product_cat-naturstein-de","8":"product_cat-quarzit-schiefer-de","9":"product_tag-fassadenverkleidung","10":"product_tag-fur-den-ausenbereich-geeignet","11":"product_tag-fur-den-garten-geeignet-de","12":"product_tag-geeignet-fur-die-terrasse","13":"product_tag-geeignet-fur-innenraume","14":"pa_baleni-palette-17-m2-1500-kg","15":"pa_mj-m2-1-m2-de","16":"pa_sirka-kostenlos","17":"pa_tloustka-3-5-cm-de","19":"first","20":"instock","21":"purchasable","22":"product-type-simple"},"yoast_head":"<!-- This site is optimized with the Yoast SEO plugin v26.8 - https:\/\/yoast.com\/product\/yoast-seo-wordpress\/ -->\n<title>Kronos QUA-25 Steinfliese - Stonecity.cz<\/title>\n<meta name=\"robots\" content=\"index, follow, max-snippet:-1, max-image-preview:large, max-video-preview:-1\" \/>\n<link rel=\"canonical\" href=\"https:\/\/www.stonecity.cz\/de\/produkt\/steinverkleidung-kronos-qua-25\/\" \/>\n<meta property=\"og:locale\" content=\"de_DE\" \/>\n<meta property=\"og:type\" content=\"article\" \/>\n<meta property=\"og:title\" content=\"Kronos QUA-25 Steinfliese - Stonecity.cz\" \/>\n<meta property=\"og:description\" content=\"Kronos Schiefersteinfliesen in grauer Farbe. Eine sehr starke Fliese, die mit oder ohne Fuge verlegt werden kann. Durch die fugenlose Verlegung entsteht der perfekte Eindruck einer Felswand. Jeder Stein dieser Reihe ist ein absolutes Original, mit einer einzigartigen Textur und Farbnuance.\" \/>\n<meta property=\"og:url\" content=\"https:\/\/www.stonecity.cz\/de\/produkt\/steinverkleidung-kronos-qua-25\/\" \/>\n<meta property=\"og:site_name\" content=\"Stonecity.cz\" \/>\n<meta property=\"og:image\" content=\"https:\/\/www.stonecity.cz\/wp-content\/uploads\/2021\/01\/Kronos-QUA-25.jpg\" \/>\n\t<meta property=\"og:image:width\" content=\"1000\" \/>\n\t<meta property=\"og:image:height\" content=\"689\" \/>\n\t<meta property=\"og:image:type\" content=\"image\/jpeg\" \/>\n<meta name=\"twitter:card\" content=\"summary_large_image\" \/>\n<script type=\"application\/ld+json\" class=\"yoast-schema-graph\">{\"@context\":\"https:\/\/schema.org\",\"@graph\":[{\"@type\":\"WebPage\",\"@id\":\"https:\/\/www.stonecity.cz\/de\/produkt\/steinverkleidung-kronos-qua-25\/\",\"url\":\"https:\/\/www.stonecity.cz\/de\/produkt\/steinverkleidung-kronos-qua-25\/\",\"name\":\"Kronos QUA-25 Steinfliese - Stonecity.cz\",\"isPartOf\":{\"@id\":\"https:\/\/www.stonecity.cz\/de\/#website\"},\"primaryImageOfPage\":{\"@id\":\"https:\/\/www.stonecity.cz\/de\/produkt\/steinverkleidung-kronos-qua-25\/#primaryimage\"},\"image\":{\"@id\":\"https:\/\/www.stonecity.cz\/de\/produkt\/steinverkleidung-kronos-qua-25\/#primaryimage\"},\"thumbnailUrl\":\"https:\/\/www.stonecity.cz\/wp-content\/uploads\/2021\/01\/Kronos-QUA-25.jpg\",\"datePublished\":\"2021-01-27T13:57:00+00:00\",\"breadcrumb\":{\"@id\":\"https:\/\/www.stonecity.cz\/de\/produkt\/steinverkleidung-kronos-qua-25\/#breadcrumb\"},\"inLanguage\":\"de\",\"potentialAction\":[{\"@type\":\"ReadAction\",\"target\":[\"https:\/\/www.stonecity.cz\/de\/produkt\/steinverkleidung-kronos-qua-25\/\"]}]},{\"@type\":\"ImageObject\",\"inLanguage\":\"de\",\"@id\":\"https:\/\/www.stonecity.cz\/de\/produkt\/steinverkleidung-kronos-qua-25\/#primaryimage\",\"url\":\"https:\/\/www.stonecity.cz\/wp-content\/uploads\/2021\/01\/Kronos-QUA-25.jpg\",\"contentUrl\":\"https:\/\/www.stonecity.cz\/wp-content\/uploads\/2021\/01\/Kronos-QUA-25.jpg\",\"width\":1000,\"height\":689},{\"@type\":\"BreadcrumbList\",\"@id\":\"https:\/\/www.stonecity.cz\/de\/produkt\/steinverkleidung-kronos-qua-25\/#breadcrumb\",\"itemListElement\":[{\"@type\":\"ListItem\",\"position\":1,\"name\":\"Dom\u016f\",\"item\":\"https:\/\/www.stonecity.cz\/de\/\"},{\"@type\":\"ListItem\",\"position\":2,\"name\":\"Shop\",\"item\":\"https:\/\/www.stonecity.cz\/de\/shop\/\"},{\"@type\":\"ListItem\",\"position\":3,\"name\":\"Kronos QUA-25 Steinfliese\"}]},{\"@type\":\"WebSite\",\"@id\":\"https:\/\/www.stonecity.cz\/de\/#website\",\"url\":\"https:\/\/www.stonecity.cz\/de\/\",\"name\":\"Stonecity.cz\",\"description\":\"Dla\u017eba, obklady, um\u011bl\u00fd i p\u0159\u00edrodn\u00ed k\u00e1men\",\"potentialAction\":[{\"@type\":\"SearchAction\",\"target\":{\"@type\":\"EntryPoint\",\"urlTemplate\":\"https:\/\/www.stonecity.cz\/de\/?s={search_term_string}\"},\"query-input\":{\"@type\":\"PropertyValueSpecification\",\"valueRequired\":true,\"valueName\":\"search_term_string\"}}],\"inLanguage\":\"de\"}]}<\/script>\n<!-- \/ Yoast SEO plugin. -->","yoast_head_json":{"title":"Kronos QUA-25 Steinfliese - Stonecity.cz","robots":{"index":"index","follow":"follow","max-snippet":"max-snippet:-1","max-image-preview":"max-image-preview:large","max-video-preview":"max-video-preview:-1"},"canonical":"https:\/\/www.stonecity.cz\/de\/produkt\/steinverkleidung-kronos-qua-25\/","og_locale":"de_DE","og_type":"article","og_title":"Kronos QUA-25 Steinfliese - Stonecity.cz","og_description":"Kronos Schiefersteinfliesen in grauer Farbe. Eine sehr starke Fliese, die mit oder ohne Fuge verlegt werden kann. Durch die fugenlose Verlegung entsteht der perfekte Eindruck einer Felswand. Jeder Stein dieser Reihe ist ein absolutes Original, mit einer einzigartigen Textur und Farbnuance.","og_url":"https:\/\/www.stonecity.cz\/de\/produkt\/steinverkleidung-kronos-qua-25\/","og_site_name":"Stonecity.cz","og_image":[{"width":1000,"height":689,"url":"https:\/\/www.stonecity.cz\/wp-content\/uploads\/2021\/01\/Kronos-QUA-25.jpg","type":"image\/jpeg"}],"twitter_card":"summary_large_image","schema":{"@context":"https:\/\/schema.org","@graph":[{"@type":"WebPage","@id":"https:\/\/www.stonecity.cz\/de\/produkt\/steinverkleidung-kronos-qua-25\/","url":"https:\/\/www.stonecity.cz\/de\/produkt\/steinverkleidung-kronos-qua-25\/","name":"Kronos QUA-25 Steinfliese - Stonecity.cz","isPartOf":{"@id":"https:\/\/www.stonecity.cz\/de\/#website"},"primaryImageOfPage":{"@id":"https:\/\/www.stonecity.cz\/de\/produkt\/steinverkleidung-kronos-qua-25\/#primaryimage"},"image":{"@id":"https:\/\/www.stonecity.cz\/de\/produkt\/steinverkleidung-kronos-qua-25\/#primaryimage"},"thumbnailUrl":"https:\/\/www.stonecity.cz\/wp-content\/uploads\/2021\/01\/Kronos-QUA-25.jpg","datePublished":"2021-01-27T13:57:00+00:00","breadcrumb":{"@id":"https:\/\/www.stonecity.cz\/de\/produkt\/steinverkleidung-kronos-qua-25\/#breadcrumb"},"inLanguage":"de","potentialAction":[{"@type":"ReadAction","target":["https:\/\/www.stonecity.cz\/de\/produkt\/steinverkleidung-kronos-qua-25\/"]}]},{"@type":"ImageObject","inLanguage":"de","@id":"https:\/\/www.stonecity.cz\/de\/produkt\/steinverkleidung-kronos-qua-25\/#primaryimage","url":"https:\/\/www.stonecity.cz\/wp-content\/uploads\/2021\/01\/Kronos-QUA-25.jpg","contentUrl":"https:\/\/www.stonecity.cz\/wp-content\/uploads\/2021\/01\/Kronos-QUA-25.jpg","width":1000,"height":689},{"@type":"BreadcrumbList","@id":"https:\/\/www.stonecity.cz\/de\/produkt\/steinverkleidung-kronos-qua-25\/#breadcrumb","itemListElement":[{"@type":"ListItem","position":1,"name":"Dom\u016f","item":"https:\/\/www.stonecity.cz\/de\/"},{"@type":"ListItem","position":2,"name":"Shop","item":"https:\/\/www.stonecity.cz\/de\/shop\/"},{"@type":"ListItem","position":3,"name":"Kronos QUA-25 Steinfliese"}]},{"@type":"WebSite","@id":"https:\/\/www.stonecity.cz\/de\/#website","url":"https:\/\/www.stonecity.cz\/de\/","name":"Stonecity.cz","description":"Dla\u017eba, obklady, um\u011bl\u00fd i p\u0159\u00edrodn\u00ed k\u00e1men","potentialAction":[{"@type":"SearchAction","target":{"@type":"EntryPoint","urlTemplate":"https:\/\/www.stonecity.cz\/de\/?s={search_term_string}"},"query-input":{"@type":"PropertyValueSpecification","valueRequired":true,"valueName":"search_term_string"}}],"inLanguage":"de"}]}},"_links":{"self":[{"href":"https:\/\/www.stonecity.cz\/de\/wp-json\/wp\/v2\/product\/16093","targetHints":{"allow":["GET"]}}],"collection":[{"href":"https:\/\/www.stonecity.cz\/de\/wp-json\/wp\/v2\/product"}],"about":[{"href":"https:\/\/www.stonecity.cz\/de\/wp-json\/wp\/v2\/types\/product"}],"wp:featuredmedia":[{"embeddable":true,"href":"https:\/\/www.stonecity.cz\/de\/wp-json\/wp\/v2\/media\/13554"}],"wp:attachment":[{"href":"https:\/\/www.stonecity.cz\/de\/wp-json\/wp\/v2\/media?parent=16093"}],"wp:term":[{"taxonomy":"product_cat","embeddable":true,"href":"https:\/\/www.stonecity.cz\/de\/wp-json\/wp\/v2\/product_cat?post=16093"},{"taxonomy":"product_tag","embeddable":true,"href":"https:\/\/www.stonecity.cz\/de\/wp-json\/wp\/v2\/product_tag?post=16093"}],"curies":[{"name":"wp","href":"https:\/\/api.w.org\/{rel}","templated":true}]}}