{"id":16134,"date":"2021-01-27T14:30:16","date_gmt":"2021-01-27T13:30:16","guid":{"rendered":"https:\/\/www.stonecity.cz\/produkt\/steinpflaster-granit\/"},"modified":"2021-01-27T14:30:16","modified_gmt":"2021-01-27T13:30:16","slug":"stein-glasiert-gr-82","status":"publish","type":"product","link":"https:\/\/www.stonecity.cz\/de\/produkt\/stein-glasiert-gr-82\/","title":{"rendered":"Steinpflaster Granit"},"content":{"rendered":"<p>Granitfliesen aus Stein in Wei\u00df, in einer Kombination aus wei\u00dfen und schwarzen Farbt\u00f6nen.<br \/>\nFliesen mit hellbrauner Oberfl\u00e4che und geschliffenen Kanten fallen in Pools, Terrassen und G\u00e4rten auf.<\/p>\n<p>Dieses Steinpflaster ist extrem witterungsbest\u00e4ndig, der Pflegeaufwand ist minimal.<\/p>\n<p>GR-82-02: gegerbte Platte, geschnittene Kanten, 60x60x2cm &#8211; 1St\u00fcck=0,36m2, verpackt in einem Karton 50St\u00fcck=18m2 (ca. 900kg)<\/p>\n<p>GR-82-04: gegerbte Platte, geschnittene Kanten, 60x30x2cm &#8211; 1St\u00fcck=0,18m2, verpackt in einem Karton 50St\u00fcck=9m2 (ca. 450kg)<\/p>\n<p><iframe loading=\"lazy\" title=\"STONE CITY  -  granit\/\u017eula GR-82-04\" width=\"1020\" height=\"574\" src=\"https:\/\/www.youtube.com\/embed\/2SwRlw4XTSk?feature=oembed\" frameborder=\"0\" allow=\"accelerometer; autoplay; clipboard-write; encrypted-media; gyroscope; picture-in-picture; web-share\" allowfullscreen><\/iframe><\/p>\n","protected":false},"excerpt":{"rendered":"<p>Granitfliesen aus Stein in Wei\u00df, in einer Kombination aus wei\u00dfen und schwarzen Farbt\u00f6nen. Fliesen mit hellbrauner Oberfl\u00e4che und geschliffenen Kanten fallen in Pools, Terrassen und G\u00e4rten auf. Dieses Steinpflaster ist extrem witterungsbest\u00e4ndig, der Pflegeaufwand ist minimal. GR-82-02: gegerbte Platte, geschnittene Kanten, 60x60x2cm &#8211; 1St\u00fcck=0,36m2, verpackt in einem Karton 50St\u00fcck=18m2 (ca. 900kg) GR-82-04: gegerbte Platte, geschnittene [&#8230;]\n","protected":false},"featured_media":15593,"template":"","meta":[],"product_cat":[2033,2051,1917,1923,1945],"product_tag":[1833,1835,1840,1834],"class_list":{"0":"post-16134","1":"product","2":"type-product","3":"status-publish","4":"has-post-thumbnail","6":"product_cat-naturstein-de","7":"product_cat-granit-de","8":"product_cat-pflaster","9":"product_cat-naturstein","10":"product_cat-granit","11":"product_tag-fur-den-ausenbereich-geeignet","12":"product_tag-geeignet-fur-das-badezimmer","13":"product_tag-geeignet-fur-die-terrasse","14":"product_tag-geeignet-fur-innenraume","16":"first","17":"instock","18":"purchasable","19":"product-type-variable","20":"has-default-attributes"},"yoast_head":"<!-- This site is optimized with the Yoast SEO plugin v26.8 - https:\/\/yoast.com\/product\/yoast-seo-wordpress\/ -->\n<title>Steinpflaster Granit - Stonecity.cz<\/title>\n<meta name=\"robots\" content=\"index, follow, max-snippet:-1, max-image-preview:large, max-video-preview:-1\" \/>\n<link rel=\"canonical\" href=\"https:\/\/www.stonecity.cz\/de\/produkt\/stein-glasiert-gr-82\/\" \/>\n<meta property=\"og:locale\" content=\"de_DE\" \/>\n<meta property=\"og:type\" content=\"article\" \/>\n<meta property=\"og:title\" content=\"Steinpflaster Granit - Stonecity.cz\" \/>\n<meta property=\"og:description\" content=\"Granitfliesen aus Stein in Wei\u00df, in einer Kombination aus wei\u00dfen und schwarzen Farbt\u00f6nen. Fliesen mit hellbrauner Oberfl\u00e4che und geschliffenen Kanten fallen in Pools, Terrassen und G\u00e4rten auf. Dieses Steinpflaster ist extrem witterungsbest\u00e4ndig, der Pflegeaufwand ist minimal. GR-82-02: gegerbte Platte, geschnittene Kanten, 60x60x2cm &#8211; 1St\u00fcck=0,36m2, verpackt in einem Karton 50St\u00fcck=18m2 (ca. 900kg) GR-82-04: gegerbte Platte, geschnittene [...]\" \/>\n<meta property=\"og:url\" content=\"https:\/\/www.stonecity.cz\/de\/produkt\/stein-glasiert-gr-82\/\" \/>\n<meta property=\"og:site_name\" content=\"Stonecity.cz\" \/>\n<meta property=\"og:image\" content=\"https:\/\/www.stonecity.cz\/wp-content\/uploads\/2021\/01\/STONE-CITY-zula-GR-82-04-1.jpg\" \/>\n\t<meta property=\"og:image:width\" content=\"768\" \/>\n\t<meta property=\"og:image:height\" content=\"1024\" \/>\n\t<meta property=\"og:image:type\" content=\"image\/jpeg\" \/>\n<meta name=\"twitter:card\" content=\"summary_large_image\" \/>\n<script type=\"application\/ld+json\" class=\"yoast-schema-graph\">{\"@context\":\"https:\/\/schema.org\",\"@graph\":[{\"@type\":\"WebPage\",\"@id\":\"https:\/\/www.stonecity.cz\/de\/produkt\/stein-glasiert-gr-82\/\",\"url\":\"https:\/\/www.stonecity.cz\/de\/produkt\/stein-glasiert-gr-82\/\",\"name\":\"Steinpflaster Granit - Stonecity.cz\",\"isPartOf\":{\"@id\":\"https:\/\/www.stonecity.cz\/de\/#website\"},\"primaryImageOfPage\":{\"@id\":\"https:\/\/www.stonecity.cz\/de\/produkt\/stein-glasiert-gr-82\/#primaryimage\"},\"image\":{\"@id\":\"https:\/\/www.stonecity.cz\/de\/produkt\/stein-glasiert-gr-82\/#primaryimage\"},\"thumbnailUrl\":\"https:\/\/www.stonecity.cz\/wp-content\/uploads\/2021\/01\/STONE-CITY-zula-GR-82-04-1.jpg\",\"datePublished\":\"2021-01-27T13:30:16+00:00\",\"breadcrumb\":{\"@id\":\"https:\/\/www.stonecity.cz\/de\/produkt\/stein-glasiert-gr-82\/#breadcrumb\"},\"inLanguage\":\"de\",\"potentialAction\":[{\"@type\":\"ReadAction\",\"target\":[\"https:\/\/www.stonecity.cz\/de\/produkt\/stein-glasiert-gr-82\/\"]}]},{\"@type\":\"ImageObject\",\"inLanguage\":\"de\",\"@id\":\"https:\/\/www.stonecity.cz\/de\/produkt\/stein-glasiert-gr-82\/#primaryimage\",\"url\":\"https:\/\/www.stonecity.cz\/wp-content\/uploads\/2021\/01\/STONE-CITY-zula-GR-82-04-1.jpg\",\"contentUrl\":\"https:\/\/www.stonecity.cz\/wp-content\/uploads\/2021\/01\/STONE-CITY-zula-GR-82-04-1.jpg\",\"width\":768,\"height\":1024},{\"@type\":\"BreadcrumbList\",\"@id\":\"https:\/\/www.stonecity.cz\/de\/produkt\/stein-glasiert-gr-82\/#breadcrumb\",\"itemListElement\":[{\"@type\":\"ListItem\",\"position\":1,\"name\":\"Dom\u016f\",\"item\":\"https:\/\/www.stonecity.cz\/de\/\"},{\"@type\":\"ListItem\",\"position\":2,\"name\":\"Shop\",\"item\":\"https:\/\/www.stonecity.cz\/de\/shop\/\"},{\"@type\":\"ListItem\",\"position\":3,\"name\":\"Steinpflaster Granit\"}]},{\"@type\":\"WebSite\",\"@id\":\"https:\/\/www.stonecity.cz\/de\/#website\",\"url\":\"https:\/\/www.stonecity.cz\/de\/\",\"name\":\"Stonecity.cz\",\"description\":\"Dla\u017eba, obklady, um\u011bl\u00fd i p\u0159\u00edrodn\u00ed k\u00e1men\",\"potentialAction\":[{\"@type\":\"SearchAction\",\"target\":{\"@type\":\"EntryPoint\",\"urlTemplate\":\"https:\/\/www.stonecity.cz\/de\/?s={search_term_string}\"},\"query-input\":{\"@type\":\"PropertyValueSpecification\",\"valueRequired\":true,\"valueName\":\"search_term_string\"}}],\"inLanguage\":\"de\"}]}<\/script>\n<!-- \/ Yoast SEO plugin. -->","yoast_head_json":{"title":"Steinpflaster Granit - Stonecity.cz","robots":{"index":"index","follow":"follow","max-snippet":"max-snippet:-1","max-image-preview":"max-image-preview:large","max-video-preview":"max-video-preview:-1"},"canonical":"https:\/\/www.stonecity.cz\/de\/produkt\/stein-glasiert-gr-82\/","og_locale":"de_DE","og_type":"article","og_title":"Steinpflaster Granit - Stonecity.cz","og_description":"Granitfliesen aus Stein in Wei\u00df, in einer Kombination aus wei\u00dfen und schwarzen Farbt\u00f6nen. Fliesen mit hellbrauner Oberfl\u00e4che und geschliffenen Kanten fallen in Pools, Terrassen und G\u00e4rten auf. Dieses Steinpflaster ist extrem witterungsbest\u00e4ndig, der Pflegeaufwand ist minimal. GR-82-02: gegerbte Platte, geschnittene Kanten, 60x60x2cm &#8211; 1St\u00fcck=0,36m2, verpackt in einem Karton 50St\u00fcck=18m2 (ca. 900kg) GR-82-04: gegerbte Platte, geschnittene [...]","og_url":"https:\/\/www.stonecity.cz\/de\/produkt\/stein-glasiert-gr-82\/","og_site_name":"Stonecity.cz","og_image":[{"width":768,"height":1024,"url":"https:\/\/www.stonecity.cz\/wp-content\/uploads\/2021\/01\/STONE-CITY-zula-GR-82-04-1.jpg","type":"image\/jpeg"}],"twitter_card":"summary_large_image","schema":{"@context":"https:\/\/schema.org","@graph":[{"@type":"WebPage","@id":"https:\/\/www.stonecity.cz\/de\/produkt\/stein-glasiert-gr-82\/","url":"https:\/\/www.stonecity.cz\/de\/produkt\/stein-glasiert-gr-82\/","name":"Steinpflaster Granit - Stonecity.cz","isPartOf":{"@id":"https:\/\/www.stonecity.cz\/de\/#website"},"primaryImageOfPage":{"@id":"https:\/\/www.stonecity.cz\/de\/produkt\/stein-glasiert-gr-82\/#primaryimage"},"image":{"@id":"https:\/\/www.stonecity.cz\/de\/produkt\/stein-glasiert-gr-82\/#primaryimage"},"thumbnailUrl":"https:\/\/www.stonecity.cz\/wp-content\/uploads\/2021\/01\/STONE-CITY-zula-GR-82-04-1.jpg","datePublished":"2021-01-27T13:30:16+00:00","breadcrumb":{"@id":"https:\/\/www.stonecity.cz\/de\/produkt\/stein-glasiert-gr-82\/#breadcrumb"},"inLanguage":"de","potentialAction":[{"@type":"ReadAction","target":["https:\/\/www.stonecity.cz\/de\/produkt\/stein-glasiert-gr-82\/"]}]},{"@type":"ImageObject","inLanguage":"de","@id":"https:\/\/www.stonecity.cz\/de\/produkt\/stein-glasiert-gr-82\/#primaryimage","url":"https:\/\/www.stonecity.cz\/wp-content\/uploads\/2021\/01\/STONE-CITY-zula-GR-82-04-1.jpg","contentUrl":"https:\/\/www.stonecity.cz\/wp-content\/uploads\/2021\/01\/STONE-CITY-zula-GR-82-04-1.jpg","width":768,"height":1024},{"@type":"BreadcrumbList","@id":"https:\/\/www.stonecity.cz\/de\/produkt\/stein-glasiert-gr-82\/#breadcrumb","itemListElement":[{"@type":"ListItem","position":1,"name":"Dom\u016f","item":"https:\/\/www.stonecity.cz\/de\/"},{"@type":"ListItem","position":2,"name":"Shop","item":"https:\/\/www.stonecity.cz\/de\/shop\/"},{"@type":"ListItem","position":3,"name":"Steinpflaster Granit"}]},{"@type":"WebSite","@id":"https:\/\/www.stonecity.cz\/de\/#website","url":"https:\/\/www.stonecity.cz\/de\/","name":"Stonecity.cz","description":"Dla\u017eba, obklady, um\u011bl\u00fd i p\u0159\u00edrodn\u00ed k\u00e1men","potentialAction":[{"@type":"SearchAction","target":{"@type":"EntryPoint","urlTemplate":"https:\/\/www.stonecity.cz\/de\/?s={search_term_string}"},"query-input":{"@type":"PropertyValueSpecification","valueRequired":true,"valueName":"search_term_string"}}],"inLanguage":"de"}]}},"_links":{"self":[{"href":"https:\/\/www.stonecity.cz\/de\/wp-json\/wp\/v2\/product\/16134","targetHints":{"allow":["GET"]}}],"collection":[{"href":"https:\/\/www.stonecity.cz\/de\/wp-json\/wp\/v2\/product"}],"about":[{"href":"https:\/\/www.stonecity.cz\/de\/wp-json\/wp\/v2\/types\/product"}],"wp:featuredmedia":[{"embeddable":true,"href":"https:\/\/www.stonecity.cz\/de\/wp-json\/wp\/v2\/media\/15593"}],"wp:attachment":[{"href":"https:\/\/www.stonecity.cz\/de\/wp-json\/wp\/v2\/media?parent=16134"}],"wp:term":[{"taxonomy":"product_cat","embeddable":true,"href":"https:\/\/www.stonecity.cz\/de\/wp-json\/wp\/v2\/product_cat?post=16134"},{"taxonomy":"product_tag","embeddable":true,"href":"https:\/\/www.stonecity.cz\/de\/wp-json\/wp\/v2\/product_tag?post=16134"}],"curies":[{"name":"wp","href":"https:\/\/api.w.org\/{rel}","templated":true}]}}