{"id":16229,"date":"2020-11-25T16:24:45","date_gmt":"2020-11-25T15:24:45","guid":{"rendered":"https:\/\/www.stonecity.cz\/produkt\/kieselsteine-himmel\/"},"modified":"2020-11-25T16:24:45","modified_gmt":"2020-11-25T15:24:45","slug":"oblazky-sky","status":"publish","type":"product","link":"https:\/\/www.stonecity.cz\/de\/produkt\/oblazky-sky\/","title":{"rendered":"Kieselsteine Himmel"},"content":{"rendered":"<p>Kieselsteine in wei\u00dfer Farbe.<br \/>\nKieselsteine werden zu dekorativen Zwecken in G\u00e4rten, Terrassen oder H\u00f6fen verwendet.<br \/>\nAber auch in Innenr\u00e4umen kommen sie gut zur Geltung.<br \/>\nKieselsteine sind widerstandsf\u00e4hig.<br \/>\nSie k\u00f6nnen zwischen verschiedenen Gr\u00f6\u00dfen w\u00e4hlen.<\/p>\n<p>Verpackung: Sack 20 kg oder Big Bag 1400-1600 kg<\/p>\n<p>Gr\u00f6\u00dfe 1-3 cm: 68 kg (d. h. 3,5 Packungen) werden ben\u00f6tigt, um 1 m2 abzudecken<\/p>\n<p>Gr\u00f6\u00dfe 3-6 cm: 135 kg (d. h. 7 Packungen) werden ben\u00f6tigt, um 1 m2 abzudecken<\/p>\n<p>Gr\u00f6\u00dfe 6-10 cm: 220 kg (d. h. 11 Packungen) werden ben\u00f6tigt, um 1 m2 abzudecken<\/p>\n<p>&nbsp;<\/p>\n<p>&nbsp;<\/p>\n","protected":false},"excerpt":{"rendered":"<p>Kieselsteine in wei\u00dfer Farbe. Kieselsteine werden zu dekorativen Zwecken in G\u00e4rten, Terrassen oder H\u00f6fen verwendet. Aber auch in Innenr\u00e4umen kommen sie gut zur Geltung. Kieselsteine sind widerstandsf\u00e4hig. Sie k\u00f6nnen zwischen verschiedenen Gr\u00f6\u00dfen w\u00e4hlen. Verpackung: Sack 20 kg oder Big Bag 1400-1600 kg Gr\u00f6\u00dfe 1-3 cm: 68 kg (d. h. 3,5 Packungen) werden ben\u00f6tigt, um 1 [&#8230;]\n","protected":false},"featured_media":12930,"template":"","meta":[],"product_cat":[2045],"product_tag":[1833,1841,1840,1834],"class_list":{"0":"post-16229","1":"product","2":"type-product","3":"status-publish","4":"has-post-thumbnail","6":"product_cat-kieselsteine","7":"product_tag-fur-den-ausenbereich-geeignet","8":"product_tag-fur-den-garten-geeignet-de","9":"product_tag-geeignet-fur-die-terrasse","10":"product_tag-geeignet-fur-innenraume","11":"pa_baleni-grose-tasche-1400-1600","12":"pa_baleni-sack-20-kg-72-stuck-auf-palette","13":"pa_barva-weis","15":"first","16":"onbackorder","17":"taxable","18":"shipping-taxable","19":"purchasable","20":"product-type-variable","21":"has-default-attributes"},"yoast_head":"<!-- This site is optimized with the Yoast SEO plugin v26.8 - https:\/\/yoast.com\/product\/yoast-seo-wordpress\/ -->\n<title>Kieselsteine Himmel - Stonecity.cz<\/title>\n<meta name=\"robots\" content=\"index, follow, max-snippet:-1, max-image-preview:large, max-video-preview:-1\" \/>\n<link rel=\"canonical\" href=\"https:\/\/www.stonecity.cz\/de\/produkt\/oblazky-sky\/\" \/>\n<meta property=\"og:locale\" content=\"de_DE\" \/>\n<meta property=\"og:type\" content=\"article\" \/>\n<meta property=\"og:title\" content=\"Kieselsteine Himmel - Stonecity.cz\" \/>\n<meta property=\"og:description\" content=\"Kieselsteine in wei\u00dfer Farbe. Kieselsteine werden zu dekorativen Zwecken in G\u00e4rten, Terrassen oder H\u00f6fen verwendet. Aber auch in Innenr\u00e4umen kommen sie gut zur Geltung. Kieselsteine sind widerstandsf\u00e4hig. Sie k\u00f6nnen zwischen verschiedenen Gr\u00f6\u00dfen w\u00e4hlen. Verpackung: Sack 20 kg oder Big Bag 1400-1600 kg Gr\u00f6\u00dfe 1-3 cm: 68 kg (d. h. 3,5 Packungen) werden ben\u00f6tigt, um 1 [...]\" \/>\n<meta property=\"og:url\" content=\"https:\/\/www.stonecity.cz\/de\/produkt\/oblazky-sky\/\" \/>\n<meta property=\"og:site_name\" content=\"Stonecity.cz\" \/>\n<meta property=\"og:image\" content=\"https:\/\/www.stonecity.cz\/wp-content\/uploads\/2020\/11\/Pebbles-Sky.jpg\" \/>\n\t<meta property=\"og:image:width\" content=\"1000\" \/>\n\t<meta property=\"og:image:height\" content=\"689\" \/>\n\t<meta property=\"og:image:type\" content=\"image\/jpeg\" \/>\n<meta name=\"twitter:card\" content=\"summary_large_image\" \/>\n<script type=\"application\/ld+json\" class=\"yoast-schema-graph\">{\"@context\":\"https:\/\/schema.org\",\"@graph\":[{\"@type\":\"WebPage\",\"@id\":\"https:\/\/www.stonecity.cz\/de\/produkt\/oblazky-sky\/\",\"url\":\"https:\/\/www.stonecity.cz\/de\/produkt\/oblazky-sky\/\",\"name\":\"Kieselsteine Himmel - Stonecity.cz\",\"isPartOf\":{\"@id\":\"https:\/\/www.stonecity.cz\/de\/#website\"},\"primaryImageOfPage\":{\"@id\":\"https:\/\/www.stonecity.cz\/de\/produkt\/oblazky-sky\/#primaryimage\"},\"image\":{\"@id\":\"https:\/\/www.stonecity.cz\/de\/produkt\/oblazky-sky\/#primaryimage\"},\"thumbnailUrl\":\"https:\/\/www.stonecity.cz\/wp-content\/uploads\/2020\/11\/Pebbles-Sky.jpg\",\"datePublished\":\"2020-11-25T15:24:45+00:00\",\"breadcrumb\":{\"@id\":\"https:\/\/www.stonecity.cz\/de\/produkt\/oblazky-sky\/#breadcrumb\"},\"inLanguage\":\"de\",\"potentialAction\":[{\"@type\":\"ReadAction\",\"target\":[\"https:\/\/www.stonecity.cz\/de\/produkt\/oblazky-sky\/\"]}]},{\"@type\":\"ImageObject\",\"inLanguage\":\"de\",\"@id\":\"https:\/\/www.stonecity.cz\/de\/produkt\/oblazky-sky\/#primaryimage\",\"url\":\"https:\/\/www.stonecity.cz\/wp-content\/uploads\/2020\/11\/Pebbles-Sky.jpg\",\"contentUrl\":\"https:\/\/www.stonecity.cz\/wp-content\/uploads\/2020\/11\/Pebbles-Sky.jpg\",\"width\":1000,\"height\":689},{\"@type\":\"BreadcrumbList\",\"@id\":\"https:\/\/www.stonecity.cz\/de\/produkt\/oblazky-sky\/#breadcrumb\",\"itemListElement\":[{\"@type\":\"ListItem\",\"position\":1,\"name\":\"Dom\u016f\",\"item\":\"https:\/\/www.stonecity.cz\/de\/\"},{\"@type\":\"ListItem\",\"position\":2,\"name\":\"Shop\",\"item\":\"https:\/\/www.stonecity.cz\/de\/shop\/\"},{\"@type\":\"ListItem\",\"position\":3,\"name\":\"Kieselsteine Himmel\"}]},{\"@type\":\"WebSite\",\"@id\":\"https:\/\/www.stonecity.cz\/de\/#website\",\"url\":\"https:\/\/www.stonecity.cz\/de\/\",\"name\":\"Stonecity.cz\",\"description\":\"Dla\u017eba, obklady, um\u011bl\u00fd i p\u0159\u00edrodn\u00ed k\u00e1men\",\"potentialAction\":[{\"@type\":\"SearchAction\",\"target\":{\"@type\":\"EntryPoint\",\"urlTemplate\":\"https:\/\/www.stonecity.cz\/de\/?s={search_term_string}\"},\"query-input\":{\"@type\":\"PropertyValueSpecification\",\"valueRequired\":true,\"valueName\":\"search_term_string\"}}],\"inLanguage\":\"de\"}]}<\/script>\n<!-- \/ Yoast SEO plugin. -->","yoast_head_json":{"title":"Kieselsteine Himmel - Stonecity.cz","robots":{"index":"index","follow":"follow","max-snippet":"max-snippet:-1","max-image-preview":"max-image-preview:large","max-video-preview":"max-video-preview:-1"},"canonical":"https:\/\/www.stonecity.cz\/de\/produkt\/oblazky-sky\/","og_locale":"de_DE","og_type":"article","og_title":"Kieselsteine Himmel - Stonecity.cz","og_description":"Kieselsteine in wei\u00dfer Farbe. Kieselsteine werden zu dekorativen Zwecken in G\u00e4rten, Terrassen oder H\u00f6fen verwendet. Aber auch in Innenr\u00e4umen kommen sie gut zur Geltung. Kieselsteine sind widerstandsf\u00e4hig. Sie k\u00f6nnen zwischen verschiedenen Gr\u00f6\u00dfen w\u00e4hlen. Verpackung: Sack 20 kg oder Big Bag 1400-1600 kg Gr\u00f6\u00dfe 1-3 cm: 68 kg (d. h. 3,5 Packungen) werden ben\u00f6tigt, um 1 [...]","og_url":"https:\/\/www.stonecity.cz\/de\/produkt\/oblazky-sky\/","og_site_name":"Stonecity.cz","og_image":[{"width":1000,"height":689,"url":"https:\/\/www.stonecity.cz\/wp-content\/uploads\/2020\/11\/Pebbles-Sky.jpg","type":"image\/jpeg"}],"twitter_card":"summary_large_image","schema":{"@context":"https:\/\/schema.org","@graph":[{"@type":"WebPage","@id":"https:\/\/www.stonecity.cz\/de\/produkt\/oblazky-sky\/","url":"https:\/\/www.stonecity.cz\/de\/produkt\/oblazky-sky\/","name":"Kieselsteine Himmel - Stonecity.cz","isPartOf":{"@id":"https:\/\/www.stonecity.cz\/de\/#website"},"primaryImageOfPage":{"@id":"https:\/\/www.stonecity.cz\/de\/produkt\/oblazky-sky\/#primaryimage"},"image":{"@id":"https:\/\/www.stonecity.cz\/de\/produkt\/oblazky-sky\/#primaryimage"},"thumbnailUrl":"https:\/\/www.stonecity.cz\/wp-content\/uploads\/2020\/11\/Pebbles-Sky.jpg","datePublished":"2020-11-25T15:24:45+00:00","breadcrumb":{"@id":"https:\/\/www.stonecity.cz\/de\/produkt\/oblazky-sky\/#breadcrumb"},"inLanguage":"de","potentialAction":[{"@type":"ReadAction","target":["https:\/\/www.stonecity.cz\/de\/produkt\/oblazky-sky\/"]}]},{"@type":"ImageObject","inLanguage":"de","@id":"https:\/\/www.stonecity.cz\/de\/produkt\/oblazky-sky\/#primaryimage","url":"https:\/\/www.stonecity.cz\/wp-content\/uploads\/2020\/11\/Pebbles-Sky.jpg","contentUrl":"https:\/\/www.stonecity.cz\/wp-content\/uploads\/2020\/11\/Pebbles-Sky.jpg","width":1000,"height":689},{"@type":"BreadcrumbList","@id":"https:\/\/www.stonecity.cz\/de\/produkt\/oblazky-sky\/#breadcrumb","itemListElement":[{"@type":"ListItem","position":1,"name":"Dom\u016f","item":"https:\/\/www.stonecity.cz\/de\/"},{"@type":"ListItem","position":2,"name":"Shop","item":"https:\/\/www.stonecity.cz\/de\/shop\/"},{"@type":"ListItem","position":3,"name":"Kieselsteine Himmel"}]},{"@type":"WebSite","@id":"https:\/\/www.stonecity.cz\/de\/#website","url":"https:\/\/www.stonecity.cz\/de\/","name":"Stonecity.cz","description":"Dla\u017eba, obklady, um\u011bl\u00fd i p\u0159\u00edrodn\u00ed k\u00e1men","potentialAction":[{"@type":"SearchAction","target":{"@type":"EntryPoint","urlTemplate":"https:\/\/www.stonecity.cz\/de\/?s={search_term_string}"},"query-input":{"@type":"PropertyValueSpecification","valueRequired":true,"valueName":"search_term_string"}}],"inLanguage":"de"}]}},"_links":{"self":[{"href":"https:\/\/www.stonecity.cz\/de\/wp-json\/wp\/v2\/product\/16229","targetHints":{"allow":["GET"]}}],"collection":[{"href":"https:\/\/www.stonecity.cz\/de\/wp-json\/wp\/v2\/product"}],"about":[{"href":"https:\/\/www.stonecity.cz\/de\/wp-json\/wp\/v2\/types\/product"}],"wp:featuredmedia":[{"embeddable":true,"href":"https:\/\/www.stonecity.cz\/de\/wp-json\/wp\/v2\/media\/12930"}],"wp:attachment":[{"href":"https:\/\/www.stonecity.cz\/de\/wp-json\/wp\/v2\/media?parent=16229"}],"wp:term":[{"taxonomy":"product_cat","embeddable":true,"href":"https:\/\/www.stonecity.cz\/de\/wp-json\/wp\/v2\/product_cat?post=16229"},{"taxonomy":"product_tag","embeddable":true,"href":"https:\/\/www.stonecity.cz\/de\/wp-json\/wp\/v2\/product_tag?post=16229"}],"curies":[{"name":"wp","href":"https:\/\/api.w.org\/{rel}","templated":true}]}}