{"id":16241,"date":"2020-11-25T15:04:53","date_gmt":"2020-11-25T14:04:53","guid":{"rendered":"https:\/\/www.stonecity.cz\/produkt\/kiesel-akropolis\/"},"modified":"2020-11-25T15:04:53","modified_gmt":"2020-11-25T14:04:53","slug":"oblazky-akropolis","status":"publish","type":"product","link":"https:\/\/www.stonecity.cz\/de\/produkt\/oblazky-akropolis\/","title":{"rendered":"Kiesel Akropolis"},"content":{"rendered":"<p>Kieselsteine in grauen bis blauen Farbt\u00f6nen.<br \/>\nKieselsteine werden zu dekorativen Zwecken in G\u00e4rten, Terrassen oder H\u00f6fen verwendet.<br \/>\nAber auch in Innenr\u00e4umen kommen sie gut zur Geltung.<br \/>\nKieselsteine sind widerstandsf\u00e4hig.<br \/>\nSie k\u00f6nnen zwischen verschiedenen Gr\u00f6\u00dfen w\u00e4hlen.<\/p>\n<p>Verpackung: Sack 20 kg oder Big Bag 1400-1600 kg<\/p>\n<p>Gr\u00f6\u00dfe 1-3 cm: 68 kg (d. h. 3,5 Packungen) werden ben\u00f6tigt, um 1 m2 abzudecken<\/p>\n<p>Gr\u00f6\u00dfe 3-6 cm: 135 kg (d. h. 7 Packungen) werden ben\u00f6tigt, um 1 m2 abzudecken<\/p>\n<p>Gr\u00f6\u00dfe 6-10 cm: 220 kg (d. h. 11 Packungen) werden ben\u00f6tigt, um 1 m2 abzudecken<\/p>\n<p>&nbsp;<\/p>\n<p>&nbsp;<\/p>\n","protected":false},"excerpt":{"rendered":"<p>Kieselsteine in grauen bis blauen Farbt\u00f6nen. Kieselsteine werden zu dekorativen Zwecken in G\u00e4rten, Terrassen oder H\u00f6fen verwendet. Aber auch in Innenr\u00e4umen kommen sie gut zur Geltung. Kieselsteine sind widerstandsf\u00e4hig. Sie k\u00f6nnen zwischen verschiedenen Gr\u00f6\u00dfen w\u00e4hlen. Verpackung: Sack 20 kg oder Big Bag 1400-1600 kg Gr\u00f6\u00dfe 1-3 cm: 68 kg (d. h. 3,5 Packungen) werden ben\u00f6tigt, [&#8230;]\n","protected":false},"featured_media":12876,"template":"","meta":[],"product_cat":[2045],"product_tag":[1833,1841,1840,1834],"class_list":{"0":"post-16241","1":"product","2":"type-product","3":"status-publish","4":"has-post-thumbnail","6":"product_cat-kieselsteine","7":"product_tag-fur-den-ausenbereich-geeignet","8":"product_tag-fur-den-garten-geeignet-de","9":"product_tag-geeignet-fur-die-terrasse","10":"product_tag-geeignet-fur-innenraume","11":"pa_baleni-grose-tasche-1400-1600","12":"pa_baleni-sack-20-kg-72-stuck-auf-palette","13":"pa_barva-blau","14":"pa_barva-braun","15":"pa_barva-grau-de","17":"first","18":"instock","19":"taxable","20":"shipping-taxable","21":"purchasable","22":"product-type-variable","23":"has-default-attributes"},"yoast_head":"<!-- This site is optimized with the Yoast SEO plugin v26.8 - https:\/\/yoast.com\/product\/yoast-seo-wordpress\/ -->\n<title>Kiesel Akropolis - Stonecity.cz<\/title>\n<meta name=\"robots\" content=\"index, follow, max-snippet:-1, max-image-preview:large, max-video-preview:-1\" \/>\n<link rel=\"canonical\" href=\"https:\/\/www.stonecity.cz\/de\/produkt\/oblazky-akropolis\/\" \/>\n<meta property=\"og:locale\" content=\"de_DE\" \/>\n<meta property=\"og:type\" content=\"article\" \/>\n<meta property=\"og:title\" content=\"Kiesel Akropolis - Stonecity.cz\" \/>\n<meta property=\"og:description\" content=\"Kieselsteine in grauen bis blauen Farbt\u00f6nen. Kieselsteine werden zu dekorativen Zwecken in G\u00e4rten, Terrassen oder H\u00f6fen verwendet. Aber auch in Innenr\u00e4umen kommen sie gut zur Geltung. Kieselsteine sind widerstandsf\u00e4hig. Sie k\u00f6nnen zwischen verschiedenen Gr\u00f6\u00dfen w\u00e4hlen. Verpackung: Sack 20 kg oder Big Bag 1400-1600 kg Gr\u00f6\u00dfe 1-3 cm: 68 kg (d. h. 3,5 Packungen) werden ben\u00f6tigt, [...]\" \/>\n<meta property=\"og:url\" content=\"https:\/\/www.stonecity.cz\/de\/produkt\/oblazky-akropolis\/\" \/>\n<meta property=\"og:site_name\" content=\"Stonecity.cz\" \/>\n<meta property=\"og:image\" content=\"https:\/\/www.stonecity.cz\/wp-content\/uploads\/2020\/11\/Pebbles-Akropolis.jpg\" \/>\n\t<meta property=\"og:image:width\" content=\"1000\" \/>\n\t<meta property=\"og:image:height\" content=\"689\" \/>\n\t<meta property=\"og:image:type\" content=\"image\/jpeg\" \/>\n<meta name=\"twitter:card\" content=\"summary_large_image\" \/>\n<script type=\"application\/ld+json\" class=\"yoast-schema-graph\">{\"@context\":\"https:\/\/schema.org\",\"@graph\":[{\"@type\":\"WebPage\",\"@id\":\"https:\/\/www.stonecity.cz\/de\/produkt\/oblazky-akropolis\/\",\"url\":\"https:\/\/www.stonecity.cz\/de\/produkt\/oblazky-akropolis\/\",\"name\":\"Kiesel Akropolis - Stonecity.cz\",\"isPartOf\":{\"@id\":\"https:\/\/www.stonecity.cz\/de\/#website\"},\"primaryImageOfPage\":{\"@id\":\"https:\/\/www.stonecity.cz\/de\/produkt\/oblazky-akropolis\/#primaryimage\"},\"image\":{\"@id\":\"https:\/\/www.stonecity.cz\/de\/produkt\/oblazky-akropolis\/#primaryimage\"},\"thumbnailUrl\":\"https:\/\/www.stonecity.cz\/wp-content\/uploads\/2020\/11\/Pebbles-Akropolis.jpg\",\"datePublished\":\"2020-11-25T14:04:53+00:00\",\"breadcrumb\":{\"@id\":\"https:\/\/www.stonecity.cz\/de\/produkt\/oblazky-akropolis\/#breadcrumb\"},\"inLanguage\":\"de\",\"potentialAction\":[{\"@type\":\"ReadAction\",\"target\":[\"https:\/\/www.stonecity.cz\/de\/produkt\/oblazky-akropolis\/\"]}]},{\"@type\":\"ImageObject\",\"inLanguage\":\"de\",\"@id\":\"https:\/\/www.stonecity.cz\/de\/produkt\/oblazky-akropolis\/#primaryimage\",\"url\":\"https:\/\/www.stonecity.cz\/wp-content\/uploads\/2020\/11\/Pebbles-Akropolis.jpg\",\"contentUrl\":\"https:\/\/www.stonecity.cz\/wp-content\/uploads\/2020\/11\/Pebbles-Akropolis.jpg\",\"width\":1000,\"height\":689},{\"@type\":\"BreadcrumbList\",\"@id\":\"https:\/\/www.stonecity.cz\/de\/produkt\/oblazky-akropolis\/#breadcrumb\",\"itemListElement\":[{\"@type\":\"ListItem\",\"position\":1,\"name\":\"Dom\u016f\",\"item\":\"https:\/\/www.stonecity.cz\/de\/\"},{\"@type\":\"ListItem\",\"position\":2,\"name\":\"Shop\",\"item\":\"https:\/\/www.stonecity.cz\/de\/shop\/\"},{\"@type\":\"ListItem\",\"position\":3,\"name\":\"Kiesel Akropolis\"}]},{\"@type\":\"WebSite\",\"@id\":\"https:\/\/www.stonecity.cz\/de\/#website\",\"url\":\"https:\/\/www.stonecity.cz\/de\/\",\"name\":\"Stonecity.cz\",\"description\":\"Dla\u017eba, obklady, um\u011bl\u00fd i p\u0159\u00edrodn\u00ed k\u00e1men\",\"potentialAction\":[{\"@type\":\"SearchAction\",\"target\":{\"@type\":\"EntryPoint\",\"urlTemplate\":\"https:\/\/www.stonecity.cz\/de\/?s={search_term_string}\"},\"query-input\":{\"@type\":\"PropertyValueSpecification\",\"valueRequired\":true,\"valueName\":\"search_term_string\"}}],\"inLanguage\":\"de\"}]}<\/script>\n<!-- \/ Yoast SEO plugin. -->","yoast_head_json":{"title":"Kiesel Akropolis - Stonecity.cz","robots":{"index":"index","follow":"follow","max-snippet":"max-snippet:-1","max-image-preview":"max-image-preview:large","max-video-preview":"max-video-preview:-1"},"canonical":"https:\/\/www.stonecity.cz\/de\/produkt\/oblazky-akropolis\/","og_locale":"de_DE","og_type":"article","og_title":"Kiesel Akropolis - Stonecity.cz","og_description":"Kieselsteine in grauen bis blauen Farbt\u00f6nen. Kieselsteine werden zu dekorativen Zwecken in G\u00e4rten, Terrassen oder H\u00f6fen verwendet. Aber auch in Innenr\u00e4umen kommen sie gut zur Geltung. Kieselsteine sind widerstandsf\u00e4hig. Sie k\u00f6nnen zwischen verschiedenen Gr\u00f6\u00dfen w\u00e4hlen. Verpackung: Sack 20 kg oder Big Bag 1400-1600 kg Gr\u00f6\u00dfe 1-3 cm: 68 kg (d. h. 3,5 Packungen) werden ben\u00f6tigt, [...]","og_url":"https:\/\/www.stonecity.cz\/de\/produkt\/oblazky-akropolis\/","og_site_name":"Stonecity.cz","og_image":[{"width":1000,"height":689,"url":"https:\/\/www.stonecity.cz\/wp-content\/uploads\/2020\/11\/Pebbles-Akropolis.jpg","type":"image\/jpeg"}],"twitter_card":"summary_large_image","schema":{"@context":"https:\/\/schema.org","@graph":[{"@type":"WebPage","@id":"https:\/\/www.stonecity.cz\/de\/produkt\/oblazky-akropolis\/","url":"https:\/\/www.stonecity.cz\/de\/produkt\/oblazky-akropolis\/","name":"Kiesel Akropolis - Stonecity.cz","isPartOf":{"@id":"https:\/\/www.stonecity.cz\/de\/#website"},"primaryImageOfPage":{"@id":"https:\/\/www.stonecity.cz\/de\/produkt\/oblazky-akropolis\/#primaryimage"},"image":{"@id":"https:\/\/www.stonecity.cz\/de\/produkt\/oblazky-akropolis\/#primaryimage"},"thumbnailUrl":"https:\/\/www.stonecity.cz\/wp-content\/uploads\/2020\/11\/Pebbles-Akropolis.jpg","datePublished":"2020-11-25T14:04:53+00:00","breadcrumb":{"@id":"https:\/\/www.stonecity.cz\/de\/produkt\/oblazky-akropolis\/#breadcrumb"},"inLanguage":"de","potentialAction":[{"@type":"ReadAction","target":["https:\/\/www.stonecity.cz\/de\/produkt\/oblazky-akropolis\/"]}]},{"@type":"ImageObject","inLanguage":"de","@id":"https:\/\/www.stonecity.cz\/de\/produkt\/oblazky-akropolis\/#primaryimage","url":"https:\/\/www.stonecity.cz\/wp-content\/uploads\/2020\/11\/Pebbles-Akropolis.jpg","contentUrl":"https:\/\/www.stonecity.cz\/wp-content\/uploads\/2020\/11\/Pebbles-Akropolis.jpg","width":1000,"height":689},{"@type":"BreadcrumbList","@id":"https:\/\/www.stonecity.cz\/de\/produkt\/oblazky-akropolis\/#breadcrumb","itemListElement":[{"@type":"ListItem","position":1,"name":"Dom\u016f","item":"https:\/\/www.stonecity.cz\/de\/"},{"@type":"ListItem","position":2,"name":"Shop","item":"https:\/\/www.stonecity.cz\/de\/shop\/"},{"@type":"ListItem","position":3,"name":"Kiesel Akropolis"}]},{"@type":"WebSite","@id":"https:\/\/www.stonecity.cz\/de\/#website","url":"https:\/\/www.stonecity.cz\/de\/","name":"Stonecity.cz","description":"Dla\u017eba, obklady, um\u011bl\u00fd i p\u0159\u00edrodn\u00ed k\u00e1men","potentialAction":[{"@type":"SearchAction","target":{"@type":"EntryPoint","urlTemplate":"https:\/\/www.stonecity.cz\/de\/?s={search_term_string}"},"query-input":{"@type":"PropertyValueSpecification","valueRequired":true,"valueName":"search_term_string"}}],"inLanguage":"de"}]}},"_links":{"self":[{"href":"https:\/\/www.stonecity.cz\/de\/wp-json\/wp\/v2\/product\/16241","targetHints":{"allow":["GET"]}}],"collection":[{"href":"https:\/\/www.stonecity.cz\/de\/wp-json\/wp\/v2\/product"}],"about":[{"href":"https:\/\/www.stonecity.cz\/de\/wp-json\/wp\/v2\/types\/product"}],"wp:featuredmedia":[{"embeddable":true,"href":"https:\/\/www.stonecity.cz\/de\/wp-json\/wp\/v2\/media\/12876"}],"wp:attachment":[{"href":"https:\/\/www.stonecity.cz\/de\/wp-json\/wp\/v2\/media?parent=16241"}],"wp:term":[{"taxonomy":"product_cat","embeddable":true,"href":"https:\/\/www.stonecity.cz\/de\/wp-json\/wp\/v2\/product_cat?post=16241"},{"taxonomy":"product_tag","embeddable":true,"href":"https:\/\/www.stonecity.cz\/de\/wp-json\/wp\/v2\/product_tag?post=16241"}],"curies":[{"name":"wp","href":"https:\/\/api.w.org\/{rel}","templated":true}]}}