{"id":16356,"date":"2020-10-05T16:02:12","date_gmt":"2020-10-05T14:02:12","guid":{"rendered":"https:\/\/www.stonecity.cz\/produkt\/arena-calanca-licht\/"},"modified":"2020-10-05T16:02:12","modified_gmt":"2020-10-05T14:02:12","slug":"arena-calanca-light","status":"publish","type":"product","link":"https:\/\/www.stonecity.cz\/de\/produkt\/arena-calanca-light\/","title":{"rendered":"Arena Calanca Licht"},"content":{"rendered":"<p>Keramische Fliesen garantieren hohe Qualit\u00e4t und Eleganz mit zeitlosem Design.<br \/>\nSie sind kratzfest, pflegeleicht, langlebig, ver\u00e4ndern ihr Aussehen im Laufe der Jahre nicht und sind in einer Vielzahl von Varianten erh\u00e4ltlich.<\/p>\n<p>Warum sollten Sie sich f\u00fcr Keramikfliesen entscheiden?<br \/>\n&#8211; zeitloses Design<br \/>\n&#8211; lange Nutzungsdauer<br \/>\n&#8211; sein Aussehen im Laufe der Jahre nicht ver\u00e4ndert<br \/>\n&#8211; geringe Wartungskosten<br \/>\n&#8211; gro\u00dfe Auswahl an Oberfl\u00e4chen und Farben<br \/>\n&#8211; Z\u00e4higkeit<br \/>\n&#8211; Widerstandsf\u00e4higkeit gegen Temperaturschwankungen<br \/>\n&#8211; Best\u00e4ndigkeit gegen Chemikalien und Salz<br \/>\n&#8211; einfache Wartung<br \/>\n&#8211; einfache und schnelle Installation<\/p>\n<p><strong>Alle keramischen Fliesen k\u00f6nnen mit Beckenumrandungen im gleichen Dekor und in der gleichen Farbe bestellt werden.<\/strong><\/p>\n<p>&nbsp;<\/p>\n","protected":false},"excerpt":{"rendered":"<p>Keramische Fliesen garantieren hohe Qualit\u00e4t und Eleganz mit zeitlosem Design. Sie sind kratzfest, pflegeleicht, langlebig, ver\u00e4ndern ihr Aussehen im Laufe der Jahre nicht und sind in einer Vielzahl von Varianten erh\u00e4ltlich. Warum sollten Sie sich f\u00fcr Keramikfliesen entscheiden? &#8211; zeitloses Design &#8211; lange Nutzungsdauer &#8211; sein Aussehen im Laufe der Jahre nicht ver\u00e4ndert &#8211; geringe [&#8230;]\n","protected":false},"featured_media":12642,"template":"","meta":[],"product_cat":[1917,1939,1932],"product_tag":[1833,1841,1840,1838],"class_list":{"0":"post-16356","1":"product","2":"type-product","3":"status-publish","4":"has-post-thumbnail","6":"product_cat-pflaster","7":"product_cat-keramikfliesen-fur-den-ausenbereich","8":"product_cat-arena-de","9":"product_tag-fur-den-ausenbereich-geeignet","10":"product_tag-fur-den-garten-geeignet-de","11":"product_tag-geeignet-fur-die-terrasse","12":"product_tag-geeignet-fur-wellness","13":"pa_baleni-2-stuck-in-einer-packung-palette-2160-m2-1000-kg","14":"pa_mj-m2-1-m2-de","15":"pa_tloustka-2-cm-de","17":"first","18":"instock","19":"purchasable","20":"product-type-variable"},"yoast_head":"<!-- This site is optimized with the Yoast SEO plugin v26.8 - https:\/\/yoast.com\/product\/yoast-seo-wordpress\/ -->\n<title>Arena Calanca Licht - Stonecity.cz<\/title>\n<meta name=\"robots\" content=\"index, follow, max-snippet:-1, max-image-preview:large, max-video-preview:-1\" \/>\n<link rel=\"canonical\" href=\"https:\/\/www.stonecity.cz\/de\/produkt\/arena-calanca-light\/\" \/>\n<meta property=\"og:locale\" content=\"de_DE\" \/>\n<meta property=\"og:type\" content=\"article\" \/>\n<meta property=\"og:title\" content=\"Arena Calanca Licht - Stonecity.cz\" \/>\n<meta property=\"og:description\" content=\"Keramische Fliesen garantieren hohe Qualit\u00e4t und Eleganz mit zeitlosem Design. Sie sind kratzfest, pflegeleicht, langlebig, ver\u00e4ndern ihr Aussehen im Laufe der Jahre nicht und sind in einer Vielzahl von Varianten erh\u00e4ltlich. Warum sollten Sie sich f\u00fcr Keramikfliesen entscheiden? &#8211; zeitloses Design &#8211; lange Nutzungsdauer &#8211; sein Aussehen im Laufe der Jahre nicht ver\u00e4ndert &#8211; geringe [...]\" \/>\n<meta property=\"og:url\" content=\"https:\/\/www.stonecity.cz\/de\/produkt\/arena-calanca-light\/\" \/>\n<meta property=\"og:site_name\" content=\"Stonecity.cz\" \/>\n<meta property=\"og:image\" content=\"https:\/\/www.stonecity.cz\/wp-content\/uploads\/2020\/10\/HARENA_CALANCA_LIGHT_40x120.jpg\" \/>\n\t<meta property=\"og:image:width\" content=\"1200\" \/>\n\t<meta property=\"og:image:height\" content=\"602\" \/>\n\t<meta property=\"og:image:type\" content=\"image\/jpeg\" \/>\n<meta name=\"twitter:card\" content=\"summary_large_image\" \/>\n<meta name=\"twitter:label1\" content=\"Gesch\u00e4tzte Lesezeit\" \/>\n\t<meta name=\"twitter:data1\" content=\"1\u00a0Minute\" \/>\n<script type=\"application\/ld+json\" class=\"yoast-schema-graph\">{\"@context\":\"https:\/\/schema.org\",\"@graph\":[{\"@type\":\"WebPage\",\"@id\":\"https:\/\/www.stonecity.cz\/de\/produkt\/arena-calanca-light\/\",\"url\":\"https:\/\/www.stonecity.cz\/de\/produkt\/arena-calanca-light\/\",\"name\":\"Arena Calanca Licht - Stonecity.cz\",\"isPartOf\":{\"@id\":\"https:\/\/www.stonecity.cz\/de\/#website\"},\"primaryImageOfPage\":{\"@id\":\"https:\/\/www.stonecity.cz\/de\/produkt\/arena-calanca-light\/#primaryimage\"},\"image\":{\"@id\":\"https:\/\/www.stonecity.cz\/de\/produkt\/arena-calanca-light\/#primaryimage\"},\"thumbnailUrl\":\"https:\/\/www.stonecity.cz\/wp-content\/uploads\/2020\/10\/HARENA_CALANCA_LIGHT_40x120.jpg\",\"datePublished\":\"2020-10-05T14:02:12+00:00\",\"breadcrumb\":{\"@id\":\"https:\/\/www.stonecity.cz\/de\/produkt\/arena-calanca-light\/#breadcrumb\"},\"inLanguage\":\"de\",\"potentialAction\":[{\"@type\":\"ReadAction\",\"target\":[\"https:\/\/www.stonecity.cz\/de\/produkt\/arena-calanca-light\/\"]}]},{\"@type\":\"ImageObject\",\"inLanguage\":\"de\",\"@id\":\"https:\/\/www.stonecity.cz\/de\/produkt\/arena-calanca-light\/#primaryimage\",\"url\":\"https:\/\/www.stonecity.cz\/wp-content\/uploads\/2020\/10\/HARENA_CALANCA_LIGHT_40x120.jpg\",\"contentUrl\":\"https:\/\/www.stonecity.cz\/wp-content\/uploads\/2020\/10\/HARENA_CALANCA_LIGHT_40x120.jpg\",\"width\":1200,\"height\":602},{\"@type\":\"BreadcrumbList\",\"@id\":\"https:\/\/www.stonecity.cz\/de\/produkt\/arena-calanca-light\/#breadcrumb\",\"itemListElement\":[{\"@type\":\"ListItem\",\"position\":1,\"name\":\"Dom\u016f\",\"item\":\"https:\/\/www.stonecity.cz\/de\/\"},{\"@type\":\"ListItem\",\"position\":2,\"name\":\"Shop\",\"item\":\"https:\/\/www.stonecity.cz\/de\/shop\/\"},{\"@type\":\"ListItem\",\"position\":3,\"name\":\"Arena Calanca Licht\"}]},{\"@type\":\"WebSite\",\"@id\":\"https:\/\/www.stonecity.cz\/de\/#website\",\"url\":\"https:\/\/www.stonecity.cz\/de\/\",\"name\":\"Stonecity.cz\",\"description\":\"Dla\u017eba, obklady, um\u011bl\u00fd i p\u0159\u00edrodn\u00ed k\u00e1men\",\"potentialAction\":[{\"@type\":\"SearchAction\",\"target\":{\"@type\":\"EntryPoint\",\"urlTemplate\":\"https:\/\/www.stonecity.cz\/de\/?s={search_term_string}\"},\"query-input\":{\"@type\":\"PropertyValueSpecification\",\"valueRequired\":true,\"valueName\":\"search_term_string\"}}],\"inLanguage\":\"de\"}]}<\/script>\n<!-- \/ Yoast SEO plugin. -->","yoast_head_json":{"title":"Arena Calanca Licht - Stonecity.cz","robots":{"index":"index","follow":"follow","max-snippet":"max-snippet:-1","max-image-preview":"max-image-preview:large","max-video-preview":"max-video-preview:-1"},"canonical":"https:\/\/www.stonecity.cz\/de\/produkt\/arena-calanca-light\/","og_locale":"de_DE","og_type":"article","og_title":"Arena Calanca Licht - Stonecity.cz","og_description":"Keramische Fliesen garantieren hohe Qualit\u00e4t und Eleganz mit zeitlosem Design. Sie sind kratzfest, pflegeleicht, langlebig, ver\u00e4ndern ihr Aussehen im Laufe der Jahre nicht und sind in einer Vielzahl von Varianten erh\u00e4ltlich. Warum sollten Sie sich f\u00fcr Keramikfliesen entscheiden? &#8211; zeitloses Design &#8211; lange Nutzungsdauer &#8211; sein Aussehen im Laufe der Jahre nicht ver\u00e4ndert &#8211; geringe [...]","og_url":"https:\/\/www.stonecity.cz\/de\/produkt\/arena-calanca-light\/","og_site_name":"Stonecity.cz","og_image":[{"width":1200,"height":602,"url":"https:\/\/www.stonecity.cz\/wp-content\/uploads\/2020\/10\/HARENA_CALANCA_LIGHT_40x120.jpg","type":"image\/jpeg"}],"twitter_card":"summary_large_image","twitter_misc":{"Gesch\u00e4tzte Lesezeit":"1\u00a0Minute"},"schema":{"@context":"https:\/\/schema.org","@graph":[{"@type":"WebPage","@id":"https:\/\/www.stonecity.cz\/de\/produkt\/arena-calanca-light\/","url":"https:\/\/www.stonecity.cz\/de\/produkt\/arena-calanca-light\/","name":"Arena Calanca Licht - Stonecity.cz","isPartOf":{"@id":"https:\/\/www.stonecity.cz\/de\/#website"},"primaryImageOfPage":{"@id":"https:\/\/www.stonecity.cz\/de\/produkt\/arena-calanca-light\/#primaryimage"},"image":{"@id":"https:\/\/www.stonecity.cz\/de\/produkt\/arena-calanca-light\/#primaryimage"},"thumbnailUrl":"https:\/\/www.stonecity.cz\/wp-content\/uploads\/2020\/10\/HARENA_CALANCA_LIGHT_40x120.jpg","datePublished":"2020-10-05T14:02:12+00:00","breadcrumb":{"@id":"https:\/\/www.stonecity.cz\/de\/produkt\/arena-calanca-light\/#breadcrumb"},"inLanguage":"de","potentialAction":[{"@type":"ReadAction","target":["https:\/\/www.stonecity.cz\/de\/produkt\/arena-calanca-light\/"]}]},{"@type":"ImageObject","inLanguage":"de","@id":"https:\/\/www.stonecity.cz\/de\/produkt\/arena-calanca-light\/#primaryimage","url":"https:\/\/www.stonecity.cz\/wp-content\/uploads\/2020\/10\/HARENA_CALANCA_LIGHT_40x120.jpg","contentUrl":"https:\/\/www.stonecity.cz\/wp-content\/uploads\/2020\/10\/HARENA_CALANCA_LIGHT_40x120.jpg","width":1200,"height":602},{"@type":"BreadcrumbList","@id":"https:\/\/www.stonecity.cz\/de\/produkt\/arena-calanca-light\/#breadcrumb","itemListElement":[{"@type":"ListItem","position":1,"name":"Dom\u016f","item":"https:\/\/www.stonecity.cz\/de\/"},{"@type":"ListItem","position":2,"name":"Shop","item":"https:\/\/www.stonecity.cz\/de\/shop\/"},{"@type":"ListItem","position":3,"name":"Arena Calanca Licht"}]},{"@type":"WebSite","@id":"https:\/\/www.stonecity.cz\/de\/#website","url":"https:\/\/www.stonecity.cz\/de\/","name":"Stonecity.cz","description":"Dla\u017eba, obklady, um\u011bl\u00fd i p\u0159\u00edrodn\u00ed k\u00e1men","potentialAction":[{"@type":"SearchAction","target":{"@type":"EntryPoint","urlTemplate":"https:\/\/www.stonecity.cz\/de\/?s={search_term_string}"},"query-input":{"@type":"PropertyValueSpecification","valueRequired":true,"valueName":"search_term_string"}}],"inLanguage":"de"}]}},"_links":{"self":[{"href":"https:\/\/www.stonecity.cz\/de\/wp-json\/wp\/v2\/product\/16356","targetHints":{"allow":["GET"]}}],"collection":[{"href":"https:\/\/www.stonecity.cz\/de\/wp-json\/wp\/v2\/product"}],"about":[{"href":"https:\/\/www.stonecity.cz\/de\/wp-json\/wp\/v2\/types\/product"}],"wp:featuredmedia":[{"embeddable":true,"href":"https:\/\/www.stonecity.cz\/de\/wp-json\/wp\/v2\/media\/12642"}],"wp:attachment":[{"href":"https:\/\/www.stonecity.cz\/de\/wp-json\/wp\/v2\/media?parent=16356"}],"wp:term":[{"taxonomy":"product_cat","embeddable":true,"href":"https:\/\/www.stonecity.cz\/de\/wp-json\/wp\/v2\/product_cat?post=16356"},{"taxonomy":"product_tag","embeddable":true,"href":"https:\/\/www.stonecity.cz\/de\/wp-json\/wp\/v2\/product_tag?post=16356"}],"curies":[{"name":"wp","href":"https:\/\/api.w.org\/{rel}","templated":true}]}}