{"id":16469,"date":"2020-09-22T12:16:11","date_gmt":"2020-09-22T10:16:11","guid":{"rendered":"https:\/\/www.stonecity.cz\/produkt\/ecksteinfliesen-acapulco-bc-12r\/"},"modified":"2020-09-22T12:16:11","modified_gmt":"2020-09-22T10:16:11","slug":"steinverkleidung-acapulco-horn-bc-12r","status":"publish","type":"product","link":"https:\/\/www.stonecity.cz\/de\/produkt\/steinverkleidung-acapulco-horn-bc-12r\/","title":{"rendered":"Ecksteinfliesen Acapulco BC-12R"},"content":{"rendered":"<p>Die Fliese Acapulco ist eine Natursteinfliese aus Quarzit.<br \/>\nDie Farbnuancen von Grau \u00fcber Braun bis Orange verleihen dem Stein eine nat\u00fcrliche Ausstrahlung.<br \/>\nDie Sch\u00f6nheit dieser Steinfliese kommt sowohl im Innen- als auch im Au\u00dfenbereich zur Geltung.<\/p>\n<p>Das Z-f\u00f6rmige Fliesenformat macht die Verlegung einfach, und die Fliesen m\u00fcssen nicht gepaart werden.<\/p>\n<p>&nbsp;<\/p>\n<p>&nbsp;<\/p>\n","protected":false},"excerpt":{"rendered":"<p>Die Fliese Acapulco ist eine Natursteinfliese aus Quarzit. Die Farbnuancen von Grau \u00fcber Braun bis Orange verleihen dem Stein eine nat\u00fcrliche Ausstrahlung. Die Sch\u00f6nheit dieser Steinfliese kommt sowohl im Innen- als auch im Au\u00dfenbereich zur Geltung. Das Z-f\u00f6rmige Fliesenformat macht die Verlegung einfach, und die Fliesen m\u00fcssen nicht gepaart werden. &nbsp; &nbsp;<\/p>\n","protected":false},"featured_media":12568,"template":"","meta":[],"product_cat":[2041,2033,2039],"product_tag":[1830,1833,1836,1840,1834,1837,1838],"class_list":{"0":"post-16469","1":"product","2":"type-product","3":"status-publish","4":"has-post-thumbnail","6":"product_cat-verblendsteine","7":"product_cat-naturstein-de","8":"product_cat-quarzit-de-2","9":"product_tag-fassadenverkleidung","10":"product_tag-fur-den-ausenbereich-geeignet","11":"product_tag-geeignet-fur-die-kuche","12":"product_tag-geeignet-fur-die-terrasse","13":"product_tag-geeignet-fur-innenraume","14":"product_tag-geeignet-fur-sauna","15":"product_tag-geeignet-fur-wellness","16":"pa_baleni-kiste-1232m2-224bm-850-kg-28-kisten","17":"pa_baleni-schachtel-8stuck-044m2-08bm","18":"pa_tloustka-25-55-cm-de","20":"first","21":"instock","22":"taxable","23":"shipping-taxable","24":"purchasable","25":"product-type-simple"},"yoast_head":"<!-- This site is optimized with the Yoast SEO plugin v26.8 - https:\/\/yoast.com\/product\/yoast-seo-wordpress\/ -->\n<title>Ecksteinfliesen Acapulco BC-12R - Stonecity.cz<\/title>\n<meta name=\"robots\" content=\"index, follow, max-snippet:-1, max-image-preview:large, max-video-preview:-1\" \/>\n<link rel=\"canonical\" href=\"https:\/\/www.stonecity.cz\/de\/produkt\/steinverkleidung-acapulco-horn-bc-12r\/\" \/>\n<meta property=\"og:locale\" content=\"de_DE\" \/>\n<meta property=\"og:type\" content=\"article\" \/>\n<meta property=\"og:title\" content=\"Ecksteinfliesen Acapulco BC-12R - Stonecity.cz\" \/>\n<meta property=\"og:description\" content=\"Die Fliese Acapulco ist eine Natursteinfliese aus Quarzit. Die Farbnuancen von Grau \u00fcber Braun bis Orange verleihen dem Stein eine nat\u00fcrliche Ausstrahlung. Die Sch\u00f6nheit dieser Steinfliese kommt sowohl im Innen- als auch im Au\u00dfenbereich zur Geltung. Das Z-f\u00f6rmige Fliesenformat macht die Verlegung einfach, und die Fliesen m\u00fcssen nicht gepaart werden. &nbsp; &nbsp;\" \/>\n<meta property=\"og:url\" content=\"https:\/\/www.stonecity.cz\/de\/produkt\/steinverkleidung-acapulco-horn-bc-12r\/\" \/>\n<meta property=\"og:site_name\" content=\"Stonecity.cz\" \/>\n<meta property=\"og:image\" content=\"https:\/\/www.stonecity.cz\/wp-content\/uploads\/2020\/09\/BC-12.jpg\" \/>\n\t<meta property=\"og:image:width\" content=\"2016\" \/>\n\t<meta property=\"og:image:height\" content=\"1512\" \/>\n\t<meta property=\"og:image:type\" content=\"image\/jpeg\" \/>\n<meta name=\"twitter:card\" content=\"summary_large_image\" \/>\n<script type=\"application\/ld+json\" class=\"yoast-schema-graph\">{\"@context\":\"https:\/\/schema.org\",\"@graph\":[{\"@type\":\"WebPage\",\"@id\":\"https:\/\/www.stonecity.cz\/de\/produkt\/steinverkleidung-acapulco-horn-bc-12r\/\",\"url\":\"https:\/\/www.stonecity.cz\/de\/produkt\/steinverkleidung-acapulco-horn-bc-12r\/\",\"name\":\"Ecksteinfliesen Acapulco BC-12R - Stonecity.cz\",\"isPartOf\":{\"@id\":\"https:\/\/www.stonecity.cz\/de\/#website\"},\"primaryImageOfPage\":{\"@id\":\"https:\/\/www.stonecity.cz\/de\/produkt\/steinverkleidung-acapulco-horn-bc-12r\/#primaryimage\"},\"image\":{\"@id\":\"https:\/\/www.stonecity.cz\/de\/produkt\/steinverkleidung-acapulco-horn-bc-12r\/#primaryimage\"},\"thumbnailUrl\":\"https:\/\/www.stonecity.cz\/wp-content\/uploads\/2020\/09\/BC-12.jpg\",\"datePublished\":\"2020-09-22T10:16:11+00:00\",\"breadcrumb\":{\"@id\":\"https:\/\/www.stonecity.cz\/de\/produkt\/steinverkleidung-acapulco-horn-bc-12r\/#breadcrumb\"},\"inLanguage\":\"de\",\"potentialAction\":[{\"@type\":\"ReadAction\",\"target\":[\"https:\/\/www.stonecity.cz\/de\/produkt\/steinverkleidung-acapulco-horn-bc-12r\/\"]}]},{\"@type\":\"ImageObject\",\"inLanguage\":\"de\",\"@id\":\"https:\/\/www.stonecity.cz\/de\/produkt\/steinverkleidung-acapulco-horn-bc-12r\/#primaryimage\",\"url\":\"https:\/\/www.stonecity.cz\/wp-content\/uploads\/2020\/09\/BC-12.jpg\",\"contentUrl\":\"https:\/\/www.stonecity.cz\/wp-content\/uploads\/2020\/09\/BC-12.jpg\",\"width\":2016,\"height\":1512,\"caption\":\"Quarzit Acapulco\"},{\"@type\":\"BreadcrumbList\",\"@id\":\"https:\/\/www.stonecity.cz\/de\/produkt\/steinverkleidung-acapulco-horn-bc-12r\/#breadcrumb\",\"itemListElement\":[{\"@type\":\"ListItem\",\"position\":1,\"name\":\"Dom\u016f\",\"item\":\"https:\/\/www.stonecity.cz\/de\/\"},{\"@type\":\"ListItem\",\"position\":2,\"name\":\"Shop\",\"item\":\"https:\/\/www.stonecity.cz\/de\/shop\/\"},{\"@type\":\"ListItem\",\"position\":3,\"name\":\"Ecksteinfliesen Acapulco BC-12R\"}]},{\"@type\":\"WebSite\",\"@id\":\"https:\/\/www.stonecity.cz\/de\/#website\",\"url\":\"https:\/\/www.stonecity.cz\/de\/\",\"name\":\"Stonecity.cz\",\"description\":\"Dla\u017eba, obklady, um\u011bl\u00fd i p\u0159\u00edrodn\u00ed k\u00e1men\",\"potentialAction\":[{\"@type\":\"SearchAction\",\"target\":{\"@type\":\"EntryPoint\",\"urlTemplate\":\"https:\/\/www.stonecity.cz\/de\/?s={search_term_string}\"},\"query-input\":{\"@type\":\"PropertyValueSpecification\",\"valueRequired\":true,\"valueName\":\"search_term_string\"}}],\"inLanguage\":\"de\"}]}<\/script>\n<!-- \/ Yoast SEO plugin. -->","yoast_head_json":{"title":"Ecksteinfliesen Acapulco BC-12R - Stonecity.cz","robots":{"index":"index","follow":"follow","max-snippet":"max-snippet:-1","max-image-preview":"max-image-preview:large","max-video-preview":"max-video-preview:-1"},"canonical":"https:\/\/www.stonecity.cz\/de\/produkt\/steinverkleidung-acapulco-horn-bc-12r\/","og_locale":"de_DE","og_type":"article","og_title":"Ecksteinfliesen Acapulco BC-12R - Stonecity.cz","og_description":"Die Fliese Acapulco ist eine Natursteinfliese aus Quarzit. Die Farbnuancen von Grau \u00fcber Braun bis Orange verleihen dem Stein eine nat\u00fcrliche Ausstrahlung. Die Sch\u00f6nheit dieser Steinfliese kommt sowohl im Innen- als auch im Au\u00dfenbereich zur Geltung. Das Z-f\u00f6rmige Fliesenformat macht die Verlegung einfach, und die Fliesen m\u00fcssen nicht gepaart werden. &nbsp; &nbsp;","og_url":"https:\/\/www.stonecity.cz\/de\/produkt\/steinverkleidung-acapulco-horn-bc-12r\/","og_site_name":"Stonecity.cz","og_image":[{"width":2016,"height":1512,"url":"https:\/\/www.stonecity.cz\/wp-content\/uploads\/2020\/09\/BC-12.jpg","type":"image\/jpeg"}],"twitter_card":"summary_large_image","schema":{"@context":"https:\/\/schema.org","@graph":[{"@type":"WebPage","@id":"https:\/\/www.stonecity.cz\/de\/produkt\/steinverkleidung-acapulco-horn-bc-12r\/","url":"https:\/\/www.stonecity.cz\/de\/produkt\/steinverkleidung-acapulco-horn-bc-12r\/","name":"Ecksteinfliesen Acapulco BC-12R - Stonecity.cz","isPartOf":{"@id":"https:\/\/www.stonecity.cz\/de\/#website"},"primaryImageOfPage":{"@id":"https:\/\/www.stonecity.cz\/de\/produkt\/steinverkleidung-acapulco-horn-bc-12r\/#primaryimage"},"image":{"@id":"https:\/\/www.stonecity.cz\/de\/produkt\/steinverkleidung-acapulco-horn-bc-12r\/#primaryimage"},"thumbnailUrl":"https:\/\/www.stonecity.cz\/wp-content\/uploads\/2020\/09\/BC-12.jpg","datePublished":"2020-09-22T10:16:11+00:00","breadcrumb":{"@id":"https:\/\/www.stonecity.cz\/de\/produkt\/steinverkleidung-acapulco-horn-bc-12r\/#breadcrumb"},"inLanguage":"de","potentialAction":[{"@type":"ReadAction","target":["https:\/\/www.stonecity.cz\/de\/produkt\/steinverkleidung-acapulco-horn-bc-12r\/"]}]},{"@type":"ImageObject","inLanguage":"de","@id":"https:\/\/www.stonecity.cz\/de\/produkt\/steinverkleidung-acapulco-horn-bc-12r\/#primaryimage","url":"https:\/\/www.stonecity.cz\/wp-content\/uploads\/2020\/09\/BC-12.jpg","contentUrl":"https:\/\/www.stonecity.cz\/wp-content\/uploads\/2020\/09\/BC-12.jpg","width":2016,"height":1512,"caption":"Quarzit Acapulco"},{"@type":"BreadcrumbList","@id":"https:\/\/www.stonecity.cz\/de\/produkt\/steinverkleidung-acapulco-horn-bc-12r\/#breadcrumb","itemListElement":[{"@type":"ListItem","position":1,"name":"Dom\u016f","item":"https:\/\/www.stonecity.cz\/de\/"},{"@type":"ListItem","position":2,"name":"Shop","item":"https:\/\/www.stonecity.cz\/de\/shop\/"},{"@type":"ListItem","position":3,"name":"Ecksteinfliesen Acapulco BC-12R"}]},{"@type":"WebSite","@id":"https:\/\/www.stonecity.cz\/de\/#website","url":"https:\/\/www.stonecity.cz\/de\/","name":"Stonecity.cz","description":"Dla\u017eba, obklady, um\u011bl\u00fd i p\u0159\u00edrodn\u00ed k\u00e1men","potentialAction":[{"@type":"SearchAction","target":{"@type":"EntryPoint","urlTemplate":"https:\/\/www.stonecity.cz\/de\/?s={search_term_string}"},"query-input":{"@type":"PropertyValueSpecification","valueRequired":true,"valueName":"search_term_string"}}],"inLanguage":"de"}]}},"_links":{"self":[{"href":"https:\/\/www.stonecity.cz\/de\/wp-json\/wp\/v2\/product\/16469","targetHints":{"allow":["GET"]}}],"collection":[{"href":"https:\/\/www.stonecity.cz\/de\/wp-json\/wp\/v2\/product"}],"about":[{"href":"https:\/\/www.stonecity.cz\/de\/wp-json\/wp\/v2\/types\/product"}],"wp:featuredmedia":[{"embeddable":true,"href":"https:\/\/www.stonecity.cz\/de\/wp-json\/wp\/v2\/media\/12568"}],"wp:attachment":[{"href":"https:\/\/www.stonecity.cz\/de\/wp-json\/wp\/v2\/media?parent=16469"}],"wp:term":[{"taxonomy":"product_cat","embeddable":true,"href":"https:\/\/www.stonecity.cz\/de\/wp-json\/wp\/v2\/product_cat?post=16469"},{"taxonomy":"product_tag","embeddable":true,"href":"https:\/\/www.stonecity.cz\/de\/wp-json\/wp\/v2\/product_tag?post=16469"}],"curies":[{"name":"wp","href":"https:\/\/api.w.org\/{rel}","templated":true}]}}