{"id":16492,"date":"2020-09-08T15:03:50","date_gmt":"2020-09-08T13:03:50","guid":{"rendered":"https:\/\/www.stonecity.cz\/produkt\/ornel-valencia-ecke-601\/"},"modified":"2020-09-08T15:03:50","modified_gmt":"2020-09-08T13:03:50","slug":"ornel-rohy-601-valencia-2","status":"publish","type":"product","link":"https:\/\/www.stonecity.cz\/de\/produkt\/ornel-rohy-601-valencia-2\/","title":{"rendered":"Ornel Valencia Ecke 601"},"content":{"rendered":"<p>Ornel ist ein rechteckig geformtes Steinagglomerat mit vielseitigen Anwendungsm\u00f6glichkeiten im Au\u00dfen- und Innenbereich.<br \/>\nEs geht nicht um die Paarung.<\/p>\n<p>Empfohlenes Zubeh\u00f6r: Kleber WILD STONE LM, STONESIL AQUA<\/p>\n<p><em><strong><a href=\"https:\/\/www.stonecity.cz\/wp-content\/uploads\/2020\/09\/Katalogovy-list-Ornel.pdf\">Katalogblatt Ornel<\/a><\/strong><\/em><br \/>\n<em><strong><a href=\"https:\/\/www.stonecity.cz\/wp-content\/uploads\/2020\/05\/Montazni-postup.pdf\">Einbauverfahren<\/a><\/strong><\/em><\/p>\n","protected":false},"excerpt":{"rendered":"<p>Ornel ist ein rechteckig geformtes Steinagglomerat mit vielseitigen Anwendungsm\u00f6glichkeiten im Au\u00dfen- und Innenbereich. Es geht nicht um die Paarung. Empfohlenes Zubeh\u00f6r: Kleber WILD STONE LM, STONESIL AQUA Katalogblatt Ornel Einbauverfahren<\/p>\n","protected":false},"featured_media":15349,"template":"","meta":[],"product_cat":[2041],"product_tag":[1830,1833,1836,1840,1834,1837,1838],"class_list":{"0":"post-16492","1":"product","2":"type-product","3":"status-publish","4":"has-post-thumbnail","6":"product_cat-verblendsteine","7":"product_tag-fassadenverkleidung","8":"product_tag-fur-den-ausenbereich-geeignet","9":"product_tag-geeignet-fur-die-kuche","10":"product_tag-geeignet-fur-die-terrasse","11":"product_tag-geeignet-fur-innenraume","12":"product_tag-geeignet-fur-sauna","13":"product_tag-geeignet-fur-wellness","14":"pa_baleni-karton-1-bm","15":"pa_baleni-palette-40-m","16":"pa_barva-601-de","17":"pa_mj-bm-1-de","18":"pa_sirka-10-cm-de","19":"pa_tloustka-2-4-cm-de","21":"first","22":"instock","23":"purchasable","24":"product-type-simple"},"yoast_head":"<!-- This site is optimized with the Yoast SEO plugin v26.8 - https:\/\/yoast.com\/product\/yoast-seo-wordpress\/ -->\n<title>Ornel Valencia Ecke 601 - Stonecity.cz<\/title>\n<meta name=\"robots\" content=\"index, follow, max-snippet:-1, max-image-preview:large, max-video-preview:-1\" \/>\n<link rel=\"canonical\" href=\"https:\/\/www.stonecity.cz\/de\/produkt\/ornel-rohy-601-valencia-2\/\" \/>\n<meta property=\"og:locale\" content=\"de_DE\" \/>\n<meta property=\"og:type\" content=\"article\" \/>\n<meta property=\"og:title\" content=\"Ornel Valencia Ecke 601 - Stonecity.cz\" \/>\n<meta property=\"og:description\" content=\"Ornel ist ein rechteckig geformtes Steinagglomerat mit vielseitigen Anwendungsm\u00f6glichkeiten im Au\u00dfen- und Innenbereich. Es geht nicht um die Paarung. Empfohlenes Zubeh\u00f6r: Kleber WILD STONE LM, STONESIL AQUA Katalogblatt Ornel Einbauverfahren\" \/>\n<meta property=\"og:url\" content=\"https:\/\/www.stonecity.cz\/de\/produkt\/ornel-rohy-601-valencia-2\/\" \/>\n<meta property=\"og:site_name\" content=\"Stonecity.cz\" \/>\n<meta property=\"og:image\" content=\"https:\/\/www.stonecity.cz\/wp-content\/uploads\/2020\/09\/UBUG4290.jpg\" \/>\n\t<meta property=\"og:image:width\" content=\"1600\" \/>\n\t<meta property=\"og:image:height\" content=\"1200\" \/>\n\t<meta property=\"og:image:type\" content=\"image\/jpeg\" \/>\n<meta name=\"twitter:card\" content=\"summary_large_image\" \/>\n<script type=\"application\/ld+json\" class=\"yoast-schema-graph\">{\"@context\":\"https:\/\/schema.org\",\"@graph\":[{\"@type\":\"WebPage\",\"@id\":\"https:\/\/www.stonecity.cz\/de\/produkt\/ornel-rohy-601-valencia-2\/\",\"url\":\"https:\/\/www.stonecity.cz\/de\/produkt\/ornel-rohy-601-valencia-2\/\",\"name\":\"Ornel Valencia Ecke 601 - Stonecity.cz\",\"isPartOf\":{\"@id\":\"https:\/\/www.stonecity.cz\/de\/#website\"},\"primaryImageOfPage\":{\"@id\":\"https:\/\/www.stonecity.cz\/de\/produkt\/ornel-rohy-601-valencia-2\/#primaryimage\"},\"image\":{\"@id\":\"https:\/\/www.stonecity.cz\/de\/produkt\/ornel-rohy-601-valencia-2\/#primaryimage\"},\"thumbnailUrl\":\"https:\/\/www.stonecity.cz\/wp-content\/uploads\/2020\/09\/UBUG4290.jpg\",\"datePublished\":\"2020-09-08T13:03:50+00:00\",\"breadcrumb\":{\"@id\":\"https:\/\/www.stonecity.cz\/de\/produkt\/ornel-rohy-601-valencia-2\/#breadcrumb\"},\"inLanguage\":\"de\",\"potentialAction\":[{\"@type\":\"ReadAction\",\"target\":[\"https:\/\/www.stonecity.cz\/de\/produkt\/ornel-rohy-601-valencia-2\/\"]}]},{\"@type\":\"ImageObject\",\"inLanguage\":\"de\",\"@id\":\"https:\/\/www.stonecity.cz\/de\/produkt\/ornel-rohy-601-valencia-2\/#primaryimage\",\"url\":\"https:\/\/www.stonecity.cz\/wp-content\/uploads\/2020\/09\/UBUG4290.jpg\",\"contentUrl\":\"https:\/\/www.stonecity.cz\/wp-content\/uploads\/2020\/09\/UBUG4290.jpg\",\"width\":1600,\"height\":1200},{\"@type\":\"BreadcrumbList\",\"@id\":\"https:\/\/www.stonecity.cz\/de\/produkt\/ornel-rohy-601-valencia-2\/#breadcrumb\",\"itemListElement\":[{\"@type\":\"ListItem\",\"position\":1,\"name\":\"Dom\u016f\",\"item\":\"https:\/\/www.stonecity.cz\/de\/\"},{\"@type\":\"ListItem\",\"position\":2,\"name\":\"Shop\",\"item\":\"https:\/\/www.stonecity.cz\/de\/shop\/\"},{\"@type\":\"ListItem\",\"position\":3,\"name\":\"Ornel Valencia Ecke 601\"}]},{\"@type\":\"WebSite\",\"@id\":\"https:\/\/www.stonecity.cz\/de\/#website\",\"url\":\"https:\/\/www.stonecity.cz\/de\/\",\"name\":\"Stonecity.cz\",\"description\":\"Dla\u017eba, obklady, um\u011bl\u00fd i p\u0159\u00edrodn\u00ed k\u00e1men\",\"potentialAction\":[{\"@type\":\"SearchAction\",\"target\":{\"@type\":\"EntryPoint\",\"urlTemplate\":\"https:\/\/www.stonecity.cz\/de\/?s={search_term_string}\"},\"query-input\":{\"@type\":\"PropertyValueSpecification\",\"valueRequired\":true,\"valueName\":\"search_term_string\"}}],\"inLanguage\":\"de\"}]}<\/script>\n<!-- \/ Yoast SEO plugin. -->","yoast_head_json":{"title":"Ornel Valencia Ecke 601 - Stonecity.cz","robots":{"index":"index","follow":"follow","max-snippet":"max-snippet:-1","max-image-preview":"max-image-preview:large","max-video-preview":"max-video-preview:-1"},"canonical":"https:\/\/www.stonecity.cz\/de\/produkt\/ornel-rohy-601-valencia-2\/","og_locale":"de_DE","og_type":"article","og_title":"Ornel Valencia Ecke 601 - Stonecity.cz","og_description":"Ornel ist ein rechteckig geformtes Steinagglomerat mit vielseitigen Anwendungsm\u00f6glichkeiten im Au\u00dfen- und Innenbereich. Es geht nicht um die Paarung. Empfohlenes Zubeh\u00f6r: Kleber WILD STONE LM, STONESIL AQUA Katalogblatt Ornel Einbauverfahren","og_url":"https:\/\/www.stonecity.cz\/de\/produkt\/ornel-rohy-601-valencia-2\/","og_site_name":"Stonecity.cz","og_image":[{"width":1600,"height":1200,"url":"https:\/\/www.stonecity.cz\/wp-content\/uploads\/2020\/09\/UBUG4290.jpg","type":"image\/jpeg"}],"twitter_card":"summary_large_image","schema":{"@context":"https:\/\/schema.org","@graph":[{"@type":"WebPage","@id":"https:\/\/www.stonecity.cz\/de\/produkt\/ornel-rohy-601-valencia-2\/","url":"https:\/\/www.stonecity.cz\/de\/produkt\/ornel-rohy-601-valencia-2\/","name":"Ornel Valencia Ecke 601 - Stonecity.cz","isPartOf":{"@id":"https:\/\/www.stonecity.cz\/de\/#website"},"primaryImageOfPage":{"@id":"https:\/\/www.stonecity.cz\/de\/produkt\/ornel-rohy-601-valencia-2\/#primaryimage"},"image":{"@id":"https:\/\/www.stonecity.cz\/de\/produkt\/ornel-rohy-601-valencia-2\/#primaryimage"},"thumbnailUrl":"https:\/\/www.stonecity.cz\/wp-content\/uploads\/2020\/09\/UBUG4290.jpg","datePublished":"2020-09-08T13:03:50+00:00","breadcrumb":{"@id":"https:\/\/www.stonecity.cz\/de\/produkt\/ornel-rohy-601-valencia-2\/#breadcrumb"},"inLanguage":"de","potentialAction":[{"@type":"ReadAction","target":["https:\/\/www.stonecity.cz\/de\/produkt\/ornel-rohy-601-valencia-2\/"]}]},{"@type":"ImageObject","inLanguage":"de","@id":"https:\/\/www.stonecity.cz\/de\/produkt\/ornel-rohy-601-valencia-2\/#primaryimage","url":"https:\/\/www.stonecity.cz\/wp-content\/uploads\/2020\/09\/UBUG4290.jpg","contentUrl":"https:\/\/www.stonecity.cz\/wp-content\/uploads\/2020\/09\/UBUG4290.jpg","width":1600,"height":1200},{"@type":"BreadcrumbList","@id":"https:\/\/www.stonecity.cz\/de\/produkt\/ornel-rohy-601-valencia-2\/#breadcrumb","itemListElement":[{"@type":"ListItem","position":1,"name":"Dom\u016f","item":"https:\/\/www.stonecity.cz\/de\/"},{"@type":"ListItem","position":2,"name":"Shop","item":"https:\/\/www.stonecity.cz\/de\/shop\/"},{"@type":"ListItem","position":3,"name":"Ornel Valencia Ecke 601"}]},{"@type":"WebSite","@id":"https:\/\/www.stonecity.cz\/de\/#website","url":"https:\/\/www.stonecity.cz\/de\/","name":"Stonecity.cz","description":"Dla\u017eba, obklady, um\u011bl\u00fd i p\u0159\u00edrodn\u00ed k\u00e1men","potentialAction":[{"@type":"SearchAction","target":{"@type":"EntryPoint","urlTemplate":"https:\/\/www.stonecity.cz\/de\/?s={search_term_string}"},"query-input":{"@type":"PropertyValueSpecification","valueRequired":true,"valueName":"search_term_string"}}],"inLanguage":"de"}]}},"_links":{"self":[{"href":"https:\/\/www.stonecity.cz\/de\/wp-json\/wp\/v2\/product\/16492","targetHints":{"allow":["GET"]}}],"collection":[{"href":"https:\/\/www.stonecity.cz\/de\/wp-json\/wp\/v2\/product"}],"about":[{"href":"https:\/\/www.stonecity.cz\/de\/wp-json\/wp\/v2\/types\/product"}],"wp:featuredmedia":[{"embeddable":true,"href":"https:\/\/www.stonecity.cz\/de\/wp-json\/wp\/v2\/media\/15349"}],"wp:attachment":[{"href":"https:\/\/www.stonecity.cz\/de\/wp-json\/wp\/v2\/media?parent=16492"}],"wp:term":[{"taxonomy":"product_cat","embeddable":true,"href":"https:\/\/www.stonecity.cz\/de\/wp-json\/wp\/v2\/product_cat?post=16492"},{"taxonomy":"product_tag","embeddable":true,"href":"https:\/\/www.stonecity.cz\/de\/wp-json\/wp\/v2\/product_tag?post=16492"}],"curies":[{"name":"wp","href":"https:\/\/api.w.org\/{rel}","templated":true}]}}