{"id":16570,"date":"2020-05-21T14:37:57","date_gmt":"2020-05-21T12:37:57","guid":{"rendered":"https:\/\/www.stonecity.cz\/produkt\/kopf-xl-fuer-se\/"},"modified":"2020-05-21T14:37:57","modified_gmt":"2020-05-21T12:37:57","slug":"head-xl-pro-se","status":"publish","type":"product","link":"https:\/\/www.stonecity.cz\/de\/produkt\/head-xl-pro-se\/","title":{"rendered":"Kopf XL f\u00fcr SE"},"content":{"rendered":"<p>Oberer selbstausrichtender Teil des h\u00f6henverstellbaren Polsters,<br \/>\nder mit rutschfestem und ger\u00e4uschd\u00e4mpfendem Gummi behandelt ist.<\/p>\n<p>Durchmesser 150 mm, Dicke der Expansionsfl\u00fcgel 4 mm.<\/p>\n<p>&nbsp;<\/p>\n","protected":false},"excerpt":{"rendered":"<p>Oberer selbstausrichtender Teil des h\u00f6henverstellbaren Polsters, der mit rutschfestem und ger\u00e4uschd\u00e4mpfendem Gummi behandelt ist. Durchmesser 150 mm, Dicke der Expansionsfl\u00fcgel 4 mm. &nbsp;<\/p>\n","protected":false},"featured_media":13689,"template":"","meta":[],"product_cat":[1663],"product_tag":[],"class_list":{"0":"post-16570","1":"product","2":"type-product","3":"status-publish","4":"has-post-thumbnail","6":"product_cat-unkategorisiert","7":"pa_mj-ks-1-stuck","9":"first","10":"instock","11":"purchasable","12":"product-type-simple"},"yoast_head":"<!-- This site is optimized with the Yoast SEO plugin v26.8 - https:\/\/yoast.com\/product\/yoast-seo-wordpress\/ -->\n<title>Kopf XL f\u00fcr SE - Stonecity.cz<\/title>\n<meta name=\"robots\" content=\"index, follow, max-snippet:-1, max-image-preview:large, max-video-preview:-1\" \/>\n<link rel=\"canonical\" href=\"https:\/\/www.stonecity.cz\/de\/produkt\/head-xl-pro-se\/\" \/>\n<meta property=\"og:locale\" content=\"de_DE\" \/>\n<meta property=\"og:type\" content=\"article\" \/>\n<meta property=\"og:title\" content=\"Kopf XL f\u00fcr SE - Stonecity.cz\" \/>\n<meta property=\"og:description\" content=\"Oberer selbstausrichtender Teil des h\u00f6henverstellbaren Polsters, der mit rutschfestem und ger\u00e4uschd\u00e4mpfendem Gummi behandelt ist. Durchmesser 150 mm, Dicke der Expansionsfl\u00fcgel 4 mm. &nbsp;\" \/>\n<meta property=\"og:url\" content=\"https:\/\/www.stonecity.cz\/de\/produkt\/head-xl-pro-se\/\" \/>\n<meta property=\"og:site_name\" content=\"Stonecity.cz\" \/>\n<meta property=\"og:image\" content=\"https:\/\/www.stonecity.cz\/wp-content\/uploads\/2020\/05\/Hlava-XL-pro-SE.jpeg\" \/>\n\t<meta property=\"og:image:width\" content=\"700\" \/>\n\t<meta property=\"og:image:height\" content=\"531\" \/>\n\t<meta property=\"og:image:type\" content=\"image\/jpeg\" \/>\n<meta name=\"twitter:card\" content=\"summary_large_image\" \/>\n<script type=\"application\/ld+json\" class=\"yoast-schema-graph\">{\"@context\":\"https:\/\/schema.org\",\"@graph\":[{\"@type\":\"WebPage\",\"@id\":\"https:\/\/www.stonecity.cz\/de\/produkt\/head-xl-pro-se\/\",\"url\":\"https:\/\/www.stonecity.cz\/de\/produkt\/head-xl-pro-se\/\",\"name\":\"Kopf XL f\u00fcr SE - Stonecity.cz\",\"isPartOf\":{\"@id\":\"https:\/\/www.stonecity.cz\/de\/#website\"},\"primaryImageOfPage\":{\"@id\":\"https:\/\/www.stonecity.cz\/de\/produkt\/head-xl-pro-se\/#primaryimage\"},\"image\":{\"@id\":\"https:\/\/www.stonecity.cz\/de\/produkt\/head-xl-pro-se\/#primaryimage\"},\"thumbnailUrl\":\"https:\/\/www.stonecity.cz\/wp-content\/uploads\/2020\/05\/Hlava-XL-pro-SE.jpeg\",\"datePublished\":\"2020-05-21T12:37:57+00:00\",\"breadcrumb\":{\"@id\":\"https:\/\/www.stonecity.cz\/de\/produkt\/head-xl-pro-se\/#breadcrumb\"},\"inLanguage\":\"de\",\"potentialAction\":[{\"@type\":\"ReadAction\",\"target\":[\"https:\/\/www.stonecity.cz\/de\/produkt\/head-xl-pro-se\/\"]}]},{\"@type\":\"ImageObject\",\"inLanguage\":\"de\",\"@id\":\"https:\/\/www.stonecity.cz\/de\/produkt\/head-xl-pro-se\/#primaryimage\",\"url\":\"https:\/\/www.stonecity.cz\/wp-content\/uploads\/2020\/05\/Hlava-XL-pro-SE.jpeg\",\"contentUrl\":\"https:\/\/www.stonecity.cz\/wp-content\/uploads\/2020\/05\/Hlava-XL-pro-SE.jpeg\",\"width\":700,\"height\":531,\"caption\":\"Ziele\"},{\"@type\":\"BreadcrumbList\",\"@id\":\"https:\/\/www.stonecity.cz\/de\/produkt\/head-xl-pro-se\/#breadcrumb\",\"itemListElement\":[{\"@type\":\"ListItem\",\"position\":1,\"name\":\"Dom\u016f\",\"item\":\"https:\/\/www.stonecity.cz\/de\/\"},{\"@type\":\"ListItem\",\"position\":2,\"name\":\"Shop\",\"item\":\"https:\/\/www.stonecity.cz\/de\/shop\/\"},{\"@type\":\"ListItem\",\"position\":3,\"name\":\"Kopf XL f\u00fcr SE\"}]},{\"@type\":\"WebSite\",\"@id\":\"https:\/\/www.stonecity.cz\/de\/#website\",\"url\":\"https:\/\/www.stonecity.cz\/de\/\",\"name\":\"Stonecity.cz\",\"description\":\"Dla\u017eba, obklady, um\u011bl\u00fd i p\u0159\u00edrodn\u00ed k\u00e1men\",\"potentialAction\":[{\"@type\":\"SearchAction\",\"target\":{\"@type\":\"EntryPoint\",\"urlTemplate\":\"https:\/\/www.stonecity.cz\/de\/?s={search_term_string}\"},\"query-input\":{\"@type\":\"PropertyValueSpecification\",\"valueRequired\":true,\"valueName\":\"search_term_string\"}}],\"inLanguage\":\"de\"}]}<\/script>\n<!-- \/ Yoast SEO plugin. -->","yoast_head_json":{"title":"Kopf XL f\u00fcr SE - Stonecity.cz","robots":{"index":"index","follow":"follow","max-snippet":"max-snippet:-1","max-image-preview":"max-image-preview:large","max-video-preview":"max-video-preview:-1"},"canonical":"https:\/\/www.stonecity.cz\/de\/produkt\/head-xl-pro-se\/","og_locale":"de_DE","og_type":"article","og_title":"Kopf XL f\u00fcr SE - Stonecity.cz","og_description":"Oberer selbstausrichtender Teil des h\u00f6henverstellbaren Polsters, der mit rutschfestem und ger\u00e4uschd\u00e4mpfendem Gummi behandelt ist. Durchmesser 150 mm, Dicke der Expansionsfl\u00fcgel 4 mm. &nbsp;","og_url":"https:\/\/www.stonecity.cz\/de\/produkt\/head-xl-pro-se\/","og_site_name":"Stonecity.cz","og_image":[{"width":700,"height":531,"url":"https:\/\/www.stonecity.cz\/wp-content\/uploads\/2020\/05\/Hlava-XL-pro-SE.jpeg","type":"image\/jpeg"}],"twitter_card":"summary_large_image","schema":{"@context":"https:\/\/schema.org","@graph":[{"@type":"WebPage","@id":"https:\/\/www.stonecity.cz\/de\/produkt\/head-xl-pro-se\/","url":"https:\/\/www.stonecity.cz\/de\/produkt\/head-xl-pro-se\/","name":"Kopf XL f\u00fcr SE - Stonecity.cz","isPartOf":{"@id":"https:\/\/www.stonecity.cz\/de\/#website"},"primaryImageOfPage":{"@id":"https:\/\/www.stonecity.cz\/de\/produkt\/head-xl-pro-se\/#primaryimage"},"image":{"@id":"https:\/\/www.stonecity.cz\/de\/produkt\/head-xl-pro-se\/#primaryimage"},"thumbnailUrl":"https:\/\/www.stonecity.cz\/wp-content\/uploads\/2020\/05\/Hlava-XL-pro-SE.jpeg","datePublished":"2020-05-21T12:37:57+00:00","breadcrumb":{"@id":"https:\/\/www.stonecity.cz\/de\/produkt\/head-xl-pro-se\/#breadcrumb"},"inLanguage":"de","potentialAction":[{"@type":"ReadAction","target":["https:\/\/www.stonecity.cz\/de\/produkt\/head-xl-pro-se\/"]}]},{"@type":"ImageObject","inLanguage":"de","@id":"https:\/\/www.stonecity.cz\/de\/produkt\/head-xl-pro-se\/#primaryimage","url":"https:\/\/www.stonecity.cz\/wp-content\/uploads\/2020\/05\/Hlava-XL-pro-SE.jpeg","contentUrl":"https:\/\/www.stonecity.cz\/wp-content\/uploads\/2020\/05\/Hlava-XL-pro-SE.jpeg","width":700,"height":531,"caption":"Ziele"},{"@type":"BreadcrumbList","@id":"https:\/\/www.stonecity.cz\/de\/produkt\/head-xl-pro-se\/#breadcrumb","itemListElement":[{"@type":"ListItem","position":1,"name":"Dom\u016f","item":"https:\/\/www.stonecity.cz\/de\/"},{"@type":"ListItem","position":2,"name":"Shop","item":"https:\/\/www.stonecity.cz\/de\/shop\/"},{"@type":"ListItem","position":3,"name":"Kopf XL f\u00fcr SE"}]},{"@type":"WebSite","@id":"https:\/\/www.stonecity.cz\/de\/#website","url":"https:\/\/www.stonecity.cz\/de\/","name":"Stonecity.cz","description":"Dla\u017eba, obklady, um\u011bl\u00fd i p\u0159\u00edrodn\u00ed k\u00e1men","potentialAction":[{"@type":"SearchAction","target":{"@type":"EntryPoint","urlTemplate":"https:\/\/www.stonecity.cz\/de\/?s={search_term_string}"},"query-input":{"@type":"PropertyValueSpecification","valueRequired":true,"valueName":"search_term_string"}}],"inLanguage":"de"}]}},"_links":{"self":[{"href":"https:\/\/www.stonecity.cz\/de\/wp-json\/wp\/v2\/product\/16570","targetHints":{"allow":["GET"]}}],"collection":[{"href":"https:\/\/www.stonecity.cz\/de\/wp-json\/wp\/v2\/product"}],"about":[{"href":"https:\/\/www.stonecity.cz\/de\/wp-json\/wp\/v2\/types\/product"}],"wp:featuredmedia":[{"embeddable":true,"href":"https:\/\/www.stonecity.cz\/de\/wp-json\/wp\/v2\/media\/13689"}],"wp:attachment":[{"href":"https:\/\/www.stonecity.cz\/de\/wp-json\/wp\/v2\/media?parent=16570"}],"wp:term":[{"taxonomy":"product_cat","embeddable":true,"href":"https:\/\/www.stonecity.cz\/de\/wp-json\/wp\/v2\/product_cat?post=16570"},{"taxonomy":"product_tag","embeddable":true,"href":"https:\/\/www.stonecity.cz\/de\/wp-json\/wp\/v2\/product_tag?post=16570"}],"curies":[{"name":"wp","href":"https:\/\/api.w.org\/{rel}","templated":true}]}}