{"id":16584,"date":"2020-08-18T09:35:08","date_gmt":"2020-08-18T07:35:08","guid":{"rendered":"https:\/\/www.stonecity.cz\/produkt\/travertin-pietro-venenschliff-tr-73\/"},"modified":"2020-08-18T09:35:08","modified_gmt":"2020-08-18T07:35:08","slug":"travertin-pietro-venen-schnitt-tr-73","status":"publish","type":"product","link":"https:\/\/www.stonecity.cz\/de\/produkt\/travertin-pietro-venen-schnitt-tr-73\/","title":{"rendered":"Travertin Pietro Venenschliff TR-73"},"content":{"rendered":"<p>Travertinfliesen in einem hellen Cremeton.<br \/>\nTravertin ist sehr praktisch in der Pflege und beh\u00e4lt dank seiner Struktur immer ein sauberes Aussehen.<br \/>\nDieses Modell ist f\u00fcr die Verwendung im Freien als Pflasterstein geeignet.<\/p>\n<p>Au\u00dfenpflaster, Treppen &#8211; Dicke 3 cm<br \/>\nInnenfliesen &#8211; Dicke 1,2 cm<\/p>\n<p>Oberfl\u00e4che: gef\u00fcllt, transparent, poliert, ge\u00e4dert, geschnittene Kanten<\/p>\n<p>Verwendung: B\u00e4der, K\u00fcchen, Poolumgebung, Terrassen, Flure, Treppenh\u00e4user&#8230;<\/p>\n<p>Einfache Installation und minimale Wartung.<\/p>\n<p><em><strong><a href=\"https:\/\/www.stonecity.cz\/wp-content\/uploads\/2020\/05\/Certifikat-k-travertinu.pdf\">Zertifikat f\u00fcr Travertin<\/a><\/strong><\/em><\/p>\n","protected":false},"excerpt":{"rendered":"<p>Travertinfliesen in einem hellen Cremeton. Travertin ist sehr praktisch in der Pflege und beh\u00e4lt dank seiner Struktur immer ein sauberes Aussehen. Dieses Modell ist f\u00fcr die Verwendung im Freien als Pflasterstein geeignet. Au\u00dfenpflaster, Treppen &#8211; Dicke 3 cm Innenfliesen &#8211; Dicke 1,2 cm Oberfl\u00e4che: gef\u00fcllt, transparent, poliert, ge\u00e4dert, geschnittene Kanten Verwendung: B\u00e4der, K\u00fcchen, Poolumgebung, Terrassen, [&#8230;]\n","protected":false},"featured_media":12374,"template":"","meta":[],"product_cat":[2033,2057,1917,1923,1951],"product_tag":[1833,1835,1840,1834],"class_list":{"0":"post-16584","1":"product","2":"type-product","3":"status-publish","4":"has-post-thumbnail","6":"product_cat-naturstein-de","7":"product_cat-travertin-de-2","8":"product_cat-pflaster","9":"product_cat-naturstein","10":"product_cat-travertin-de","11":"product_tag-fur-den-ausenbereich-geeignet","12":"product_tag-geeignet-fur-das-badezimmer","13":"product_tag-geeignet-fur-die-terrasse","14":"product_tag-geeignet-fur-innenraume","15":"pa_baleni-palettenkasten-36-m2","17":"first","18":"instock","19":"purchasable","20":"product-type-variable","21":"has-default-attributes"},"yoast_head":"<!-- This site is optimized with the Yoast SEO plugin v26.8 - https:\/\/yoast.com\/product\/yoast-seo-wordpress\/ -->\n<title>Travertin Pietro Venenschliff TR-73 - Stonecity.cz<\/title>\n<meta name=\"robots\" content=\"index, follow, max-snippet:-1, max-image-preview:large, max-video-preview:-1\" \/>\n<link rel=\"canonical\" href=\"https:\/\/www.stonecity.cz\/de\/produkt\/travertin-pietro-venen-schnitt-tr-73\/\" \/>\n<meta property=\"og:locale\" content=\"de_DE\" \/>\n<meta property=\"og:type\" content=\"article\" \/>\n<meta property=\"og:title\" content=\"Travertin Pietro Venenschliff TR-73 - Stonecity.cz\" \/>\n<meta property=\"og:description\" content=\"Travertinfliesen in einem hellen Cremeton. Travertin ist sehr praktisch in der Pflege und beh\u00e4lt dank seiner Struktur immer ein sauberes Aussehen. Dieses Modell ist f\u00fcr die Verwendung im Freien als Pflasterstein geeignet. Au\u00dfenpflaster, Treppen &#8211; Dicke 3 cm Innenfliesen &#8211; Dicke 1,2 cm Oberfl\u00e4che: gef\u00fcllt, transparent, poliert, ge\u00e4dert, geschnittene Kanten Verwendung: B\u00e4der, K\u00fcchen, Poolumgebung, Terrassen, [...]\" \/>\n<meta property=\"og:url\" content=\"https:\/\/www.stonecity.cz\/de\/produkt\/travertin-pietro-venen-schnitt-tr-73\/\" \/>\n<meta property=\"og:site_name\" content=\"Stonecity.cz\" \/>\n<meta property=\"og:image\" content=\"https:\/\/www.stonecity.cz\/wp-content\/uploads\/2020\/08\/Travertin-Pietro-Vein-Cut-transparent-TR-73.jpg\" \/>\n\t<meta property=\"og:image:width\" content=\"1024\" \/>\n\t<meta property=\"og:image:height\" content=\"721\" \/>\n\t<meta property=\"og:image:type\" content=\"image\/jpeg\" \/>\n<meta name=\"twitter:card\" content=\"summary_large_image\" \/>\n<script type=\"application\/ld+json\" class=\"yoast-schema-graph\">{\"@context\":\"https:\/\/schema.org\",\"@graph\":[{\"@type\":\"WebPage\",\"@id\":\"https:\/\/www.stonecity.cz\/de\/produkt\/travertin-pietro-venen-schnitt-tr-73\/\",\"url\":\"https:\/\/www.stonecity.cz\/de\/produkt\/travertin-pietro-venen-schnitt-tr-73\/\",\"name\":\"Travertin Pietro Venenschliff TR-73 - Stonecity.cz\",\"isPartOf\":{\"@id\":\"https:\/\/www.stonecity.cz\/de\/#website\"},\"primaryImageOfPage\":{\"@id\":\"https:\/\/www.stonecity.cz\/de\/produkt\/travertin-pietro-venen-schnitt-tr-73\/#primaryimage\"},\"image\":{\"@id\":\"https:\/\/www.stonecity.cz\/de\/produkt\/travertin-pietro-venen-schnitt-tr-73\/#primaryimage\"},\"thumbnailUrl\":\"https:\/\/www.stonecity.cz\/wp-content\/uploads\/2020\/08\/Travertin-Pietro-Vein-Cut-transparent-TR-73.jpg\",\"datePublished\":\"2020-08-18T07:35:08+00:00\",\"breadcrumb\":{\"@id\":\"https:\/\/www.stonecity.cz\/de\/produkt\/travertin-pietro-venen-schnitt-tr-73\/#breadcrumb\"},\"inLanguage\":\"de\",\"potentialAction\":[{\"@type\":\"ReadAction\",\"target\":[\"https:\/\/www.stonecity.cz\/de\/produkt\/travertin-pietro-venen-schnitt-tr-73\/\"]}]},{\"@type\":\"ImageObject\",\"inLanguage\":\"de\",\"@id\":\"https:\/\/www.stonecity.cz\/de\/produkt\/travertin-pietro-venen-schnitt-tr-73\/#primaryimage\",\"url\":\"https:\/\/www.stonecity.cz\/wp-content\/uploads\/2020\/08\/Travertin-Pietro-Vein-Cut-transparent-TR-73.jpg\",\"contentUrl\":\"https:\/\/www.stonecity.cz\/wp-content\/uploads\/2020\/08\/Travertin-Pietro-Vein-Cut-transparent-TR-73.jpg\",\"width\":1024,\"height\":721,\"caption\":\"Travertin Pietro Venenschnitt\"},{\"@type\":\"BreadcrumbList\",\"@id\":\"https:\/\/www.stonecity.cz\/de\/produkt\/travertin-pietro-venen-schnitt-tr-73\/#breadcrumb\",\"itemListElement\":[{\"@type\":\"ListItem\",\"position\":1,\"name\":\"Dom\u016f\",\"item\":\"https:\/\/www.stonecity.cz\/de\/\"},{\"@type\":\"ListItem\",\"position\":2,\"name\":\"Shop\",\"item\":\"https:\/\/www.stonecity.cz\/de\/shop\/\"},{\"@type\":\"ListItem\",\"position\":3,\"name\":\"Travertin Pietro Venenschliff TR-73\"}]},{\"@type\":\"WebSite\",\"@id\":\"https:\/\/www.stonecity.cz\/de\/#website\",\"url\":\"https:\/\/www.stonecity.cz\/de\/\",\"name\":\"Stonecity.cz\",\"description\":\"Dla\u017eba, obklady, um\u011bl\u00fd i p\u0159\u00edrodn\u00ed k\u00e1men\",\"potentialAction\":[{\"@type\":\"SearchAction\",\"target\":{\"@type\":\"EntryPoint\",\"urlTemplate\":\"https:\/\/www.stonecity.cz\/de\/?s={search_term_string}\"},\"query-input\":{\"@type\":\"PropertyValueSpecification\",\"valueRequired\":true,\"valueName\":\"search_term_string\"}}],\"inLanguage\":\"de\"}]}<\/script>\n<!-- \/ Yoast SEO plugin. -->","yoast_head_json":{"title":"Travertin Pietro Venenschliff TR-73 - Stonecity.cz","robots":{"index":"index","follow":"follow","max-snippet":"max-snippet:-1","max-image-preview":"max-image-preview:large","max-video-preview":"max-video-preview:-1"},"canonical":"https:\/\/www.stonecity.cz\/de\/produkt\/travertin-pietro-venen-schnitt-tr-73\/","og_locale":"de_DE","og_type":"article","og_title":"Travertin Pietro Venenschliff TR-73 - Stonecity.cz","og_description":"Travertinfliesen in einem hellen Cremeton. Travertin ist sehr praktisch in der Pflege und beh\u00e4lt dank seiner Struktur immer ein sauberes Aussehen. Dieses Modell ist f\u00fcr die Verwendung im Freien als Pflasterstein geeignet. Au\u00dfenpflaster, Treppen &#8211; Dicke 3 cm Innenfliesen &#8211; Dicke 1,2 cm Oberfl\u00e4che: gef\u00fcllt, transparent, poliert, ge\u00e4dert, geschnittene Kanten Verwendung: B\u00e4der, K\u00fcchen, Poolumgebung, Terrassen, [...]","og_url":"https:\/\/www.stonecity.cz\/de\/produkt\/travertin-pietro-venen-schnitt-tr-73\/","og_site_name":"Stonecity.cz","og_image":[{"width":1024,"height":721,"url":"https:\/\/www.stonecity.cz\/wp-content\/uploads\/2020\/08\/Travertin-Pietro-Vein-Cut-transparent-TR-73.jpg","type":"image\/jpeg"}],"twitter_card":"summary_large_image","schema":{"@context":"https:\/\/schema.org","@graph":[{"@type":"WebPage","@id":"https:\/\/www.stonecity.cz\/de\/produkt\/travertin-pietro-venen-schnitt-tr-73\/","url":"https:\/\/www.stonecity.cz\/de\/produkt\/travertin-pietro-venen-schnitt-tr-73\/","name":"Travertin Pietro Venenschliff TR-73 - Stonecity.cz","isPartOf":{"@id":"https:\/\/www.stonecity.cz\/de\/#website"},"primaryImageOfPage":{"@id":"https:\/\/www.stonecity.cz\/de\/produkt\/travertin-pietro-venen-schnitt-tr-73\/#primaryimage"},"image":{"@id":"https:\/\/www.stonecity.cz\/de\/produkt\/travertin-pietro-venen-schnitt-tr-73\/#primaryimage"},"thumbnailUrl":"https:\/\/www.stonecity.cz\/wp-content\/uploads\/2020\/08\/Travertin-Pietro-Vein-Cut-transparent-TR-73.jpg","datePublished":"2020-08-18T07:35:08+00:00","breadcrumb":{"@id":"https:\/\/www.stonecity.cz\/de\/produkt\/travertin-pietro-venen-schnitt-tr-73\/#breadcrumb"},"inLanguage":"de","potentialAction":[{"@type":"ReadAction","target":["https:\/\/www.stonecity.cz\/de\/produkt\/travertin-pietro-venen-schnitt-tr-73\/"]}]},{"@type":"ImageObject","inLanguage":"de","@id":"https:\/\/www.stonecity.cz\/de\/produkt\/travertin-pietro-venen-schnitt-tr-73\/#primaryimage","url":"https:\/\/www.stonecity.cz\/wp-content\/uploads\/2020\/08\/Travertin-Pietro-Vein-Cut-transparent-TR-73.jpg","contentUrl":"https:\/\/www.stonecity.cz\/wp-content\/uploads\/2020\/08\/Travertin-Pietro-Vein-Cut-transparent-TR-73.jpg","width":1024,"height":721,"caption":"Travertin Pietro Venenschnitt"},{"@type":"BreadcrumbList","@id":"https:\/\/www.stonecity.cz\/de\/produkt\/travertin-pietro-venen-schnitt-tr-73\/#breadcrumb","itemListElement":[{"@type":"ListItem","position":1,"name":"Dom\u016f","item":"https:\/\/www.stonecity.cz\/de\/"},{"@type":"ListItem","position":2,"name":"Shop","item":"https:\/\/www.stonecity.cz\/de\/shop\/"},{"@type":"ListItem","position":3,"name":"Travertin Pietro Venenschliff TR-73"}]},{"@type":"WebSite","@id":"https:\/\/www.stonecity.cz\/de\/#website","url":"https:\/\/www.stonecity.cz\/de\/","name":"Stonecity.cz","description":"Dla\u017eba, obklady, um\u011bl\u00fd i p\u0159\u00edrodn\u00ed k\u00e1men","potentialAction":[{"@type":"SearchAction","target":{"@type":"EntryPoint","urlTemplate":"https:\/\/www.stonecity.cz\/de\/?s={search_term_string}"},"query-input":{"@type":"PropertyValueSpecification","valueRequired":true,"valueName":"search_term_string"}}],"inLanguage":"de"}]}},"_links":{"self":[{"href":"https:\/\/www.stonecity.cz\/de\/wp-json\/wp\/v2\/product\/16584","targetHints":{"allow":["GET"]}}],"collection":[{"href":"https:\/\/www.stonecity.cz\/de\/wp-json\/wp\/v2\/product"}],"about":[{"href":"https:\/\/www.stonecity.cz\/de\/wp-json\/wp\/v2\/types\/product"}],"wp:featuredmedia":[{"embeddable":true,"href":"https:\/\/www.stonecity.cz\/de\/wp-json\/wp\/v2\/media\/12374"}],"wp:attachment":[{"href":"https:\/\/www.stonecity.cz\/de\/wp-json\/wp\/v2\/media?parent=16584"}],"wp:term":[{"taxonomy":"product_cat","embeddable":true,"href":"https:\/\/www.stonecity.cz\/de\/wp-json\/wp\/v2\/product_cat?post=16584"},{"taxonomy":"product_tag","embeddable":true,"href":"https:\/\/www.stonecity.cz\/de\/wp-json\/wp\/v2\/product_tag?post=16584"}],"curies":[{"name":"wp","href":"https:\/\/api.w.org\/{rel}","templated":true}]}}