{"id":16604,"date":"2020-06-10T11:28:51","date_gmt":"2020-06-10T09:28:51","guid":{"rendered":"https:\/\/www.stonecity.cz\/produkt\/steinmosaik-argento-luca-kmt-05\/"},"modified":"2020-06-10T11:28:51","modified_gmt":"2020-06-10T09:28:51","slug":"stein-mosaik-argento-luca-kmt-05","status":"publish","type":"product","link":"https:\/\/www.stonecity.cz\/de\/produkt\/stein-mosaik-argento-luca-kmt-05\/","title":{"rendered":"Steinmosaik Argento Luca KMT-05"},"content":{"rendered":"<p>Travertinsteinmosaik Argento Luca in grau-silbernen Farbt\u00f6nen<\/p>\n<p>Oberfl\u00e4che: ungef\u00fcllt, getrommelt<\/p>\n<p>Aufgeklebtes Netz 30&#215;30 cm<\/p>\n<p>Verkauft in St\u00fccken (1 St\u00fcck = 0,09m2)<\/p>\n<p>1m2 = 22kg<\/p>\n","protected":false},"excerpt":{"rendered":"<p>Travertinsteinmosaik Argento Luca in grau-silbernen Farbt\u00f6nen Oberfl\u00e4che: ungef\u00fcllt, getrommelt Aufgeklebtes Netz 30&#215;30 cm Verkauft in St\u00fccken (1 St\u00fcck = 0,09m2) 1m2 = 22kg<\/p>\n","protected":false},"featured_media":12206,"template":"","meta":[],"product_cat":[1983],"product_tag":[1835,1836,1834,1837,1838],"class_list":{"0":"post-16604","1":"product","2":"type-product","3":"status-publish","4":"has-post-thumbnail","6":"product_cat-steinmosaik","7":"product_tag-geeignet-fur-das-badezimmer","8":"product_tag-geeignet-fur-die-kuche","9":"product_tag-geeignet-fur-innenraume","10":"product_tag-geeignet-fur-sauna","11":"product_tag-geeignet-fur-wellness","12":"pa_baleni-009m2-de","13":"pa_poznamka-aufgeklebtes-netz-30x30-cm","14":"pa_poznamka-verkauf-nach-stucken","16":"first","17":"instock","18":"purchasable","19":"product-type-variable"},"yoast_head":"<!-- This site is optimized with the Yoast SEO plugin v26.8 - https:\/\/yoast.com\/product\/yoast-seo-wordpress\/ -->\n<title>Steinmosaik Argento Luca KMT-05 - Stonecity.cz<\/title>\n<meta name=\"robots\" content=\"index, follow, max-snippet:-1, max-image-preview:large, max-video-preview:-1\" \/>\n<link rel=\"canonical\" href=\"https:\/\/www.stonecity.cz\/de\/produkt\/stein-mosaik-argento-luca-kmt-05\/\" \/>\n<meta property=\"og:locale\" content=\"de_DE\" \/>\n<meta property=\"og:type\" content=\"article\" \/>\n<meta property=\"og:title\" content=\"Steinmosaik Argento Luca KMT-05 - Stonecity.cz\" \/>\n<meta property=\"og:description\" content=\"Travertinsteinmosaik Argento Luca in grau-silbernen Farbt\u00f6nen Oberfl\u00e4che: ungef\u00fcllt, getrommelt Aufgeklebtes Netz 30&#215;30 cm Verkauft in St\u00fccken (1 St\u00fcck = 0,09m2) 1m2 = 22kg\" \/>\n<meta property=\"og:url\" content=\"https:\/\/www.stonecity.cz\/de\/produkt\/stein-mosaik-argento-luca-kmt-05\/\" \/>\n<meta property=\"og:site_name\" content=\"Stonecity.cz\" \/>\n<meta property=\"og:image\" content=\"https:\/\/www.stonecity.cz\/wp-content\/uploads\/2020\/05\/KMT-05-Argento-Luca_.jpg\" \/>\n\t<meta property=\"og:image:width\" content=\"931\" \/>\n\t<meta property=\"og:image:height\" content=\"923\" \/>\n\t<meta property=\"og:image:type\" content=\"image\/jpeg\" \/>\n<meta name=\"twitter:card\" content=\"summary_large_image\" \/>\n<script type=\"application\/ld+json\" class=\"yoast-schema-graph\">{\"@context\":\"https:\/\/schema.org\",\"@graph\":[{\"@type\":\"WebPage\",\"@id\":\"https:\/\/www.stonecity.cz\/de\/produkt\/stein-mosaik-argento-luca-kmt-05\/\",\"url\":\"https:\/\/www.stonecity.cz\/de\/produkt\/stein-mosaik-argento-luca-kmt-05\/\",\"name\":\"Steinmosaik Argento Luca KMT-05 - Stonecity.cz\",\"isPartOf\":{\"@id\":\"https:\/\/www.stonecity.cz\/de\/#website\"},\"primaryImageOfPage\":{\"@id\":\"https:\/\/www.stonecity.cz\/de\/produkt\/stein-mosaik-argento-luca-kmt-05\/#primaryimage\"},\"image\":{\"@id\":\"https:\/\/www.stonecity.cz\/de\/produkt\/stein-mosaik-argento-luca-kmt-05\/#primaryimage\"},\"thumbnailUrl\":\"https:\/\/www.stonecity.cz\/wp-content\/uploads\/2020\/05\/KMT-05-Argento-Luca_.jpg\",\"datePublished\":\"2020-06-10T09:28:51+00:00\",\"breadcrumb\":{\"@id\":\"https:\/\/www.stonecity.cz\/de\/produkt\/stein-mosaik-argento-luca-kmt-05\/#breadcrumb\"},\"inLanguage\":\"de\",\"potentialAction\":[{\"@type\":\"ReadAction\",\"target\":[\"https:\/\/www.stonecity.cz\/de\/produkt\/stein-mosaik-argento-luca-kmt-05\/\"]}]},{\"@type\":\"ImageObject\",\"inLanguage\":\"de\",\"@id\":\"https:\/\/www.stonecity.cz\/de\/produkt\/stein-mosaik-argento-luca-kmt-05\/#primaryimage\",\"url\":\"https:\/\/www.stonecity.cz\/wp-content\/uploads\/2020\/05\/KMT-05-Argento-Luca_.jpg\",\"contentUrl\":\"https:\/\/www.stonecity.cz\/wp-content\/uploads\/2020\/05\/KMT-05-Argento-Luca_.jpg\",\"width\":931,\"height\":923,\"caption\":\"Steinmosaik\"},{\"@type\":\"BreadcrumbList\",\"@id\":\"https:\/\/www.stonecity.cz\/de\/produkt\/stein-mosaik-argento-luca-kmt-05\/#breadcrumb\",\"itemListElement\":[{\"@type\":\"ListItem\",\"position\":1,\"name\":\"Dom\u016f\",\"item\":\"https:\/\/www.stonecity.cz\/de\/\"},{\"@type\":\"ListItem\",\"position\":2,\"name\":\"Shop\",\"item\":\"https:\/\/www.stonecity.cz\/de\/shop\/\"},{\"@type\":\"ListItem\",\"position\":3,\"name\":\"Steinmosaik Argento Luca KMT-05\"}]},{\"@type\":\"WebSite\",\"@id\":\"https:\/\/www.stonecity.cz\/de\/#website\",\"url\":\"https:\/\/www.stonecity.cz\/de\/\",\"name\":\"Stonecity.cz\",\"description\":\"Dla\u017eba, obklady, um\u011bl\u00fd i p\u0159\u00edrodn\u00ed k\u00e1men\",\"potentialAction\":[{\"@type\":\"SearchAction\",\"target\":{\"@type\":\"EntryPoint\",\"urlTemplate\":\"https:\/\/www.stonecity.cz\/de\/?s={search_term_string}\"},\"query-input\":{\"@type\":\"PropertyValueSpecification\",\"valueRequired\":true,\"valueName\":\"search_term_string\"}}],\"inLanguage\":\"de\"}]}<\/script>\n<!-- \/ Yoast SEO plugin. -->","yoast_head_json":{"title":"Steinmosaik Argento Luca KMT-05 - Stonecity.cz","robots":{"index":"index","follow":"follow","max-snippet":"max-snippet:-1","max-image-preview":"max-image-preview:large","max-video-preview":"max-video-preview:-1"},"canonical":"https:\/\/www.stonecity.cz\/de\/produkt\/stein-mosaik-argento-luca-kmt-05\/","og_locale":"de_DE","og_type":"article","og_title":"Steinmosaik Argento Luca KMT-05 - Stonecity.cz","og_description":"Travertinsteinmosaik Argento Luca in grau-silbernen Farbt\u00f6nen Oberfl\u00e4che: ungef\u00fcllt, getrommelt Aufgeklebtes Netz 30&#215;30 cm Verkauft in St\u00fccken (1 St\u00fcck = 0,09m2) 1m2 = 22kg","og_url":"https:\/\/www.stonecity.cz\/de\/produkt\/stein-mosaik-argento-luca-kmt-05\/","og_site_name":"Stonecity.cz","og_image":[{"width":931,"height":923,"url":"https:\/\/www.stonecity.cz\/wp-content\/uploads\/2020\/05\/KMT-05-Argento-Luca_.jpg","type":"image\/jpeg"}],"twitter_card":"summary_large_image","schema":{"@context":"https:\/\/schema.org","@graph":[{"@type":"WebPage","@id":"https:\/\/www.stonecity.cz\/de\/produkt\/stein-mosaik-argento-luca-kmt-05\/","url":"https:\/\/www.stonecity.cz\/de\/produkt\/stein-mosaik-argento-luca-kmt-05\/","name":"Steinmosaik Argento Luca KMT-05 - Stonecity.cz","isPartOf":{"@id":"https:\/\/www.stonecity.cz\/de\/#website"},"primaryImageOfPage":{"@id":"https:\/\/www.stonecity.cz\/de\/produkt\/stein-mosaik-argento-luca-kmt-05\/#primaryimage"},"image":{"@id":"https:\/\/www.stonecity.cz\/de\/produkt\/stein-mosaik-argento-luca-kmt-05\/#primaryimage"},"thumbnailUrl":"https:\/\/www.stonecity.cz\/wp-content\/uploads\/2020\/05\/KMT-05-Argento-Luca_.jpg","datePublished":"2020-06-10T09:28:51+00:00","breadcrumb":{"@id":"https:\/\/www.stonecity.cz\/de\/produkt\/stein-mosaik-argento-luca-kmt-05\/#breadcrumb"},"inLanguage":"de","potentialAction":[{"@type":"ReadAction","target":["https:\/\/www.stonecity.cz\/de\/produkt\/stein-mosaik-argento-luca-kmt-05\/"]}]},{"@type":"ImageObject","inLanguage":"de","@id":"https:\/\/www.stonecity.cz\/de\/produkt\/stein-mosaik-argento-luca-kmt-05\/#primaryimage","url":"https:\/\/www.stonecity.cz\/wp-content\/uploads\/2020\/05\/KMT-05-Argento-Luca_.jpg","contentUrl":"https:\/\/www.stonecity.cz\/wp-content\/uploads\/2020\/05\/KMT-05-Argento-Luca_.jpg","width":931,"height":923,"caption":"Steinmosaik"},{"@type":"BreadcrumbList","@id":"https:\/\/www.stonecity.cz\/de\/produkt\/stein-mosaik-argento-luca-kmt-05\/#breadcrumb","itemListElement":[{"@type":"ListItem","position":1,"name":"Dom\u016f","item":"https:\/\/www.stonecity.cz\/de\/"},{"@type":"ListItem","position":2,"name":"Shop","item":"https:\/\/www.stonecity.cz\/de\/shop\/"},{"@type":"ListItem","position":3,"name":"Steinmosaik Argento Luca KMT-05"}]},{"@type":"WebSite","@id":"https:\/\/www.stonecity.cz\/de\/#website","url":"https:\/\/www.stonecity.cz\/de\/","name":"Stonecity.cz","description":"Dla\u017eba, obklady, um\u011bl\u00fd i p\u0159\u00edrodn\u00ed k\u00e1men","potentialAction":[{"@type":"SearchAction","target":{"@type":"EntryPoint","urlTemplate":"https:\/\/www.stonecity.cz\/de\/?s={search_term_string}"},"query-input":{"@type":"PropertyValueSpecification","valueRequired":true,"valueName":"search_term_string"}}],"inLanguage":"de"}]}},"_links":{"self":[{"href":"https:\/\/www.stonecity.cz\/de\/wp-json\/wp\/v2\/product\/16604","targetHints":{"allow":["GET"]}}],"collection":[{"href":"https:\/\/www.stonecity.cz\/de\/wp-json\/wp\/v2\/product"}],"about":[{"href":"https:\/\/www.stonecity.cz\/de\/wp-json\/wp\/v2\/types\/product"}],"wp:featuredmedia":[{"embeddable":true,"href":"https:\/\/www.stonecity.cz\/de\/wp-json\/wp\/v2\/media\/12206"}],"wp:attachment":[{"href":"https:\/\/www.stonecity.cz\/de\/wp-json\/wp\/v2\/media?parent=16604"}],"wp:term":[{"taxonomy":"product_cat","embeddable":true,"href":"https:\/\/www.stonecity.cz\/de\/wp-json\/wp\/v2\/product_cat?post=16604"},{"taxonomy":"product_tag","embeddable":true,"href":"https:\/\/www.stonecity.cz\/de\/wp-json\/wp\/v2\/product_tag?post=16604"}],"curies":[{"name":"wp","href":"https:\/\/api.w.org\/{rel}","templated":true}]}}