{"id":16638,"date":"2020-06-29T16:08:21","date_gmt":"2020-06-29T14:08:21","guid":{"rendered":"https:\/\/www.stonecity.cz\/produkt\/servoflex-f-flexibler-fugenmoertel\/"},"modified":"2020-06-29T16:08:21","modified_gmt":"2020-06-29T14:08:21","slug":"flexible-dampfende-materie-servoflex-f","status":"publish","type":"product","link":"https:\/\/www.stonecity.cz\/de\/produkt\/flexible-dampfende-materie-servoflex-f\/","title":{"rendered":"Servoflex F Flexibler Fugenm\u00f6rtel"},"content":{"rendered":"<p>Schnell abbindender Fugenm\u00f6rtel auf Zementbasis mit flexiblen Polymerkomponenten, wasser- und schmutzabweisend.<br \/>\nKonzipiert f\u00fcr besondere Anforderungen wie hohe Abriebfestigkeit, gute Verformbarkeit, sehr gute innere Spannungsaufnahme und gute Haftung an den Fliesenseiten in der Fuge.<br \/>\nFugenmasse  <strong>Servoflex F  <\/strong>ist geeignet f\u00fcr die Verklebung von keramischen Fliesen auf formstabilen Untergr\u00fcnden (innen und au\u00dfen bei einer Fugenbreite von 3 &#8211; 25 mm), insbesondere Feinsteinzeug und geeigneten Natursteinfliesen auf Balkonen und Terrassen, Fassaden und beheizten Fu\u00dfb\u00f6den oder Trennw\u00e4nden aus Gipskartonplatten sowie f\u00fcr die Verklebung von keramischen Fliesen auf D\u00e4mmplatten  <strong>Okaphone<\/strong>.<\/p>\n<p>Aufgrund seiner hervorragenden Verarbeitungseigenschaften und seines vorteilhaften Aush\u00e4rteverhaltens w\u00e4scht es die Fugen nicht aus.<br \/>\n<strong>Servoflex F <\/strong>&#8220;brennt&#8221; nicht aus und h\u00e4rtet auch bei ung\u00fcnstigen Temperaturen zuverl\u00e4ssig aus. <strong>Servoflex F <\/strong>ist sehr best\u00e4ndig gegen s\u00e4urehaltige Reinigungsmittel und mechanische Beanspruchung.<\/p>\n<p>&nbsp;<\/p>\n<ul>\n<li><strong>Verwendung in Innenr\u00e4umen und im Freien<\/strong><\/li>\n<li><strong>Fugenbreite 3 bis 25 mm<\/strong><\/li>\n<li><strong>schnelle Aush\u00e4rtung<\/strong><\/li>\n<li><strong>hohe Adh\u00e4sion an den Fliesenseiten in der Fuge<\/strong><\/li>\n<li><strong>formbar<\/strong><\/li>\n<li><strong>hardy<\/strong><\/li>\n<li><strong>weist Wasser und Schmutz ab<\/strong><\/li>\n<\/ul>\n<p>&nbsp;<\/p>\n<p><em><strong><a href=\"https:\/\/www.stonecity.cz\/wp-content\/uploads\/2020\/06\/Bezpe%C4%8Dnostn%C3%AD-list-Servoflex-F.pdf\">Sicherheitsdatenblatt Servoflex F<\/a><\/strong><\/em><br \/>\n<em><strong><a href=\"https:\/\/www.stonecity.cz\/wp-content\/uploads\/2020\/06\/Technick%C3%BD-list-Servoperl-royal-schnell-1.pdf\">Technisches Datenblatt Servoperl royal schnell<\/a><\/strong><\/em><\/p>\n<p>&nbsp;<\/p>\n<p>&nbsp;<\/p>\n","protected":false},"excerpt":{"rendered":"<p>Schnell abbindender Fugenm\u00f6rtel auf Zementbasis mit flexiblen Polymerkomponenten, wasser- und schmutzabweisend. Konzipiert f\u00fcr besondere Anforderungen wie hohe Abriebfestigkeit, gute Verformbarkeit, sehr gute innere Spannungsaufnahme und gute Haftung an den Fliesenseiten in der Fuge. Fugenmasse Servoflex F ist geeignet f\u00fcr die Verklebung von keramischen Fliesen auf formstabilen Untergr\u00fcnden (innen und au\u00dfen bei einer Fugenbreite von 3 [&#8230;]\n","protected":false},"featured_media":12360,"template":"","meta":[],"product_cat":[2063],"product_tag":[1833,1834],"class_list":{"0":"post-16638","1":"product","2":"type-product","3":"status-publish","4":"has-post-thumbnail","6":"product_cat-zubehor","7":"product_tag-fur-den-ausenbereich-geeignet","8":"product_tag-geeignet-fur-innenraume","9":"pa_baleni-25-kg-de","10":"pa_barva-sandgrau-sandgrau","12":"first","13":"instock","14":"taxable","15":"shipping-taxable","16":"purchasable","17":"product-type-variable"},"yoast_head":"<!-- This site is optimized with the Yoast SEO plugin v26.8 - https:\/\/yoast.com\/product\/yoast-seo-wordpress\/ -->\n<title>Servoflex F Flexibler Fugenm\u00f6rtel - Stonecity.cz<\/title>\n<meta name=\"robots\" content=\"index, follow, max-snippet:-1, max-image-preview:large, max-video-preview:-1\" \/>\n<link rel=\"canonical\" href=\"https:\/\/www.stonecity.cz\/de\/produkt\/flexible-dampfende-materie-servoflex-f\/\" \/>\n<meta property=\"og:locale\" content=\"de_DE\" \/>\n<meta property=\"og:type\" content=\"article\" \/>\n<meta property=\"og:title\" content=\"Servoflex F Flexibler Fugenm\u00f6rtel - Stonecity.cz\" \/>\n<meta property=\"og:description\" content=\"Schnell abbindender Fugenm\u00f6rtel auf Zementbasis mit flexiblen Polymerkomponenten, wasser- und schmutzabweisend. Konzipiert f\u00fcr besondere Anforderungen wie hohe Abriebfestigkeit, gute Verformbarkeit, sehr gute innere Spannungsaufnahme und gute Haftung an den Fliesenseiten in der Fuge. Fugenmasse Servoflex F ist geeignet f\u00fcr die Verklebung von keramischen Fliesen auf formstabilen Untergr\u00fcnden (innen und au\u00dfen bei einer Fugenbreite von 3 [...]\" \/>\n<meta property=\"og:url\" content=\"https:\/\/www.stonecity.cz\/de\/produkt\/flexible-dampfende-materie-servoflex-f\/\" \/>\n<meta property=\"og:site_name\" content=\"Stonecity.cz\" \/>\n<meta property=\"og:image\" content=\"https:\/\/www.stonecity.cz\/wp-content\/uploads\/2020\/06\/ServoflexF.png\" \/>\n\t<meta property=\"og:image:width\" content=\"449\" \/>\n\t<meta property=\"og:image:height\" content=\"674\" \/>\n\t<meta property=\"og:image:type\" content=\"image\/png\" \/>\n<meta name=\"twitter:card\" content=\"summary_large_image\" \/>\n<meta name=\"twitter:label1\" content=\"Gesch\u00e4tzte Lesezeit\" \/>\n\t<meta name=\"twitter:data1\" content=\"1\u00a0Minute\" \/>\n<script type=\"application\/ld+json\" class=\"yoast-schema-graph\">{\"@context\":\"https:\/\/schema.org\",\"@graph\":[{\"@type\":\"WebPage\",\"@id\":\"https:\/\/www.stonecity.cz\/de\/produkt\/flexible-dampfende-materie-servoflex-f\/\",\"url\":\"https:\/\/www.stonecity.cz\/de\/produkt\/flexible-dampfende-materie-servoflex-f\/\",\"name\":\"Servoflex F Flexibler Fugenm\u00f6rtel - Stonecity.cz\",\"isPartOf\":{\"@id\":\"https:\/\/www.stonecity.cz\/de\/#website\"},\"primaryImageOfPage\":{\"@id\":\"https:\/\/www.stonecity.cz\/de\/produkt\/flexible-dampfende-materie-servoflex-f\/#primaryimage\"},\"image\":{\"@id\":\"https:\/\/www.stonecity.cz\/de\/produkt\/flexible-dampfende-materie-servoflex-f\/#primaryimage\"},\"thumbnailUrl\":\"https:\/\/www.stonecity.cz\/wp-content\/uploads\/2020\/06\/ServoflexF.png\",\"datePublished\":\"2020-06-29T14:08:21+00:00\",\"breadcrumb\":{\"@id\":\"https:\/\/www.stonecity.cz\/de\/produkt\/flexible-dampfende-materie-servoflex-f\/#breadcrumb\"},\"inLanguage\":\"de\",\"potentialAction\":[{\"@type\":\"ReadAction\",\"target\":[\"https:\/\/www.stonecity.cz\/de\/produkt\/flexible-dampfende-materie-servoflex-f\/\"]}]},{\"@type\":\"ImageObject\",\"inLanguage\":\"de\",\"@id\":\"https:\/\/www.stonecity.cz\/de\/produkt\/flexible-dampfende-materie-servoflex-f\/#primaryimage\",\"url\":\"https:\/\/www.stonecity.cz\/wp-content\/uploads\/2020\/06\/ServoflexF.png\",\"contentUrl\":\"https:\/\/www.stonecity.cz\/wp-content\/uploads\/2020\/06\/ServoflexF.png\",\"width\":449,\"height\":674,\"caption\":\"Servoflex\"},{\"@type\":\"BreadcrumbList\",\"@id\":\"https:\/\/www.stonecity.cz\/de\/produkt\/flexible-dampfende-materie-servoflex-f\/#breadcrumb\",\"itemListElement\":[{\"@type\":\"ListItem\",\"position\":1,\"name\":\"Dom\u016f\",\"item\":\"https:\/\/www.stonecity.cz\/de\/\"},{\"@type\":\"ListItem\",\"position\":2,\"name\":\"Shop\",\"item\":\"https:\/\/www.stonecity.cz\/de\/shop\/\"},{\"@type\":\"ListItem\",\"position\":3,\"name\":\"Servoflex F Flexibler Fugenm\u00f6rtel\"}]},{\"@type\":\"WebSite\",\"@id\":\"https:\/\/www.stonecity.cz\/de\/#website\",\"url\":\"https:\/\/www.stonecity.cz\/de\/\",\"name\":\"Stonecity.cz\",\"description\":\"Dla\u017eba, obklady, um\u011bl\u00fd i p\u0159\u00edrodn\u00ed k\u00e1men\",\"potentialAction\":[{\"@type\":\"SearchAction\",\"target\":{\"@type\":\"EntryPoint\",\"urlTemplate\":\"https:\/\/www.stonecity.cz\/de\/?s={search_term_string}\"},\"query-input\":{\"@type\":\"PropertyValueSpecification\",\"valueRequired\":true,\"valueName\":\"search_term_string\"}}],\"inLanguage\":\"de\"}]}<\/script>\n<!-- \/ Yoast SEO plugin. -->","yoast_head_json":{"title":"Servoflex F Flexibler Fugenm\u00f6rtel - Stonecity.cz","robots":{"index":"index","follow":"follow","max-snippet":"max-snippet:-1","max-image-preview":"max-image-preview:large","max-video-preview":"max-video-preview:-1"},"canonical":"https:\/\/www.stonecity.cz\/de\/produkt\/flexible-dampfende-materie-servoflex-f\/","og_locale":"de_DE","og_type":"article","og_title":"Servoflex F Flexibler Fugenm\u00f6rtel - Stonecity.cz","og_description":"Schnell abbindender Fugenm\u00f6rtel auf Zementbasis mit flexiblen Polymerkomponenten, wasser- und schmutzabweisend. Konzipiert f\u00fcr besondere Anforderungen wie hohe Abriebfestigkeit, gute Verformbarkeit, sehr gute innere Spannungsaufnahme und gute Haftung an den Fliesenseiten in der Fuge. Fugenmasse Servoflex F ist geeignet f\u00fcr die Verklebung von keramischen Fliesen auf formstabilen Untergr\u00fcnden (innen und au\u00dfen bei einer Fugenbreite von 3 [...]","og_url":"https:\/\/www.stonecity.cz\/de\/produkt\/flexible-dampfende-materie-servoflex-f\/","og_site_name":"Stonecity.cz","og_image":[{"width":449,"height":674,"url":"https:\/\/www.stonecity.cz\/wp-content\/uploads\/2020\/06\/ServoflexF.png","type":"image\/png"}],"twitter_card":"summary_large_image","twitter_misc":{"Gesch\u00e4tzte Lesezeit":"1\u00a0Minute"},"schema":{"@context":"https:\/\/schema.org","@graph":[{"@type":"WebPage","@id":"https:\/\/www.stonecity.cz\/de\/produkt\/flexible-dampfende-materie-servoflex-f\/","url":"https:\/\/www.stonecity.cz\/de\/produkt\/flexible-dampfende-materie-servoflex-f\/","name":"Servoflex F Flexibler Fugenm\u00f6rtel - Stonecity.cz","isPartOf":{"@id":"https:\/\/www.stonecity.cz\/de\/#website"},"primaryImageOfPage":{"@id":"https:\/\/www.stonecity.cz\/de\/produkt\/flexible-dampfende-materie-servoflex-f\/#primaryimage"},"image":{"@id":"https:\/\/www.stonecity.cz\/de\/produkt\/flexible-dampfende-materie-servoflex-f\/#primaryimage"},"thumbnailUrl":"https:\/\/www.stonecity.cz\/wp-content\/uploads\/2020\/06\/ServoflexF.png","datePublished":"2020-06-29T14:08:21+00:00","breadcrumb":{"@id":"https:\/\/www.stonecity.cz\/de\/produkt\/flexible-dampfende-materie-servoflex-f\/#breadcrumb"},"inLanguage":"de","potentialAction":[{"@type":"ReadAction","target":["https:\/\/www.stonecity.cz\/de\/produkt\/flexible-dampfende-materie-servoflex-f\/"]}]},{"@type":"ImageObject","inLanguage":"de","@id":"https:\/\/www.stonecity.cz\/de\/produkt\/flexible-dampfende-materie-servoflex-f\/#primaryimage","url":"https:\/\/www.stonecity.cz\/wp-content\/uploads\/2020\/06\/ServoflexF.png","contentUrl":"https:\/\/www.stonecity.cz\/wp-content\/uploads\/2020\/06\/ServoflexF.png","width":449,"height":674,"caption":"Servoflex"},{"@type":"BreadcrumbList","@id":"https:\/\/www.stonecity.cz\/de\/produkt\/flexible-dampfende-materie-servoflex-f\/#breadcrumb","itemListElement":[{"@type":"ListItem","position":1,"name":"Dom\u016f","item":"https:\/\/www.stonecity.cz\/de\/"},{"@type":"ListItem","position":2,"name":"Shop","item":"https:\/\/www.stonecity.cz\/de\/shop\/"},{"@type":"ListItem","position":3,"name":"Servoflex F Flexibler Fugenm\u00f6rtel"}]},{"@type":"WebSite","@id":"https:\/\/www.stonecity.cz\/de\/#website","url":"https:\/\/www.stonecity.cz\/de\/","name":"Stonecity.cz","description":"Dla\u017eba, obklady, um\u011bl\u00fd i p\u0159\u00edrodn\u00ed k\u00e1men","potentialAction":[{"@type":"SearchAction","target":{"@type":"EntryPoint","urlTemplate":"https:\/\/www.stonecity.cz\/de\/?s={search_term_string}"},"query-input":{"@type":"PropertyValueSpecification","valueRequired":true,"valueName":"search_term_string"}}],"inLanguage":"de"}]}},"_links":{"self":[{"href":"https:\/\/www.stonecity.cz\/de\/wp-json\/wp\/v2\/product\/16638","targetHints":{"allow":["GET"]}}],"collection":[{"href":"https:\/\/www.stonecity.cz\/de\/wp-json\/wp\/v2\/product"}],"about":[{"href":"https:\/\/www.stonecity.cz\/de\/wp-json\/wp\/v2\/types\/product"}],"wp:featuredmedia":[{"embeddable":true,"href":"https:\/\/www.stonecity.cz\/de\/wp-json\/wp\/v2\/media\/12360"}],"wp:attachment":[{"href":"https:\/\/www.stonecity.cz\/de\/wp-json\/wp\/v2\/media?parent=16638"}],"wp:term":[{"taxonomy":"product_cat","embeddable":true,"href":"https:\/\/www.stonecity.cz\/de\/wp-json\/wp\/v2\/product_cat?post=16638"},{"taxonomy":"product_tag","embeddable":true,"href":"https:\/\/www.stonecity.cz\/de\/wp-json\/wp\/v2\/product_tag?post=16638"}],"curies":[{"name":"wp","href":"https:\/\/api.w.org\/{rel}","templated":true}]}}