{"id":16694,"date":"2020-05-21T14:37:59","date_gmt":"2020-05-21T12:37:59","guid":{"rendered":"https:\/\/www.stonecity.cz\/produkt\/steinwaschbecken-u-12\/"},"modified":"2024-12-16T09:37:24","modified_gmt":"2024-12-16T08:37:24","slug":"steinwaschmaschine-u-12","status":"publish","type":"product","link":"https:\/\/www.stonecity.cz\/de\/produkt\/steinwaschmaschine-u-12\/","title":{"rendered":"Steinwaschbecken U-12 Dark Marmor"},"content":{"rendered":"<p>Luxuri\u00f6ses Steinwaschbecken U-12 Dark Marble aus Marmor.<\/p>\n<p>In kr\u00e4ftigen Farben, ge\u00e4dert oder mit einer kristallinen Struktur. Polierter oder gestrahlter und geh\u00e4rteter Marmor aus den entferntesten Ecken der Welt. Kein anderer Naturstein regt die Fantasie an wie Marmor. Von zeitlosen Klassikern wie Carrara oder Emperador bis hin zu den exklusivsten Arten wie Calacatta, Estatuario, Fior di bosco, Breccia Capraia oder Arrabescato finden Sie sicher eine Marmorart, die zu Ihrer Einrichtung passt.<\/p>\n","protected":false},"excerpt":{"rendered":"<p>Luxuri\u00f6ses Steinwaschbecken U-12 Dark Marble aus Marmor. In kr\u00e4ftigen Farben, ge\u00e4dert oder mit einer kristallinen Struktur. Polierter oder gestrahlter und geh\u00e4rteter Marmor aus den entferntesten Ecken der Welt. Kein anderer Naturstein regt die Fantasie an wie Marmor. Von zeitlosen Klassikern wie Carrara oder Emperador bis hin zu den exklusivsten Arten wie Calacatta, Estatuario, Fior di [&#8230;]\n","protected":false},"featured_media":14603,"template":"","meta":[],"product_cat":[1987,1991],"product_tag":[1833,1841,1835,1840,1834,1838],"class_list":{"0":"post-16694","1":"product","2":"type-product","3":"status-publish","4":"has-post-thumbnail","6":"product_cat-waschbecken-und-troge-aus-stein","7":"product_cat-waschbecken-aus-stein-de-2","8":"product_tag-fur-den-ausenbereich-geeignet","9":"product_tag-fur-den-garten-geeignet-de","10":"product_tag-geeignet-fur-das-badezimmer","11":"product_tag-geeignet-fur-die-terrasse","12":"product_tag-geeignet-fur-innenraume","13":"product_tag-geeignet-fur-wellness","14":"pa_mj-ks-1-stuck","15":"pa_sirka-40-cm-de","17":"first","18":"instock","19":"purchasable","20":"product-type-simple"},"yoast_head":"<!-- This site is optimized with the Yoast SEO plugin v26.8 - https:\/\/yoast.com\/product\/yoast-seo-wordpress\/ -->\n<title>Steinwaschbecken U-12 Dark Marmor - Stonecity.cz<\/title>\n<meta name=\"robots\" content=\"index, follow, max-snippet:-1, max-image-preview:large, max-video-preview:-1\" \/>\n<link rel=\"canonical\" href=\"https:\/\/www.stonecity.cz\/de\/produkt\/steinwaschmaschine-u-12\/\" \/>\n<meta property=\"og:locale\" content=\"de_DE\" \/>\n<meta property=\"og:type\" content=\"article\" \/>\n<meta property=\"og:title\" content=\"Steinwaschbecken U-12 Dark Marmor - Stonecity.cz\" \/>\n<meta property=\"og:description\" content=\"Luxuri\u00f6ses Steinwaschbecken U-12 Dark Marble aus Marmor. In kr\u00e4ftigen Farben, ge\u00e4dert oder mit einer kristallinen Struktur. Polierter oder gestrahlter und geh\u00e4rteter Marmor aus den entferntesten Ecken der Welt. Kein anderer Naturstein regt die Fantasie an wie Marmor. Von zeitlosen Klassikern wie Carrara oder Emperador bis hin zu den exklusivsten Arten wie Calacatta, Estatuario, Fior di [...]\" \/>\n<meta property=\"og:url\" content=\"https:\/\/www.stonecity.cz\/de\/produkt\/steinwaschmaschine-u-12\/\" \/>\n<meta property=\"og:site_name\" content=\"Stonecity.cz\" \/>\n<meta property=\"article:modified_time\" content=\"2024-12-16T08:37:24+00:00\" \/>\n<meta property=\"og:image\" content=\"https:\/\/www.stonecity.cz\/wp-content\/uploads\/2020\/05\/STONE-CITY-Dark-Marble-U-12-2.jpg\" \/>\n\t<meta property=\"og:image:width\" content=\"945\" \/>\n\t<meta property=\"og:image:height\" content=\"629\" \/>\n\t<meta property=\"og:image:type\" content=\"image\/jpeg\" \/>\n<meta name=\"twitter:card\" content=\"summary_large_image\" \/>\n<script type=\"application\/ld+json\" class=\"yoast-schema-graph\">{\"@context\":\"https:\/\/schema.org\",\"@graph\":[{\"@type\":\"WebPage\",\"@id\":\"https:\/\/www.stonecity.cz\/de\/produkt\/steinwaschmaschine-u-12\/\",\"url\":\"https:\/\/www.stonecity.cz\/de\/produkt\/steinwaschmaschine-u-12\/\",\"name\":\"Steinwaschbecken U-12 Dark Marmor - Stonecity.cz\",\"isPartOf\":{\"@id\":\"https:\/\/www.stonecity.cz\/de\/#website\"},\"primaryImageOfPage\":{\"@id\":\"https:\/\/www.stonecity.cz\/de\/produkt\/steinwaschmaschine-u-12\/#primaryimage\"},\"image\":{\"@id\":\"https:\/\/www.stonecity.cz\/de\/produkt\/steinwaschmaschine-u-12\/#primaryimage\"},\"thumbnailUrl\":\"https:\/\/www.stonecity.cz\/wp-content\/uploads\/2020\/05\/U-12_-1.jpg\",\"datePublished\":\"2020-05-21T12:37:59+00:00\",\"dateModified\":\"2024-12-16T08:37:24+00:00\",\"breadcrumb\":{\"@id\":\"https:\/\/www.stonecity.cz\/de\/produkt\/steinwaschmaschine-u-12\/#breadcrumb\"},\"inLanguage\":\"de\",\"potentialAction\":[{\"@type\":\"ReadAction\",\"target\":[\"https:\/\/www.stonecity.cz\/de\/produkt\/steinwaschmaschine-u-12\/\"]}]},{\"@type\":\"ImageObject\",\"inLanguage\":\"de\",\"@id\":\"https:\/\/www.stonecity.cz\/de\/produkt\/steinwaschmaschine-u-12\/#primaryimage\",\"url\":\"https:\/\/www.stonecity.cz\/wp-content\/uploads\/2020\/05\/U-12_-1.jpg\",\"contentUrl\":\"https:\/\/www.stonecity.cz\/wp-content\/uploads\/2020\/05\/U-12_-1.jpg\",\"width\":2469,\"height\":1852},{\"@type\":\"BreadcrumbList\",\"@id\":\"https:\/\/www.stonecity.cz\/de\/produkt\/steinwaschmaschine-u-12\/#breadcrumb\",\"itemListElement\":[{\"@type\":\"ListItem\",\"position\":1,\"name\":\"Dom\u016f\",\"item\":\"https:\/\/www.stonecity.cz\/de\/\"},{\"@type\":\"ListItem\",\"position\":2,\"name\":\"Shop\",\"item\":\"https:\/\/www.stonecity.cz\/de\/shop\/\"},{\"@type\":\"ListItem\",\"position\":3,\"name\":\"Steinwaschbecken U-12 Dark Marmor\"}]},{\"@type\":\"WebSite\",\"@id\":\"https:\/\/www.stonecity.cz\/de\/#website\",\"url\":\"https:\/\/www.stonecity.cz\/de\/\",\"name\":\"Stonecity.cz\",\"description\":\"Dla\u017eba, obklady, um\u011bl\u00fd i p\u0159\u00edrodn\u00ed k\u00e1men\",\"potentialAction\":[{\"@type\":\"SearchAction\",\"target\":{\"@type\":\"EntryPoint\",\"urlTemplate\":\"https:\/\/www.stonecity.cz\/de\/?s={search_term_string}\"},\"query-input\":{\"@type\":\"PropertyValueSpecification\",\"valueRequired\":true,\"valueName\":\"search_term_string\"}}],\"inLanguage\":\"de\"}]}<\/script>\n<!-- \/ Yoast SEO plugin. -->","yoast_head_json":{"title":"Steinwaschbecken U-12 Dark Marmor - Stonecity.cz","robots":{"index":"index","follow":"follow","max-snippet":"max-snippet:-1","max-image-preview":"max-image-preview:large","max-video-preview":"max-video-preview:-1"},"canonical":"https:\/\/www.stonecity.cz\/de\/produkt\/steinwaschmaschine-u-12\/","og_locale":"de_DE","og_type":"article","og_title":"Steinwaschbecken U-12 Dark Marmor - Stonecity.cz","og_description":"Luxuri\u00f6ses Steinwaschbecken U-12 Dark Marble aus Marmor. In kr\u00e4ftigen Farben, ge\u00e4dert oder mit einer kristallinen Struktur. Polierter oder gestrahlter und geh\u00e4rteter Marmor aus den entferntesten Ecken der Welt. Kein anderer Naturstein regt die Fantasie an wie Marmor. Von zeitlosen Klassikern wie Carrara oder Emperador bis hin zu den exklusivsten Arten wie Calacatta, Estatuario, Fior di [...]","og_url":"https:\/\/www.stonecity.cz\/de\/produkt\/steinwaschmaschine-u-12\/","og_site_name":"Stonecity.cz","article_modified_time":"2024-12-16T08:37:24+00:00","og_image":[{"width":945,"height":629,"url":"https:\/\/www.stonecity.cz\/wp-content\/uploads\/2020\/05\/STONE-CITY-Dark-Marble-U-12-2.jpg","type":"image\/jpeg"}],"twitter_card":"summary_large_image","schema":{"@context":"https:\/\/schema.org","@graph":[{"@type":"WebPage","@id":"https:\/\/www.stonecity.cz\/de\/produkt\/steinwaschmaschine-u-12\/","url":"https:\/\/www.stonecity.cz\/de\/produkt\/steinwaschmaschine-u-12\/","name":"Steinwaschbecken U-12 Dark Marmor - Stonecity.cz","isPartOf":{"@id":"https:\/\/www.stonecity.cz\/de\/#website"},"primaryImageOfPage":{"@id":"https:\/\/www.stonecity.cz\/de\/produkt\/steinwaschmaschine-u-12\/#primaryimage"},"image":{"@id":"https:\/\/www.stonecity.cz\/de\/produkt\/steinwaschmaschine-u-12\/#primaryimage"},"thumbnailUrl":"https:\/\/www.stonecity.cz\/wp-content\/uploads\/2020\/05\/U-12_-1.jpg","datePublished":"2020-05-21T12:37:59+00:00","dateModified":"2024-12-16T08:37:24+00:00","breadcrumb":{"@id":"https:\/\/www.stonecity.cz\/de\/produkt\/steinwaschmaschine-u-12\/#breadcrumb"},"inLanguage":"de","potentialAction":[{"@type":"ReadAction","target":["https:\/\/www.stonecity.cz\/de\/produkt\/steinwaschmaschine-u-12\/"]}]},{"@type":"ImageObject","inLanguage":"de","@id":"https:\/\/www.stonecity.cz\/de\/produkt\/steinwaschmaschine-u-12\/#primaryimage","url":"https:\/\/www.stonecity.cz\/wp-content\/uploads\/2020\/05\/U-12_-1.jpg","contentUrl":"https:\/\/www.stonecity.cz\/wp-content\/uploads\/2020\/05\/U-12_-1.jpg","width":2469,"height":1852},{"@type":"BreadcrumbList","@id":"https:\/\/www.stonecity.cz\/de\/produkt\/steinwaschmaschine-u-12\/#breadcrumb","itemListElement":[{"@type":"ListItem","position":1,"name":"Dom\u016f","item":"https:\/\/www.stonecity.cz\/de\/"},{"@type":"ListItem","position":2,"name":"Shop","item":"https:\/\/www.stonecity.cz\/de\/shop\/"},{"@type":"ListItem","position":3,"name":"Steinwaschbecken U-12 Dark Marmor"}]},{"@type":"WebSite","@id":"https:\/\/www.stonecity.cz\/de\/#website","url":"https:\/\/www.stonecity.cz\/de\/","name":"Stonecity.cz","description":"Dla\u017eba, obklady, um\u011bl\u00fd i p\u0159\u00edrodn\u00ed k\u00e1men","potentialAction":[{"@type":"SearchAction","target":{"@type":"EntryPoint","urlTemplate":"https:\/\/www.stonecity.cz\/de\/?s={search_term_string}"},"query-input":{"@type":"PropertyValueSpecification","valueRequired":true,"valueName":"search_term_string"}}],"inLanguage":"de"}]}},"_links":{"self":[{"href":"https:\/\/www.stonecity.cz\/de\/wp-json\/wp\/v2\/product\/16694","targetHints":{"allow":["GET"]}}],"collection":[{"href":"https:\/\/www.stonecity.cz\/de\/wp-json\/wp\/v2\/product"}],"about":[{"href":"https:\/\/www.stonecity.cz\/de\/wp-json\/wp\/v2\/types\/product"}],"wp:featuredmedia":[{"embeddable":true,"href":"https:\/\/www.stonecity.cz\/de\/wp-json\/wp\/v2\/media\/14603"}],"wp:attachment":[{"href":"https:\/\/www.stonecity.cz\/de\/wp-json\/wp\/v2\/media?parent=16694"}],"wp:term":[{"taxonomy":"product_cat","embeddable":true,"href":"https:\/\/www.stonecity.cz\/de\/wp-json\/wp\/v2\/product_cat?post=16694"},{"taxonomy":"product_tag","embeddable":true,"href":"https:\/\/www.stonecity.cz\/de\/wp-json\/wp\/v2\/product_tag?post=16694"}],"curies":[{"name":"wp","href":"https:\/\/api.w.org\/{rel}","templated":true}]}}