{"id":16699,"date":"2020-05-21T14:37:44","date_gmt":"2020-05-21T12:37:44","guid":{"rendered":"https:\/\/www.stonecity.cz\/produkt\/obstschale-aus-teakholz-sc286\/"},"modified":"2020-05-21T14:37:44","modified_gmt":"2020-05-21T12:37:44","slug":"teak-schussel-auf-dem-boden-sc286","status":"publish","type":"product","link":"https:\/\/www.stonecity.cz\/de\/produkt\/teak-schussel-auf-dem-boden-sc286\/","title":{"rendered":"Obstschale aus Teakholz SC286"},"content":{"rendered":"<p>Obstschale aus Teakholz aus der Luxuskollektion der belgischen Designer <strong>Toni Van Parijs &amp; Els Van Turnhout <\/strong>.  <\/p>\n<p>Diese zeitlose Kollektion wird Sie durch ihr nat\u00fcrliches und schlichtes Originaldesign, die Qualit\u00e4t des Materials und der Verarbeitung begeistern.<strong> <\/strong><\/p>\n<p>Jedes St\u00fcck ist ein Original, das Produktfoto dient nur zur Illustration.<\/p>\n<p>Durchmesser: 50 cm<\/p>\n","protected":false},"excerpt":{"rendered":"<p>Obstschale aus Teakholz aus der Luxuskollektion der belgischen Designer Toni Van Parijs &amp; Els Van Turnhout . Diese zeitlose Kollektion wird Sie durch ihr nat\u00fcrliches und schlichtes Originaldesign, die Qualit\u00e4t des Materials und der Verarbeitung begeistern. Jedes St\u00fcck ist ein Original, das Produktfoto dient nur zur Illustration. Durchmesser: 50 cm<\/p>\n","protected":false},"featured_media":12814,"template":"","meta":[],"product_cat":[1989],"product_tag":[1841,1836,1840,1834],"class_list":{"0":"post-16699","1":"product","2":"type-product","3":"status-publish","4":"has-post-thumbnail","6":"product_cat-erganzungen","7":"product_tag-fur-den-garten-geeignet-de","8":"product_tag-geeignet-fur-die-kuche","9":"product_tag-geeignet-fur-die-terrasse","10":"product_tag-geeignet-fur-innenraume","11":"pa_diagonala-prumer-50-cm-de","13":"first","14":"outofstock","15":"purchasable","16":"product-type-simple"},"yoast_head":"<!-- This site is optimized with the Yoast SEO plugin v26.8 - https:\/\/yoast.com\/product\/yoast-seo-wordpress\/ -->\n<title>Obstschale aus Teakholz SC286 - Stonecity.cz<\/title>\n<meta name=\"robots\" content=\"index, follow, max-snippet:-1, max-image-preview:large, max-video-preview:-1\" \/>\n<link rel=\"canonical\" href=\"https:\/\/www.stonecity.cz\/de\/produkt\/teak-schussel-auf-dem-boden-sc286\/\" \/>\n<meta property=\"og:locale\" content=\"de_DE\" \/>\n<meta property=\"og:type\" content=\"article\" \/>\n<meta property=\"og:title\" content=\"Obstschale aus Teakholz SC286 - Stonecity.cz\" \/>\n<meta property=\"og:description\" content=\"Obstschale aus Teakholz aus der Luxuskollektion der belgischen Designer Toni Van Parijs &amp; Els Van Turnhout . Diese zeitlose Kollektion wird Sie durch ihr nat\u00fcrliches und schlichtes Originaldesign, die Qualit\u00e4t des Materials und der Verarbeitung begeistern. Jedes St\u00fcck ist ein Original, das Produktfoto dient nur zur Illustration. Durchmesser: 50 cm\" \/>\n<meta property=\"og:url\" content=\"https:\/\/www.stonecity.cz\/de\/produkt\/teak-schussel-auf-dem-boden-sc286\/\" \/>\n<meta property=\"og:site_name\" content=\"Stonecity.cz\" \/>\n<meta property=\"og:image\" content=\"https:\/\/www.stonecity.cz\/wp-content\/uploads\/2020\/05\/SC286-scaled.jpeg\" \/>\n\t<meta property=\"og:image:width\" content=\"2560\" \/>\n\t<meta property=\"og:image:height\" content=\"2560\" \/>\n\t<meta property=\"og:image:type\" content=\"image\/jpeg\" \/>\n<meta name=\"twitter:card\" content=\"summary_large_image\" \/>\n<script type=\"application\/ld+json\" class=\"yoast-schema-graph\">{\"@context\":\"https:\/\/schema.org\",\"@graph\":[{\"@type\":\"WebPage\",\"@id\":\"https:\/\/www.stonecity.cz\/de\/produkt\/teak-schussel-auf-dem-boden-sc286\/\",\"url\":\"https:\/\/www.stonecity.cz\/de\/produkt\/teak-schussel-auf-dem-boden-sc286\/\",\"name\":\"Obstschale aus Teakholz SC286 - Stonecity.cz\",\"isPartOf\":{\"@id\":\"https:\/\/www.stonecity.cz\/de\/#website\"},\"primaryImageOfPage\":{\"@id\":\"https:\/\/www.stonecity.cz\/de\/produkt\/teak-schussel-auf-dem-boden-sc286\/#primaryimage\"},\"image\":{\"@id\":\"https:\/\/www.stonecity.cz\/de\/produkt\/teak-schussel-auf-dem-boden-sc286\/#primaryimage\"},\"thumbnailUrl\":\"https:\/\/www.stonecity.cz\/wp-content\/uploads\/2020\/05\/SC286-scaled.jpeg\",\"datePublished\":\"2020-05-21T12:37:44+00:00\",\"breadcrumb\":{\"@id\":\"https:\/\/www.stonecity.cz\/de\/produkt\/teak-schussel-auf-dem-boden-sc286\/#breadcrumb\"},\"inLanguage\":\"de\",\"potentialAction\":[{\"@type\":\"ReadAction\",\"target\":[\"https:\/\/www.stonecity.cz\/de\/produkt\/teak-schussel-auf-dem-boden-sc286\/\"]}]},{\"@type\":\"ImageObject\",\"inLanguage\":\"de\",\"@id\":\"https:\/\/www.stonecity.cz\/de\/produkt\/teak-schussel-auf-dem-boden-sc286\/#primaryimage\",\"url\":\"https:\/\/www.stonecity.cz\/wp-content\/uploads\/2020\/05\/SC286-scaled.jpeg\",\"contentUrl\":\"https:\/\/www.stonecity.cz\/wp-content\/uploads\/2020\/05\/SC286-scaled.jpeg\",\"width\":2560,\"height\":2560,\"caption\":\"Obstschale aus Teakholz\"},{\"@type\":\"BreadcrumbList\",\"@id\":\"https:\/\/www.stonecity.cz\/de\/produkt\/teak-schussel-auf-dem-boden-sc286\/#breadcrumb\",\"itemListElement\":[{\"@type\":\"ListItem\",\"position\":1,\"name\":\"Dom\u016f\",\"item\":\"https:\/\/www.stonecity.cz\/de\/\"},{\"@type\":\"ListItem\",\"position\":2,\"name\":\"Shop\",\"item\":\"https:\/\/www.stonecity.cz\/de\/shop\/\"},{\"@type\":\"ListItem\",\"position\":3,\"name\":\"Obstschale aus Teakholz SC286\"}]},{\"@type\":\"WebSite\",\"@id\":\"https:\/\/www.stonecity.cz\/de\/#website\",\"url\":\"https:\/\/www.stonecity.cz\/de\/\",\"name\":\"Stonecity.cz\",\"description\":\"Dla\u017eba, obklady, um\u011bl\u00fd i p\u0159\u00edrodn\u00ed k\u00e1men\",\"potentialAction\":[{\"@type\":\"SearchAction\",\"target\":{\"@type\":\"EntryPoint\",\"urlTemplate\":\"https:\/\/www.stonecity.cz\/de\/?s={search_term_string}\"},\"query-input\":{\"@type\":\"PropertyValueSpecification\",\"valueRequired\":true,\"valueName\":\"search_term_string\"}}],\"inLanguage\":\"de\"}]}<\/script>\n<!-- \/ Yoast SEO plugin. -->","yoast_head_json":{"title":"Obstschale aus Teakholz SC286 - Stonecity.cz","robots":{"index":"index","follow":"follow","max-snippet":"max-snippet:-1","max-image-preview":"max-image-preview:large","max-video-preview":"max-video-preview:-1"},"canonical":"https:\/\/www.stonecity.cz\/de\/produkt\/teak-schussel-auf-dem-boden-sc286\/","og_locale":"de_DE","og_type":"article","og_title":"Obstschale aus Teakholz SC286 - Stonecity.cz","og_description":"Obstschale aus Teakholz aus der Luxuskollektion der belgischen Designer Toni Van Parijs &amp; Els Van Turnhout . Diese zeitlose Kollektion wird Sie durch ihr nat\u00fcrliches und schlichtes Originaldesign, die Qualit\u00e4t des Materials und der Verarbeitung begeistern. Jedes St\u00fcck ist ein Original, das Produktfoto dient nur zur Illustration. Durchmesser: 50 cm","og_url":"https:\/\/www.stonecity.cz\/de\/produkt\/teak-schussel-auf-dem-boden-sc286\/","og_site_name":"Stonecity.cz","og_image":[{"width":2560,"height":2560,"url":"https:\/\/www.stonecity.cz\/wp-content\/uploads\/2020\/05\/SC286-scaled.jpeg","type":"image\/jpeg"}],"twitter_card":"summary_large_image","schema":{"@context":"https:\/\/schema.org","@graph":[{"@type":"WebPage","@id":"https:\/\/www.stonecity.cz\/de\/produkt\/teak-schussel-auf-dem-boden-sc286\/","url":"https:\/\/www.stonecity.cz\/de\/produkt\/teak-schussel-auf-dem-boden-sc286\/","name":"Obstschale aus Teakholz SC286 - Stonecity.cz","isPartOf":{"@id":"https:\/\/www.stonecity.cz\/de\/#website"},"primaryImageOfPage":{"@id":"https:\/\/www.stonecity.cz\/de\/produkt\/teak-schussel-auf-dem-boden-sc286\/#primaryimage"},"image":{"@id":"https:\/\/www.stonecity.cz\/de\/produkt\/teak-schussel-auf-dem-boden-sc286\/#primaryimage"},"thumbnailUrl":"https:\/\/www.stonecity.cz\/wp-content\/uploads\/2020\/05\/SC286-scaled.jpeg","datePublished":"2020-05-21T12:37:44+00:00","breadcrumb":{"@id":"https:\/\/www.stonecity.cz\/de\/produkt\/teak-schussel-auf-dem-boden-sc286\/#breadcrumb"},"inLanguage":"de","potentialAction":[{"@type":"ReadAction","target":["https:\/\/www.stonecity.cz\/de\/produkt\/teak-schussel-auf-dem-boden-sc286\/"]}]},{"@type":"ImageObject","inLanguage":"de","@id":"https:\/\/www.stonecity.cz\/de\/produkt\/teak-schussel-auf-dem-boden-sc286\/#primaryimage","url":"https:\/\/www.stonecity.cz\/wp-content\/uploads\/2020\/05\/SC286-scaled.jpeg","contentUrl":"https:\/\/www.stonecity.cz\/wp-content\/uploads\/2020\/05\/SC286-scaled.jpeg","width":2560,"height":2560,"caption":"Obstschale aus Teakholz"},{"@type":"BreadcrumbList","@id":"https:\/\/www.stonecity.cz\/de\/produkt\/teak-schussel-auf-dem-boden-sc286\/#breadcrumb","itemListElement":[{"@type":"ListItem","position":1,"name":"Dom\u016f","item":"https:\/\/www.stonecity.cz\/de\/"},{"@type":"ListItem","position":2,"name":"Shop","item":"https:\/\/www.stonecity.cz\/de\/shop\/"},{"@type":"ListItem","position":3,"name":"Obstschale aus Teakholz SC286"}]},{"@type":"WebSite","@id":"https:\/\/www.stonecity.cz\/de\/#website","url":"https:\/\/www.stonecity.cz\/de\/","name":"Stonecity.cz","description":"Dla\u017eba, obklady, um\u011bl\u00fd i p\u0159\u00edrodn\u00ed k\u00e1men","potentialAction":[{"@type":"SearchAction","target":{"@type":"EntryPoint","urlTemplate":"https:\/\/www.stonecity.cz\/de\/?s={search_term_string}"},"query-input":{"@type":"PropertyValueSpecification","valueRequired":true,"valueName":"search_term_string"}}],"inLanguage":"de"}]}},"_links":{"self":[{"href":"https:\/\/www.stonecity.cz\/de\/wp-json\/wp\/v2\/product\/16699","targetHints":{"allow":["GET"]}}],"collection":[{"href":"https:\/\/www.stonecity.cz\/de\/wp-json\/wp\/v2\/product"}],"about":[{"href":"https:\/\/www.stonecity.cz\/de\/wp-json\/wp\/v2\/types\/product"}],"wp:featuredmedia":[{"embeddable":true,"href":"https:\/\/www.stonecity.cz\/de\/wp-json\/wp\/v2\/media\/12814"}],"wp:attachment":[{"href":"https:\/\/www.stonecity.cz\/de\/wp-json\/wp\/v2\/media?parent=16699"}],"wp:term":[{"taxonomy":"product_cat","embeddable":true,"href":"https:\/\/www.stonecity.cz\/de\/wp-json\/wp\/v2\/product_cat?post=16699"},{"taxonomy":"product_tag","embeddable":true,"href":"https:\/\/www.stonecity.cz\/de\/wp-json\/wp\/v2\/product_tag?post=16699"}],"curies":[{"name":"wp","href":"https:\/\/api.w.org\/{rel}","templated":true}]}}