{"id":16706,"date":"2020-05-21T14:36:45","date_gmt":"2020-05-21T12:36:45","guid":{"rendered":"https:\/\/www.stonecity.cz\/produkt\/steinverkleidung-black-rock-bc-07\/"},"modified":"2020-05-21T14:36:45","modified_gmt":"2020-05-21T12:36:45","slug":"steinverkleidung-schwarz-rock-bc-07","status":"publish","type":"product","link":"https:\/\/www.stonecity.cz\/de\/produkt\/steinverkleidung-schwarz-rock-bc-07\/","title":{"rendered":"Steinverkleidung Black Rock BC-07"},"content":{"rendered":"<p>Die Verkleidung besteht aus Schieferstreifen, die mit Harz verklebt sind.<br \/>\nDas Gesamtformat hat die Form des Buchstabens &#8220;Z&#8221; und die einzelnen Formatsteine passen ineinander, so dass eine Paarung nicht erforderlich ist.<\/p>\n<p>Verwendung: au\u00dfen, innen<\/p>\n","protected":false},"excerpt":{"rendered":"<p>Die Verkleidung besteht aus Schieferstreifen, die mit Harz verklebt sind. Das Gesamtformat hat die Form des Buchstabens &#8220;Z&#8221; und die einzelnen Formatsteine passen ineinander, so dass eine Paarung nicht erforderlich ist. Verwendung: au\u00dfen, innen<\/p>\n","protected":false},"featured_media":12092,"template":"","meta":[],"product_cat":[2041,2033,2035],"product_tag":[1830,1833,1836,1840,1834],"class_list":{"0":"post-16706","1":"product","2":"type-product","3":"status-publish","4":"has-post-thumbnail","6":"product_cat-verblendsteine","7":"product_cat-naturstein-de","8":"product_cat-schiefer-de","9":"product_tag-fassadenverkleidung","10":"product_tag-fur-den-ausenbereich-geeignet","11":"product_tag-geeignet-fur-die-kuche","12":"product_tag-geeignet-fur-die-terrasse","13":"product_tag-geeignet-fur-innenraume","14":"pa_baleni-karton-063-m2-in-einer-schachtel-mit-35-kartons","15":"pa_sirka-15-cm-de","16":"pa_tloustka-15-25-cm-de","18":"first","19":"instock","20":"purchasable","21":"product-type-simple"},"yoast_head":"<!-- This site is optimized with the Yoast SEO plugin v26.8 - https:\/\/yoast.com\/product\/yoast-seo-wordpress\/ -->\n<title>Steinverkleidung Black Rock BC-07 - Stonecity.cz<\/title>\n<meta name=\"robots\" content=\"index, follow, max-snippet:-1, max-image-preview:large, max-video-preview:-1\" \/>\n<link rel=\"canonical\" href=\"https:\/\/www.stonecity.cz\/de\/produkt\/steinverkleidung-schwarz-rock-bc-07\/\" \/>\n<meta property=\"og:locale\" content=\"de_DE\" \/>\n<meta property=\"og:type\" content=\"article\" \/>\n<meta property=\"og:title\" content=\"Steinverkleidung Black Rock BC-07 - Stonecity.cz\" \/>\n<meta property=\"og:description\" content=\"Die Verkleidung besteht aus Schieferstreifen, die mit Harz verklebt sind. Das Gesamtformat hat die Form des Buchstabens &#8220;Z&#8221; und die einzelnen Formatsteine passen ineinander, so dass eine Paarung nicht erforderlich ist. Verwendung: au\u00dfen, innen\" \/>\n<meta property=\"og:url\" content=\"https:\/\/www.stonecity.cz\/de\/produkt\/steinverkleidung-schwarz-rock-bc-07\/\" \/>\n<meta property=\"og:site_name\" content=\"Stonecity.cz\" \/>\n<meta property=\"og:image\" content=\"https:\/\/www.stonecity.cz\/wp-content\/uploads\/2020\/05\/BC-07_1-scaled.jpg\" \/>\n\t<meta property=\"og:image:width\" content=\"2560\" \/>\n\t<meta property=\"og:image:height\" content=\"1525\" \/>\n\t<meta property=\"og:image:type\" content=\"image\/jpeg\" \/>\n<meta name=\"twitter:card\" content=\"summary_large_image\" \/>\n<script type=\"application\/ld+json\" class=\"yoast-schema-graph\">{\"@context\":\"https:\/\/schema.org\",\"@graph\":[{\"@type\":\"WebPage\",\"@id\":\"https:\/\/www.stonecity.cz\/de\/produkt\/steinverkleidung-schwarz-rock-bc-07\/\",\"url\":\"https:\/\/www.stonecity.cz\/de\/produkt\/steinverkleidung-schwarz-rock-bc-07\/\",\"name\":\"Steinverkleidung Black Rock BC-07 - Stonecity.cz\",\"isPartOf\":{\"@id\":\"https:\/\/www.stonecity.cz\/de\/#website\"},\"primaryImageOfPage\":{\"@id\":\"https:\/\/www.stonecity.cz\/de\/produkt\/steinverkleidung-schwarz-rock-bc-07\/#primaryimage\"},\"image\":{\"@id\":\"https:\/\/www.stonecity.cz\/de\/produkt\/steinverkleidung-schwarz-rock-bc-07\/#primaryimage\"},\"thumbnailUrl\":\"https:\/\/www.stonecity.cz\/wp-content\/uploads\/2020\/05\/BC-07_1-scaled.jpg\",\"datePublished\":\"2020-05-21T12:36:45+00:00\",\"breadcrumb\":{\"@id\":\"https:\/\/www.stonecity.cz\/de\/produkt\/steinverkleidung-schwarz-rock-bc-07\/#breadcrumb\"},\"inLanguage\":\"de\",\"potentialAction\":[{\"@type\":\"ReadAction\",\"target\":[\"https:\/\/www.stonecity.cz\/de\/produkt\/steinverkleidung-schwarz-rock-bc-07\/\"]}]},{\"@type\":\"ImageObject\",\"inLanguage\":\"de\",\"@id\":\"https:\/\/www.stonecity.cz\/de\/produkt\/steinverkleidung-schwarz-rock-bc-07\/#primaryimage\",\"url\":\"https:\/\/www.stonecity.cz\/wp-content\/uploads\/2020\/05\/BC-07_1-scaled.jpg\",\"contentUrl\":\"https:\/\/www.stonecity.cz\/wp-content\/uploads\/2020\/05\/BC-07_1-scaled.jpg\",\"width\":2560,\"height\":1525,\"caption\":\"Steinverkleidung Schiefer\"},{\"@type\":\"BreadcrumbList\",\"@id\":\"https:\/\/www.stonecity.cz\/de\/produkt\/steinverkleidung-schwarz-rock-bc-07\/#breadcrumb\",\"itemListElement\":[{\"@type\":\"ListItem\",\"position\":1,\"name\":\"Dom\u016f\",\"item\":\"https:\/\/www.stonecity.cz\/de\/\"},{\"@type\":\"ListItem\",\"position\":2,\"name\":\"Shop\",\"item\":\"https:\/\/www.stonecity.cz\/de\/shop\/\"},{\"@type\":\"ListItem\",\"position\":3,\"name\":\"Steinverkleidung Black Rock BC-07\"}]},{\"@type\":\"WebSite\",\"@id\":\"https:\/\/www.stonecity.cz\/de\/#website\",\"url\":\"https:\/\/www.stonecity.cz\/de\/\",\"name\":\"Stonecity.cz\",\"description\":\"Dla\u017eba, obklady, um\u011bl\u00fd i p\u0159\u00edrodn\u00ed k\u00e1men\",\"potentialAction\":[{\"@type\":\"SearchAction\",\"target\":{\"@type\":\"EntryPoint\",\"urlTemplate\":\"https:\/\/www.stonecity.cz\/de\/?s={search_term_string}\"},\"query-input\":{\"@type\":\"PropertyValueSpecification\",\"valueRequired\":true,\"valueName\":\"search_term_string\"}}],\"inLanguage\":\"de\"}]}<\/script>\n<!-- \/ Yoast SEO plugin. -->","yoast_head_json":{"title":"Steinverkleidung Black Rock BC-07 - Stonecity.cz","robots":{"index":"index","follow":"follow","max-snippet":"max-snippet:-1","max-image-preview":"max-image-preview:large","max-video-preview":"max-video-preview:-1"},"canonical":"https:\/\/www.stonecity.cz\/de\/produkt\/steinverkleidung-schwarz-rock-bc-07\/","og_locale":"de_DE","og_type":"article","og_title":"Steinverkleidung Black Rock BC-07 - Stonecity.cz","og_description":"Die Verkleidung besteht aus Schieferstreifen, die mit Harz verklebt sind. Das Gesamtformat hat die Form des Buchstabens &#8220;Z&#8221; und die einzelnen Formatsteine passen ineinander, so dass eine Paarung nicht erforderlich ist. Verwendung: au\u00dfen, innen","og_url":"https:\/\/www.stonecity.cz\/de\/produkt\/steinverkleidung-schwarz-rock-bc-07\/","og_site_name":"Stonecity.cz","og_image":[{"width":2560,"height":1525,"url":"https:\/\/www.stonecity.cz\/wp-content\/uploads\/2020\/05\/BC-07_1-scaled.jpg","type":"image\/jpeg"}],"twitter_card":"summary_large_image","schema":{"@context":"https:\/\/schema.org","@graph":[{"@type":"WebPage","@id":"https:\/\/www.stonecity.cz\/de\/produkt\/steinverkleidung-schwarz-rock-bc-07\/","url":"https:\/\/www.stonecity.cz\/de\/produkt\/steinverkleidung-schwarz-rock-bc-07\/","name":"Steinverkleidung Black Rock BC-07 - Stonecity.cz","isPartOf":{"@id":"https:\/\/www.stonecity.cz\/de\/#website"},"primaryImageOfPage":{"@id":"https:\/\/www.stonecity.cz\/de\/produkt\/steinverkleidung-schwarz-rock-bc-07\/#primaryimage"},"image":{"@id":"https:\/\/www.stonecity.cz\/de\/produkt\/steinverkleidung-schwarz-rock-bc-07\/#primaryimage"},"thumbnailUrl":"https:\/\/www.stonecity.cz\/wp-content\/uploads\/2020\/05\/BC-07_1-scaled.jpg","datePublished":"2020-05-21T12:36:45+00:00","breadcrumb":{"@id":"https:\/\/www.stonecity.cz\/de\/produkt\/steinverkleidung-schwarz-rock-bc-07\/#breadcrumb"},"inLanguage":"de","potentialAction":[{"@type":"ReadAction","target":["https:\/\/www.stonecity.cz\/de\/produkt\/steinverkleidung-schwarz-rock-bc-07\/"]}]},{"@type":"ImageObject","inLanguage":"de","@id":"https:\/\/www.stonecity.cz\/de\/produkt\/steinverkleidung-schwarz-rock-bc-07\/#primaryimage","url":"https:\/\/www.stonecity.cz\/wp-content\/uploads\/2020\/05\/BC-07_1-scaled.jpg","contentUrl":"https:\/\/www.stonecity.cz\/wp-content\/uploads\/2020\/05\/BC-07_1-scaled.jpg","width":2560,"height":1525,"caption":"Steinverkleidung Schiefer"},{"@type":"BreadcrumbList","@id":"https:\/\/www.stonecity.cz\/de\/produkt\/steinverkleidung-schwarz-rock-bc-07\/#breadcrumb","itemListElement":[{"@type":"ListItem","position":1,"name":"Dom\u016f","item":"https:\/\/www.stonecity.cz\/de\/"},{"@type":"ListItem","position":2,"name":"Shop","item":"https:\/\/www.stonecity.cz\/de\/shop\/"},{"@type":"ListItem","position":3,"name":"Steinverkleidung Black Rock BC-07"}]},{"@type":"WebSite","@id":"https:\/\/www.stonecity.cz\/de\/#website","url":"https:\/\/www.stonecity.cz\/de\/","name":"Stonecity.cz","description":"Dla\u017eba, obklady, um\u011bl\u00fd i p\u0159\u00edrodn\u00ed k\u00e1men","potentialAction":[{"@type":"SearchAction","target":{"@type":"EntryPoint","urlTemplate":"https:\/\/www.stonecity.cz\/de\/?s={search_term_string}"},"query-input":{"@type":"PropertyValueSpecification","valueRequired":true,"valueName":"search_term_string"}}],"inLanguage":"de"}]}},"_links":{"self":[{"href":"https:\/\/www.stonecity.cz\/de\/wp-json\/wp\/v2\/product\/16706","targetHints":{"allow":["GET"]}}],"collection":[{"href":"https:\/\/www.stonecity.cz\/de\/wp-json\/wp\/v2\/product"}],"about":[{"href":"https:\/\/www.stonecity.cz\/de\/wp-json\/wp\/v2\/types\/product"}],"wp:featuredmedia":[{"embeddable":true,"href":"https:\/\/www.stonecity.cz\/de\/wp-json\/wp\/v2\/media\/12092"}],"wp:attachment":[{"href":"https:\/\/www.stonecity.cz\/de\/wp-json\/wp\/v2\/media?parent=16706"}],"wp:term":[{"taxonomy":"product_cat","embeddable":true,"href":"https:\/\/www.stonecity.cz\/de\/wp-json\/wp\/v2\/product_cat?post=16706"},{"taxonomy":"product_tag","embeddable":true,"href":"https:\/\/www.stonecity.cz\/de\/wp-json\/wp\/v2\/product_tag?post=16706"}],"curies":[{"name":"wp","href":"https:\/\/api.w.org\/{rel}","templated":true}]}}