{"id":16723,"date":"2020-05-21T14:36:58","date_gmt":"2020-05-21T12:36:58","guid":{"rendered":"https:\/\/www.stonecity.cz\/produkt\/quarzit-grau-steinfliesen-bc-03\/"},"modified":"2020-05-21T14:36:58","modified_gmt":"2020-05-21T12:36:58","slug":"steinverkleidung-quarzit-grau-bc-03","status":"publish","type":"product","link":"https:\/\/www.stonecity.cz\/de\/produkt\/steinverkleidung-quarzit-grau-bc-03\/","title":{"rendered":"Quarzit Grau Steinfliesen BC-03"},"content":{"rendered":"<p>Kvarzit Grey BC-03 ist ein wundersch\u00f6ner Verkleidungsstein, der sowohl als Fassadenstein als auch f\u00fcr Innenwandverkleidungen verwendet werden kann.<br \/>\nPerfekte Verarbeitung und hohe Qualit\u00e4t erfreuen jeden anspruchsvollen Kunden.<\/p>\n<p>Verwendung: Fassaden, Z\u00e4une, St\u00fctzmauern, Poolumrandungen, Flure, Kamine, Wohnr\u00e4ume, K\u00fcchen&#8230;<\/p>\n<p>&nbsp;<\/p>\n","protected":false},"excerpt":{"rendered":"<p>Kvarzit Grey BC-03 ist ein wundersch\u00f6ner Verkleidungsstein, der sowohl als Fassadenstein als auch f\u00fcr Innenwandverkleidungen verwendet werden kann. Perfekte Verarbeitung und hohe Qualit\u00e4t erfreuen jeden anspruchsvollen Kunden. Verwendung: Fassaden, Z\u00e4une, St\u00fctzmauern, Poolumrandungen, Flure, Kamine, Wohnr\u00e4ume, K\u00fcchen&#8230; &nbsp;<\/p>\n","protected":false},"featured_media":12050,"template":"","meta":[],"product_cat":[2041,2033,2039],"product_tag":[1830,1833,1836,1840,1834],"class_list":{"0":"post-16723","1":"product","2":"type-product","3":"status-publish","4":"has-post-thumbnail","6":"product_cat-verblendsteine","7":"product_cat-naturstein-de","8":"product_cat-quarzit-de-2","9":"product_tag-fassadenverkleidung","10":"product_tag-fur-den-ausenbereich-geeignet","11":"product_tag-geeignet-fur-die-kuche","12":"product_tag-geeignet-fur-die-terrasse","13":"product_tag-geeignet-fur-innenraume","14":"pa_baleni-pappkarton-063-m2","15":"pa_mj-m2-1-m2-de","16":"pa_sirka-15-cm-de","17":"pa_tloustka-15-25-cm-de","19":"first","20":"instock","21":"purchasable","22":"product-type-simple"},"yoast_head":"<!-- This site is optimized with the Yoast SEO plugin v26.8 - https:\/\/yoast.com\/product\/yoast-seo-wordpress\/ -->\n<title>Quarzit Grau Steinfliesen BC-03 - Stonecity.cz<\/title>\n<meta name=\"robots\" content=\"index, follow, max-snippet:-1, max-image-preview:large, max-video-preview:-1\" \/>\n<link rel=\"canonical\" href=\"https:\/\/www.stonecity.cz\/de\/produkt\/steinverkleidung-quarzit-grau-bc-03\/\" \/>\n<meta property=\"og:locale\" content=\"de_DE\" \/>\n<meta property=\"og:type\" content=\"article\" \/>\n<meta property=\"og:title\" content=\"Quarzit Grau Steinfliesen BC-03 - Stonecity.cz\" \/>\n<meta property=\"og:description\" content=\"Kvarzit Grey BC-03 ist ein wundersch\u00f6ner Verkleidungsstein, der sowohl als Fassadenstein als auch f\u00fcr Innenwandverkleidungen verwendet werden kann. Perfekte Verarbeitung und hohe Qualit\u00e4t erfreuen jeden anspruchsvollen Kunden. Verwendung: Fassaden, Z\u00e4une, St\u00fctzmauern, Poolumrandungen, Flure, Kamine, Wohnr\u00e4ume, K\u00fcchen&#8230; &nbsp;\" \/>\n<meta property=\"og:url\" content=\"https:\/\/www.stonecity.cz\/de\/produkt\/steinverkleidung-quarzit-grau-bc-03\/\" \/>\n<meta property=\"og:site_name\" content=\"Stonecity.cz\" \/>\n<meta property=\"og:image\" content=\"https:\/\/www.stonecity.cz\/wp-content\/uploads\/2020\/05\/BC-03_Grey_65.jpg\" \/>\n\t<meta property=\"og:image:width\" content=\"2007\" \/>\n\t<meta property=\"og:image:height\" content=\"1213\" \/>\n\t<meta property=\"og:image:type\" content=\"image\/jpeg\" \/>\n<meta name=\"twitter:card\" content=\"summary_large_image\" \/>\n<script type=\"application\/ld+json\" class=\"yoast-schema-graph\">{\"@context\":\"https:\/\/schema.org\",\"@graph\":[{\"@type\":\"WebPage\",\"@id\":\"https:\/\/www.stonecity.cz\/de\/produkt\/steinverkleidung-quarzit-grau-bc-03\/\",\"url\":\"https:\/\/www.stonecity.cz\/de\/produkt\/steinverkleidung-quarzit-grau-bc-03\/\",\"name\":\"Quarzit Grau Steinfliesen BC-03 - Stonecity.cz\",\"isPartOf\":{\"@id\":\"https:\/\/www.stonecity.cz\/de\/#website\"},\"primaryImageOfPage\":{\"@id\":\"https:\/\/www.stonecity.cz\/de\/produkt\/steinverkleidung-quarzit-grau-bc-03\/#primaryimage\"},\"image\":{\"@id\":\"https:\/\/www.stonecity.cz\/de\/produkt\/steinverkleidung-quarzit-grau-bc-03\/#primaryimage\"},\"thumbnailUrl\":\"https:\/\/www.stonecity.cz\/wp-content\/uploads\/2020\/05\/BC-03_Grey_65.jpg\",\"datePublished\":\"2020-05-21T12:36:58+00:00\",\"breadcrumb\":{\"@id\":\"https:\/\/www.stonecity.cz\/de\/produkt\/steinverkleidung-quarzit-grau-bc-03\/#breadcrumb\"},\"inLanguage\":\"de\",\"potentialAction\":[{\"@type\":\"ReadAction\",\"target\":[\"https:\/\/www.stonecity.cz\/de\/produkt\/steinverkleidung-quarzit-grau-bc-03\/\"]}]},{\"@type\":\"ImageObject\",\"inLanguage\":\"de\",\"@id\":\"https:\/\/www.stonecity.cz\/de\/produkt\/steinverkleidung-quarzit-grau-bc-03\/#primaryimage\",\"url\":\"https:\/\/www.stonecity.cz\/wp-content\/uploads\/2020\/05\/BC-03_Grey_65.jpg\",\"contentUrl\":\"https:\/\/www.stonecity.cz\/wp-content\/uploads\/2020\/05\/BC-03_Grey_65.jpg\",\"width\":2007,\"height\":1213,\"caption\":\"Steinverkleidung Z-Format\"},{\"@type\":\"BreadcrumbList\",\"@id\":\"https:\/\/www.stonecity.cz\/de\/produkt\/steinverkleidung-quarzit-grau-bc-03\/#breadcrumb\",\"itemListElement\":[{\"@type\":\"ListItem\",\"position\":1,\"name\":\"Dom\u016f\",\"item\":\"https:\/\/www.stonecity.cz\/de\/\"},{\"@type\":\"ListItem\",\"position\":2,\"name\":\"Shop\",\"item\":\"https:\/\/www.stonecity.cz\/de\/shop\/\"},{\"@type\":\"ListItem\",\"position\":3,\"name\":\"Quarzit Grau Steinfliesen BC-03\"}]},{\"@type\":\"WebSite\",\"@id\":\"https:\/\/www.stonecity.cz\/de\/#website\",\"url\":\"https:\/\/www.stonecity.cz\/de\/\",\"name\":\"Stonecity.cz\",\"description\":\"Dla\u017eba, obklady, um\u011bl\u00fd i p\u0159\u00edrodn\u00ed k\u00e1men\",\"potentialAction\":[{\"@type\":\"SearchAction\",\"target\":{\"@type\":\"EntryPoint\",\"urlTemplate\":\"https:\/\/www.stonecity.cz\/de\/?s={search_term_string}\"},\"query-input\":{\"@type\":\"PropertyValueSpecification\",\"valueRequired\":true,\"valueName\":\"search_term_string\"}}],\"inLanguage\":\"de\"}]}<\/script>\n<!-- \/ Yoast SEO plugin. -->","yoast_head_json":{"title":"Quarzit Grau Steinfliesen BC-03 - Stonecity.cz","robots":{"index":"index","follow":"follow","max-snippet":"max-snippet:-1","max-image-preview":"max-image-preview:large","max-video-preview":"max-video-preview:-1"},"canonical":"https:\/\/www.stonecity.cz\/de\/produkt\/steinverkleidung-quarzit-grau-bc-03\/","og_locale":"de_DE","og_type":"article","og_title":"Quarzit Grau Steinfliesen BC-03 - Stonecity.cz","og_description":"Kvarzit Grey BC-03 ist ein wundersch\u00f6ner Verkleidungsstein, der sowohl als Fassadenstein als auch f\u00fcr Innenwandverkleidungen verwendet werden kann. Perfekte Verarbeitung und hohe Qualit\u00e4t erfreuen jeden anspruchsvollen Kunden. Verwendung: Fassaden, Z\u00e4une, St\u00fctzmauern, Poolumrandungen, Flure, Kamine, Wohnr\u00e4ume, K\u00fcchen&#8230; &nbsp;","og_url":"https:\/\/www.stonecity.cz\/de\/produkt\/steinverkleidung-quarzit-grau-bc-03\/","og_site_name":"Stonecity.cz","og_image":[{"width":2007,"height":1213,"url":"https:\/\/www.stonecity.cz\/wp-content\/uploads\/2020\/05\/BC-03_Grey_65.jpg","type":"image\/jpeg"}],"twitter_card":"summary_large_image","schema":{"@context":"https:\/\/schema.org","@graph":[{"@type":"WebPage","@id":"https:\/\/www.stonecity.cz\/de\/produkt\/steinverkleidung-quarzit-grau-bc-03\/","url":"https:\/\/www.stonecity.cz\/de\/produkt\/steinverkleidung-quarzit-grau-bc-03\/","name":"Quarzit Grau Steinfliesen BC-03 - Stonecity.cz","isPartOf":{"@id":"https:\/\/www.stonecity.cz\/de\/#website"},"primaryImageOfPage":{"@id":"https:\/\/www.stonecity.cz\/de\/produkt\/steinverkleidung-quarzit-grau-bc-03\/#primaryimage"},"image":{"@id":"https:\/\/www.stonecity.cz\/de\/produkt\/steinverkleidung-quarzit-grau-bc-03\/#primaryimage"},"thumbnailUrl":"https:\/\/www.stonecity.cz\/wp-content\/uploads\/2020\/05\/BC-03_Grey_65.jpg","datePublished":"2020-05-21T12:36:58+00:00","breadcrumb":{"@id":"https:\/\/www.stonecity.cz\/de\/produkt\/steinverkleidung-quarzit-grau-bc-03\/#breadcrumb"},"inLanguage":"de","potentialAction":[{"@type":"ReadAction","target":["https:\/\/www.stonecity.cz\/de\/produkt\/steinverkleidung-quarzit-grau-bc-03\/"]}]},{"@type":"ImageObject","inLanguage":"de","@id":"https:\/\/www.stonecity.cz\/de\/produkt\/steinverkleidung-quarzit-grau-bc-03\/#primaryimage","url":"https:\/\/www.stonecity.cz\/wp-content\/uploads\/2020\/05\/BC-03_Grey_65.jpg","contentUrl":"https:\/\/www.stonecity.cz\/wp-content\/uploads\/2020\/05\/BC-03_Grey_65.jpg","width":2007,"height":1213,"caption":"Steinverkleidung Z-Format"},{"@type":"BreadcrumbList","@id":"https:\/\/www.stonecity.cz\/de\/produkt\/steinverkleidung-quarzit-grau-bc-03\/#breadcrumb","itemListElement":[{"@type":"ListItem","position":1,"name":"Dom\u016f","item":"https:\/\/www.stonecity.cz\/de\/"},{"@type":"ListItem","position":2,"name":"Shop","item":"https:\/\/www.stonecity.cz\/de\/shop\/"},{"@type":"ListItem","position":3,"name":"Quarzit Grau Steinfliesen BC-03"}]},{"@type":"WebSite","@id":"https:\/\/www.stonecity.cz\/de\/#website","url":"https:\/\/www.stonecity.cz\/de\/","name":"Stonecity.cz","description":"Dla\u017eba, obklady, um\u011bl\u00fd i p\u0159\u00edrodn\u00ed k\u00e1men","potentialAction":[{"@type":"SearchAction","target":{"@type":"EntryPoint","urlTemplate":"https:\/\/www.stonecity.cz\/de\/?s={search_term_string}"},"query-input":{"@type":"PropertyValueSpecification","valueRequired":true,"valueName":"search_term_string"}}],"inLanguage":"de"}]}},"_links":{"self":[{"href":"https:\/\/www.stonecity.cz\/de\/wp-json\/wp\/v2\/product\/16723","targetHints":{"allow":["GET"]}}],"collection":[{"href":"https:\/\/www.stonecity.cz\/de\/wp-json\/wp\/v2\/product"}],"about":[{"href":"https:\/\/www.stonecity.cz\/de\/wp-json\/wp\/v2\/types\/product"}],"wp:featuredmedia":[{"embeddable":true,"href":"https:\/\/www.stonecity.cz\/de\/wp-json\/wp\/v2\/media\/12050"}],"wp:attachment":[{"href":"https:\/\/www.stonecity.cz\/de\/wp-json\/wp\/v2\/media?parent=16723"}],"wp:term":[{"taxonomy":"product_cat","embeddable":true,"href":"https:\/\/www.stonecity.cz\/de\/wp-json\/wp\/v2\/product_cat?post=16723"},{"taxonomy":"product_tag","embeddable":true,"href":"https:\/\/www.stonecity.cz\/de\/wp-json\/wp\/v2\/product_tag?post=16723"}],"curies":[{"name":"wp","href":"https:\/\/api.w.org\/{rel}","templated":true}]}}