{"id":16746,"date":"2020-05-21T14:36:25","date_gmt":"2020-05-21T12:36:25","guid":{"rendered":"https:\/\/www.stonecity.cz\/produkt\/kolosseum-silbergrau\/"},"modified":"2020-05-21T14:36:25","modified_gmt":"2020-05-21T12:36:25","slug":"colosseo-silbergrau","status":"publish","type":"product","link":"https:\/\/www.stonecity.cz\/de\/produkt\/colosseo-silbergrau\/","title":{"rendered":"Kolosseum Silbergrau"},"content":{"rendered":"<p>Keramische Fliesen garantieren hohe Qualit\u00e4t und Eleganz mit zeitlosem Design.<br \/>\nSie sind kratzfest, pflegeleicht, langlebig, ver\u00e4ndern ihr Aussehen im Laufe der Jahre nicht und sind in einer Vielzahl von Varianten erh\u00e4ltlich.<\/p>\n<p>Warum sollten Sie sich f\u00fcr Keramikfliesen entscheiden?<br \/>\n&#8211; zeitloses Design<br \/>\n&#8211; lange Nutzungsdauer<br \/>\n&#8211; sein Aussehen im Laufe der Jahre nicht ver\u00e4ndert<br \/>\n&#8211; geringe Wartungskosten<br \/>\n&#8211; gro\u00dfe Auswahl an Oberfl\u00e4chen und Farben<br \/>\n&#8211; Z\u00e4higkeit<br \/>\n&#8211; Widerstandsf\u00e4higkeit gegen Temperaturschwankungen<br \/>\n&#8211; Best\u00e4ndigkeit gegen Chemikalien und Salz<br \/>\n&#8211; einfache Wartung<br \/>\n&#8211; einfache und schnelle Installation<\/p>\n<p><strong>Alle keramischen Fliesen k\u00f6nnen mit Beckenumrandungen im gleichen Dekor und in der gleichen Farbe bestellt werden.<\/strong><\/p>\n","protected":false},"excerpt":{"rendered":"<p>Keramische Fliesen garantieren hohe Qualit\u00e4t und Eleganz mit zeitlosem Design. Sie sind kratzfest, pflegeleicht, langlebig, ver\u00e4ndern ihr Aussehen im Laufe der Jahre nicht und sind in einer Vielzahl von Varianten erh\u00e4ltlich. Warum sollten Sie sich f\u00fcr Keramikfliesen entscheiden? &#8211; zeitloses Design &#8211; lange Nutzungsdauer &#8211; sein Aussehen im Laufe der Jahre nicht ver\u00e4ndert &#8211; geringe [&#8230;]\n","protected":false},"featured_media":12186,"template":"","meta":[],"product_cat":[1917,1939,1957],"product_tag":[1833,1841,1840,1838],"class_list":{"0":"post-16746","1":"product","2":"type-product","3":"status-publish","4":"has-post-thumbnail","6":"product_cat-pflaster","7":"product_cat-keramikfliesen-fur-den-ausenbereich","8":"product_cat-colosseo-de","9":"product_tag-fur-den-ausenbereich-geeignet","10":"product_tag-fur-den-garten-geeignet-de","11":"product_tag-geeignet-fur-die-terrasse","12":"product_tag-geeignet-fur-wellness","13":"pa_baleni-palette-108-m2-500-kg","14":"pa_mj-m2-1-m2-de","15":"pa_tloustka-2-cm-de","17":"first","18":"instock","19":"purchasable","20":"product-type-variable"},"yoast_head":"<!-- This site is optimized with the Yoast SEO plugin v26.8 - https:\/\/yoast.com\/product\/yoast-seo-wordpress\/ -->\n<title>Kolosseum Silbergrau - Stonecity.cz<\/title>\n<meta name=\"robots\" content=\"index, follow, max-snippet:-1, max-image-preview:large, max-video-preview:-1\" \/>\n<link rel=\"canonical\" href=\"https:\/\/www.stonecity.cz\/de\/produkt\/colosseo-silbergrau\/\" \/>\n<meta property=\"og:locale\" content=\"de_DE\" \/>\n<meta property=\"og:type\" content=\"article\" \/>\n<meta property=\"og:title\" content=\"Kolosseum Silbergrau - Stonecity.cz\" \/>\n<meta property=\"og:description\" content=\"Keramische Fliesen garantieren hohe Qualit\u00e4t und Eleganz mit zeitlosem Design. Sie sind kratzfest, pflegeleicht, langlebig, ver\u00e4ndern ihr Aussehen im Laufe der Jahre nicht und sind in einer Vielzahl von Varianten erh\u00e4ltlich. Warum sollten Sie sich f\u00fcr Keramikfliesen entscheiden? &#8211; zeitloses Design &#8211; lange Nutzungsdauer &#8211; sein Aussehen im Laufe der Jahre nicht ver\u00e4ndert &#8211; geringe [...]\" \/>\n<meta property=\"og:url\" content=\"https:\/\/www.stonecity.cz\/de\/produkt\/colosseo-silbergrau\/\" \/>\n<meta property=\"og:site_name\" content=\"Stonecity.cz\" \/>\n<meta property=\"og:image\" content=\"https:\/\/www.stonecity.cz\/wp-content\/uploads\/2020\/05\/Silvergrau.jpg\" \/>\n\t<meta property=\"og:image:width\" content=\"1641\" \/>\n\t<meta property=\"og:image:height\" content=\"824\" \/>\n\t<meta property=\"og:image:type\" content=\"image\/jpeg\" \/>\n<meta name=\"twitter:card\" content=\"summary_large_image\" \/>\n<meta name=\"twitter:label1\" content=\"Gesch\u00e4tzte Lesezeit\" \/>\n\t<meta name=\"twitter:data1\" content=\"1\u00a0Minute\" \/>\n<script type=\"application\/ld+json\" class=\"yoast-schema-graph\">{\"@context\":\"https:\/\/schema.org\",\"@graph\":[{\"@type\":\"WebPage\",\"@id\":\"https:\/\/www.stonecity.cz\/de\/produkt\/colosseo-silbergrau\/\",\"url\":\"https:\/\/www.stonecity.cz\/de\/produkt\/colosseo-silbergrau\/\",\"name\":\"Kolosseum Silbergrau - Stonecity.cz\",\"isPartOf\":{\"@id\":\"https:\/\/www.stonecity.cz\/de\/#website\"},\"primaryImageOfPage\":{\"@id\":\"https:\/\/www.stonecity.cz\/de\/produkt\/colosseo-silbergrau\/#primaryimage\"},\"image\":{\"@id\":\"https:\/\/www.stonecity.cz\/de\/produkt\/colosseo-silbergrau\/#primaryimage\"},\"thumbnailUrl\":\"https:\/\/www.stonecity.cz\/wp-content\/uploads\/2020\/05\/Silvergrau.jpg\",\"datePublished\":\"2020-05-21T12:36:25+00:00\",\"breadcrumb\":{\"@id\":\"https:\/\/www.stonecity.cz\/de\/produkt\/colosseo-silbergrau\/#breadcrumb\"},\"inLanguage\":\"de\",\"potentialAction\":[{\"@type\":\"ReadAction\",\"target\":[\"https:\/\/www.stonecity.cz\/de\/produkt\/colosseo-silbergrau\/\"]}]},{\"@type\":\"ImageObject\",\"inLanguage\":\"de\",\"@id\":\"https:\/\/www.stonecity.cz\/de\/produkt\/colosseo-silbergrau\/#primaryimage\",\"url\":\"https:\/\/www.stonecity.cz\/wp-content\/uploads\/2020\/05\/Silvergrau.jpg\",\"contentUrl\":\"https:\/\/www.stonecity.cz\/wp-content\/uploads\/2020\/05\/Silvergrau.jpg\",\"width\":1641,\"height\":824},{\"@type\":\"BreadcrumbList\",\"@id\":\"https:\/\/www.stonecity.cz\/de\/produkt\/colosseo-silbergrau\/#breadcrumb\",\"itemListElement\":[{\"@type\":\"ListItem\",\"position\":1,\"name\":\"Dom\u016f\",\"item\":\"https:\/\/www.stonecity.cz\/de\/\"},{\"@type\":\"ListItem\",\"position\":2,\"name\":\"Shop\",\"item\":\"https:\/\/www.stonecity.cz\/de\/shop\/\"},{\"@type\":\"ListItem\",\"position\":3,\"name\":\"Kolosseum Silbergrau\"}]},{\"@type\":\"WebSite\",\"@id\":\"https:\/\/www.stonecity.cz\/de\/#website\",\"url\":\"https:\/\/www.stonecity.cz\/de\/\",\"name\":\"Stonecity.cz\",\"description\":\"Dla\u017eba, obklady, um\u011bl\u00fd i p\u0159\u00edrodn\u00ed k\u00e1men\",\"potentialAction\":[{\"@type\":\"SearchAction\",\"target\":{\"@type\":\"EntryPoint\",\"urlTemplate\":\"https:\/\/www.stonecity.cz\/de\/?s={search_term_string}\"},\"query-input\":{\"@type\":\"PropertyValueSpecification\",\"valueRequired\":true,\"valueName\":\"search_term_string\"}}],\"inLanguage\":\"de\"}]}<\/script>\n<!-- \/ Yoast SEO plugin. -->","yoast_head_json":{"title":"Kolosseum Silbergrau - Stonecity.cz","robots":{"index":"index","follow":"follow","max-snippet":"max-snippet:-1","max-image-preview":"max-image-preview:large","max-video-preview":"max-video-preview:-1"},"canonical":"https:\/\/www.stonecity.cz\/de\/produkt\/colosseo-silbergrau\/","og_locale":"de_DE","og_type":"article","og_title":"Kolosseum Silbergrau - Stonecity.cz","og_description":"Keramische Fliesen garantieren hohe Qualit\u00e4t und Eleganz mit zeitlosem Design. Sie sind kratzfest, pflegeleicht, langlebig, ver\u00e4ndern ihr Aussehen im Laufe der Jahre nicht und sind in einer Vielzahl von Varianten erh\u00e4ltlich. Warum sollten Sie sich f\u00fcr Keramikfliesen entscheiden? &#8211; zeitloses Design &#8211; lange Nutzungsdauer &#8211; sein Aussehen im Laufe der Jahre nicht ver\u00e4ndert &#8211; geringe [...]","og_url":"https:\/\/www.stonecity.cz\/de\/produkt\/colosseo-silbergrau\/","og_site_name":"Stonecity.cz","og_image":[{"width":1641,"height":824,"url":"https:\/\/www.stonecity.cz\/wp-content\/uploads\/2020\/05\/Silvergrau.jpg","type":"image\/jpeg"}],"twitter_card":"summary_large_image","twitter_misc":{"Gesch\u00e4tzte Lesezeit":"1\u00a0Minute"},"schema":{"@context":"https:\/\/schema.org","@graph":[{"@type":"WebPage","@id":"https:\/\/www.stonecity.cz\/de\/produkt\/colosseo-silbergrau\/","url":"https:\/\/www.stonecity.cz\/de\/produkt\/colosseo-silbergrau\/","name":"Kolosseum Silbergrau - Stonecity.cz","isPartOf":{"@id":"https:\/\/www.stonecity.cz\/de\/#website"},"primaryImageOfPage":{"@id":"https:\/\/www.stonecity.cz\/de\/produkt\/colosseo-silbergrau\/#primaryimage"},"image":{"@id":"https:\/\/www.stonecity.cz\/de\/produkt\/colosseo-silbergrau\/#primaryimage"},"thumbnailUrl":"https:\/\/www.stonecity.cz\/wp-content\/uploads\/2020\/05\/Silvergrau.jpg","datePublished":"2020-05-21T12:36:25+00:00","breadcrumb":{"@id":"https:\/\/www.stonecity.cz\/de\/produkt\/colosseo-silbergrau\/#breadcrumb"},"inLanguage":"de","potentialAction":[{"@type":"ReadAction","target":["https:\/\/www.stonecity.cz\/de\/produkt\/colosseo-silbergrau\/"]}]},{"@type":"ImageObject","inLanguage":"de","@id":"https:\/\/www.stonecity.cz\/de\/produkt\/colosseo-silbergrau\/#primaryimage","url":"https:\/\/www.stonecity.cz\/wp-content\/uploads\/2020\/05\/Silvergrau.jpg","contentUrl":"https:\/\/www.stonecity.cz\/wp-content\/uploads\/2020\/05\/Silvergrau.jpg","width":1641,"height":824},{"@type":"BreadcrumbList","@id":"https:\/\/www.stonecity.cz\/de\/produkt\/colosseo-silbergrau\/#breadcrumb","itemListElement":[{"@type":"ListItem","position":1,"name":"Dom\u016f","item":"https:\/\/www.stonecity.cz\/de\/"},{"@type":"ListItem","position":2,"name":"Shop","item":"https:\/\/www.stonecity.cz\/de\/shop\/"},{"@type":"ListItem","position":3,"name":"Kolosseum Silbergrau"}]},{"@type":"WebSite","@id":"https:\/\/www.stonecity.cz\/de\/#website","url":"https:\/\/www.stonecity.cz\/de\/","name":"Stonecity.cz","description":"Dla\u017eba, obklady, um\u011bl\u00fd i p\u0159\u00edrodn\u00ed k\u00e1men","potentialAction":[{"@type":"SearchAction","target":{"@type":"EntryPoint","urlTemplate":"https:\/\/www.stonecity.cz\/de\/?s={search_term_string}"},"query-input":{"@type":"PropertyValueSpecification","valueRequired":true,"valueName":"search_term_string"}}],"inLanguage":"de"}]}},"_links":{"self":[{"href":"https:\/\/www.stonecity.cz\/de\/wp-json\/wp\/v2\/product\/16746","targetHints":{"allow":["GET"]}}],"collection":[{"href":"https:\/\/www.stonecity.cz\/de\/wp-json\/wp\/v2\/product"}],"about":[{"href":"https:\/\/www.stonecity.cz\/de\/wp-json\/wp\/v2\/types\/product"}],"wp:featuredmedia":[{"embeddable":true,"href":"https:\/\/www.stonecity.cz\/de\/wp-json\/wp\/v2\/media\/12186"}],"wp:attachment":[{"href":"https:\/\/www.stonecity.cz\/de\/wp-json\/wp\/v2\/media?parent=16746"}],"wp:term":[{"taxonomy":"product_cat","embeddable":true,"href":"https:\/\/www.stonecity.cz\/de\/wp-json\/wp\/v2\/product_cat?post=16746"},{"taxonomy":"product_tag","embeddable":true,"href":"https:\/\/www.stonecity.cz\/de\/wp-json\/wp\/v2\/product_tag?post=16746"}],"curies":[{"name":"wp","href":"https:\/\/api.w.org\/{rel}","templated":true}]}}