{"id":16786,"date":"2020-05-21T14:35:10","date_gmt":"2020-05-21T12:35:10","guid":{"rendered":"https:\/\/www.stonecity.cz\/produkt\/steinwaschbecken-radom-u-04\/"},"modified":"2020-05-21T14:35:10","modified_gmt":"2020-05-21T12:35:10","slug":"steinwaschanlage-radome-u-04","status":"publish","type":"product","link":"https:\/\/www.stonecity.cz\/de\/produkt\/steinwaschanlage-radome-u-04\/","title":{"rendered":"Steinwaschbecken Radom U-04"},"content":{"rendered":"<p>Grau gegl\u00fchter Marmorwaschtisch in modernem Design.<br \/>\nAu\u00dfergew\u00f6hnliche Qualit\u00e4t.<br \/>\nDie hervorragende Oberfl\u00e4chenbeschaffenheit gew\u00e4hrleistet eine einfache Wartung.<br \/>\nJedes St\u00fcck ist ein Original und kann in Gr\u00f6\u00dfe, Farbton und Steinschliff leicht abweichen.<\/p>\n","protected":false},"excerpt":{"rendered":"<p>Grau gegl\u00fchter Marmorwaschtisch in modernem Design. Au\u00dfergew\u00f6hnliche Qualit\u00e4t. Die hervorragende Oberfl\u00e4chenbeschaffenheit gew\u00e4hrleistet eine einfache Wartung. Jedes St\u00fcck ist ein Original und kann in Gr\u00f6\u00dfe, Farbton und Steinschliff leicht abweichen.<\/p>\n","protected":false},"featured_media":12132,"template":"","meta":[],"product_cat":[1987,1991],"product_tag":[1833,1835,1840,1834,1838],"class_list":{"0":"post-16786","1":"product","2":"type-product","3":"status-publish","4":"has-post-thumbnail","6":"product_cat-waschbecken-und-troge-aus-stein","7":"product_cat-waschbecken-aus-stein-de-2","8":"product_tag-fur-den-ausenbereich-geeignet","9":"product_tag-geeignet-fur-das-badezimmer","10":"product_tag-geeignet-fur-die-terrasse","11":"product_tag-geeignet-fur-innenraume","12":"product_tag-geeignet-fur-wellness","13":"pa_mj-ks-1-stuck","14":"pa_odtok-45-65-de","15":"pa_sirka-35-cm-de","17":"first","18":"onbackorder","19":"purchasable","20":"product-type-simple"},"yoast_head":"<!-- This site is optimized with the Yoast SEO plugin v26.8 - https:\/\/yoast.com\/product\/yoast-seo-wordpress\/ -->\n<title>Steinwaschbecken Radom U-04 - Stonecity.cz<\/title>\n<meta name=\"robots\" content=\"index, follow, max-snippet:-1, max-image-preview:large, max-video-preview:-1\" \/>\n<link rel=\"canonical\" href=\"https:\/\/www.stonecity.cz\/de\/produkt\/steinwaschanlage-radome-u-04\/\" \/>\n<meta property=\"og:locale\" content=\"de_DE\" \/>\n<meta property=\"og:type\" content=\"article\" \/>\n<meta property=\"og:title\" content=\"Steinwaschbecken Radom U-04 - Stonecity.cz\" \/>\n<meta property=\"og:description\" content=\"Grau gegl\u00fchter Marmorwaschtisch in modernem Design. Au\u00dfergew\u00f6hnliche Qualit\u00e4t. Die hervorragende Oberfl\u00e4chenbeschaffenheit gew\u00e4hrleistet eine einfache Wartung. Jedes St\u00fcck ist ein Original und kann in Gr\u00f6\u00dfe, Farbton und Steinschliff leicht abweichen.\" \/>\n<meta property=\"og:url\" content=\"https:\/\/www.stonecity.cz\/de\/produkt\/steinwaschanlage-radome-u-04\/\" \/>\n<meta property=\"og:site_name\" content=\"Stonecity.cz\" \/>\n<meta property=\"og:image\" content=\"https:\/\/www.stonecity.cz\/wp-content\/uploads\/2020\/05\/U-04.png\" \/>\n\t<meta property=\"og:image:width\" content=\"557\" \/>\n\t<meta property=\"og:image:height\" content=\"351\" \/>\n\t<meta property=\"og:image:type\" content=\"image\/png\" \/>\n<meta name=\"twitter:card\" content=\"summary_large_image\" \/>\n<script type=\"application\/ld+json\" class=\"yoast-schema-graph\">{\"@context\":\"https:\/\/schema.org\",\"@graph\":[{\"@type\":\"WebPage\",\"@id\":\"https:\/\/www.stonecity.cz\/de\/produkt\/steinwaschanlage-radome-u-04\/\",\"url\":\"https:\/\/www.stonecity.cz\/de\/produkt\/steinwaschanlage-radome-u-04\/\",\"name\":\"Steinwaschbecken Radom U-04 - Stonecity.cz\",\"isPartOf\":{\"@id\":\"https:\/\/www.stonecity.cz\/de\/#website\"},\"primaryImageOfPage\":{\"@id\":\"https:\/\/www.stonecity.cz\/de\/produkt\/steinwaschanlage-radome-u-04\/#primaryimage\"},\"image\":{\"@id\":\"https:\/\/www.stonecity.cz\/de\/produkt\/steinwaschanlage-radome-u-04\/#primaryimage\"},\"thumbnailUrl\":\"https:\/\/www.stonecity.cz\/wp-content\/uploads\/2020\/05\/U-04.png\",\"datePublished\":\"2020-05-21T12:35:10+00:00\",\"breadcrumb\":{\"@id\":\"https:\/\/www.stonecity.cz\/de\/produkt\/steinwaschanlage-radome-u-04\/#breadcrumb\"},\"inLanguage\":\"de\",\"potentialAction\":[{\"@type\":\"ReadAction\",\"target\":[\"https:\/\/www.stonecity.cz\/de\/produkt\/steinwaschanlage-radome-u-04\/\"]}]},{\"@type\":\"ImageObject\",\"inLanguage\":\"de\",\"@id\":\"https:\/\/www.stonecity.cz\/de\/produkt\/steinwaschanlage-radome-u-04\/#primaryimage\",\"url\":\"https:\/\/www.stonecity.cz\/wp-content\/uploads\/2020\/05\/U-04.png\",\"contentUrl\":\"https:\/\/www.stonecity.cz\/wp-content\/uploads\/2020\/05\/U-04.png\",\"width\":557,\"height\":351,\"caption\":\"Waschbecken aus Stein\"},{\"@type\":\"BreadcrumbList\",\"@id\":\"https:\/\/www.stonecity.cz\/de\/produkt\/steinwaschanlage-radome-u-04\/#breadcrumb\",\"itemListElement\":[{\"@type\":\"ListItem\",\"position\":1,\"name\":\"Dom\u016f\",\"item\":\"https:\/\/www.stonecity.cz\/de\/\"},{\"@type\":\"ListItem\",\"position\":2,\"name\":\"Shop\",\"item\":\"https:\/\/www.stonecity.cz\/de\/shop\/\"},{\"@type\":\"ListItem\",\"position\":3,\"name\":\"Steinwaschbecken Radom U-04\"}]},{\"@type\":\"WebSite\",\"@id\":\"https:\/\/www.stonecity.cz\/de\/#website\",\"url\":\"https:\/\/www.stonecity.cz\/de\/\",\"name\":\"Stonecity.cz\",\"description\":\"Dla\u017eba, obklady, um\u011bl\u00fd i p\u0159\u00edrodn\u00ed k\u00e1men\",\"potentialAction\":[{\"@type\":\"SearchAction\",\"target\":{\"@type\":\"EntryPoint\",\"urlTemplate\":\"https:\/\/www.stonecity.cz\/de\/?s={search_term_string}\"},\"query-input\":{\"@type\":\"PropertyValueSpecification\",\"valueRequired\":true,\"valueName\":\"search_term_string\"}}],\"inLanguage\":\"de\"}]}<\/script>\n<!-- \/ Yoast SEO plugin. -->","yoast_head_json":{"title":"Steinwaschbecken Radom U-04 - Stonecity.cz","robots":{"index":"index","follow":"follow","max-snippet":"max-snippet:-1","max-image-preview":"max-image-preview:large","max-video-preview":"max-video-preview:-1"},"canonical":"https:\/\/www.stonecity.cz\/de\/produkt\/steinwaschanlage-radome-u-04\/","og_locale":"de_DE","og_type":"article","og_title":"Steinwaschbecken Radom U-04 - Stonecity.cz","og_description":"Grau gegl\u00fchter Marmorwaschtisch in modernem Design. Au\u00dfergew\u00f6hnliche Qualit\u00e4t. Die hervorragende Oberfl\u00e4chenbeschaffenheit gew\u00e4hrleistet eine einfache Wartung. Jedes St\u00fcck ist ein Original und kann in Gr\u00f6\u00dfe, Farbton und Steinschliff leicht abweichen.","og_url":"https:\/\/www.stonecity.cz\/de\/produkt\/steinwaschanlage-radome-u-04\/","og_site_name":"Stonecity.cz","og_image":[{"width":557,"height":351,"url":"https:\/\/www.stonecity.cz\/wp-content\/uploads\/2020\/05\/U-04.png","type":"image\/png"}],"twitter_card":"summary_large_image","schema":{"@context":"https:\/\/schema.org","@graph":[{"@type":"WebPage","@id":"https:\/\/www.stonecity.cz\/de\/produkt\/steinwaschanlage-radome-u-04\/","url":"https:\/\/www.stonecity.cz\/de\/produkt\/steinwaschanlage-radome-u-04\/","name":"Steinwaschbecken Radom U-04 - Stonecity.cz","isPartOf":{"@id":"https:\/\/www.stonecity.cz\/de\/#website"},"primaryImageOfPage":{"@id":"https:\/\/www.stonecity.cz\/de\/produkt\/steinwaschanlage-radome-u-04\/#primaryimage"},"image":{"@id":"https:\/\/www.stonecity.cz\/de\/produkt\/steinwaschanlage-radome-u-04\/#primaryimage"},"thumbnailUrl":"https:\/\/www.stonecity.cz\/wp-content\/uploads\/2020\/05\/U-04.png","datePublished":"2020-05-21T12:35:10+00:00","breadcrumb":{"@id":"https:\/\/www.stonecity.cz\/de\/produkt\/steinwaschanlage-radome-u-04\/#breadcrumb"},"inLanguage":"de","potentialAction":[{"@type":"ReadAction","target":["https:\/\/www.stonecity.cz\/de\/produkt\/steinwaschanlage-radome-u-04\/"]}]},{"@type":"ImageObject","inLanguage":"de","@id":"https:\/\/www.stonecity.cz\/de\/produkt\/steinwaschanlage-radome-u-04\/#primaryimage","url":"https:\/\/www.stonecity.cz\/wp-content\/uploads\/2020\/05\/U-04.png","contentUrl":"https:\/\/www.stonecity.cz\/wp-content\/uploads\/2020\/05\/U-04.png","width":557,"height":351,"caption":"Waschbecken aus Stein"},{"@type":"BreadcrumbList","@id":"https:\/\/www.stonecity.cz\/de\/produkt\/steinwaschanlage-radome-u-04\/#breadcrumb","itemListElement":[{"@type":"ListItem","position":1,"name":"Dom\u016f","item":"https:\/\/www.stonecity.cz\/de\/"},{"@type":"ListItem","position":2,"name":"Shop","item":"https:\/\/www.stonecity.cz\/de\/shop\/"},{"@type":"ListItem","position":3,"name":"Steinwaschbecken Radom U-04"}]},{"@type":"WebSite","@id":"https:\/\/www.stonecity.cz\/de\/#website","url":"https:\/\/www.stonecity.cz\/de\/","name":"Stonecity.cz","description":"Dla\u017eba, obklady, um\u011bl\u00fd i p\u0159\u00edrodn\u00ed k\u00e1men","potentialAction":[{"@type":"SearchAction","target":{"@type":"EntryPoint","urlTemplate":"https:\/\/www.stonecity.cz\/de\/?s={search_term_string}"},"query-input":{"@type":"PropertyValueSpecification","valueRequired":true,"valueName":"search_term_string"}}],"inLanguage":"de"}]}},"_links":{"self":[{"href":"https:\/\/www.stonecity.cz\/de\/wp-json\/wp\/v2\/product\/16786","targetHints":{"allow":["GET"]}}],"collection":[{"href":"https:\/\/www.stonecity.cz\/de\/wp-json\/wp\/v2\/product"}],"about":[{"href":"https:\/\/www.stonecity.cz\/de\/wp-json\/wp\/v2\/types\/product"}],"wp:featuredmedia":[{"embeddable":true,"href":"https:\/\/www.stonecity.cz\/de\/wp-json\/wp\/v2\/media\/12132"}],"wp:attachment":[{"href":"https:\/\/www.stonecity.cz\/de\/wp-json\/wp\/v2\/media?parent=16786"}],"wp:term":[{"taxonomy":"product_cat","embeddable":true,"href":"https:\/\/www.stonecity.cz\/de\/wp-json\/wp\/v2\/product_cat?post=16786"},{"taxonomy":"product_tag","embeddable":true,"href":"https:\/\/www.stonecity.cz\/de\/wp-json\/wp\/v2\/product_tag?post=16786"}],"curies":[{"name":"wp","href":"https:\/\/api.w.org\/{rel}","templated":true}]}}