{"id":16789,"date":"2020-05-21T14:35:41","date_gmt":"2020-05-21T12:35:41","guid":{"rendered":"https:\/\/www.stonecity.cz\/produkt\/steinbadewanne-flumen-bright-kv-01\/"},"modified":"2020-05-21T14:35:41","modified_gmt":"2020-05-21T12:35:41","slug":"steinbad-flumen-hell-de-1","status":"publish","type":"product","link":"https:\/\/www.stonecity.cz\/de\/produkt\/steinbad-flumen-hell-de-1\/","title":{"rendered":"Steinbadewanne Flumen Bright KV-01"},"content":{"rendered":"<p>Eine Steinbadewanne wird immer aus einem einzigen St\u00fcck Stein gefertigt &#8211; ohne Kleber, Farbe, Zement usw.<br \/>\nJedes St\u00fcck ist ein komplettes Original &#8211; die Fotos sind illustrativ.<br \/>\nEs ist auch m\u00f6glich, eine Badewanne nach Ma\u00df anzufertigen, entsprechend den von Ihnen angegebenen Ma\u00dfen.<br \/>\nDie Steinbadewanne wird von erfahrenen Steinmetzen in Indonesien in Handarbeit hergestellt.<br \/>\nDer \u00e4u\u00dfere Teil bleibt so, wie ihn die Erde selbst geschaffen hat.<br \/>\nDer Innenraum ist perfekt poliert.<br \/>\nJedes St\u00fcck ist ein echtes Original. Kein St\u00fcck ist wie das andere!<br \/>\n<strong>PREIS IST ORIENTAL &#8211; <\/strong>abh\u00e4ngig von Gewicht und Gr\u00f6\u00dfe der Wanne<\/p>\n","protected":false},"excerpt":{"rendered":"<p>Eine Steinbadewanne wird immer aus einem einzigen St\u00fcck Stein gefertigt &#8211; ohne Kleber, Farbe, Zement usw. Jedes St\u00fcck ist ein komplettes Original &#8211; die Fotos sind illustrativ. Es ist auch m\u00f6glich, eine Badewanne nach Ma\u00df anzufertigen, entsprechend den von Ihnen angegebenen Ma\u00dfen. Die Steinbadewanne wird von erfahrenen Steinmetzen in Indonesien in Handarbeit hergestellt. Der \u00e4u\u00dfere [&#8230;]\n","protected":false},"featured_media":11998,"template":"","meta":[],"product_cat":[2037],"product_tag":[1833,1835,1840,1834],"class_list":{"0":"post-16789","1":"product","2":"type-product","3":"status-publish","4":"has-post-thumbnail","6":"product_cat-steinwannen","7":"product_tag-fur-den-ausenbereich-geeignet","8":"product_tag-geeignet-fur-das-badezimmer","9":"product_tag-geeignet-fur-die-terrasse","10":"product_tag-geeignet-fur-innenraume","11":"pa_baleni-in-einer-holzkiste","12":"pa_mj-ks-1-stuck","13":"pa_poznamka-jedes-stuck-original","15":"first","16":"instock","17":"sale","18":"purchasable","19":"product-type-variable"},"yoast_head":"<!-- This site is optimized with the Yoast SEO plugin v26.8 - https:\/\/yoast.com\/product\/yoast-seo-wordpress\/ -->\n<title>Steinbadewanne Flumen Bright KV-01 - Stonecity.cz<\/title>\n<meta name=\"robots\" content=\"index, follow, max-snippet:-1, max-image-preview:large, max-video-preview:-1\" \/>\n<link rel=\"canonical\" href=\"https:\/\/www.stonecity.cz\/de\/produkt\/steinbad-flumen-hell-de-1\/\" \/>\n<meta property=\"og:locale\" content=\"de_DE\" \/>\n<meta property=\"og:type\" content=\"article\" \/>\n<meta property=\"og:title\" content=\"Steinbadewanne Flumen Bright KV-01 - Stonecity.cz\" \/>\n<meta property=\"og:description\" content=\"Eine Steinbadewanne wird immer aus einem einzigen St\u00fcck Stein gefertigt &#8211; ohne Kleber, Farbe, Zement usw. Jedes St\u00fcck ist ein komplettes Original &#8211; die Fotos sind illustrativ. Es ist auch m\u00f6glich, eine Badewanne nach Ma\u00df anzufertigen, entsprechend den von Ihnen angegebenen Ma\u00dfen. Die Steinbadewanne wird von erfahrenen Steinmetzen in Indonesien in Handarbeit hergestellt. Der \u00e4u\u00dfere [...]\" \/>\n<meta property=\"og:url\" content=\"https:\/\/www.stonecity.cz\/de\/produkt\/steinbad-flumen-hell-de-1\/\" \/>\n<meta property=\"og:site_name\" content=\"Stonecity.cz\" \/>\n<meta property=\"og:image\" content=\"https:\/\/www.stonecity.cz\/wp-content\/uploads\/2020\/05\/Flumen-5.jpeg\" \/>\n\t<meta property=\"og:image:width\" content=\"800\" \/>\n\t<meta property=\"og:image:height\" content=\"438\" \/>\n\t<meta property=\"og:image:type\" content=\"image\/jpeg\" \/>\n<meta name=\"twitter:card\" content=\"summary_large_image\" \/>\n<meta name=\"twitter:label1\" content=\"Gesch\u00e4tzte Lesezeit\" \/>\n\t<meta name=\"twitter:data1\" content=\"1\u00a0Minute\" \/>\n<script type=\"application\/ld+json\" class=\"yoast-schema-graph\">{\"@context\":\"https:\/\/schema.org\",\"@graph\":[{\"@type\":\"WebPage\",\"@id\":\"https:\/\/www.stonecity.cz\/de\/produkt\/steinbad-flumen-hell-de-1\/\",\"url\":\"https:\/\/www.stonecity.cz\/de\/produkt\/steinbad-flumen-hell-de-1\/\",\"name\":\"Steinbadewanne Flumen Bright KV-01 - Stonecity.cz\",\"isPartOf\":{\"@id\":\"https:\/\/www.stonecity.cz\/de\/#website\"},\"primaryImageOfPage\":{\"@id\":\"https:\/\/www.stonecity.cz\/de\/produkt\/steinbad-flumen-hell-de-1\/#primaryimage\"},\"image\":{\"@id\":\"https:\/\/www.stonecity.cz\/de\/produkt\/steinbad-flumen-hell-de-1\/#primaryimage\"},\"thumbnailUrl\":\"https:\/\/www.stonecity.cz\/wp-content\/uploads\/2020\/05\/Flumen-5.jpeg\",\"datePublished\":\"2020-05-21T12:35:41+00:00\",\"breadcrumb\":{\"@id\":\"https:\/\/www.stonecity.cz\/de\/produkt\/steinbad-flumen-hell-de-1\/#breadcrumb\"},\"inLanguage\":\"de\",\"potentialAction\":[{\"@type\":\"ReadAction\",\"target\":[\"https:\/\/www.stonecity.cz\/de\/produkt\/steinbad-flumen-hell-de-1\/\"]}]},{\"@type\":\"ImageObject\",\"inLanguage\":\"de\",\"@id\":\"https:\/\/www.stonecity.cz\/de\/produkt\/steinbad-flumen-hell-de-1\/#primaryimage\",\"url\":\"https:\/\/www.stonecity.cz\/wp-content\/uploads\/2020\/05\/Flumen-5.jpeg\",\"contentUrl\":\"https:\/\/www.stonecity.cz\/wp-content\/uploads\/2020\/05\/Flumen-5.jpeg\",\"width\":800,\"height\":438,\"caption\":\"Steinbad\"},{\"@type\":\"BreadcrumbList\",\"@id\":\"https:\/\/www.stonecity.cz\/de\/produkt\/steinbad-flumen-hell-de-1\/#breadcrumb\",\"itemListElement\":[{\"@type\":\"ListItem\",\"position\":1,\"name\":\"Dom\u016f\",\"item\":\"https:\/\/www.stonecity.cz\/de\/\"},{\"@type\":\"ListItem\",\"position\":2,\"name\":\"Shop\",\"item\":\"https:\/\/www.stonecity.cz\/de\/shop\/\"},{\"@type\":\"ListItem\",\"position\":3,\"name\":\"Steinbadewanne Flumen Bright KV-01\"}]},{\"@type\":\"WebSite\",\"@id\":\"https:\/\/www.stonecity.cz\/de\/#website\",\"url\":\"https:\/\/www.stonecity.cz\/de\/\",\"name\":\"Stonecity.cz\",\"description\":\"Dla\u017eba, obklady, um\u011bl\u00fd i p\u0159\u00edrodn\u00ed k\u00e1men\",\"potentialAction\":[{\"@type\":\"SearchAction\",\"target\":{\"@type\":\"EntryPoint\",\"urlTemplate\":\"https:\/\/www.stonecity.cz\/de\/?s={search_term_string}\"},\"query-input\":{\"@type\":\"PropertyValueSpecification\",\"valueRequired\":true,\"valueName\":\"search_term_string\"}}],\"inLanguage\":\"de\"}]}<\/script>\n<!-- \/ Yoast SEO plugin. -->","yoast_head_json":{"title":"Steinbadewanne Flumen Bright KV-01 - Stonecity.cz","robots":{"index":"index","follow":"follow","max-snippet":"max-snippet:-1","max-image-preview":"max-image-preview:large","max-video-preview":"max-video-preview:-1"},"canonical":"https:\/\/www.stonecity.cz\/de\/produkt\/steinbad-flumen-hell-de-1\/","og_locale":"de_DE","og_type":"article","og_title":"Steinbadewanne Flumen Bright KV-01 - Stonecity.cz","og_description":"Eine Steinbadewanne wird immer aus einem einzigen St\u00fcck Stein gefertigt &#8211; ohne Kleber, Farbe, Zement usw. Jedes St\u00fcck ist ein komplettes Original &#8211; die Fotos sind illustrativ. Es ist auch m\u00f6glich, eine Badewanne nach Ma\u00df anzufertigen, entsprechend den von Ihnen angegebenen Ma\u00dfen. Die Steinbadewanne wird von erfahrenen Steinmetzen in Indonesien in Handarbeit hergestellt. Der \u00e4u\u00dfere [...]","og_url":"https:\/\/www.stonecity.cz\/de\/produkt\/steinbad-flumen-hell-de-1\/","og_site_name":"Stonecity.cz","og_image":[{"width":800,"height":438,"url":"https:\/\/www.stonecity.cz\/wp-content\/uploads\/2020\/05\/Flumen-5.jpeg","type":"image\/jpeg"}],"twitter_card":"summary_large_image","twitter_misc":{"Gesch\u00e4tzte Lesezeit":"1\u00a0Minute"},"schema":{"@context":"https:\/\/schema.org","@graph":[{"@type":"WebPage","@id":"https:\/\/www.stonecity.cz\/de\/produkt\/steinbad-flumen-hell-de-1\/","url":"https:\/\/www.stonecity.cz\/de\/produkt\/steinbad-flumen-hell-de-1\/","name":"Steinbadewanne Flumen Bright KV-01 - Stonecity.cz","isPartOf":{"@id":"https:\/\/www.stonecity.cz\/de\/#website"},"primaryImageOfPage":{"@id":"https:\/\/www.stonecity.cz\/de\/produkt\/steinbad-flumen-hell-de-1\/#primaryimage"},"image":{"@id":"https:\/\/www.stonecity.cz\/de\/produkt\/steinbad-flumen-hell-de-1\/#primaryimage"},"thumbnailUrl":"https:\/\/www.stonecity.cz\/wp-content\/uploads\/2020\/05\/Flumen-5.jpeg","datePublished":"2020-05-21T12:35:41+00:00","breadcrumb":{"@id":"https:\/\/www.stonecity.cz\/de\/produkt\/steinbad-flumen-hell-de-1\/#breadcrumb"},"inLanguage":"de","potentialAction":[{"@type":"ReadAction","target":["https:\/\/www.stonecity.cz\/de\/produkt\/steinbad-flumen-hell-de-1\/"]}]},{"@type":"ImageObject","inLanguage":"de","@id":"https:\/\/www.stonecity.cz\/de\/produkt\/steinbad-flumen-hell-de-1\/#primaryimage","url":"https:\/\/www.stonecity.cz\/wp-content\/uploads\/2020\/05\/Flumen-5.jpeg","contentUrl":"https:\/\/www.stonecity.cz\/wp-content\/uploads\/2020\/05\/Flumen-5.jpeg","width":800,"height":438,"caption":"Steinbad"},{"@type":"BreadcrumbList","@id":"https:\/\/www.stonecity.cz\/de\/produkt\/steinbad-flumen-hell-de-1\/#breadcrumb","itemListElement":[{"@type":"ListItem","position":1,"name":"Dom\u016f","item":"https:\/\/www.stonecity.cz\/de\/"},{"@type":"ListItem","position":2,"name":"Shop","item":"https:\/\/www.stonecity.cz\/de\/shop\/"},{"@type":"ListItem","position":3,"name":"Steinbadewanne Flumen Bright KV-01"}]},{"@type":"WebSite","@id":"https:\/\/www.stonecity.cz\/de\/#website","url":"https:\/\/www.stonecity.cz\/de\/","name":"Stonecity.cz","description":"Dla\u017eba, obklady, um\u011bl\u00fd i p\u0159\u00edrodn\u00ed k\u00e1men","potentialAction":[{"@type":"SearchAction","target":{"@type":"EntryPoint","urlTemplate":"https:\/\/www.stonecity.cz\/de\/?s={search_term_string}"},"query-input":{"@type":"PropertyValueSpecification","valueRequired":true,"valueName":"search_term_string"}}],"inLanguage":"de"}]}},"_links":{"self":[{"href":"https:\/\/www.stonecity.cz\/de\/wp-json\/wp\/v2\/product\/16789","targetHints":{"allow":["GET"]}}],"collection":[{"href":"https:\/\/www.stonecity.cz\/de\/wp-json\/wp\/v2\/product"}],"about":[{"href":"https:\/\/www.stonecity.cz\/de\/wp-json\/wp\/v2\/types\/product"}],"wp:featuredmedia":[{"embeddable":true,"href":"https:\/\/www.stonecity.cz\/de\/wp-json\/wp\/v2\/media\/11998"}],"wp:attachment":[{"href":"https:\/\/www.stonecity.cz\/de\/wp-json\/wp\/v2\/media?parent=16789"}],"wp:term":[{"taxonomy":"product_cat","embeddable":true,"href":"https:\/\/www.stonecity.cz\/de\/wp-json\/wp\/v2\/product_cat?post=16789"},{"taxonomy":"product_tag","embeddable":true,"href":"https:\/\/www.stonecity.cz\/de\/wp-json\/wp\/v2\/product_tag?post=16789"}],"curies":[{"name":"wp","href":"https:\/\/api.w.org\/{rel}","templated":true}]}}