{"id":16803,"date":"2020-05-21T14:35:21","date_gmt":"2020-05-21T12:35:21","guid":{"rendered":"https:\/\/www.stonecity.cz\/produkt\/nvl-300-malta-mit-zusaetzlicher-route\/"},"modified":"2020-05-21T14:35:21","modified_gmt":"2020-05-21T12:35:21","slug":"nvl-300-malta-mit-passage-route","status":"publish","type":"product","link":"https:\/\/www.stonecity.cz\/de\/produkt\/nvl-300-malta-mit-passage-route\/","title":{"rendered":"NVL 300 Malta mit zus\u00e4tzlicher Route"},"content":{"rendered":"<p>M\u00f6rtel mit Routenzusatz f\u00fcr Mauerwerk, Verlegung und gleichzeitige Verfugung von Steinen.<\/p>\n<p>NVL 300 ist ein M\u00f6rtel mit einem Trassenzusatz f\u00fcr Mauerwerk, Verlegung und gleichzeitige Verfugung von Stein,<br \/>\nf\u00fcr die Verlegung in einem mittleren M\u00f6rtelbett mit einer Mindestdicke von 20 mm.<\/p>\n<ul>\n<li>Korngr\u00f6\u00dfe 0-4 mm<\/li>\n<li>Druckfestigkeit min. 10N\/mm2<\/li>\n<li>Ertrag 19,5l\/30kg<\/li>\n<li>Verbrauch ca. 15kg\/m2\/10 mm Schichtdicke<\/li>\n<\/ul>\n<p><em><strong><a href=\"https:\/\/www.stonecity.cz\/wp-content\/uploads\/2020\/05\/Bezpe%C4%8Dnostn%C3%AD-list-NVL.pdf\">Sicherheitsdatenblatt NVL<\/a><\/strong><\/em><br \/>\n<em><strong><a href=\"https:\/\/www.stonecity.cz\/wp-content\/uploads\/2020\/05\/Technick%C3%BD-list-NVL.pdf\">NVL-Datenblatt<\/a><\/strong><\/em><br \/>\n<em><strong><a href=\"https:\/\/www.stonecity.cz\/wp-content\/uploads\/2020\/05\/Prohl%C3%A1%C5%A1en%C3%AD-o-shod%C4%9B-NVL.pdf\">NVL-Konformit\u00e4tserkl\u00e4rung<\/a><\/strong><\/em><\/p>\n","protected":false},"excerpt":{"rendered":"<p>M\u00f6rtel mit Routenzusatz f\u00fcr Mauerwerk, Verlegung und gleichzeitige Verfugung von Steinen. NVL 300 ist ein M\u00f6rtel mit einem Trassenzusatz f\u00fcr Mauerwerk, Verlegung und gleichzeitige Verfugung von Stein, f\u00fcr die Verlegung in einem mittleren M\u00f6rtelbett mit einer Mindestdicke von 20 mm. Korngr\u00f6\u00dfe 0-4 mm Druckfestigkeit min. 10N\/mm2 Ertrag 19,5l\/30kg Verbrauch ca. 15kg\/m2\/10 mm Schichtdicke Sicherheitsdatenblatt NVL [&#8230;]\n","protected":false},"featured_media":12340,"template":"","meta":[],"product_cat":[2063],"product_tag":[1833,1834],"class_list":{"0":"post-16803","1":"product","2":"type-product","3":"status-publish","4":"has-post-thumbnail","6":"product_cat-zubehor","7":"product_tag-fur-den-ausenbereich-geeignet","8":"product_tag-geeignet-fur-innenraume","9":"pa_baleni-30-kg-de","10":"pa_barva-grau-de","11":"pa_barva-schwarz-de","12":"pa_barva-weis-beige","14":"first","15":"instock","16":"purchasable","17":"product-type-variable","18":"has-default-attributes"},"yoast_head":"<!-- This site is optimized with the Yoast SEO plugin v26.8 - https:\/\/yoast.com\/product\/yoast-seo-wordpress\/ -->\n<title>NVL 300 Malta mit zus\u00e4tzlicher Route - Stonecity.cz<\/title>\n<meta name=\"robots\" content=\"index, follow, max-snippet:-1, max-image-preview:large, max-video-preview:-1\" \/>\n<link rel=\"canonical\" href=\"https:\/\/www.stonecity.cz\/de\/produkt\/nvl-300-malta-mit-passage-route\/\" \/>\n<meta property=\"og:locale\" content=\"de_DE\" \/>\n<meta property=\"og:type\" content=\"article\" \/>\n<meta property=\"og:title\" content=\"NVL 300 Malta mit zus\u00e4tzlicher Route - Stonecity.cz\" \/>\n<meta property=\"og:description\" content=\"M\u00f6rtel mit Routenzusatz f\u00fcr Mauerwerk, Verlegung und gleichzeitige Verfugung von Steinen. NVL 300 ist ein M\u00f6rtel mit einem Trassenzusatz f\u00fcr Mauerwerk, Verlegung und gleichzeitige Verfugung von Stein, f\u00fcr die Verlegung in einem mittleren M\u00f6rtelbett mit einer Mindestdicke von 20 mm. Korngr\u00f6\u00dfe 0-4 mm Druckfestigkeit min. 10N\/mm2 Ertrag 19,5l\/30kg Verbrauch ca. 15kg\/m2\/10 mm Schichtdicke Sicherheitsdatenblatt NVL [...]\" \/>\n<meta property=\"og:url\" content=\"https:\/\/www.stonecity.cz\/de\/produkt\/nvl-300-malta-mit-passage-route\/\" \/>\n<meta property=\"og:site_name\" content=\"Stonecity.cz\" \/>\n<meta property=\"og:image\" content=\"https:\/\/www.stonecity.cz\/wp-content\/uploads\/2020\/05\/NVL_icon.jpeg\" \/>\n\t<meta property=\"og:image:width\" content=\"900\" \/>\n\t<meta property=\"og:image:height\" content=\"1200\" \/>\n\t<meta property=\"og:image:type\" content=\"image\/jpeg\" \/>\n<meta name=\"twitter:card\" content=\"summary_large_image\" \/>\n<script type=\"application\/ld+json\" class=\"yoast-schema-graph\">{\"@context\":\"https:\/\/schema.org\",\"@graph\":[{\"@type\":\"WebPage\",\"@id\":\"https:\/\/www.stonecity.cz\/de\/produkt\/nvl-300-malta-mit-passage-route\/\",\"url\":\"https:\/\/www.stonecity.cz\/de\/produkt\/nvl-300-malta-mit-passage-route\/\",\"name\":\"NVL 300 Malta mit zus\u00e4tzlicher Route - Stonecity.cz\",\"isPartOf\":{\"@id\":\"https:\/\/www.stonecity.cz\/de\/#website\"},\"primaryImageOfPage\":{\"@id\":\"https:\/\/www.stonecity.cz\/de\/produkt\/nvl-300-malta-mit-passage-route\/#primaryimage\"},\"image\":{\"@id\":\"https:\/\/www.stonecity.cz\/de\/produkt\/nvl-300-malta-mit-passage-route\/#primaryimage\"},\"thumbnailUrl\":\"https:\/\/www.stonecity.cz\/wp-content\/uploads\/2020\/05\/NVL_icon.jpeg\",\"datePublished\":\"2020-05-21T12:35:21+00:00\",\"breadcrumb\":{\"@id\":\"https:\/\/www.stonecity.cz\/de\/produkt\/nvl-300-malta-mit-passage-route\/#breadcrumb\"},\"inLanguage\":\"de\",\"potentialAction\":[{\"@type\":\"ReadAction\",\"target\":[\"https:\/\/www.stonecity.cz\/de\/produkt\/nvl-300-malta-mit-passage-route\/\"]}]},{\"@type\":\"ImageObject\",\"inLanguage\":\"de\",\"@id\":\"https:\/\/www.stonecity.cz\/de\/produkt\/nvl-300-malta-mit-passage-route\/#primaryimage\",\"url\":\"https:\/\/www.stonecity.cz\/wp-content\/uploads\/2020\/05\/NVL_icon.jpeg\",\"contentUrl\":\"https:\/\/www.stonecity.cz\/wp-content\/uploads\/2020\/05\/NVL_icon.jpeg\",\"width\":900,\"height\":1200},{\"@type\":\"BreadcrumbList\",\"@id\":\"https:\/\/www.stonecity.cz\/de\/produkt\/nvl-300-malta-mit-passage-route\/#breadcrumb\",\"itemListElement\":[{\"@type\":\"ListItem\",\"position\":1,\"name\":\"Dom\u016f\",\"item\":\"https:\/\/www.stonecity.cz\/de\/\"},{\"@type\":\"ListItem\",\"position\":2,\"name\":\"Shop\",\"item\":\"https:\/\/www.stonecity.cz\/de\/shop\/\"},{\"@type\":\"ListItem\",\"position\":3,\"name\":\"NVL 300 Malta mit zus\u00e4tzlicher Route\"}]},{\"@type\":\"WebSite\",\"@id\":\"https:\/\/www.stonecity.cz\/de\/#website\",\"url\":\"https:\/\/www.stonecity.cz\/de\/\",\"name\":\"Stonecity.cz\",\"description\":\"Dla\u017eba, obklady, um\u011bl\u00fd i p\u0159\u00edrodn\u00ed k\u00e1men\",\"potentialAction\":[{\"@type\":\"SearchAction\",\"target\":{\"@type\":\"EntryPoint\",\"urlTemplate\":\"https:\/\/www.stonecity.cz\/de\/?s={search_term_string}\"},\"query-input\":{\"@type\":\"PropertyValueSpecification\",\"valueRequired\":true,\"valueName\":\"search_term_string\"}}],\"inLanguage\":\"de\"}]}<\/script>\n<!-- \/ Yoast SEO plugin. -->","yoast_head_json":{"title":"NVL 300 Malta mit zus\u00e4tzlicher Route - Stonecity.cz","robots":{"index":"index","follow":"follow","max-snippet":"max-snippet:-1","max-image-preview":"max-image-preview:large","max-video-preview":"max-video-preview:-1"},"canonical":"https:\/\/www.stonecity.cz\/de\/produkt\/nvl-300-malta-mit-passage-route\/","og_locale":"de_DE","og_type":"article","og_title":"NVL 300 Malta mit zus\u00e4tzlicher Route - Stonecity.cz","og_description":"M\u00f6rtel mit Routenzusatz f\u00fcr Mauerwerk, Verlegung und gleichzeitige Verfugung von Steinen. NVL 300 ist ein M\u00f6rtel mit einem Trassenzusatz f\u00fcr Mauerwerk, Verlegung und gleichzeitige Verfugung von Stein, f\u00fcr die Verlegung in einem mittleren M\u00f6rtelbett mit einer Mindestdicke von 20 mm. Korngr\u00f6\u00dfe 0-4 mm Druckfestigkeit min. 10N\/mm2 Ertrag 19,5l\/30kg Verbrauch ca. 15kg\/m2\/10 mm Schichtdicke Sicherheitsdatenblatt NVL [...]","og_url":"https:\/\/www.stonecity.cz\/de\/produkt\/nvl-300-malta-mit-passage-route\/","og_site_name":"Stonecity.cz","og_image":[{"width":900,"height":1200,"url":"https:\/\/www.stonecity.cz\/wp-content\/uploads\/2020\/05\/NVL_icon.jpeg","type":"image\/jpeg"}],"twitter_card":"summary_large_image","schema":{"@context":"https:\/\/schema.org","@graph":[{"@type":"WebPage","@id":"https:\/\/www.stonecity.cz\/de\/produkt\/nvl-300-malta-mit-passage-route\/","url":"https:\/\/www.stonecity.cz\/de\/produkt\/nvl-300-malta-mit-passage-route\/","name":"NVL 300 Malta mit zus\u00e4tzlicher Route - Stonecity.cz","isPartOf":{"@id":"https:\/\/www.stonecity.cz\/de\/#website"},"primaryImageOfPage":{"@id":"https:\/\/www.stonecity.cz\/de\/produkt\/nvl-300-malta-mit-passage-route\/#primaryimage"},"image":{"@id":"https:\/\/www.stonecity.cz\/de\/produkt\/nvl-300-malta-mit-passage-route\/#primaryimage"},"thumbnailUrl":"https:\/\/www.stonecity.cz\/wp-content\/uploads\/2020\/05\/NVL_icon.jpeg","datePublished":"2020-05-21T12:35:21+00:00","breadcrumb":{"@id":"https:\/\/www.stonecity.cz\/de\/produkt\/nvl-300-malta-mit-passage-route\/#breadcrumb"},"inLanguage":"de","potentialAction":[{"@type":"ReadAction","target":["https:\/\/www.stonecity.cz\/de\/produkt\/nvl-300-malta-mit-passage-route\/"]}]},{"@type":"ImageObject","inLanguage":"de","@id":"https:\/\/www.stonecity.cz\/de\/produkt\/nvl-300-malta-mit-passage-route\/#primaryimage","url":"https:\/\/www.stonecity.cz\/wp-content\/uploads\/2020\/05\/NVL_icon.jpeg","contentUrl":"https:\/\/www.stonecity.cz\/wp-content\/uploads\/2020\/05\/NVL_icon.jpeg","width":900,"height":1200},{"@type":"BreadcrumbList","@id":"https:\/\/www.stonecity.cz\/de\/produkt\/nvl-300-malta-mit-passage-route\/#breadcrumb","itemListElement":[{"@type":"ListItem","position":1,"name":"Dom\u016f","item":"https:\/\/www.stonecity.cz\/de\/"},{"@type":"ListItem","position":2,"name":"Shop","item":"https:\/\/www.stonecity.cz\/de\/shop\/"},{"@type":"ListItem","position":3,"name":"NVL 300 Malta mit zus\u00e4tzlicher Route"}]},{"@type":"WebSite","@id":"https:\/\/www.stonecity.cz\/de\/#website","url":"https:\/\/www.stonecity.cz\/de\/","name":"Stonecity.cz","description":"Dla\u017eba, obklady, um\u011bl\u00fd i p\u0159\u00edrodn\u00ed k\u00e1men","potentialAction":[{"@type":"SearchAction","target":{"@type":"EntryPoint","urlTemplate":"https:\/\/www.stonecity.cz\/de\/?s={search_term_string}"},"query-input":{"@type":"PropertyValueSpecification","valueRequired":true,"valueName":"search_term_string"}}],"inLanguage":"de"}]}},"_links":{"self":[{"href":"https:\/\/www.stonecity.cz\/de\/wp-json\/wp\/v2\/product\/16803","targetHints":{"allow":["GET"]}}],"collection":[{"href":"https:\/\/www.stonecity.cz\/de\/wp-json\/wp\/v2\/product"}],"about":[{"href":"https:\/\/www.stonecity.cz\/de\/wp-json\/wp\/v2\/types\/product"}],"wp:featuredmedia":[{"embeddable":true,"href":"https:\/\/www.stonecity.cz\/de\/wp-json\/wp\/v2\/media\/12340"}],"wp:attachment":[{"href":"https:\/\/www.stonecity.cz\/de\/wp-json\/wp\/v2\/media?parent=16803"}],"wp:term":[{"taxonomy":"product_cat","embeddable":true,"href":"https:\/\/www.stonecity.cz\/de\/wp-json\/wp\/v2\/product_cat?post=16803"},{"taxonomy":"product_tag","embeddable":true,"href":"https:\/\/www.stonecity.cz\/de\/wp-json\/wp\/v2\/product_tag?post=16803"}],"curies":[{"name":"wp","href":"https:\/\/api.w.org\/{rel}","templated":true}]}}